{"id":1741,"date":"2021-10-07T13:33:39","date_gmt":"2021-10-07T18:33:39","guid":{"rendered":"https:\/\/site.ac-martinique.fr\/ash\/?page_id=1741"},"modified":"2024-07-20T10:04:30","modified_gmt":"2024-07-20T15:04:30","slug":"ressources-et-outils","status":"publish","type":"page","link":"https:\/\/site.ac-martinique.fr\/ash\/?page_id=1741","title":{"rendered":"Ressources et outils"},"content":{"rendered":"<p>Sur cette page vous pourrez retrouver des outils et ressources partag\u00e9s entre coll\u00e8gues.<\/p>\n<p>Le diaporama suivant vous propose des outils con\u00e7us par les enseignants stagiaires CAPPEI au cours de leur formation pendant l&rsquo;ann\u00e9e 2020-2021.<\/p>\n<p><a href=\"https:\/\/site.ac-martinique.fr\/ash\/wp-content\/uploads\/sites\/7\/2021\/10\/outils-stagiaires-CAPPEI-1.pdf\"><img loading=\"lazy\" decoding=\"async\" class=\"alignnone  wp-image-1744\" src=\"https:\/\/site.ac-martinique.fr\/ash\/wp-content\/uploads\/sites\/7\/2021\/10\/Capture-de\u0301cran-2021-10-07-a\u0300-13.05.32-300x165.png\" alt=\"\" width=\"504\" height=\"277\" srcset=\"https:\/\/site.ac-martinique.fr\/ash\/wp-content\/uploads\/sites\/7\/2021\/10\/Capture-de\u0301cran-2021-10-07-a\u0300-13.05.32-300x165.png 300w, https:\/\/site.ac-martinique.fr\/ash\/wp-content\/uploads\/sites\/7\/2021\/10\/Capture-de\u0301cran-2021-10-07-a\u0300-13.05.32-436x241.png 436w, https:\/\/site.ac-martinique.fr\/ash\/wp-content\/uploads\/sites\/7\/2021\/10\/Capture-de\u0301cran-2021-10-07-a\u0300-13.05.32.png 438w\" sizes=\"auto, (max-width: 504px) 100vw, 504px\" \/><\/a><\/p>\n<p><a href=\"https:\/\/site.ac-martinique.fr\/ash\/wp-content\/uploads\/sites\/7\/2021\/10\/outils-stagiaires-CAPPEI-1.pdf\">outils stagiaires CAPPEI-1<\/a><\/p>\n","protected":false},"excerpt":{"rendered":"<p>Sur cette page vous pourrez retrouver des outils et ressources partag\u00e9s entre coll\u00e8gues. Le diaporama suivant vous propose des outils con\u00e7us par les enseignants stagiaires CAPPEI au cours de leur formation pendant l&rsquo;ann\u00e9e 2020-2021. outils stagiaires CAPPEI-1<\/p>\n","protected":false},"author":86,"featured_media":0,"parent":0,"menu_order":0,"comment_status":"closed","ping_status":"closed","template":"","meta":{"footnotes":""},"class_list":["post-1741","page","type-page","status-publish","hentry","nodate","item-wrap"],"_links":{"self":[{"href":"https:\/\/site.ac-martinique.fr\/ash\/index.php?rest_route=\/wp\/v2\/pages\/1741","targetHints":{"allow":["GET"]}}],"collection":[{"href":"https:\/\/site.ac-martinique.fr\/ash\/index.php?rest_route=\/wp\/v2\/pages"}],"about":[{"href":"https:\/\/site.ac-martinique.fr\/ash\/index.php?rest_route=\/wp\/v2\/types\/page"}],"author":[{"embeddable":true,"href":"https:\/\/site.ac-martinique.fr\/ash\/index.php?rest_route=\/wp\/v2\/users\/86"}],"replies":[{"embeddable":true,"href":"https:\/\/site.ac-martinique.fr\/ash\/index.php?rest_route=%2Fwp%2Fv2%2Fcomments&post=1741"}],"version-history":[{"count":6,"href":"https:\/\/site.ac-martinique.fr\/ash\/index.php?rest_route=\/wp\/v2\/pages\/1741\/revisions"}],"predecessor-version":[{"id":2023,"href":"https:\/\/site.ac-martinique.fr\/ash\/index.php?rest_route=\/wp\/v2\/pages\/1741\/revisions\/2023"}],"wp:attachment":[{"href":"https:\/\/site.ac-martinique.fr\/ash\/index.php?rest_route=%2Fwp%2Fv2%2Fmedia&parent=1741"}],"curies":[{"name":"wp","href":"https:\/\/api.w.org\/{rel}","templated":true}]}}