{"id":2180,"date":"2024-09-05T18:23:17","date_gmt":"2024-09-05T23:23:17","guid":{"rendered":"https:\/\/site.ac-martinique.fr\/ash\/?page_id=2180"},"modified":"2024-10-28T10:09:09","modified_gmt":"2024-10-28T15:09:09","slug":"la-pco-plateforme-de-coordination-et-dorientation","status":"publish","type":"page","link":"https:\/\/site.ac-martinique.fr\/ash\/?page_id=2180","title":{"rendered":"La PCO (Plateforme de Coordination et d&rsquo;Orientation)"},"content":{"rendered":"\n<p>Les PCO sont des dispositifs d\u2019intervention pr\u00e9coce qui s\u2019adressent aux jeunes enfants de 0 \u00e0 6 ans inclus, pour lesquels l\u2019entourage et \/ ou le m\u00e9decin constate des \u00e9carts inhabituels de d\u00e9veloppement et  suspectent un possible trouble neuro-d\u00e9veloppemental.<\/p>\n\n\n\n<p class=\"has-luminous-vivid-orange-color has-text-color has-link-color wp-elements-340580fdf0cb08d01f1ecd75571b2b52\"><strong>Les Troubles du NeuroD\u00e9veloppement<\/strong><\/p>\n\n\n\n<p class=\"has-black-color has-text-color has-link-color wp-elements-c8083540cfa148ad7797cf9c72e385f4\"><strong>Les troubles du neuro-d\u00e9veloppement <\/strong>sont une alt\u00e9ration  des r\u00e9seaux du cerveau impliqu\u00e9s dans les m\u00e9canismes qui structurent la motricit\u00e9, la vision, l\u2019audition, le langage ou les interactions sociales.<\/p>\n\n\n\n<p class=\"has-black-color has-text-color has-link-color wp-elements-cd1add77dcea29404e86c6a5899ad119\">Ils figurent dans le manuel diagnostique et statistique des troubles mentaux, dont la derni\u00e8re \u00e9dition, parue en 2015, est appel\u00e9e <strong>DSM-5<\/strong>.<\/p>\n\n\n\n<figure class=\"wp-block-image size-large\"><a href=\"https:\/\/site.ac-martinique.fr\/ash\/wp-content\/uploads\/sites\/7\/2024\/10\/tnd-simplifie.png\"><img loading=\"lazy\" decoding=\"async\" width=\"1024\" height=\"576\" src=\"https:\/\/site.ac-martinique.fr\/ash\/wp-content\/uploads\/sites\/7\/2024\/10\/tnd-simplifie-1024x576.png\" alt=\"\" class=\"wp-image-2796\" srcset=\"https:\/\/site.ac-martinique.fr\/ash\/wp-content\/uploads\/sites\/7\/2024\/10\/tnd-simplifie-1024x576.png 1024w, https:\/\/site.ac-martinique.fr\/ash\/wp-content\/uploads\/sites\/7\/2024\/10\/tnd-simplifie-300x169.png 300w, https:\/\/site.ac-martinique.fr\/ash\/wp-content\/uploads\/sites\/7\/2024\/10\/tnd-simplifie-768x432.png 768w, https:\/\/site.ac-martinique.fr\/ash\/wp-content\/uploads\/sites\/7\/2024\/10\/tnd-simplifie-750x422.png 750w, https:\/\/site.ac-martinique.fr\/ash\/wp-content\/uploads\/sites\/7\/2024\/10\/tnd-simplifie.png 1280w\" sizes=\"auto, (max-width: 1024px) 100vw, 1024px\" \/><\/a><\/figure>\n\n\n\n<p class=\"has-luminous-vivid-orange-color has-text-color has-link-color wp-elements-26779da2d0e79a149ae08a7d5f86c6c4\"><strong>L&rsquo;orientation vers la PCO<\/strong><\/p>\n\n\n\n<p><strong>L&rsquo;orientation se fait sur prescription d&rsquo;un m\u00e9decin<\/strong>, <strong>m\u00e9decin traitant,  m\u00e9decin scolaire, m\u00e9decin de Protection maternelle infantile, un p\u00e9diatre.<\/strong><\/p>\n\n\n\n<div class=\"wp-block-media-text is-stacked-on-mobile\" style=\"grid-template-columns:85% auto\"><figure class=\"wp-block-media-text__media\"><img loading=\"lazy\" decoding=\"async\" width=\"936\" height=\"699\" src=\"https:\/\/site.ac-martinique.fr\/ash\/wp-content\/uploads\/sites\/7\/2024\/10\/tnd-affiche.jpg\" alt=\"\" class=\"wp-image-2801 size-full\" srcset=\"https:\/\/site.ac-martinique.fr\/ash\/wp-content\/uploads\/sites\/7\/2024\/10\/tnd-affiche.jpg 936w, https:\/\/site.ac-martinique.fr\/ash\/wp-content\/uploads\/sites\/7\/2024\/10\/tnd-affiche-300x224.jpg 300w, https:\/\/site.ac-martinique.fr\/ash\/wp-content\/uploads\/sites\/7\/2024\/10\/tnd-affiche-768x574.jpg 768w, https:\/\/site.ac-martinique.fr\/ash\/wp-content\/uploads\/sites\/7\/2024\/10\/tnd-affiche-750x560.jpg 750w\" sizes=\"auto, (max-width: 936px) 100vw, 936px\" \/><\/figure><div class=\"wp-block-media-text__content\">\n<p><\/p>\n<\/div><\/div>\n\n\n\n<p class=\"has-luminous-vivid-orange-color has-text-color has-link-color wp-elements-c5cd236769f5a86624b160b2c8c6f6ff\"><strong>L&rsquo;objectif de la PCO<\/strong><\/p>\n\n\n\n<p>Les PCO ont pour objectif d\u2019engager \u2013 sans attendre  le diagnostic \u2013 <strong>l\u2019intervention coordonn\u00e9e de professionnels<\/strong>, (psychomotriciens, psychologues et ergoth\u00e9rapeutes, en plus des professionnels conventionn\u00e9s),  et permettent ainsi de lever le doute ou de poser un diagnostic en \u00e9vitant le sur handicap. <\/p>\n\n\n\n<p>avec renvoi des comptes rendus du premier diagnostic au m\u00e9decin prescripteur.<\/p>\n\n\n\n<p>Cette intervention pluridisciplinaire coordonn\u00e9e imm\u00e9diate d\u00e8s le rep\u00e9rage des premi\u00e8res difficult\u00e9s chez le jeune enfant  met en ouvre un parcours coordonn\u00e9 de bilans et d&rsquo;interventions pr\u00e9coces pendant 24 mois, \u00e9ventuellement renouvelable.<\/p>\n\n\n\n<p> Les PCO proposent aux familles le recours \u00e0 des structures sp\u00e9cialis\u00e9es et des professionnels lib\u00e9raux conventionn\u00e9s ou non avec l\u2019assurance maladie. Si les difficult\u00e9s de l\u2019enfant et les besoins de la famille n\u00e9cessitent la mobilisation d&rsquo;ergoth\u00e9rapeutes,  de psychologues et de psychomotriciens, la plateforme peut d\u00e9clencher le forfait d\u2019intervention pr\u00e9coce. Les professionnels sont alors directement r\u00e9mun\u00e9r\u00e9s par l\u2019assurance maladie.<\/p>\n\n\n\n<p class=\"has-text-align-center has-vivid-purple-color has-text-color has-link-color has-large-font-size wp-elements-fac5d8685b6f59e82a96b4d18fbc9f3f\">La PCO en Martinique <\/p>\n\n\n\n<div data-wp-interactive=\"core\/file\" class=\"wp-block-file\"><object data-wp-bind--hidden=\"!state.hasPdfPreview\" hidden class=\"wp-block-file__embed\" data=\"https:\/\/site.ac-martinique.fr\/ash\/wp-content\/uploads\/sites\/7\/2024\/10\/plateforme-de-coordination-et-daorientation-pco-tnd_4jwbucralcv-1.pdf\" type=\"application\/pdf\" style=\"width:100%;height:600px\" aria-label=\"Contenu embarqu\u00e9 plateforme-de-coordination-et-daorientation-pco-tnd_4jwbucralcv-1.\"><\/object><a id=\"wp-block-file--media-47b020fa-e452-4e82-af10-22102da46575\" href=\"https:\/\/site.ac-martinique.fr\/ash\/wp-content\/uploads\/sites\/7\/2024\/10\/plateforme-de-coordination-et-daorientation-pco-tnd_4jwbucralcv-1.pdf\">plateforme-de-coordination-et-daorientation-pco-tnd_4jwbucralcv-1<\/a><a href=\"https:\/\/site.ac-martinique.fr\/ash\/wp-content\/uploads\/sites\/7\/2024\/10\/plateforme-de-coordination-et-daorientation-pco-tnd_4jwbucralcv-1.pdf\" class=\"wp-block-file__button wp-element-button\" download aria-describedby=\"wp-block-file--media-47b020fa-e452-4e82-af10-22102da46575\">T\u00e9l\u00e9charger<\/a><\/div>\n\n\n\n<p>En savoir plus sur la PCO:<\/p>\n\n\n\n<p><a href=\"https:\/\/www.sante.fr\/reperage-et-prise-en-soins-des-troubles-du-neuro-developpement-grace-aux-plateformes-de-coordination\">https:\/\/www.sante.fr\/reperage-et-prise-en-soins-des-troubles-du-neuro-developpement-grace-aux-plateformes-de-coordination<\/a><\/p>\n\n\n\n<p><\/p>\n","protected":false},"excerpt":{"rendered":"<p>Les PCO sont des dispositifs d\u2019intervention pr\u00e9coce qui s\u2019adressent aux jeunes enfants de 0 \u00e0 6 ans inclus, pour lesquels l\u2019entourage et \/ ou le m\u00e9decin constate des \u00e9carts inhabituels de d\u00e9veloppement et suspectent un possible trouble neuro-d\u00e9veloppemental. Les Troubles du NeuroD\u00e9veloppement Les troubles du neuro-d\u00e9veloppement sont une alt\u00e9ration des r\u00e9seaux du cerveau impliqu\u00e9s dans &hellip; <\/p>\n<p><a class=\"more-link btn\" href=\"https:\/\/site.ac-martinique.fr\/ash\/?page_id=2180\">Lire la suite<\/a><\/p>\n","protected":false},"author":484,"featured_media":0,"parent":0,"menu_order":0,"comment_status":"closed","ping_status":"closed","template":"","meta":{"footnotes":""},"class_list":["post-2180","page","type-page","status-publish","hentry","nodate","item-wrap"],"_links":{"self":[{"href":"https:\/\/site.ac-martinique.fr\/ash\/index.php?rest_route=\/wp\/v2\/pages\/2180","targetHints":{"allow":["GET"]}}],"collection":[{"href":"https:\/\/site.ac-martinique.fr\/ash\/index.php?rest_route=\/wp\/v2\/pages"}],"about":[{"href":"https:\/\/site.ac-martinique.fr\/ash\/index.php?rest_route=\/wp\/v2\/types\/page"}],"author":[{"embeddable":true,"href":"https:\/\/site.ac-martinique.fr\/ash\/index.php?rest_route=\/wp\/v2\/users\/484"}],"replies":[{"embeddable":true,"href":"https:\/\/site.ac-martinique.fr\/ash\/index.php?rest_route=%2Fwp%2Fv2%2Fcomments&post=2180"}],"version-history":[{"count":10,"href":"https:\/\/site.ac-martinique.fr\/ash\/index.php?rest_route=\/wp\/v2\/pages\/2180\/revisions"}],"predecessor-version":[{"id":2808,"href":"https:\/\/site.ac-martinique.fr\/ash\/index.php?rest_route=\/wp\/v2\/pages\/2180\/revisions\/2808"}],"wp:attachment":[{"href":"https:\/\/site.ac-martinique.fr\/ash\/index.php?rest_route=%2Fwp%2Fv2%2Fmedia&parent=2180"}],"curies":[{"name":"wp","href":"https:\/\/api.w.org\/{rel}","templated":true}]}}