{"id":2230,"date":"2024-09-05T19:07:34","date_gmt":"2024-09-06T00:07:34","guid":{"rendered":"https:\/\/site.ac-martinique.fr\/ash\/?page_id=2230"},"modified":"2025-09-08T15:52:48","modified_gmt":"2025-09-08T20:52:48","slug":"les-medecins-scolaires","status":"publish","type":"page","link":"https:\/\/site.ac-martinique.fr\/ash\/?page_id=2230","title":{"rendered":"Les m\u00e9decins scolaires"},"content":{"rendered":"\n<p><\/p>\n\n\n\n<p>Le m\u00e9decin de l&rsquo;Eucation Nationale exerce ses missions   d\u2019expert en sant\u00e9, au sein des \u00e9tablissements scolaires, de l&rsquo;\u00e9cole primaire au lyc\u00e9e, dans un secteur g\u00e9ographique sp\u00e9cifique. <\/p>\n\n\n\n<p>\u00ab\u00a0Il r\u00e9alise des examens m\u00e9dicaux afin d\u2019assurer le suivi de la sant\u00e9 des \u00e9l\u00e8ves et contribue \u00e0 la scolarisation et \u00e0 l\u2019orientation de ceux ayant des besoins sp\u00e9cifiques, qu\u2019ils soient en situation de handicap, porteurs de troubles de sant\u00e9 ou rencontrant des difficult\u00e9s d\u2019apprentissage.<\/p>\n\n\n\n<p>Son r\u00f4le consiste \u00e9galement \u00e0 identifier les besoins de sant\u00e9 des \u00e9l\u00e8ves, \u00e0 participer \u00e0 des \u00e9tudes \u00e9pid\u00e9miologiques et \u00e0 concevoir, mettre en \u0153uvre ou piloter des actions de promotion, notamment en mati\u00e8re d\u2019\u00e9ducation \u00e0 la sant\u00e9.<\/p>\n\n\n\n<p>Enfin, il s\u2019investit dans le d\u00e9veloppement et la participation \u00e0 des programmes de recherche visant \u00e0 am\u00e9liorer la sant\u00e9 en milieu scolaire.\u00a0\u00bb <\/p>\n\n\n\n<p>source : <a href=\"https:\/\/www.education.gouv.fr\/etre-medecin-de-l-education-nationale-7028\">\u00catre m\u00e9decin de l&rsquo;\u00e9ducation nationale | Minist\u00e8re de l&rsquo;Education Nationale, de l&rsquo;Enseignement sup\u00e9rieur et de la Recherche<\/a><\/p>\n\n\n\n<p><\/p>\n","protected":false},"excerpt":{"rendered":"<p>Le m\u00e9decin de l&rsquo;Eucation Nationale exerce ses missions d\u2019expert en sant\u00e9, au sein des \u00e9tablissements scolaires, de l&rsquo;\u00e9cole primaire au lyc\u00e9e, dans un secteur g\u00e9ographique sp\u00e9cifique. \u00ab\u00a0Il r\u00e9alise des examens m\u00e9dicaux afin d\u2019assurer le suivi de la sant\u00e9 des \u00e9l\u00e8ves et contribue \u00e0 la scolarisation et \u00e0 l\u2019orientation de ceux ayant des besoins sp\u00e9cifiques, qu\u2019ils &hellip; <\/p>\n<p><a class=\"more-link btn\" href=\"https:\/\/site.ac-martinique.fr\/ash\/?page_id=2230\">Lire la suite<\/a><\/p>\n","protected":false},"author":484,"featured_media":0,"parent":3369,"menu_order":0,"comment_status":"closed","ping_status":"closed","template":"","meta":{"footnotes":""},"class_list":["post-2230","page","type-page","status-publish","hentry","nodate","item-wrap"],"_links":{"self":[{"href":"https:\/\/site.ac-martinique.fr\/ash\/index.php?rest_route=\/wp\/v2\/pages\/2230","targetHints":{"allow":["GET"]}}],"collection":[{"href":"https:\/\/site.ac-martinique.fr\/ash\/index.php?rest_route=\/wp\/v2\/pages"}],"about":[{"href":"https:\/\/site.ac-martinique.fr\/ash\/index.php?rest_route=\/wp\/v2\/types\/page"}],"author":[{"embeddable":true,"href":"https:\/\/site.ac-martinique.fr\/ash\/index.php?rest_route=\/wp\/v2\/users\/484"}],"replies":[{"embeddable":true,"href":"https:\/\/site.ac-martinique.fr\/ash\/index.php?rest_route=%2Fwp%2Fv2%2Fcomments&post=2230"}],"version-history":[{"count":2,"href":"https:\/\/site.ac-martinique.fr\/ash\/index.php?rest_route=\/wp\/v2\/pages\/2230\/revisions"}],"predecessor-version":[{"id":3411,"href":"https:\/\/site.ac-martinique.fr\/ash\/index.php?rest_route=\/wp\/v2\/pages\/2230\/revisions\/3411"}],"up":[{"embeddable":true,"href":"https:\/\/site.ac-martinique.fr\/ash\/index.php?rest_route=\/wp\/v2\/pages\/3369"}],"wp:attachment":[{"href":"https:\/\/site.ac-martinique.fr\/ash\/index.php?rest_route=%2Fwp%2Fv2%2Fmedia&parent=2230"}],"curies":[{"name":"wp","href":"https:\/\/api.w.org\/{rel}","templated":true}]}}