{"id":2234,"date":"2024-09-05T19:07:34","date_gmt":"2024-09-06T00:07:34","guid":{"rendered":"https:\/\/site.ac-martinique.fr\/ash\/?page_id=2234"},"modified":"2025-09-08T16:30:16","modified_gmt":"2025-09-08T21:30:16","slug":"les-infirmiers-scolaires","status":"publish","type":"page","link":"https:\/\/site.ac-martinique.fr\/ash\/?page_id=2234","title":{"rendered":"Les infirmiers scolaires"},"content":{"rendered":"\n<p>L&rsquo;infirmier\u00a0de l\u2019Education Nationale exerce ses missions dans les \u00e9coles, coll\u00e8ges et lyc\u00e9es. <\/p>\n\n\n\n<p>\u00ab\u00a0Il assure l&rsquo;accueil et l&rsquo;\u00e9coute des \u00e9l\u00e8ves, qu&rsquo;il s&rsquo;agisse de probl\u00e9matiques li\u00e9es \u00e0 la sant\u00e9 ou \u00e0 la scolarit\u00e9.<\/p>\n\n\n\n<p> Il identifie les besoins, met en \u0153uvre des soins infirmiers adapt\u00e9s et oriente si n\u00e9cessaire.<\/p>\n\n\n\n<p>Il conseille le responsable d\u2019\u00e9tablissement pour une prise en charge globale, participe au suivi de la sant\u00e9 et coordonne des projets sant\u00e9 avec les partenaires.<\/p>\n\n\n\n<p>Il participe aussi \u00e0 des actions de formation en \u00e9ducation \u00e0 la sant\u00e9 et prend part aux dispositifs de protection de l\u2019enfance.<\/p>\n\n\n\n<p>Enfin, il contribue \u00e0 la scolarisation des \u00e9l\u00e8ves en situation de handicap, \u00e0 l\u2019\u00e9laboration du projet de sant\u00e9 de l\u2019\u00e9tablissement, ainsi qu&rsquo;\u00e0 l&rsquo;am\u00e9lioration de l\u2019hygi\u00e8ne et de la s\u00e9curit\u00e9, en veillant \u00e0 la qualit\u00e9 de vie scolaire.\u00a0\u00bb<\/p>\n\n\n\n<h3 class=\"wp-block-heading\" id=\"edugouv-summary-item-2\">Source : <a href=\"https:\/\/www.education.gouv.fr\/etre-infirmiere-infirmier-de-l-education-nationale-1715\">\u00catre infirmi\u00e8re \/ infirmier de l\u2019\u00e9ducation nationale | Minist\u00e8re de l&rsquo;Education Nationale, de l&rsquo;Enseignement sup\u00e9rieur et de la Recherche<\/a><\/h3>\n\n\n\n<p><\/p>\n","protected":false},"excerpt":{"rendered":"<p>L&rsquo;infirmier\u00a0de l\u2019Education Nationale exerce ses missions dans les \u00e9coles, coll\u00e8ges et lyc\u00e9es. \u00ab\u00a0Il assure l&rsquo;accueil et l&rsquo;\u00e9coute des \u00e9l\u00e8ves, qu&rsquo;il s&rsquo;agisse de probl\u00e9matiques li\u00e9es \u00e0 la sant\u00e9 ou \u00e0 la scolarit\u00e9. Il identifie les besoins, met en \u0153uvre des soins infirmiers adapt\u00e9s et oriente si n\u00e9cessaire. Il conseille le responsable d\u2019\u00e9tablissement pour une prise en &hellip; <\/p>\n<p><a class=\"more-link btn\" href=\"https:\/\/site.ac-martinique.fr\/ash\/?page_id=2234\">Lire la suite<\/a><\/p>\n","protected":false},"author":484,"featured_media":0,"parent":3369,"menu_order":0,"comment_status":"closed","ping_status":"closed","template":"","meta":{"footnotes":""},"class_list":["post-2234","page","type-page","status-publish","hentry","nodate","item-wrap"],"_links":{"self":[{"href":"https:\/\/site.ac-martinique.fr\/ash\/index.php?rest_route=\/wp\/v2\/pages\/2234","targetHints":{"allow":["GET"]}}],"collection":[{"href":"https:\/\/site.ac-martinique.fr\/ash\/index.php?rest_route=\/wp\/v2\/pages"}],"about":[{"href":"https:\/\/site.ac-martinique.fr\/ash\/index.php?rest_route=\/wp\/v2\/types\/page"}],"author":[{"embeddable":true,"href":"https:\/\/site.ac-martinique.fr\/ash\/index.php?rest_route=\/wp\/v2\/users\/484"}],"replies":[{"embeddable":true,"href":"https:\/\/site.ac-martinique.fr\/ash\/index.php?rest_route=%2Fwp%2Fv2%2Fcomments&post=2234"}],"version-history":[{"count":2,"href":"https:\/\/site.ac-martinique.fr\/ash\/index.php?rest_route=\/wp\/v2\/pages\/2234\/revisions"}],"predecessor-version":[{"id":3413,"href":"https:\/\/site.ac-martinique.fr\/ash\/index.php?rest_route=\/wp\/v2\/pages\/2234\/revisions\/3413"}],"up":[{"embeddable":true,"href":"https:\/\/site.ac-martinique.fr\/ash\/index.php?rest_route=\/wp\/v2\/pages\/3369"}],"wp:attachment":[{"href":"https:\/\/site.ac-martinique.fr\/ash\/index.php?rest_route=%2Fwp%2Fv2%2Fmedia&parent=2234"}],"curies":[{"name":"wp","href":"https:\/\/api.w.org\/{rel}","templated":true}]}}