{"id":225,"date":"2019-09-23T14:41:29","date_gmt":"2019-09-23T19:41:29","guid":{"rendered":"\/ash\/?page_id=225"},"modified":"2024-12-21T07:38:57","modified_gmt":"2024-12-21T12:38:57","slug":"eleves-a-haut-potentiel","status":"publish","type":"page","link":"https:\/\/site.ac-martinique.fr\/ash\/?page_id=225","title":{"rendered":"Cellule acad\u00e9mique \u00e9l\u00e8ves \u00e0 Haut Potentiel"},"content":{"rendered":"<div class=\"oni_articleBlockIntro\">\n<div class=\"oni-para\">\n<p><strong><a href=\"\/ash\/wp-content\/uploads\/sites\/7\/2019\/09\/Capture-d\u2019e\u0301cran-2020-02-04-a\u0300-17.49.00.png\"><img loading=\"lazy\" decoding=\"async\" class=\"size-full wp-image-948 aligncenter\" src=\"\/ash\/wp-content\/uploads\/sites\/7\/2019\/09\/Capture-d\u2019e\u0301cran-2020-02-04-a\u0300-17.49.00.png\" alt=\"\" width=\"2272\" height=\"990\" srcset=\"https:\/\/site.ac-martinique.fr\/ash\/wp-content\/uploads\/sites\/7\/2019\/09\/Capture-d\u2019e\u0301cran-2020-02-04-a\u0300-17.49.00.png 2272w, https:\/\/site.ac-martinique.fr\/ash\/wp-content\/uploads\/sites\/7\/2019\/09\/Capture-d\u2019e\u0301cran-2020-02-04-a\u0300-17.49.00-300x131.png 300w, https:\/\/site.ac-martinique.fr\/ash\/wp-content\/uploads\/sites\/7\/2019\/09\/Capture-d\u2019e\u0301cran-2020-02-04-a\u0300-17.49.00-768x335.png 768w, https:\/\/site.ac-martinique.fr\/ash\/wp-content\/uploads\/sites\/7\/2019\/09\/Capture-d\u2019e\u0301cran-2020-02-04-a\u0300-17.49.00-1024x446.png 1024w\" sizes=\"auto, (max-width: 2272px) 100vw, 2272px\" \/><\/a><\/strong><\/p>\n<p><span id=\"messageContent\">L<strong>a cellule acad\u00e9mique \u00ab\u00a0\u00c9l\u00e8ves \u00e0 Haut potentiel\u00a0\u00bb<\/strong><\/span><\/p>\n<p>\u00ab\u00a0Compos\u00e9e de personnels d&rsquo;inspecteurs, d&rsquo;enseignants, de conseillers p\u00e9dagogiques et psychologues de l&rsquo;Education Nationale, cette cellule a pour but de venir en aide aux \u00e9l\u00e8ves \u00e0 haut potentiel et \u00e0 leur famille, ainsi qu\u2019aux enseignants.\u00a0\u00bb<\/p>\n<p><em><strong>Pour saisir la commission, r<\/strong><strong>enseignez la fiche de renseignement suivante:<br \/><\/strong><\/em><\/p>\n<p><em><a href=\"\/ash\/wp-content\/uploads\/sites\/7\/2019\/09\/Fiche-navette-HEP.docx\">Fiche navette HEP<\/a><\/em><\/p>\n<p><em><strong>Contact r\u00e9f\u00e9rent acad\u00e9mique : Mme Tania JEAN-ALPHONSE<br \/><\/strong><\/em><\/p>\n<p><em>t\u00e9l\u00e9phone : 0596 59 99 59<\/em><br \/><em> adresse de messagerie : <a href=\"mailto:ce.9720887g@ac-martinique.fr\">ce.9720887g@ac-martinique.fr<\/a><\/em><\/p>\n<\/div>\n<div class=\"oni-para\">\u00a0<\/div>\n<\/div>\n\n\n<p><\/p>\n","protected":false},"excerpt":{"rendered":"<p>La cellule acad\u00e9mique \u00ab\u00a0\u00c9l\u00e8ves \u00e0 Haut potentiel\u00a0\u00bb \u00ab\u00a0Compos\u00e9e de personnels d&rsquo;inspecteurs, d&rsquo;enseignants, de conseillers p\u00e9dagogiques et psychologues de l&rsquo;Education Nationale, cette cellule a pour but de venir en aide aux \u00e9l\u00e8ves \u00e0 haut potentiel et \u00e0 leur famille, ainsi qu\u2019aux enseignants.\u00a0\u00bb Pour saisir la commission, renseignez la fiche de renseignement suivante: Fiche navette HEP Contact &hellip; <\/p>\n<p><a class=\"more-link btn\" href=\"https:\/\/site.ac-martinique.fr\/ash\/?page_id=225\">Lire la suite<\/a><\/p>\n","protected":false},"author":484,"featured_media":0,"parent":3019,"menu_order":0,"comment_status":"closed","ping_status":"closed","template":"","meta":{"footnotes":""},"class_list":["post-225","page","type-page","status-publish","hentry","nodate","item-wrap"],"_links":{"self":[{"href":"https:\/\/site.ac-martinique.fr\/ash\/index.php?rest_route=\/wp\/v2\/pages\/225","targetHints":{"allow":["GET"]}}],"collection":[{"href":"https:\/\/site.ac-martinique.fr\/ash\/index.php?rest_route=\/wp\/v2\/pages"}],"about":[{"href":"https:\/\/site.ac-martinique.fr\/ash\/index.php?rest_route=\/wp\/v2\/types\/page"}],"author":[{"embeddable":true,"href":"https:\/\/site.ac-martinique.fr\/ash\/index.php?rest_route=\/wp\/v2\/users\/484"}],"replies":[{"embeddable":true,"href":"https:\/\/site.ac-martinique.fr\/ash\/index.php?rest_route=%2Fwp%2Fv2%2Fcomments&post=225"}],"version-history":[{"count":16,"href":"https:\/\/site.ac-martinique.fr\/ash\/index.php?rest_route=\/wp\/v2\/pages\/225\/revisions"}],"predecessor-version":[{"id":3123,"href":"https:\/\/site.ac-martinique.fr\/ash\/index.php?rest_route=\/wp\/v2\/pages\/225\/revisions\/3123"}],"up":[{"embeddable":true,"href":"https:\/\/site.ac-martinique.fr\/ash\/index.php?rest_route=\/wp\/v2\/pages\/3019"}],"wp:attachment":[{"href":"https:\/\/site.ac-martinique.fr\/ash\/index.php?rest_route=%2Fwp%2Fv2%2Fmedia&parent=225"}],"curies":[{"name":"wp","href":"https:\/\/api.w.org\/{rel}","templated":true}]}}