{"id":230,"date":"2019-09-23T14:41:29","date_gmt":"2019-09-23T19:41:29","guid":{"rendered":"\/ash\/?page_id=230"},"modified":"2019-11-09T15:16:13","modified_gmt":"2019-11-09T20:16:13","slug":"eleves-en-situation-de-handicap","status":"publish","type":"page","link":"https:\/\/site.ac-martinique.fr\/ash\/?page_id=230","title":{"rendered":"El\u00e8ves en situation de handicap"},"content":{"rendered":"<div>\n<div>\n<p><strong><span class=\"en_avant\">Les parcours de scolarisation des \u00e9l\u00e8ves en situation de handicap:<\/span><\/strong><\/p>\n<p>La commission des droits et de l\u2019autonomie des personnes handicap\u00e9es (CDAPH), instance d\u00e9cisionnelle de la maison d\u00e9partementale des personnes handicap\u00e9es (MDPH), <strong>prend les d\u00e9cisions relatives aux prestations et \u00e0 l\u2019orientation des \u00e9l\u00e8ves handicap\u00e9s<\/strong> sur la base de l\u2019\u00e9valuation r\u00e9alis\u00e9e par l\u2019\u00e9quipe pluridisciplinaire.<\/p>\n<p>En Martinique, il s&rsquo;agit de la <a href=\"https:\/\/mdph972.fr\/?page_id=565\">MMPH (Maison martiniquaise des personnes handicap\u00e9es).<\/a><\/p>\n<p><a href=\"https:\/\/mdph972.fr\/?page_id=565\"><img loading=\"lazy\" decoding=\"async\" class=\"wp-image-582 aligncenter\" src=\"\/ash\/wp-content\/uploads\/sites\/7\/2019\/09\/Capture-d\u2019e\u0301cran-2019-11-09-a\u0300-15.53.55.png\" alt=\"\" width=\"359\" height=\"312\" srcset=\"https:\/\/site.ac-martinique.fr\/ash\/wp-content\/uploads\/sites\/7\/2019\/09\/Capture-d\u2019e\u0301cran-2019-11-09-a\u0300-15.53.55.png 630w, https:\/\/site.ac-martinique.fr\/ash\/wp-content\/uploads\/sites\/7\/2019\/09\/Capture-d\u2019e\u0301cran-2019-11-09-a\u0300-15.53.55-300x261.png 300w\" sizes=\"auto, (max-width: 359px) 100vw, 359px\" \/><\/a><\/p>\n<p>L\u2019analyse des besoins et l\u2019\u00e9valuation des comp\u00e9tences de l\u2019\u00e9l\u00e8ve en situation de handicap sont d\u00e9terminantes pour amorcer une scolarit\u00e9 dans les meilleures conditions. <em><strong>L\u2019\u00e9cole, la famille et l\u2019enseignant r\u00e9f\u00e9rent doivent agir en partenariat.<\/strong><\/em><\/p>\n<p>Un \u00e9l\u00e8ve en situation de handicap peut \u00eatre scolaris\u00e9\u00a0:<\/p>\n<ul>\n<li>individuellement dans <strong>une \u00e9cole, un coll\u00e8ge ou un lyc\u00e9e<\/strong>, sans ou avec l\u2019aide d\u2019un accompagnant d\u2019\u00e9l\u00e8ve en situation de handicap (AESH).<\/li>\n<li>dans <strong>une unit\u00e9 localis\u00e9e pour l\u2019inclusion scolaire (Ulis) situ\u00e9e dans une \u00e9cole, un coll\u00e8ge ou un lyc\u00e9e<\/strong>. Les \u00e9l\u00e8ves sont inscrits dans une classe de r\u00e9f\u00e9rence (en fonction de leur \u00e2ge) dans laquelle ils suivent certains apprentissages. De plus, ils b\u00e9n\u00e9ficient de temps de regroupement dans la salle du dispositif Ulis\u00a0 (10 \u00e0 12 \u00e9l\u00e8ves maximum) o\u00f9 intervient un enseignant sp\u00e9cialis\u00e9 en collaboration avec un AESH en dispositif collectif (AESH-co).<\/li>\n<li><strong>dans un \u00e9tablissement m\u00e9dico-social<\/strong> qui permet aux \u00e9l\u00e8ves de disposer d\u2019un appui de professionnels du m\u00e9dico-social en plus de temps de scolarisation. Trois modalit\u00e9s sont possibles\u00a0:<\/li>\n<\/ul>\n<ol>\n<li>dans une<strong> unit\u00e9 d\u2019enseignement interne d\u2019un \u00e9tablissement m\u00e9dico-social<\/strong>\u00a0: des salles de classes sont situ\u00e9es dans l\u2019\u00e9tablissement m\u00e9dico-social. La dur\u00e9e d\u2019enseignement varie au regard des capacit\u00e9s de scolarisation de l\u2019\u00e9l\u00e8ve\u00a0;<\/li>\n<li>dans une <strong>unit\u00e9 d\u2019enseignement externalis\u00e9e<\/strong>\u00a0: la salle de classe est situ\u00e9e dans une \u00e9cole ou un \u00e9tablissement scolaire. Les \u00e9l\u00e8ves b\u00e9n\u00e9ficient de l\u2019appui de professionnels du m\u00e9dico-social sur leur lieu de scolarisation\u00a0;<\/li>\n<li>en <strong>scolarisation partag\u00e9e<\/strong>\u00a0: les \u00e9l\u00e8ves rattach\u00e9s \u00e0 un \u00e9tablissement m\u00e9dico-social b\u00e9n\u00e9ficient d\u2019un temps de scolarisation dans l\u2019\u00e9tablissement m\u00e9dico-social et d\u2019un temps en \u00e9cole ou \u00e9tablissement scolaire ordinaire (en Ulis par exemple).<\/li>\n<\/ol>\n<\/div>\n<\/div>\n","protected":false},"excerpt":{"rendered":"<p>Les parcours de scolarisation des \u00e9l\u00e8ves en situation de handicap: La commission des droits et de l\u2019autonomie des personnes handicap\u00e9es (CDAPH), instance d\u00e9cisionnelle de la maison d\u00e9partementale des personnes handicap\u00e9es (MDPH), prend les d\u00e9cisions relatives aux prestations et \u00e0 l\u2019orientation des \u00e9l\u00e8ves handicap\u00e9s sur la base de l\u2019\u00e9valuation r\u00e9alis\u00e9e par l\u2019\u00e9quipe pluridisciplinaire. En Martinique, il &hellip; <\/p>\n<p><a class=\"more-link btn\" href=\"https:\/\/site.ac-martinique.fr\/ash\/?page_id=230\">Lire la suite<\/a><\/p>\n","protected":false},"author":10,"featured_media":0,"parent":0,"menu_order":0,"comment_status":"closed","ping_status":"closed","template":"","meta":{"footnotes":""},"class_list":["post-230","page","type-page","status-publish","hentry","nodate","item-wrap"],"_links":{"self":[{"href":"https:\/\/site.ac-martinique.fr\/ash\/index.php?rest_route=\/wp\/v2\/pages\/230","targetHints":{"allow":["GET"]}}],"collection":[{"href":"https:\/\/site.ac-martinique.fr\/ash\/index.php?rest_route=\/wp\/v2\/pages"}],"about":[{"href":"https:\/\/site.ac-martinique.fr\/ash\/index.php?rest_route=\/wp\/v2\/types\/page"}],"author":[{"embeddable":true,"href":"https:\/\/site.ac-martinique.fr\/ash\/index.php?rest_route=\/wp\/v2\/users\/10"}],"replies":[{"embeddable":true,"href":"https:\/\/site.ac-martinique.fr\/ash\/index.php?rest_route=%2Fwp%2Fv2%2Fcomments&post=230"}],"version-history":[{"count":4,"href":"https:\/\/site.ac-martinique.fr\/ash\/index.php?rest_route=\/wp\/v2\/pages\/230\/revisions"}],"predecessor-version":[{"id":583,"href":"https:\/\/site.ac-martinique.fr\/ash\/index.php?rest_route=\/wp\/v2\/pages\/230\/revisions\/583"}],"wp:attachment":[{"href":"https:\/\/site.ac-martinique.fr\/ash\/index.php?rest_route=%2Fwp%2Fv2%2Fmedia&parent=230"}],"curies":[{"name":"wp","href":"https:\/\/api.w.org\/{rel}","templated":true}]}}