{"id":2350,"date":"2024-09-09T09:56:36","date_gmt":"2024-09-09T14:56:36","guid":{"rendered":"https:\/\/site.ac-martinique.fr\/ash\/?page_id=2350"},"modified":"2024-09-09T10:30:48","modified_gmt":"2024-09-09T15:30:48","slug":"les-pial","status":"publish","type":"page","link":"https:\/\/site.ac-martinique.fr\/ash\/?page_id=2350","title":{"rendered":"Les PIAL"},"content":{"rendered":"\n<p>Les P\u00f4les Inclusifs d\u2019Accompagnement Localis\u00e9s (PIAL) constituent une nouvelle organisation visant \u00e0 apporter des r\u00e9ponses au plus pr\u00e8s des besoins des \u00e9l\u00e8ves. Cette nouvelle organisation intoduit <strong>plus de r\u00e9activit\u00e9 et plus de flexibilit\u00e9<\/strong>\u00a0dans l&rsquo;organisation des AESH  (Accompagnant d&rsquo;El\u00e8ve en Situation de Handicap) dans les \u00e9tablissements scolaires.<\/p>\n\n\n\n<p>Pour aller plus loin: <a href=\"https:\/\/www.youtube.com\/watch?v=CjCQWnOTOvQ\">https:\/\/www.youtube.com\/watch?v=CjCQWnOTOvQ<\/a> <\/p>\n\n\n\n<p>Les PIAL sont port\u00e9s par diff\u00e9rents acteurs:<\/p>\n\n\n\n<figure class=\"wp-block-image size-full is-resized\"><a href=\"https:\/\/site.ac-martinique.fr\/ash\/wp-content\/uploads\/sites\/7\/2024\/09\/acteurs-du-PIAL.png\"><img loading=\"lazy\" decoding=\"async\" width=\"780\" height=\"462\" src=\"https:\/\/site.ac-martinique.fr\/ash\/wp-content\/uploads\/sites\/7\/2024\/09\/acteurs-du-PIAL.png\" alt=\"\" class=\"wp-image-2358\" style=\"aspect-ratio:1;width:750px;height:auto\" srcset=\"https:\/\/site.ac-martinique.fr\/ash\/wp-content\/uploads\/sites\/7\/2024\/09\/acteurs-du-PIAL.png 780w, https:\/\/site.ac-martinique.fr\/ash\/wp-content\/uploads\/sites\/7\/2024\/09\/acteurs-du-PIAL-300x178.png 300w, https:\/\/site.ac-martinique.fr\/ash\/wp-content\/uploads\/sites\/7\/2024\/09\/acteurs-du-PIAL-768x455.png 768w, https:\/\/site.ac-martinique.fr\/ash\/wp-content\/uploads\/sites\/7\/2024\/09\/acteurs-du-PIAL-750x444.png 750w\" sizes=\"auto, (max-width: 780px) 100vw, 780px\" \/><\/a><\/figure>\n\n\n\n<p><em>\u00c0 terme, les\u00a0PIAL b\u00e9n\u00e9ficieront de<strong>\u00a0l&rsquo;appui des professionnels du secteur m\u00e9dico-social<\/strong>, coordonn\u00e9 en \u00ab\u00a0p\u00f4le ressources\u00a0\u00bb, qui interviendront dans les \u00e9tablissements scolaires.<\/em><\/p>\n\n\n\n<p><\/p>\n","protected":false},"excerpt":{"rendered":"<p>Les P\u00f4les Inclusifs d\u2019Accompagnement Localis\u00e9s (PIAL) constituent une nouvelle organisation visant \u00e0 apporter des r\u00e9ponses au plus pr\u00e8s des besoins des \u00e9l\u00e8ves. Cette nouvelle organisation intoduit plus de r\u00e9activit\u00e9 et plus de flexibilit\u00e9\u00a0dans l&rsquo;organisation des AESH (Accompagnant d&rsquo;El\u00e8ve en Situation de Handicap) dans les \u00e9tablissements scolaires. Pour aller plus loin: https:\/\/www.youtube.com\/watch?v=CjCQWnOTOvQ Les PIAL sont port\u00e9s &hellip; <\/p>\n<p><a class=\"more-link btn\" href=\"https:\/\/site.ac-martinique.fr\/ash\/?page_id=2350\">Lire la suite<\/a><\/p>\n","protected":false},"author":484,"featured_media":0,"parent":0,"menu_order":0,"comment_status":"closed","ping_status":"closed","template":"","meta":{"footnotes":""},"class_list":["post-2350","page","type-page","status-publish","hentry","nodate","item-wrap"],"_links":{"self":[{"href":"https:\/\/site.ac-martinique.fr\/ash\/index.php?rest_route=\/wp\/v2\/pages\/2350","targetHints":{"allow":["GET"]}}],"collection":[{"href":"https:\/\/site.ac-martinique.fr\/ash\/index.php?rest_route=\/wp\/v2\/pages"}],"about":[{"href":"https:\/\/site.ac-martinique.fr\/ash\/index.php?rest_route=\/wp\/v2\/types\/page"}],"author":[{"embeddable":true,"href":"https:\/\/site.ac-martinique.fr\/ash\/index.php?rest_route=\/wp\/v2\/users\/484"}],"replies":[{"embeddable":true,"href":"https:\/\/site.ac-martinique.fr\/ash\/index.php?rest_route=%2Fwp%2Fv2%2Fcomments&post=2350"}],"version-history":[{"count":2,"href":"https:\/\/site.ac-martinique.fr\/ash\/index.php?rest_route=\/wp\/v2\/pages\/2350\/revisions"}],"predecessor-version":[{"id":2359,"href":"https:\/\/site.ac-martinique.fr\/ash\/index.php?rest_route=\/wp\/v2\/pages\/2350\/revisions\/2359"}],"wp:attachment":[{"href":"https:\/\/site.ac-martinique.fr\/ash\/index.php?rest_route=%2Fwp%2Fv2%2Fmedia&parent=2350"}],"curies":[{"name":"wp","href":"https:\/\/api.w.org\/{rel}","templated":true}]}}