{"id":2367,"date":"2024-09-09T10:47:07","date_gmt":"2024-09-09T15:47:07","guid":{"rendered":"https:\/\/site.ac-martinique.fr\/ash\/?page_id=2367"},"modified":"2025-05-02T10:15:31","modified_gmt":"2025-05-02T15:15:31","slug":"cartographies-ulis","status":"publish","type":"page","link":"https:\/\/site.ac-martinique.fr\/ash\/?page_id=2367","title":{"rendered":"Cartographies ULIS"},"content":{"rendered":"<p>80 dispositifs ULIS sont r\u00e9partis sur le territoire.\u00a0 Un dispositif\u00a0ULIS r\u00e9seau a \u00e9t\u00e9 ouvert en septembre 2024. Un enseignant sp\u00e9cialis\u00e9 coordonne 2 dispositifs implant\u00e9s au LPO J.PERNOCK du Lorrain et l&rsquo;un au Lyc\u00e9e Nord-Atlantique (LNA).<\/p>\n<h3>A la rentr\u00e9e 2025<\/h3>\n<p>L&rsquo;acad\u00e9mie accueillera <strong>deux nouveaux dispositifs, \u00e0 la rentr\u00e9e 2025<\/strong>:<\/p>\n<ul>\n<li>une ULIS TSLA dans le 1er degr\u00e9, au Marin<\/li>\n<li>et une ULIS TFC en Lyc\u00e9e Professionnel, \u00e0 la Cit\u00e9 Scolaire Joseph ZOBEL.<\/li>\n<\/ul>\n<p>Par ailleus,\u00a0 un nouveau <strong>r\u00e9seau<\/strong> ULIS est cr\u00e9\u00e9:\u00a0 il r\u00e9unit le <strong>LGT GAILLARD et le LP Dumas JEAN-JOSEPH<\/strong>. Ainsi, \u00e0 la rentr\u00e9e 2025, l&rsquo;acad\u00e9mie comptera deux r\u00e9seaux ULIS.<\/p>\n<p><a href=\"https:\/\/site.ac-martinique.fr\/ash\/wp-content\/uploads\/sites\/7\/2024\/10\/cartes-des-ULIS-1.jpg\"><img loading=\"lazy\" decoding=\"async\" class=\"alignnone wp-image-2499 \" src=\"https:\/\/site.ac-martinique.fr\/ash\/wp-content\/uploads\/sites\/7\/2024\/10\/cartes-des-ULIS-1-237x300.jpg\" alt=\"\" width=\"387\" height=\"490\" srcset=\"https:\/\/site.ac-martinique.fr\/ash\/wp-content\/uploads\/sites\/7\/2024\/10\/cartes-des-ULIS-1-237x300.jpg 237w, https:\/\/site.ac-martinique.fr\/ash\/wp-content\/uploads\/sites\/7\/2024\/10\/cartes-des-ULIS-1.jpg 611w\" sizes=\"auto, (max-width: 387px) 100vw, 387px\" \/><\/a><\/p>\n<p>T\u00e9l\u00e9charger les cartographies des dispositifs ULIS:\u00a0<\/p>\n\n\n<div data-wp-interactive=\"core\/file\" class=\"wp-block-file\"><object data-wp-bind--hidden=\"!state.hasPdfPreview\" hidden class=\"wp-block-file__embed\" data=\"https:\/\/site.ac-martinique.fr\/ash\/wp-content\/uploads\/sites\/7\/2025\/04\/carte-ULIS-ecole.pdf\" type=\"application\/pdf\" style=\"width:100%;height:600px\" aria-label=\"Contenu embarqu\u00e9 carte ULIS e\u0301cole.\"><\/object><a id=\"wp-block-file--media-d456c31d-4a7d-4842-9f2d-ef242f62d062\" href=\"https:\/\/site.ac-martinique.fr\/ash\/wp-content\/uploads\/sites\/7\/2025\/04\/carte-ULIS-ecole.pdf\">carte ULIS e\u0301cole<\/a><a href=\"https:\/\/site.ac-martinique.fr\/ash\/wp-content\/uploads\/sites\/7\/2025\/04\/carte-ULIS-ecole.pdf\" class=\"wp-block-file__button wp-element-button\" download aria-describedby=\"wp-block-file--media-d456c31d-4a7d-4842-9f2d-ef242f62d062\">T\u00e9l\u00e9charger<\/a><\/div>\n\n\n\n<div data-wp-interactive=\"core\/file\" class=\"wp-block-file\"><object data-wp-bind--hidden=\"!state.hasPdfPreview\" hidden class=\"wp-block-file__embed\" data=\"https:\/\/site.ac-martinique.fr\/ash\/wp-content\/uploads\/sites\/7\/2025\/04\/carte-ULIS-college.pdf\" type=\"application\/pdf\" style=\"width:100%;height:600px\" aria-label=\"Contenu embarqu\u00e9 carte ULIS colle\u0300ge.\"><\/object><a id=\"wp-block-file--media-d3cf54cc-0f2a-42dd-b166-8ed6c2b44d87\" href=\"https:\/\/site.ac-martinique.fr\/ash\/wp-content\/uploads\/sites\/7\/2025\/04\/carte-ULIS-college.pdf\">carte ULIS colle\u0300ge<\/a><a href=\"https:\/\/site.ac-martinique.fr\/ash\/wp-content\/uploads\/sites\/7\/2025\/04\/carte-ULIS-college.pdf\" class=\"wp-block-file__button wp-element-button\" download aria-describedby=\"wp-block-file--media-d3cf54cc-0f2a-42dd-b166-8ed6c2b44d87\">T\u00e9l\u00e9charger<\/a><\/div>\n\n\n\n<div data-wp-interactive=\"core\/file\" class=\"wp-block-file\"><object data-wp-bind--hidden=\"!state.hasPdfPreview\" hidden class=\"wp-block-file__embed\" data=\"https:\/\/site.ac-martinique.fr\/ash\/wp-content\/uploads\/sites\/7\/2025\/05\/carte-ULIS-Lycee.pdf\" type=\"application\/pdf\" style=\"width:100%;height:600px\" aria-label=\"Contenu embarqu\u00e9 carte ULIS Lyce\u0301e.\"><\/object><a id=\"wp-block-file--media-56e6934b-d532-4794-aa45-bf5b3defeaeb\" href=\"https:\/\/site.ac-martinique.fr\/ash\/wp-content\/uploads\/sites\/7\/2025\/05\/carte-ULIS-Lycee.pdf\">carte ULIS Lyce\u0301e<\/a><a href=\"https:\/\/site.ac-martinique.fr\/ash\/wp-content\/uploads\/sites\/7\/2025\/05\/carte-ULIS-Lycee.pdf\" class=\"wp-block-file__button wp-element-button\" download aria-describedby=\"wp-block-file--media-56e6934b-d532-4794-aa45-bf5b3defeaeb\">T\u00e9l\u00e9charger<\/a><\/div>\n\n\n\n<div data-wp-interactive=\"core\/file\" class=\"wp-block-file\"><object data-wp-bind--hidden=\"!state.hasPdfPreview\" hidden class=\"wp-block-file__embed\" data=\"https:\/\/site.ac-martinique.fr\/ash\/wp-content\/uploads\/sites\/7\/2025\/04\/Carte-des-ULIS-972.pdf\" type=\"application\/pdf\" style=\"width:100%;height:600px\" aria-label=\"Contenu embarqu\u00e9 Carte des ULIS \u00e0 la rentr\u00e9e 2025.\"><\/object><a id=\"wp-block-file--media-a2a8aa26-a626-4599-9ed2-447cd782fbcf\" href=\"https:\/\/site.ac-martinique.fr\/ash\/wp-content\/uploads\/sites\/7\/2025\/04\/Carte-des-ULIS-972.pdf\">Carte des ULIS \u00e0 la rentr\u00e9e 2025<\/a><a href=\"https:\/\/site.ac-martinique.fr\/ash\/wp-content\/uploads\/sites\/7\/2025\/04\/Carte-des-ULIS-972.pdf\" class=\"wp-block-file__button wp-element-button\" download aria-describedby=\"wp-block-file--media-a2a8aa26-a626-4599-9ed2-447cd782fbcf\">T\u00e9l\u00e9charger<\/a><\/div>\n","protected":false},"excerpt":{"rendered":"<p>80 dispositifs ULIS sont r\u00e9partis sur le territoire.\u00a0 Un dispositif\u00a0ULIS r\u00e9seau a \u00e9t\u00e9 ouvert en septembre 2024. Un enseignant sp\u00e9cialis\u00e9 coordonne 2 dispositifs implant\u00e9s au LPO J.PERNOCK du Lorrain et l&rsquo;un au Lyc\u00e9e Nord-Atlantique (LNA). A la rentr\u00e9e 2025 L&rsquo;acad\u00e9mie accueillera deux nouveaux dispositifs, \u00e0 la rentr\u00e9e 2025: une ULIS TSLA dans le 1er degr\u00e9, &hellip; <\/p>\n<p><a class=\"more-link btn\" href=\"https:\/\/site.ac-martinique.fr\/ash\/?page_id=2367\">Lire la suite<\/a><\/p>\n","protected":false},"author":484,"featured_media":0,"parent":2159,"menu_order":0,"comment_status":"closed","ping_status":"closed","template":"","meta":{"footnotes":""},"class_list":["post-2367","page","type-page","status-publish","hentry","nodate","item-wrap"],"_links":{"self":[{"href":"https:\/\/site.ac-martinique.fr\/ash\/index.php?rest_route=\/wp\/v2\/pages\/2367","targetHints":{"allow":["GET"]}}],"collection":[{"href":"https:\/\/site.ac-martinique.fr\/ash\/index.php?rest_route=\/wp\/v2\/pages"}],"about":[{"href":"https:\/\/site.ac-martinique.fr\/ash\/index.php?rest_route=\/wp\/v2\/types\/page"}],"author":[{"embeddable":true,"href":"https:\/\/site.ac-martinique.fr\/ash\/index.php?rest_route=\/wp\/v2\/users\/484"}],"replies":[{"embeddable":true,"href":"https:\/\/site.ac-martinique.fr\/ash\/index.php?rest_route=%2Fwp%2Fv2%2Fcomments&post=2367"}],"version-history":[{"count":8,"href":"https:\/\/site.ac-martinique.fr\/ash\/index.php?rest_route=\/wp\/v2\/pages\/2367\/revisions"}],"predecessor-version":[{"id":3292,"href":"https:\/\/site.ac-martinique.fr\/ash\/index.php?rest_route=\/wp\/v2\/pages\/2367\/revisions\/3292"}],"up":[{"embeddable":true,"href":"https:\/\/site.ac-martinique.fr\/ash\/index.php?rest_route=\/wp\/v2\/pages\/2159"}],"wp:attachment":[{"href":"https:\/\/site.ac-martinique.fr\/ash\/index.php?rest_route=%2Fwp%2Fv2%2Fmedia&parent=2367"}],"curies":[{"name":"wp","href":"https:\/\/api.w.org\/{rel}","templated":true}]}}