{"id":2427,"date":"2024-09-30T16:35:06","date_gmt":"2024-09-30T21:35:06","guid":{"rendered":"https:\/\/site.ac-martinique.fr\/ash\/?page_id=2427"},"modified":"2024-10-13T12:14:00","modified_gmt":"2024-10-13T17:14:00","slug":"le-metier-daesh","status":"publish","type":"page","link":"https:\/\/site.ac-martinique.fr\/ash\/?page_id=2427","title":{"rendered":"Le m\u00e9tier d&rsquo;AESH"},"content":{"rendered":"\n<p><\/p>\n\n\n\n<p>Acteurs clefs de l\u2019\u00e9cole inclusive, les AESH (Accompagnants d&rsquo;El\u00e8ves en Situation de Handicap) r\u00e9pondent aux besoin des \u00e9l\u00e8ves, en facilitant l\u2019acc\u00e8s aux activit\u00e9s et la participation aux activit\u00e9s de la classe ou de l\u2019\u00e9tablissement scolaire. Ils ont vocation \u00e0 favoriser l\u2019autonomie de l\u2019\u00e9l\u00e8ve, sans se substituer \u00e0 lui, sauf lorsque c\u2019est n\u00e9cessaire.&nbsp;\u00bb <\/p>\n\n\n\n<p><\/p>\n\n\n\n<p>L\u2019attribution d\u2019une aide humaine est act\u00e9e par la CDAPH (Commission des droits et de l&rsquo;autonomie des personnes handicap\u00e9es), par notification.&nbsp;<\/p>\n\n\n\n<p><\/p>\n\n\n\n<p>Plac\u00e9s sous la responsabilit\u00e9 p\u00e9dagogique de l&rsquo;enseignant, l\u2019AESH accompagne des \u00e9l\u00e8ves en situation de handicap en \u00e9cole, coll\u00e8ge et lyc\u00e9e. Il participe aux sorties de classe,  collabore au suivi des Projets Personnalis\u00e9s de Scolarisation (PSS) et assiste aux r\u00e9unions de concertation.<\/p>\n\n\n\n<p>Qu\u2019ils interviennent \u00e0 titre mutualis\u00e9e, individuelle ou collective, leurs missions sont pr\u00e9cis\u00e9es dans le Projet Personnalis\u00e9 de Scolarisation (PPS) de l\u2019\u00e9l\u00e8ve, peuvent \u00eatre de 3 ordres :&nbsp;<\/p>\n\n\n\n<ul class=\"wp-block-list\">\n<li>L\u2019accompagnement dans les actes de la vie quotidienne&nbsp;(habillage, toilette, d\u00e9placements, transferts, etc.);<\/li>\n<\/ul>\n\n\n\n<ul class=\"wp-block-list\">\n<li>L\u2019acc\u00e8s aux activit\u00e9s d\u2019apprentissages (\u00e9ducatives, culturelles, sportives, artistiques ou professionnelles)<\/li>\n<\/ul>\n\n\n\n<ul class=\"wp-block-list\">\n<li>L\u2019accompagnement dans les activit\u00e9s de la vie sociale et relationnelle (interactions avec les camarades et les adultes de la communaut\u00e9 \u00e9ducative).<\/li>\n<\/ul>\n\n\n\n<p>Ces sont d\u00e9finies par la circulaire n 2017-084 du 3 mai 2017.<\/p>\n\n\n\n<p>Lire la circulaire : <a href=\"http:\/\/Circulaire n\u00b0 2017-084 du 3-5-2017&nbsp;relative aux missions et activit\u00e9s des AESH\">http:\/\/Circulaire n\u00b0 2017-084 du 3-5-2017&nbsp;relative aux missions et activit\u00e9s des AESH<\/a>.<\/p>\n\n\n\n<p>Pour en savoir plus sur le m\u00e9tier d\u2019AESH :<\/p>\n\n\n\n<p><a href=\"https:\/\/www.education.gouv.fr\/les-accompagnants-des-eleves\">https:\/\/www.education.gouv.fr\/les-accompagnants-des-eleves<\/a><\/p>\n\n\n\n<h2 class=\"wp-block-heading has-vivid-purple-color has-text-color has-link-color wp-elements-e4b1d71aa3f4f90f414200ec99c22376\">Les pr\u00e9-requis au m\u00e9tier d&rsquo;AESH<\/h2>\n\n\n\n<p><\/p>\n\n\n\n<p><strong>Les candidats doivent \u00eatre titulaires&nbsp;:<\/strong><\/p>\n\n\n\n<ul class=\"wp-block-list\">\n<li>d&rsquo;un Baccalaur\u00e9at<\/li>\n<\/ul>\n\n\n\n<ul class=\"wp-block-list\">\n<li>&nbsp;et\/ou du DEAES (Dipl\u00f4me d&rsquo;Etat d&rsquo;accompagnant \u00e9ducatif et social)<\/li>\n<\/ul>\n\n\n\n<ul class=\"wp-block-list\">\n<li>&nbsp;et\/ou justifier d\u2019une exp\u00e9rience professionnelle d\u2019au moins 9 mois dans le domaine de l\u2019aide \u00e0 la personne et\/ou du handicap.<\/li>\n<\/ul>\n\n\n\n<p><\/p>\n\n\n\n<p><a href=\"https:\/\/www.onisep.fr\/ressources\/univers-formation\/formations\/lycees\/diplome-d-etat-d-accompagnant-educatif-et-social\">En savoir plus sur le DEAES<\/a><\/p>\n\n\n\n<p><strong>Les candidats doivent, en outre<\/strong>: <\/p>\n\n\n\n<ul class=\"wp-block-list\">\n<li>ne pas avoir d&rsquo;inscription au bulletin num\u00e9ro 2 du casier comportant de mention incompatible avec l&rsquo;exercice des fonctions<\/li>\n<\/ul>\n\n\n\n<ul class=\"wp-block-list\">\n<li>&nbsp;ne pas avoir d&rsquo;inscription au fichier des auteurs d&rsquo;infractions terroristes (FIJAIT) et fichier judiciaire automatis\u00e9 des auteurs d&rsquo;infractions sexuelles ou violentes (FIJAIS)<\/li>\n<\/ul>\n\n\n\n<p><\/p>\n","protected":false},"excerpt":{"rendered":"<p>Acteurs clefs de l\u2019\u00e9cole inclusive, les AESH (Accompagnants d&rsquo;El\u00e8ves en Situation de Handicap) r\u00e9pondent aux besoin des \u00e9l\u00e8ves, en facilitant l\u2019acc\u00e8s aux activit\u00e9s et la participation aux activit\u00e9s de la classe ou de l\u2019\u00e9tablissement scolaire. Ils ont vocation \u00e0 favoriser l\u2019autonomie de l\u2019\u00e9l\u00e8ve, sans se substituer \u00e0 lui, sauf lorsque c\u2019est n\u00e9cessaire.&nbsp;\u00bb L\u2019attribution d\u2019une aide &hellip; <\/p>\n<p><a class=\"more-link btn\" href=\"https:\/\/site.ac-martinique.fr\/ash\/?page_id=2427\">Lire la suite<\/a><\/p>\n","protected":false},"author":484,"featured_media":0,"parent":0,"menu_order":0,"comment_status":"closed","ping_status":"closed","template":"","meta":{"footnotes":""},"class_list":["post-2427","page","type-page","status-publish","hentry","nodate","item-wrap"],"_links":{"self":[{"href":"https:\/\/site.ac-martinique.fr\/ash\/index.php?rest_route=\/wp\/v2\/pages\/2427","targetHints":{"allow":["GET"]}}],"collection":[{"href":"https:\/\/site.ac-martinique.fr\/ash\/index.php?rest_route=\/wp\/v2\/pages"}],"about":[{"href":"https:\/\/site.ac-martinique.fr\/ash\/index.php?rest_route=\/wp\/v2\/types\/page"}],"author":[{"embeddable":true,"href":"https:\/\/site.ac-martinique.fr\/ash\/index.php?rest_route=\/wp\/v2\/users\/484"}],"replies":[{"embeddable":true,"href":"https:\/\/site.ac-martinique.fr\/ash\/index.php?rest_route=%2Fwp%2Fv2%2Fcomments&post=2427"}],"version-history":[{"count":6,"href":"https:\/\/site.ac-martinique.fr\/ash\/index.php?rest_route=\/wp\/v2\/pages\/2427\/revisions"}],"predecessor-version":[{"id":2725,"href":"https:\/\/site.ac-martinique.fr\/ash\/index.php?rest_route=\/wp\/v2\/pages\/2427\/revisions\/2725"}],"wp:attachment":[{"href":"https:\/\/site.ac-martinique.fr\/ash\/index.php?rest_route=%2Fwp%2Fv2%2Fmedia&parent=2427"}],"curies":[{"name":"wp","href":"https:\/\/api.w.org\/{rel}","templated":true}]}}