{"id":2483,"date":"2024-10-06T07:11:07","date_gmt":"2024-10-06T12:11:07","guid":{"rendered":"https:\/\/site.ac-martinique.fr\/ash\/?page_id=2483"},"modified":"2024-12-08T13:21:38","modified_gmt":"2024-12-08T18:21:38","slug":"rentree-des-classes-scolariser-un-eleve-autiste","status":"publish","type":"page","link":"https:\/\/site.ac-martinique.fr\/ash\/?page_id=2483","title":{"rendered":"Scolariser un \u00e9l\u00e8ve autiste"},"content":{"rendered":"<p>\u00a0<\/p>\n<p>A l&rsquo;initiative du Centre de Ressources Autisme \u00cele-de-France (CRAIF), un webinaire relatif \u00e0 la scolarisation d&rsquo;un \u00e9l\u00e8ve autiste s&rsquo;est tenu.\u00a0 Vous pouvez d\u00e9sormais le voir en replay :<\/p>\n<ul>\n<li>sur la cha\u00eene YouTube du CRAIF :<a href=\"https:\/\/www.youtube.com\/watch?v=JOiQUbc9rPs\"> https:\/\/www.youtube.com\/watch?v=JOiQUbc9rPs<\/a><\/li>\n<li>ou via le lien suivant: <strong><a href=\"https:\/\/www.youtube.com\/watch?v=JOiQUbc9rPs\">\u00ab\u00a0Rentr\u00e9e des classes\u00a0: scolariser un \u00e9l\u00e8ve autiste\u00a0\u00bb<\/a><\/strong><\/li>\n<\/ul>\n<p>\u00a0<\/p>\n<p>Afin d\u2019appuyer ce webinaire, vous trouverez ci-joint le support de pr\u00e9sentation: <a href=\"https:\/\/site.ac-martinique.fr\/ash\/wp-content\/uploads\/sites\/7\/2024\/10\/Rentree-des-classes-pour-les-pros.pdf\">Rentr\u00e9e des classes pour les pros<\/a><\/p>\n<p>N\u2019h\u00e9sitez pas \u00e0 partager ces ressources!<\/p>\n\n\n<p><\/p>\n","protected":false},"excerpt":{"rendered":"<p>\u00a0 A l&rsquo;initiative du Centre de Ressources Autisme \u00cele-de-France (CRAIF), un webinaire relatif \u00e0 la scolarisation d&rsquo;un \u00e9l\u00e8ve autiste s&rsquo;est tenu.\u00a0 Vous pouvez d\u00e9sormais le voir en replay : sur la cha\u00eene YouTube du CRAIF : https:\/\/www.youtube.com\/watch?v=JOiQUbc9rPs ou via le lien suivant: \u00ab\u00a0Rentr\u00e9e des classes\u00a0: scolariser un \u00e9l\u00e8ve autiste\u00a0\u00bb \u00a0 Afin d\u2019appuyer ce webinaire, vous &hellip; <\/p>\n<p><a class=\"more-link btn\" href=\"https:\/\/site.ac-martinique.fr\/ash\/?page_id=2483\">Lire la suite<\/a><\/p>\n","protected":false},"author":484,"featured_media":0,"parent":2286,"menu_order":-4,"comment_status":"closed","ping_status":"closed","template":"","meta":{"footnotes":""},"class_list":["post-2483","page","type-page","status-publish","hentry","nodate","item-wrap"],"_links":{"self":[{"href":"https:\/\/site.ac-martinique.fr\/ash\/index.php?rest_route=\/wp\/v2\/pages\/2483","targetHints":{"allow":["GET"]}}],"collection":[{"href":"https:\/\/site.ac-martinique.fr\/ash\/index.php?rest_route=\/wp\/v2\/pages"}],"about":[{"href":"https:\/\/site.ac-martinique.fr\/ash\/index.php?rest_route=\/wp\/v2\/types\/page"}],"author":[{"embeddable":true,"href":"https:\/\/site.ac-martinique.fr\/ash\/index.php?rest_route=\/wp\/v2\/users\/484"}],"replies":[{"embeddable":true,"href":"https:\/\/site.ac-martinique.fr\/ash\/index.php?rest_route=%2Fwp%2Fv2%2Fcomments&post=2483"}],"version-history":[{"count":3,"href":"https:\/\/site.ac-martinique.fr\/ash\/index.php?rest_route=\/wp\/v2\/pages\/2483\/revisions"}],"predecessor-version":[{"id":3081,"href":"https:\/\/site.ac-martinique.fr\/ash\/index.php?rest_route=\/wp\/v2\/pages\/2483\/revisions\/3081"}],"up":[{"embeddable":true,"href":"https:\/\/site.ac-martinique.fr\/ash\/index.php?rest_route=\/wp\/v2\/pages\/2286"}],"wp:attachment":[{"href":"https:\/\/site.ac-martinique.fr\/ash\/index.php?rest_route=%2Fwp%2Fv2%2Fmedia&parent=2483"}],"curies":[{"name":"wp","href":"https:\/\/api.w.org\/{rel}","templated":true}]}}