{"id":2505,"date":"2024-10-12T09:07:17","date_gmt":"2024-10-12T14:07:17","guid":{"rendered":"https:\/\/site.ac-martinique.fr\/ash\/?page_id=2505"},"modified":"2024-10-12T10:23:54","modified_gmt":"2024-10-12T15:23:54","slug":"les-aesh-sur-la-pause-meridienne","status":"publish","type":"page","link":"https:\/\/site.ac-martinique.fr\/ash\/?page_id=2505","title":{"rendered":"Les AESH sur la pause m\u00e9ridienne"},"content":{"rendered":"<p>La loi Vial, <a href=\"https:\/\/www.legifrance.gouv.fr\/jorf\/id\/JORFTEXT000049602933\">publi\u00e9e au <em>Journal officiel<\/em> du 28 mai<\/a> et promulgu\u00e9e en mai 2024, impose \u00e0 l&rsquo;\u00c9tat \u00ab<em> la r\u00e9mun\u00e9ration du personnel affect\u00e9 \u00e0 l&rsquo;accompagnement des \u00e9l\u00e8ves en situation de handicap durant le temps scolaire et le temps de pause m\u00e9ridienne <\/em>\u00bb, de prendre en charge le financement des AESH pendant la pause m\u00e9ridienne.<\/p>\n<p><a href=\"https:\/\/site.ac-martinique.fr\/ash\/wp-content\/uploads\/sites\/7\/2024\/10\/AESH-sur-la-pause-meridienne.jpg\"><img loading=\"lazy\" decoding=\"async\" class=\"alignnone  wp-image-2506\" src=\"https:\/\/site.ac-martinique.fr\/ash\/wp-content\/uploads\/sites\/7\/2024\/10\/AESH-sur-la-pause-meridienne-300x175.jpg\" alt=\"\" width=\"743\" height=\"433\" srcset=\"https:\/\/site.ac-martinique.fr\/ash\/wp-content\/uploads\/sites\/7\/2024\/10\/AESH-sur-la-pause-meridienne-300x175.jpg 300w, https:\/\/site.ac-martinique.fr\/ash\/wp-content\/uploads\/sites\/7\/2024\/10\/AESH-sur-la-pause-meridienne-1024x596.jpg 1024w, https:\/\/site.ac-martinique.fr\/ash\/wp-content\/uploads\/sites\/7\/2024\/10\/AESH-sur-la-pause-meridienne-768x447.jpg 768w, https:\/\/site.ac-martinique.fr\/ash\/wp-content\/uploads\/sites\/7\/2024\/10\/AESH-sur-la-pause-meridienne-750x436.jpg 750w, https:\/\/site.ac-martinique.fr\/ash\/wp-content\/uploads\/sites\/7\/2024\/10\/AESH-sur-la-pause-meridienne.jpg 1267w\" sizes=\"auto, (max-width: 743px) 100vw, 743px\" \/><\/a> <a href=\"https:\/\/site.ac-martinique.fr\/ash\/wp-content\/uploads\/sites\/7\/2024\/10\/AESH-sur-pause-meridienne-2.jpg\"><img loading=\"lazy\" decoding=\"async\" class=\"alignnone  wp-image-2507\" src=\"https:\/\/site.ac-martinique.fr\/ash\/wp-content\/uploads\/sites\/7\/2024\/10\/AESH-sur-pause-meridienne-2-300x148.jpg\" alt=\"\" width=\"740\" height=\"365\" srcset=\"https:\/\/site.ac-martinique.fr\/ash\/wp-content\/uploads\/sites\/7\/2024\/10\/AESH-sur-pause-meridienne-2-300x148.jpg 300w, https:\/\/site.ac-martinique.fr\/ash\/wp-content\/uploads\/sites\/7\/2024\/10\/AESH-sur-pause-meridienne-2-1024x506.jpg 1024w, https:\/\/site.ac-martinique.fr\/ash\/wp-content\/uploads\/sites\/7\/2024\/10\/AESH-sur-pause-meridienne-2-768x379.jpg 768w, https:\/\/site.ac-martinique.fr\/ash\/wp-content\/uploads\/sites\/7\/2024\/10\/AESH-sur-pause-meridienne-2-1536x759.jpg 1536w, https:\/\/site.ac-martinique.fr\/ash\/wp-content\/uploads\/sites\/7\/2024\/10\/AESH-sur-pause-meridienne-2-750x370.jpg 750w, https:\/\/site.ac-martinique.fr\/ash\/wp-content\/uploads\/sites\/7\/2024\/10\/AESH-sur-pause-meridienne-2.jpg 1571w\" sizes=\"auto, (max-width: 740px) 100vw, 740px\" \/><\/a><\/p>\n\n\n<p><a href=\"https:\/\/parhmartinique.fr\/qui-sommes-nous\/\">Pour en savoir  plus sur le PARH TI BO  <\/a><\/p>\n\n\n\n<p><\/p>\n","protected":false},"excerpt":{"rendered":"<p>La loi Vial, publi\u00e9e au Journal officiel du 28 mai et promulgu\u00e9e en mai 2024, impose \u00e0 l&rsquo;\u00c9tat \u00ab la r\u00e9mun\u00e9ration du personnel affect\u00e9 \u00e0 l&rsquo;accompagnement des \u00e9l\u00e8ves en situation de handicap durant le temps scolaire et le temps de pause m\u00e9ridienne \u00bb, de prendre en charge le financement des AESH pendant la pause m\u00e9ridienne. &hellip; <\/p>\n<p><a class=\"more-link btn\" href=\"https:\/\/site.ac-martinique.fr\/ash\/?page_id=2505\">Lire la suite<\/a><\/p>\n","protected":false},"author":484,"featured_media":0,"parent":2432,"menu_order":0,"comment_status":"closed","ping_status":"closed","template":"","meta":{"footnotes":""},"class_list":["post-2505","page","type-page","status-publish","hentry","nodate","item-wrap"],"_links":{"self":[{"href":"https:\/\/site.ac-martinique.fr\/ash\/index.php?rest_route=\/wp\/v2\/pages\/2505","targetHints":{"allow":["GET"]}}],"collection":[{"href":"https:\/\/site.ac-martinique.fr\/ash\/index.php?rest_route=\/wp\/v2\/pages"}],"about":[{"href":"https:\/\/site.ac-martinique.fr\/ash\/index.php?rest_route=\/wp\/v2\/types\/page"}],"author":[{"embeddable":true,"href":"https:\/\/site.ac-martinique.fr\/ash\/index.php?rest_route=\/wp\/v2\/users\/484"}],"replies":[{"embeddable":true,"href":"https:\/\/site.ac-martinique.fr\/ash\/index.php?rest_route=%2Fwp%2Fv2%2Fcomments&post=2505"}],"version-history":[{"count":3,"href":"https:\/\/site.ac-martinique.fr\/ash\/index.php?rest_route=\/wp\/v2\/pages\/2505\/revisions"}],"predecessor-version":[{"id":2536,"href":"https:\/\/site.ac-martinique.fr\/ash\/index.php?rest_route=\/wp\/v2\/pages\/2505\/revisions\/2536"}],"up":[{"embeddable":true,"href":"https:\/\/site.ac-martinique.fr\/ash\/index.php?rest_route=\/wp\/v2\/pages\/2432"}],"wp:attachment":[{"href":"https:\/\/site.ac-martinique.fr\/ash\/index.php?rest_route=%2Fwp%2Fv2%2Fmedia&parent=2505"}],"curies":[{"name":"wp","href":"https:\/\/api.w.org\/{rel}","templated":true}]}}