{"id":2514,"date":"2024-10-12T09:26:14","date_gmt":"2024-10-12T14:26:14","guid":{"rendered":"https:\/\/site.ac-martinique.fr\/ash\/?page_id=2514"},"modified":"2024-10-28T09:29:45","modified_gmt":"2024-10-28T14:29:45","slug":"postuler-au-metier-daesh","status":"publish","type":"page","link":"https:\/\/site.ac-martinique.fr\/ash\/?page_id=2514","title":{"rendered":"Postuler au m\u00e9tier d&rsquo;AESH"},"content":{"rendered":"<p>Un portail permet d\u00e9sormais de postuler au m\u00e9tier d&rsquo;Accompagnant d&rsquo;El\u00e8ves en Situation de Handicap:<\/p>\n<p><a href=\"https:\/\/www.ac-martinique.fr\/l-academie-de-martinique-recrute-122550\" data-wplink-edit=\"true\">L&rsquo;acad\u00e9mie de Martinique recrute.<\/a><\/p>\n<p><a href=\"https:\/\/site.ac-martinique.fr\/ash\/wp-content\/uploads\/sites\/7\/2024\/10\/postuler.jpg\"><img loading=\"lazy\" decoding=\"async\" class=\"alignnone  wp-image-2515\" src=\"https:\/\/site.ac-martinique.fr\/ash\/wp-content\/uploads\/sites\/7\/2024\/10\/postuler-300x84.jpg\" alt=\"\" width=\"739\" height=\"207\" srcset=\"https:\/\/site.ac-martinique.fr\/ash\/wp-content\/uploads\/sites\/7\/2024\/10\/postuler-300x84.jpg 300w, https:\/\/site.ac-martinique.fr\/ash\/wp-content\/uploads\/sites\/7\/2024\/10\/postuler-1024x285.jpg 1024w, https:\/\/site.ac-martinique.fr\/ash\/wp-content\/uploads\/sites\/7\/2024\/10\/postuler-768x214.jpg 768w, https:\/\/site.ac-martinique.fr\/ash\/wp-content\/uploads\/sites\/7\/2024\/10\/postuler-750x209.jpg 750w, https:\/\/site.ac-martinique.fr\/ash\/wp-content\/uploads\/sites\/7\/2024\/10\/postuler.jpg 1246w\" sizes=\"auto, (max-width: 739px) 100vw, 739px\" \/><\/a><\/p>\n","protected":false},"excerpt":{"rendered":"<p>Un portail permet d\u00e9sormais de postuler au m\u00e9tier d&rsquo;Accompagnant d&rsquo;El\u00e8ves en Situation de Handicap: L&rsquo;acad\u00e9mie de Martinique recrute.<\/p>\n","protected":false},"author":484,"featured_media":0,"parent":2444,"menu_order":0,"comment_status":"closed","ping_status":"closed","template":"","meta":{"footnotes":""},"class_list":["post-2514","page","type-page","status-publish","hentry","nodate","item-wrap"],"_links":{"self":[{"href":"https:\/\/site.ac-martinique.fr\/ash\/index.php?rest_route=\/wp\/v2\/pages\/2514","targetHints":{"allow":["GET"]}}],"collection":[{"href":"https:\/\/site.ac-martinique.fr\/ash\/index.php?rest_route=\/wp\/v2\/pages"}],"about":[{"href":"https:\/\/site.ac-martinique.fr\/ash\/index.php?rest_route=\/wp\/v2\/types\/page"}],"author":[{"embeddable":true,"href":"https:\/\/site.ac-martinique.fr\/ash\/index.php?rest_route=\/wp\/v2\/users\/484"}],"replies":[{"embeddable":true,"href":"https:\/\/site.ac-martinique.fr\/ash\/index.php?rest_route=%2Fwp%2Fv2%2Fcomments&post=2514"}],"version-history":[{"count":4,"href":"https:\/\/site.ac-martinique.fr\/ash\/index.php?rest_route=\/wp\/v2\/pages\/2514\/revisions"}],"predecessor-version":[{"id":2790,"href":"https:\/\/site.ac-martinique.fr\/ash\/index.php?rest_route=\/wp\/v2\/pages\/2514\/revisions\/2790"}],"up":[{"embeddable":true,"href":"https:\/\/site.ac-martinique.fr\/ash\/index.php?rest_route=\/wp\/v2\/pages\/2444"}],"wp:attachment":[{"href":"https:\/\/site.ac-martinique.fr\/ash\/index.php?rest_route=%2Fwp%2Fv2%2Fmedia&parent=2514"}],"curies":[{"name":"wp","href":"https:\/\/api.w.org\/{rel}","templated":true}]}}