{"id":2539,"date":"2024-10-12T10:57:26","date_gmt":"2024-10-12T15:57:26","guid":{"rendered":"https:\/\/site.ac-martinique.fr\/ash\/?page_id=2539"},"modified":"2024-10-12T10:57:34","modified_gmt":"2024-10-12T15:57:34","slug":"cartographies-des-dispositifs-de-scolarisation-des-eleves-presentant-un-trouble-du-spectre-autistique","status":"publish","type":"page","link":"https:\/\/site.ac-martinique.fr\/ash\/?page_id=2539","title":{"rendered":"Cartographies des dispositifs de scolarisation des \u00e9l\u00e8ves pr\u00e9sentant un Trouble du Spectre Autistique"},"content":{"rendered":"<p>&nbsp;<\/p>\n<p>La scolarisation de tous les \u00e9l\u00e8ves\u00a0 est un enjeu de l&rsquo;\u00e9cole inclusive. En r\u00e9ponse \u00e0 la diversit\u00e9 des besoins sp\u00e9cifiques d&rsquo;accompagnement, la scolarisation en milieu ordinaire s&rsquo;est vue compl\u00e9t\u00e9e par des dispositifs vari\u00e9s. Ainsi, des dispositifs sp\u00e9cifiques de scolarisation des \u00e9l\u00e8ves pr\u00e9sentant un Trouble du Spectre Autistique (TSA) ont \u00e9t\u00e9 cr\u00e9\u00e9s dans le cadre de la Strat\u00e9gie nationale pour l\u2019autisme au sein des troubles du neuro-d\u00e9veloppement 2018-2022, notamment:<\/p>\n<ul>\n<li>des DAR: Dispositifs d&rsquo;AutoR\u00e9gulation.<\/li>\n<li>des UEMA: Unit\u00e9s d&rsquo;Enseignement Maternelle Autisme,<\/li>\n<li>des UEA: Unit\u00e9s d&rsquo;Enseignement El\u00e9mentaire Autisme.<\/li>\n<\/ul>\n<p>&nbsp;<\/p>\n<p>Ces dispositifs viennent compl\u00e9ter la carte des structures scolarisant ces \u00e9l\u00e8ves \u00e0 Besoins Educatifs Particuliers, \u00e0 savoir les ULIS TSA.<\/p>\n<p>La cartographie suivante les pr\u00e9sente:<\/p>\n<p><a href=\"https:\/\/site.ac-martinique.fr\/ash\/wp-content\/uploads\/sites\/7\/2024\/10\/cartes-dispositifs-TSA.jpg\"><img loading=\"lazy\" decoding=\"async\" class=\"alignnone  wp-image-2541\" src=\"https:\/\/site.ac-martinique.fr\/ash\/wp-content\/uploads\/sites\/7\/2024\/10\/cartes-dispositifs-TSA-259x300.jpg\" alt=\"\" width=\"617\" height=\"715\" srcset=\"https:\/\/site.ac-martinique.fr\/ash\/wp-content\/uploads\/sites\/7\/2024\/10\/cartes-dispositifs-TSA-259x300.jpg 259w, https:\/\/site.ac-martinique.fr\/ash\/wp-content\/uploads\/sites\/7\/2024\/10\/cartes-dispositifs-TSA.jpg 687w\" sizes=\"auto, (max-width: 617px) 100vw, 617px\" \/><\/a><\/p>\n<p>T\u00e9l\u00e9charger la <a href=\"https:\/\/site.ac-martinique.fr\/ash\/wp-content\/uploads\/sites\/7\/2024\/10\/carte-Dispositifs-TSA.pdf\">carte Dispositifs TSA<\/a><\/p>\n<p>Pour en savior plus sur la <a href=\"https:\/\/eduscol.education.fr\/504\/scolarisation-des-eleves-avec-des-troubles-du-spectre-de-l-autisme\">scolarisation des \u00e9l\u00e8ves avec trouble du spectre de l&rsquo;autisme.<\/a><\/p>\n","protected":false},"excerpt":{"rendered":"<p>&nbsp; La scolarisation de tous les \u00e9l\u00e8ves\u00a0 est un enjeu de l&rsquo;\u00e9cole inclusive. En r\u00e9ponse \u00e0 la diversit\u00e9 des besoins sp\u00e9cifiques d&rsquo;accompagnement, la scolarisation en milieu ordinaire s&rsquo;est vue compl\u00e9t\u00e9e par des dispositifs vari\u00e9s. Ainsi, des dispositifs sp\u00e9cifiques de scolarisation des \u00e9l\u00e8ves pr\u00e9sentant un Trouble du Spectre Autistique (TSA) ont \u00e9t\u00e9 cr\u00e9\u00e9s dans le cadre &hellip; <\/p>\n<p><a class=\"more-link btn\" href=\"https:\/\/site.ac-martinique.fr\/ash\/?page_id=2539\">Lire la suite<\/a><\/p>\n","protected":false},"author":484,"featured_media":0,"parent":2157,"menu_order":0,"comment_status":"closed","ping_status":"closed","template":"","meta":{"footnotes":""},"class_list":["post-2539","page","type-page","status-publish","hentry","nodate","item-wrap"],"_links":{"self":[{"href":"https:\/\/site.ac-martinique.fr\/ash\/index.php?rest_route=\/wp\/v2\/pages\/2539","targetHints":{"allow":["GET"]}}],"collection":[{"href":"https:\/\/site.ac-martinique.fr\/ash\/index.php?rest_route=\/wp\/v2\/pages"}],"about":[{"href":"https:\/\/site.ac-martinique.fr\/ash\/index.php?rest_route=\/wp\/v2\/types\/page"}],"author":[{"embeddable":true,"href":"https:\/\/site.ac-martinique.fr\/ash\/index.php?rest_route=\/wp\/v2\/users\/484"}],"replies":[{"embeddable":true,"href":"https:\/\/site.ac-martinique.fr\/ash\/index.php?rest_route=%2Fwp%2Fv2%2Fcomments&post=2539"}],"version-history":[{"count":1,"href":"https:\/\/site.ac-martinique.fr\/ash\/index.php?rest_route=\/wp\/v2\/pages\/2539\/revisions"}],"predecessor-version":[{"id":2542,"href":"https:\/\/site.ac-martinique.fr\/ash\/index.php?rest_route=\/wp\/v2\/pages\/2539\/revisions\/2542"}],"up":[{"embeddable":true,"href":"https:\/\/site.ac-martinique.fr\/ash\/index.php?rest_route=\/wp\/v2\/pages\/2157"}],"wp:attachment":[{"href":"https:\/\/site.ac-martinique.fr\/ash\/index.php?rest_route=%2Fwp%2Fv2%2Fmedia&parent=2539"}],"curies":[{"name":"wp","href":"https:\/\/api.w.org\/{rel}","templated":true}]}}