{"id":2555,"date":"2024-10-12T11:40:20","date_gmt":"2024-10-12T16:40:20","guid":{"rendered":"https:\/\/site.ac-martinique.fr\/ash\/?page_id=2555"},"modified":"2026-02-26T20:25:17","modified_gmt":"2026-02-27T01:25:17","slug":"le-calendrier-des-min-de-lacademie-martinique","status":"publish","type":"page","link":"https:\/\/site.ac-martinique.fr\/ash\/?page_id=2555","title":{"rendered":"Le calendrier des  MIN 25-26 de l&rsquo;acad\u00e9mie Martinique"},"content":{"rendered":"<p>Quatre Modules D&rsquo;initiative Nationale\u00a0 sont programm\u00e9es:<\/p>\n<ul>\n<li>Un MIN LPI (Livret Parcours Inclusif)<\/li>\n<li>Un MIN co-intervention<\/li>\n<li>Un MIN DEC (Difficult\u00e9s \u00e0 Expression Comportementale)<\/li>\n<li>Un MIN Fonctions ex\u00e9cutives<\/li>\n<\/ul>\n<p>La programmation \u00e9tant la suivante.<\/p>\n","protected":false},"excerpt":{"rendered":"<p>Quatre Modules D&rsquo;initiative Nationale\u00a0 sont programm\u00e9es: Un MIN LPI (Livret Parcours Inclusif) Un MIN co-intervention Un MIN DEC (Difficult\u00e9s \u00e0 Expression Comportementale) Un MIN Fonctions ex\u00e9cutives La programmation \u00e9tant la suivante.<\/p>\n","protected":false},"author":484,"featured_media":0,"parent":448,"menu_order":0,"comment_status":"closed","ping_status":"closed","template":"","meta":{"footnotes":""},"class_list":["post-2555","page","type-page","status-publish","hentry","nodate","item-wrap"],"_links":{"self":[{"href":"https:\/\/site.ac-martinique.fr\/ash\/index.php?rest_route=\/wp\/v2\/pages\/2555","targetHints":{"allow":["GET"]}}],"collection":[{"href":"https:\/\/site.ac-martinique.fr\/ash\/index.php?rest_route=\/wp\/v2\/pages"}],"about":[{"href":"https:\/\/site.ac-martinique.fr\/ash\/index.php?rest_route=\/wp\/v2\/types\/page"}],"author":[{"embeddable":true,"href":"https:\/\/site.ac-martinique.fr\/ash\/index.php?rest_route=\/wp\/v2\/users\/484"}],"replies":[{"embeddable":true,"href":"https:\/\/site.ac-martinique.fr\/ash\/index.php?rest_route=%2Fwp%2Fv2%2Fcomments&post=2555"}],"version-history":[{"count":4,"href":"https:\/\/site.ac-martinique.fr\/ash\/index.php?rest_route=\/wp\/v2\/pages\/2555\/revisions"}],"predecessor-version":[{"id":3491,"href":"https:\/\/site.ac-martinique.fr\/ash\/index.php?rest_route=\/wp\/v2\/pages\/2555\/revisions\/3491"}],"up":[{"embeddable":true,"href":"https:\/\/site.ac-martinique.fr\/ash\/index.php?rest_route=\/wp\/v2\/pages\/448"}],"wp:attachment":[{"href":"https:\/\/site.ac-martinique.fr\/ash\/index.php?rest_route=%2Fwp%2Fv2%2Fmedia&parent=2555"}],"curies":[{"name":"wp","href":"https:\/\/api.w.org\/{rel}","templated":true}]}}