{"id":2779,"date":"2024-10-28T09:06:32","date_gmt":"2024-10-28T14:06:32","guid":{"rendered":"https:\/\/site.ac-martinique.fr\/ash\/?page_id=2779"},"modified":"2024-10-28T09:06:40","modified_gmt":"2024-10-28T14:06:40","slug":"le-vade-mecum-rased","status":"publish","type":"page","link":"https:\/\/site.ac-martinique.fr\/ash\/?page_id=2779","title":{"rendered":"Le vade-mecum RASED"},"content":{"rendered":"<p>Suite au rapport de l&rsquo;IGESR (Inspection G\u00e9n\u00e9rale de l\u2019\u00c9ducation, du Sport et de la Recherche) de 2021, un\u00a0<strong>P\u00f4le Ressource RASED<\/strong> (R\u00e9seaux d\u2019Aides Sp\u00e9cialis\u00e9es aux \u00c9l\u00e8ves en Difficult\u00e9) a \u00e9t\u00e9 constitu\u00e9 en 2022 dans l\u2019acad\u00e9mie de Martinique. Afin d\u2019am\u00e9liorer et d\u2019harmoniser les pratiques et partager de ressources et des expertises des diff\u00e9rents RASED de l\u2019acad\u00e9mie, ce p\u00f4le, a \u00e9labor\u00e9\u00a0 un padlet.<\/p>\n<p>Vous y trouverez diverses ressources, notamment le <strong>VADEMECUM RASED<\/strong>, con\u00e7u pour faciliter votre pratique professionnelle. Ce document est actualis\u00e9 chaque ann\u00e9e afin de r\u00e9pondre aux \u00e9volutions p\u00e9dagogiques et aux besoins sp\u00e9cifiques des \u00e9l\u00e8ves.<\/p>\n<p>Lien pour acc\u00e9der au PADLET:<\/p>\n<p><a href=\"https:\/\/padlet.com\/EDCC\/PADLETRESSOURCESASHA\">https:\/\/padlet.com\/EDCC\/PADLETRESSOURCESASHA<\/a><\/p>\n<p>&nbsp;<\/p>\n<p>&nbsp;<\/p>\n","protected":false},"excerpt":{"rendered":"<p>Suite au rapport de l&rsquo;IGESR (Inspection G\u00e9n\u00e9rale de l\u2019\u00c9ducation, du Sport et de la Recherche) de 2021, un\u00a0P\u00f4le Ressource RASED (R\u00e9seaux d\u2019Aides Sp\u00e9cialis\u00e9es aux \u00c9l\u00e8ves en Difficult\u00e9) a \u00e9t\u00e9 constitu\u00e9 en 2022 dans l\u2019acad\u00e9mie de Martinique. Afin d\u2019am\u00e9liorer et d\u2019harmoniser les pratiques et partager de ressources et des expertises des diff\u00e9rents RASED de l\u2019acad\u00e9mie, ce &hellip; <\/p>\n<p><a class=\"more-link btn\" href=\"https:\/\/site.ac-martinique.fr\/ash\/?page_id=2779\">Lire la suite<\/a><\/p>\n","protected":false},"author":484,"featured_media":0,"parent":285,"menu_order":0,"comment_status":"closed","ping_status":"closed","template":"","meta":{"footnotes":""},"class_list":["post-2779","page","type-page","status-publish","hentry","nodate","item-wrap"],"_links":{"self":[{"href":"https:\/\/site.ac-martinique.fr\/ash\/index.php?rest_route=\/wp\/v2\/pages\/2779","targetHints":{"allow":["GET"]}}],"collection":[{"href":"https:\/\/site.ac-martinique.fr\/ash\/index.php?rest_route=\/wp\/v2\/pages"}],"about":[{"href":"https:\/\/site.ac-martinique.fr\/ash\/index.php?rest_route=\/wp\/v2\/types\/page"}],"author":[{"embeddable":true,"href":"https:\/\/site.ac-martinique.fr\/ash\/index.php?rest_route=\/wp\/v2\/users\/484"}],"replies":[{"embeddable":true,"href":"https:\/\/site.ac-martinique.fr\/ash\/index.php?rest_route=%2Fwp%2Fv2%2Fcomments&post=2779"}],"version-history":[{"count":1,"href":"https:\/\/site.ac-martinique.fr\/ash\/index.php?rest_route=\/wp\/v2\/pages\/2779\/revisions"}],"predecessor-version":[{"id":2780,"href":"https:\/\/site.ac-martinique.fr\/ash\/index.php?rest_route=\/wp\/v2\/pages\/2779\/revisions\/2780"}],"up":[{"embeddable":true,"href":"https:\/\/site.ac-martinique.fr\/ash\/index.php?rest_route=\/wp\/v2\/pages\/285"}],"wp:attachment":[{"href":"https:\/\/site.ac-martinique.fr\/ash\/index.php?rest_route=%2Fwp%2Fv2%2Fmedia&parent=2779"}],"curies":[{"name":"wp","href":"https:\/\/api.w.org\/{rel}","templated":true}]}}