{"id":2876,"date":"2024-11-21T07:44:12","date_gmt":"2024-11-21T12:44:12","guid":{"rendered":"https:\/\/site.ac-martinique.fr\/ash\/?page_id=2876"},"modified":"2024-11-24T12:43:49","modified_gmt":"2024-11-24T17:43:49","slug":"18eme-journee-des-dys","status":"publish","type":"page","link":"https:\/\/site.ac-martinique.fr\/ash\/?page_id=2876","title":{"rendered":"18\u00e8me Journ\u00e9e des DYS"},"content":{"rendered":"<p><a href=\"https:\/\/site.ac-martinique.fr\/ash\/wp-content\/uploads\/sites\/7\/2024\/11\/journee-dys.jpg\"><img loading=\"lazy\" decoding=\"async\" class=\"alignnone  wp-image-2877\" src=\"https:\/\/site.ac-martinique.fr\/ash\/wp-content\/uploads\/sites\/7\/2024\/11\/journee-dys-212x300.jpg\" alt=\"\" width=\"590\" height=\"835\" srcset=\"https:\/\/site.ac-martinique.fr\/ash\/wp-content\/uploads\/sites\/7\/2024\/11\/journee-dys-212x300.jpg 212w, https:\/\/site.ac-martinique.fr\/ash\/wp-content\/uploads\/sites\/7\/2024\/11\/journee-dys-724x1024.jpg 724w, https:\/\/site.ac-martinique.fr\/ash\/wp-content\/uploads\/sites\/7\/2024\/11\/journee-dys-768x1086.jpg 768w, https:\/\/site.ac-martinique.fr\/ash\/wp-content\/uploads\/sites\/7\/2024\/11\/journee-dys-1086x1536.jpg 1086w, https:\/\/site.ac-martinique.fr\/ash\/wp-content\/uploads\/sites\/7\/2024\/11\/journee-dys-750x1061.jpg 750w, https:\/\/site.ac-martinique.fr\/ash\/wp-content\/uploads\/sites\/7\/2024\/11\/journee-dys.jpg 1131w\" sizes=\"auto, (max-width: 590px) 100vw, 590px\" \/><\/a><\/p>\n\n\n<p>Divers professionnels se sont r\u00e9unis pour une journ\u00e9e d&rsquo;informations, d&rsquo;\u00e9changes autour des troubles des apprentissages.  L&rsquo;occasion de d\u00e9couvrir ou de red\u00e9couvrir des ouvrages adapt\u00e9s, des approches th\u00e9rapeutiques, mais \u00e9galement d&rsquo;aller \u00e0 la rencontre de professionnels de sant\u00e9 (orthophonistes), du milieu associatif, de l&rsquo;\u00e9ducation, et du handicap.<\/p>\n\n\n\n<p class=\"has-text-align-center has-vivid-purple-color has-text-color has-link-color has-larger-font-size wp-elements-578dde505f97df6e386be72e88c5c953 tw-block-animation tw-animation-scale-in\">La journ\u00e9e en images <\/p>\n\n\n\n<figure class=\"wp-block-image size-large\"><a href=\"https:\/\/site.ac-martinique.fr\/ash\/wp-content\/uploads\/sites\/7\/2024\/11\/7718f834-6de8-413c-89c8-10decaa2a9cb.jpg\"><img loading=\"lazy\" decoding=\"async\" width=\"1024\" height=\"576\" src=\"https:\/\/site.ac-martinique.fr\/ash\/wp-content\/uploads\/sites\/7\/2024\/11\/7718f834-6de8-413c-89c8-10decaa2a9cb-1024x576.jpg\" alt=\"\" class=\"wp-image-2898\" srcset=\"https:\/\/site.ac-martinique.fr\/ash\/wp-content\/uploads\/sites\/7\/2024\/11\/7718f834-6de8-413c-89c8-10decaa2a9cb-1024x576.jpg 1024w, https:\/\/site.ac-martinique.fr\/ash\/wp-content\/uploads\/sites\/7\/2024\/11\/7718f834-6de8-413c-89c8-10decaa2a9cb-300x169.jpg 300w, https:\/\/site.ac-martinique.fr\/ash\/wp-content\/uploads\/sites\/7\/2024\/11\/7718f834-6de8-413c-89c8-10decaa2a9cb-768x432.jpg 768w, https:\/\/site.ac-martinique.fr\/ash\/wp-content\/uploads\/sites\/7\/2024\/11\/7718f834-6de8-413c-89c8-10decaa2a9cb-1536x864.jpg 1536w, https:\/\/site.ac-martinique.fr\/ash\/wp-content\/uploads\/sites\/7\/2024\/11\/7718f834-6de8-413c-89c8-10decaa2a9cb-750x422.jpg 750w, https:\/\/site.ac-martinique.fr\/ash\/wp-content\/uploads\/sites\/7\/2024\/11\/7718f834-6de8-413c-89c8-10decaa2a9cb.jpg 1600w\" sizes=\"auto, (max-width: 1024px) 100vw, 1024px\" \/><\/a><\/figure>\n\n\n\n<p>Le SAEI<\/p>\n\n\n\n<figure class=\"wp-block-image size-large\"><a href=\"https:\/\/site.ac-martinique.fr\/ash\/wp-content\/uploads\/sites\/7\/2024\/11\/8.jpg\"><img loading=\"lazy\" decoding=\"async\" width=\"1024\" height=\"461\" src=\"https:\/\/site.ac-martinique.fr\/ash\/wp-content\/uploads\/sites\/7\/2024\/11\/8-1024x461.jpg\" alt=\"\" class=\"wp-image-2903\" srcset=\"https:\/\/site.ac-martinique.fr\/ash\/wp-content\/uploads\/sites\/7\/2024\/11\/8-1024x461.jpg 1024w, https:\/\/site.ac-martinique.fr\/ash\/wp-content\/uploads\/sites\/7\/2024\/11\/8-300x135.jpg 300w, https:\/\/site.ac-martinique.fr\/ash\/wp-content\/uploads\/sites\/7\/2024\/11\/8-768x346.jpg 768w, https:\/\/site.ac-martinique.fr\/ash\/wp-content\/uploads\/sites\/7\/2024\/11\/8-1536x691.jpg 1536w, https:\/\/site.ac-martinique.fr\/ash\/wp-content\/uploads\/sites\/7\/2024\/11\/8-750x338.jpg 750w, https:\/\/site.ac-martinique.fr\/ash\/wp-content\/uploads\/sites\/7\/2024\/11\/8.jpg 1600w\" sizes=\"auto, (max-width: 1024px) 100vw, 1024px\" \/><\/a><\/figure>\n\n\n\n<p><\/p>\n\n\n\n<figure class=\"wp-block-image size-large\"><a href=\"https:\/\/site.ac-martinique.fr\/ash\/wp-content\/uploads\/sites\/7\/2024\/11\/KATY-FRANCOIS.jpg\"><img loading=\"lazy\" decoding=\"async\" width=\"1024\" height=\"603\" src=\"https:\/\/site.ac-martinique.fr\/ash\/wp-content\/uploads\/sites\/7\/2024\/11\/KATY-FRANCOIS-1024x603.jpg\" alt=\"\" class=\"wp-image-2900\" srcset=\"https:\/\/site.ac-martinique.fr\/ash\/wp-content\/uploads\/sites\/7\/2024\/11\/KATY-FRANCOIS-1024x603.jpg 1024w, https:\/\/site.ac-martinique.fr\/ash\/wp-content\/uploads\/sites\/7\/2024\/11\/KATY-FRANCOIS-300x177.jpg 300w, https:\/\/site.ac-martinique.fr\/ash\/wp-content\/uploads\/sites\/7\/2024\/11\/KATY-FRANCOIS-768x452.jpg 768w, https:\/\/site.ac-martinique.fr\/ash\/wp-content\/uploads\/sites\/7\/2024\/11\/KATY-FRANCOIS-750x442.jpg 750w, https:\/\/site.ac-martinique.fr\/ash\/wp-content\/uploads\/sites\/7\/2024\/11\/KATY-FRANCOIS.jpg 1129w\" sizes=\"auto, (max-width: 1024px) 100vw, 1024px\" \/><\/a><\/figure>\n\n\n\n<p>Katy FRANCOIS, psychologue et auteure<\/p>\n\n\n\n<figure class=\"wp-block-image size-large\"><a href=\"https:\/\/site.ac-martinique.fr\/ash\/wp-content\/uploads\/sites\/7\/2024\/11\/image_1732411830079.jpg\"><img loading=\"lazy\" decoding=\"async\" width=\"461\" height=\"1024\" src=\"https:\/\/site.ac-martinique.fr\/ash\/wp-content\/uploads\/sites\/7\/2024\/11\/image_1732411830079-461x1024.jpg\" alt=\"\" class=\"wp-image-2902\" srcset=\"https:\/\/site.ac-martinique.fr\/ash\/wp-content\/uploads\/sites\/7\/2024\/11\/image_1732411830079-461x1024.jpg 461w, https:\/\/site.ac-martinique.fr\/ash\/wp-content\/uploads\/sites\/7\/2024\/11\/image_1732411830079-135x300.jpg 135w, https:\/\/site.ac-martinique.fr\/ash\/wp-content\/uploads\/sites\/7\/2024\/11\/image_1732411830079-691x1536.jpg 691w, https:\/\/site.ac-martinique.fr\/ash\/wp-content\/uploads\/sites\/7\/2024\/11\/image_1732411830079.jpg 720w\" sizes=\"auto, (max-width: 461px) 100vw, 461px\" \/><\/a><\/figure>\n\n\n\n<p><\/p>\n\n\n\n<figure class=\"wp-block-image size-large\"><a href=\"https:\/\/site.ac-martinique.fr\/ash\/wp-content\/uploads\/sites\/7\/2024\/11\/PHOTO-2024-11-23-11-36-25.jpg\"><img loading=\"lazy\" decoding=\"async\" width=\"1024\" height=\"461\" src=\"https:\/\/site.ac-martinique.fr\/ash\/wp-content\/uploads\/sites\/7\/2024\/11\/PHOTO-2024-11-23-11-36-25-1024x461.jpg\" alt=\"\" class=\"wp-image-2904\" srcset=\"https:\/\/site.ac-martinique.fr\/ash\/wp-content\/uploads\/sites\/7\/2024\/11\/PHOTO-2024-11-23-11-36-25-1024x461.jpg 1024w, https:\/\/site.ac-martinique.fr\/ash\/wp-content\/uploads\/sites\/7\/2024\/11\/PHOTO-2024-11-23-11-36-25-300x135.jpg 300w, https:\/\/site.ac-martinique.fr\/ash\/wp-content\/uploads\/sites\/7\/2024\/11\/PHOTO-2024-11-23-11-36-25-768x346.jpg 768w, https:\/\/site.ac-martinique.fr\/ash\/wp-content\/uploads\/sites\/7\/2024\/11\/PHOTO-2024-11-23-11-36-25-1536x691.jpg 1536w, https:\/\/site.ac-martinique.fr\/ash\/wp-content\/uploads\/sites\/7\/2024\/11\/PHOTO-2024-11-23-11-36-25-750x338.jpg 750w, https:\/\/site.ac-martinique.fr\/ash\/wp-content\/uploads\/sites\/7\/2024\/11\/PHOTO-2024-11-23-11-36-25.jpg 1600w\" sizes=\"auto, (max-width: 1024px) 100vw, 1024px\" \/><\/a><\/figure>\n\n\n\n<figure class=\"wp-block-image size-large\"><a href=\"https:\/\/site.ac-martinique.fr\/ash\/wp-content\/uploads\/sites\/7\/2024\/11\/PHOTO-2024-11-23-11-36-26.jpg\"><img loading=\"lazy\" decoding=\"async\" width=\"461\" height=\"1024\" src=\"https:\/\/site.ac-martinique.fr\/ash\/wp-content\/uploads\/sites\/7\/2024\/11\/PHOTO-2024-11-23-11-36-26-461x1024.jpg\" alt=\"\" class=\"wp-image-2905\" srcset=\"https:\/\/site.ac-martinique.fr\/ash\/wp-content\/uploads\/sites\/7\/2024\/11\/PHOTO-2024-11-23-11-36-26-461x1024.jpg 461w, https:\/\/site.ac-martinique.fr\/ash\/wp-content\/uploads\/sites\/7\/2024\/11\/PHOTO-2024-11-23-11-36-26-135x300.jpg 135w, https:\/\/site.ac-martinique.fr\/ash\/wp-content\/uploads\/sites\/7\/2024\/11\/PHOTO-2024-11-23-11-36-26-691x1536.jpg 691w, https:\/\/site.ac-martinique.fr\/ash\/wp-content\/uploads\/sites\/7\/2024\/11\/PHOTO-2024-11-23-11-36-26.jpg 720w\" sizes=\"auto, (max-width: 461px) 100vw, 461px\" \/><\/a><\/figure>\n\n\n\n<p><\/p>\n\n\n\n<figure class=\"wp-block-image size-large\"><a href=\"https:\/\/site.ac-martinique.fr\/ash\/wp-content\/uploads\/sites\/7\/2024\/11\/PHOTO-2024-11-23-11-36-33.jpg\"><img loading=\"lazy\" decoding=\"async\" width=\"1024\" height=\"461\" src=\"https:\/\/site.ac-martinique.fr\/ash\/wp-content\/uploads\/sites\/7\/2024\/11\/PHOTO-2024-11-23-11-36-33-1024x461.jpg\" alt=\"\" class=\"wp-image-2906\" srcset=\"https:\/\/site.ac-martinique.fr\/ash\/wp-content\/uploads\/sites\/7\/2024\/11\/PHOTO-2024-11-23-11-36-33-1024x461.jpg 1024w, https:\/\/site.ac-martinique.fr\/ash\/wp-content\/uploads\/sites\/7\/2024\/11\/PHOTO-2024-11-23-11-36-33-300x135.jpg 300w, https:\/\/site.ac-martinique.fr\/ash\/wp-content\/uploads\/sites\/7\/2024\/11\/PHOTO-2024-11-23-11-36-33-768x346.jpg 768w, https:\/\/site.ac-martinique.fr\/ash\/wp-content\/uploads\/sites\/7\/2024\/11\/PHOTO-2024-11-23-11-36-33-1536x691.jpg 1536w, https:\/\/site.ac-martinique.fr\/ash\/wp-content\/uploads\/sites\/7\/2024\/11\/PHOTO-2024-11-23-11-36-33-750x338.jpg 750w, https:\/\/site.ac-martinique.fr\/ash\/wp-content\/uploads\/sites\/7\/2024\/11\/PHOTO-2024-11-23-11-36-33.jpg 1600w\" sizes=\"auto, (max-width: 1024px) 100vw, 1024px\" \/><\/a><\/figure>\n\n\n\n<p><\/p>\n\n\n\n<figure class=\"wp-block-image size-large\"><a href=\"https:\/\/site.ac-martinique.fr\/ash\/wp-content\/uploads\/sites\/7\/2024\/11\/4.jpg\"><img loading=\"lazy\" decoding=\"async\" width=\"1024\" height=\"461\" src=\"https:\/\/site.ac-martinique.fr\/ash\/wp-content\/uploads\/sites\/7\/2024\/11\/4-1024x461.jpg\" alt=\"\" class=\"wp-image-2907\" srcset=\"https:\/\/site.ac-martinique.fr\/ash\/wp-content\/uploads\/sites\/7\/2024\/11\/4-1024x461.jpg 1024w, https:\/\/site.ac-martinique.fr\/ash\/wp-content\/uploads\/sites\/7\/2024\/11\/4-300x135.jpg 300w, https:\/\/site.ac-martinique.fr\/ash\/wp-content\/uploads\/sites\/7\/2024\/11\/4-768x346.jpg 768w, https:\/\/site.ac-martinique.fr\/ash\/wp-content\/uploads\/sites\/7\/2024\/11\/4-1536x691.jpg 1536w, https:\/\/site.ac-martinique.fr\/ash\/wp-content\/uploads\/sites\/7\/2024\/11\/4-750x338.jpg 750w, https:\/\/site.ac-martinique.fr\/ash\/wp-content\/uploads\/sites\/7\/2024\/11\/4.jpg 1600w\" sizes=\"auto, (max-width: 1024px) 100vw, 1024px\" \/><\/a><\/figure>\n\n\n\n<p>Art th\u00e9rapie<\/p>\n\n\n\n<figure class=\"wp-block-image size-large\"><a href=\"https:\/\/site.ac-martinique.fr\/ash\/wp-content\/uploads\/sites\/7\/2024\/11\/a.jpg\"><img loading=\"lazy\" decoding=\"async\" width=\"461\" height=\"1024\" src=\"https:\/\/site.ac-martinique.fr\/ash\/wp-content\/uploads\/sites\/7\/2024\/11\/a-461x1024.jpg\" alt=\"\" class=\"wp-image-2908\" srcset=\"https:\/\/site.ac-martinique.fr\/ash\/wp-content\/uploads\/sites\/7\/2024\/11\/a-461x1024.jpg 461w, https:\/\/site.ac-martinique.fr\/ash\/wp-content\/uploads\/sites\/7\/2024\/11\/a-135x300.jpg 135w, https:\/\/site.ac-martinique.fr\/ash\/wp-content\/uploads\/sites\/7\/2024\/11\/a-691x1536.jpg 691w, https:\/\/site.ac-martinique.fr\/ash\/wp-content\/uploads\/sites\/7\/2024\/11\/a.jpg 720w\" sizes=\"auto, (max-width: 461px) 100vw, 461px\" \/><\/a><\/figure>\n\n\n\n<p><\/p>\n\n\n\n<figure class=\"wp-block-image size-large\"><a href=\"https:\/\/site.ac-martinique.fr\/ash\/wp-content\/uploads\/sites\/7\/2024\/11\/PHOTO-2024-11-23-11-36-20.jpg\"><img loading=\"lazy\" decoding=\"async\" width=\"1024\" height=\"461\" src=\"https:\/\/site.ac-martinique.fr\/ash\/wp-content\/uploads\/sites\/7\/2024\/11\/PHOTO-2024-11-23-11-36-20-1024x461.jpg\" alt=\"\" class=\"wp-image-2909\" srcset=\"https:\/\/site.ac-martinique.fr\/ash\/wp-content\/uploads\/sites\/7\/2024\/11\/PHOTO-2024-11-23-11-36-20-1024x461.jpg 1024w, https:\/\/site.ac-martinique.fr\/ash\/wp-content\/uploads\/sites\/7\/2024\/11\/PHOTO-2024-11-23-11-36-20-300x135.jpg 300w, https:\/\/site.ac-martinique.fr\/ash\/wp-content\/uploads\/sites\/7\/2024\/11\/PHOTO-2024-11-23-11-36-20-768x346.jpg 768w, https:\/\/site.ac-martinique.fr\/ash\/wp-content\/uploads\/sites\/7\/2024\/11\/PHOTO-2024-11-23-11-36-20-1536x691.jpg 1536w, https:\/\/site.ac-martinique.fr\/ash\/wp-content\/uploads\/sites\/7\/2024\/11\/PHOTO-2024-11-23-11-36-20-750x338.jpg 750w, https:\/\/site.ac-martinique.fr\/ash\/wp-content\/uploads\/sites\/7\/2024\/11\/PHOTO-2024-11-23-11-36-20.jpg 1600w\" sizes=\"auto, (max-width: 1024px) 100vw, 1024px\" \/><\/a><\/figure>\n\n\n\n<p><\/p>\n\n\n\n<figure class=\"wp-block-image size-large\"><a href=\"https:\/\/site.ac-martinique.fr\/ash\/wp-content\/uploads\/sites\/7\/2024\/11\/3.jpg\"><img loading=\"lazy\" decoding=\"async\" width=\"461\" height=\"1024\" src=\"https:\/\/site.ac-martinique.fr\/ash\/wp-content\/uploads\/sites\/7\/2024\/11\/3-461x1024.jpg\" alt=\"\" class=\"wp-image-2910\" srcset=\"https:\/\/site.ac-martinique.fr\/ash\/wp-content\/uploads\/sites\/7\/2024\/11\/3-461x1024.jpg 461w, https:\/\/site.ac-martinique.fr\/ash\/wp-content\/uploads\/sites\/7\/2024\/11\/3-135x300.jpg 135w, https:\/\/site.ac-martinique.fr\/ash\/wp-content\/uploads\/sites\/7\/2024\/11\/3-691x1536.jpg 691w, https:\/\/site.ac-martinique.fr\/ash\/wp-content\/uploads\/sites\/7\/2024\/11\/3.jpg 720w\" sizes=\"auto, (max-width: 461px) 100vw, 461px\" \/><\/a><\/figure>\n\n\n\n<p><\/p>\n\n\n\n<p>Pour en savoir plus sur l&rsquo;association Alternative Espoir: <a href=\"https:\/\/www.alternative-espoir.com\/\">https:\/\/www.alternative-espoir.com\/<\/a><\/p>\n\n\n\n<p>Pour en savoir plus sur le neurofeedback : <a href=\"https:\/\/www.martiniqueneurofeedback.com\/\">https:\/\/www.martiniqueneurofeedback.com\/<\/a><\/p>\n\n\n\n<p><\/p>\n","protected":false},"excerpt":{"rendered":"<p>Divers professionnels se sont r\u00e9unis pour une journ\u00e9e d&rsquo;informations, d&rsquo;\u00e9changes autour des troubles des apprentissages. L&rsquo;occasion de d\u00e9couvrir ou de red\u00e9couvrir des ouvrages adapt\u00e9s, des approches th\u00e9rapeutiques, mais \u00e9galement d&rsquo;aller \u00e0 la rencontre de professionnels de sant\u00e9 (orthophonistes), du milieu associatif, de l&rsquo;\u00e9ducation, et du handicap. La journ\u00e9e en images Le SAEI Katy FRANCOIS, psychologue &hellip; <\/p>\n<p><a class=\"more-link btn\" href=\"https:\/\/site.ac-martinique.fr\/ash\/?page_id=2876\">Lire la suite<\/a><\/p>\n","protected":false},"author":484,"featured_media":0,"parent":2264,"menu_order":0,"comment_status":"closed","ping_status":"closed","template":"","meta":{"footnotes":""},"class_list":["post-2876","page","type-page","status-publish","hentry","nodate","item-wrap"],"_links":{"self":[{"href":"https:\/\/site.ac-martinique.fr\/ash\/index.php?rest_route=\/wp\/v2\/pages\/2876","targetHints":{"allow":["GET"]}}],"collection":[{"href":"https:\/\/site.ac-martinique.fr\/ash\/index.php?rest_route=\/wp\/v2\/pages"}],"about":[{"href":"https:\/\/site.ac-martinique.fr\/ash\/index.php?rest_route=\/wp\/v2\/types\/page"}],"author":[{"embeddable":true,"href":"https:\/\/site.ac-martinique.fr\/ash\/index.php?rest_route=\/wp\/v2\/users\/484"}],"replies":[{"embeddable":true,"href":"https:\/\/site.ac-martinique.fr\/ash\/index.php?rest_route=%2Fwp%2Fv2%2Fcomments&post=2876"}],"version-history":[{"count":2,"href":"https:\/\/site.ac-martinique.fr\/ash\/index.php?rest_route=\/wp\/v2\/pages\/2876\/revisions"}],"predecessor-version":[{"id":2911,"href":"https:\/\/site.ac-martinique.fr\/ash\/index.php?rest_route=\/wp\/v2\/pages\/2876\/revisions\/2911"}],"up":[{"embeddable":true,"href":"https:\/\/site.ac-martinique.fr\/ash\/index.php?rest_route=\/wp\/v2\/pages\/2264"}],"wp:attachment":[{"href":"https:\/\/site.ac-martinique.fr\/ash\/index.php?rest_route=%2Fwp%2Fv2%2Fmedia&parent=2876"}],"curies":[{"name":"wp","href":"https:\/\/api.w.org\/{rel}","templated":true}]}}