{"id":2974,"date":"2024-12-08T09:52:09","date_gmt":"2024-12-08T14:52:09","guid":{"rendered":"https:\/\/site.ac-martinique.fr\/ash\/?page_id=2974"},"modified":"2024-12-08T10:06:21","modified_gmt":"2024-12-08T15:06:21","slug":"le-document-de-mise-en-oeuvre-du-pps-mopps","status":"publish","type":"page","link":"https:\/\/site.ac-martinique.fr\/ash\/?page_id=2974","title":{"rendered":"Le Document de  Mise en \u0152uvre du PPS (MOPPS)"},"content":{"rendered":"\n<p>Le PPS (Projet Personnalis\u00e9 de Scolarisation) est une r\u00e9ponse aux besoins \u00e9ducatifs particuliers des \u00e9l\u00e8ves reconnus en situation de handicap par la Maison D\u00e9partementale des Personnes Handicap\u00e9es (MDPH).<\/p>\n\n\n\n<p>\u00ab\u00a0Le PPS d\u00e9finit et coordonne les modalit\u00e9s de d\u00e9roulement de la scolarit\u00e9 et les actions p\u00e9dagogiques, psychologiques, \u00e9ducatives, sociales, m\u00e9dicales et param\u00e9dicales r\u00e9pondant aux besoins particuliers des \u00e9l\u00e8ves pr\u00e9sentant un handicap.\u00a0\u00bb (<a href=\"https:\/\/www.education.gouv.fr\/bo\/16\/Hebdo30\/MENE%201612034C.htm\" data-type=\"link\" data-id=\"https:\/\/www.education.gouv.fr\/bo\/16\/Hebdo30\/MENE%201612034C.htm\" target=\"_blank\" rel=\"noreferrer noopener\">Extrait de la circulaire n\u00b0 2016-117 du 8-8-2016- section 1.2.)<\/a><\/p>\n\n\n\n<p>Le directeur d&rsquo;\u00e9cole ou le chef d&rsquo;\u00e9tablissement est garant de la mise en \u0153uvre du Projet Personnalis\u00e9 de Scolarisation (PPS). <a href=\"https:\/\/www.education.gouv.fr\/bo\/16\/Hebdo30\/MENE%201612034C.htm\" data-type=\"link\" data-id=\"https:\/\/www.education.gouv.fr\/bo\/16\/Hebdo30\/MENE%201612034C.htm\" target=\"_blank\" rel=\"noreferrer noopener\">Extrait de la circulaire n\u00b0 2016-117 du 8-8-2016- section 3)<\/a>. La prise en compte des sp\u00e9cificit\u00e9s de l&rsquo;\u00e9l\u00e8ve n\u00e9cessite une r\u00e9ponse construite et organis\u00e9e pour faciliter l&rsquo;acc\u00e8s aux apprentissages, au sein de la classe. Ainsi, les am\u00e9nagements et adaptations p\u00e9dagogiques sp\u00e9cifiques sont consign\u00e9s dans le document de mise en \u0153uvre du PPS: MOPPS.<\/p>\n\n\n\n<p class=\"has-vivid-purple-color has-text-color has-link-color has-large-font-size wp-elements-4dcbef1999be5524d2180f8a10c24bb0\">MOPPS Maternelle<\/p>\n\n\n\n<div data-wp-interactive=\"core\/file\" class=\"wp-block-file\"><object data-wp-bind--hidden=\"!state.hasPdfPreview\" hidden class=\"wp-block-file__embed\" data=\"https:\/\/site.ac-martinique.fr\/ash\/wp-content\/uploads\/sites\/7\/2024\/12\/mopps_maternelle-2.pdf\" type=\"application\/pdf\" style=\"width:100%;height:600px\" aria-label=\"Contenu embarqu\u00e9 mopps_maternelle-2.\"><\/object><a id=\"wp-block-file--media-dd2bb74a-dc21-4614-920a-54982e121438\" href=\"https:\/\/site.ac-martinique.fr\/ash\/wp-content\/uploads\/sites\/7\/2024\/12\/mopps_maternelle-2.pdf\">mopps_maternelle-2<\/a><a href=\"https:\/\/site.ac-martinique.fr\/ash\/wp-content\/uploads\/sites\/7\/2024\/12\/mopps_maternelle-2.pdf\" class=\"wp-block-file__button wp-element-button\" download aria-describedby=\"wp-block-file--media-dd2bb74a-dc21-4614-920a-54982e121438\">T\u00e9l\u00e9charger<\/a><\/div>\n\n\n\n<p class=\"has-vivid-purple-color has-text-color has-link-color has-large-font-size wp-elements-5cdae90c8ee8fe95820174cdd19573d1\">MOPPS \u00e9l\u00e9mentaire<\/p>\n\n\n\n<div data-wp-interactive=\"core\/file\" class=\"wp-block-file\"><object data-wp-bind--hidden=\"!state.hasPdfPreview\" hidden class=\"wp-block-file__embed\" data=\"https:\/\/site.ac-martinique.fr\/ash\/wp-content\/uploads\/sites\/7\/2024\/12\/mopps_elementaire-2.pdf\" type=\"application\/pdf\" style=\"width:100%;height:600px\" aria-label=\"Contenu embarqu\u00e9 mopps_elementaire-2.\"><\/object><a id=\"wp-block-file--media-ce146507-76de-4a7d-8248-15480a4c6f72\" href=\"https:\/\/site.ac-martinique.fr\/ash\/wp-content\/uploads\/sites\/7\/2024\/12\/mopps_elementaire-2.pdf\">mopps_elementaire-2<\/a><a href=\"https:\/\/site.ac-martinique.fr\/ash\/wp-content\/uploads\/sites\/7\/2024\/12\/mopps_elementaire-2.pdf\" class=\"wp-block-file__button wp-element-button\" download aria-describedby=\"wp-block-file--media-ce146507-76de-4a7d-8248-15480a4c6f72\">T\u00e9l\u00e9charger<\/a><\/div>\n\n\n\n<p class=\"has-vivid-purple-color has-text-color has-link-color has-large-font-size wp-elements-161dee331e1e26cc9ff33fa6d5ca85cc\">MOPPS 2nd degr\u00e9<\/p>\n\n\n\n<div data-wp-interactive=\"core\/file\" class=\"wp-block-file\"><object data-wp-bind--hidden=\"!state.hasPdfPreview\" hidden class=\"wp-block-file__embed\" data=\"https:\/\/site.ac-martinique.fr\/ash\/wp-content\/uploads\/sites\/7\/2024\/12\/mopps_2nd_degre-2.pdf\" type=\"application\/pdf\" style=\"width:100%;height:600px\" aria-label=\"Contenu embarqu\u00e9 mopps_2nd_degre-2.\"><\/object><a id=\"wp-block-file--media-aee6b71e-3a3e-4795-bb35-b691253b882e\" href=\"https:\/\/site.ac-martinique.fr\/ash\/wp-content\/uploads\/sites\/7\/2024\/12\/mopps_2nd_degre-2.pdf\">mopps_2nd_degre-2<\/a><a href=\"https:\/\/site.ac-martinique.fr\/ash\/wp-content\/uploads\/sites\/7\/2024\/12\/mopps_2nd_degre-2.pdf\" class=\"wp-block-file__button wp-element-button\" download aria-describedby=\"wp-block-file--media-aee6b71e-3a3e-4795-bb35-b691253b882e\">T\u00e9l\u00e9charger<\/a><\/div>\n","protected":false},"excerpt":{"rendered":"<p>Le PPS (Projet Personnalis\u00e9 de Scolarisation) est une r\u00e9ponse aux besoins \u00e9ducatifs particuliers des \u00e9l\u00e8ves reconnus en situation de handicap par la Maison D\u00e9partementale des Personnes Handicap\u00e9es (MDPH). \u00ab\u00a0Le PPS d\u00e9finit et coordonne les modalit\u00e9s de d\u00e9roulement de la scolarit\u00e9 et les actions p\u00e9dagogiques, psychologiques, \u00e9ducatives, sociales, m\u00e9dicales et param\u00e9dicales r\u00e9pondant aux besoins particuliers des &hellip; <\/p>\n<p><a class=\"more-link btn\" href=\"https:\/\/site.ac-martinique.fr\/ash\/?page_id=2974\">Lire la suite<\/a><\/p>\n","protected":false},"author":484,"featured_media":0,"parent":2929,"menu_order":0,"comment_status":"closed","ping_status":"closed","template":"","meta":{"footnotes":""},"class_list":["post-2974","page","type-page","status-publish","hentry","nodate","item-wrap"],"_links":{"self":[{"href":"https:\/\/site.ac-martinique.fr\/ash\/index.php?rest_route=\/wp\/v2\/pages\/2974","targetHints":{"allow":["GET"]}}],"collection":[{"href":"https:\/\/site.ac-martinique.fr\/ash\/index.php?rest_route=\/wp\/v2\/pages"}],"about":[{"href":"https:\/\/site.ac-martinique.fr\/ash\/index.php?rest_route=\/wp\/v2\/types\/page"}],"author":[{"embeddable":true,"href":"https:\/\/site.ac-martinique.fr\/ash\/index.php?rest_route=\/wp\/v2\/users\/484"}],"replies":[{"embeddable":true,"href":"https:\/\/site.ac-martinique.fr\/ash\/index.php?rest_route=%2Fwp%2Fv2%2Fcomments&post=2974"}],"version-history":[{"count":8,"href":"https:\/\/site.ac-martinique.fr\/ash\/index.php?rest_route=\/wp\/v2\/pages\/2974\/revisions"}],"predecessor-version":[{"id":2990,"href":"https:\/\/site.ac-martinique.fr\/ash\/index.php?rest_route=\/wp\/v2\/pages\/2974\/revisions\/2990"}],"up":[{"embeddable":true,"href":"https:\/\/site.ac-martinique.fr\/ash\/index.php?rest_route=\/wp\/v2\/pages\/2929"}],"wp:attachment":[{"href":"https:\/\/site.ac-martinique.fr\/ash\/index.php?rest_route=%2Fwp%2Fv2%2Fmedia&parent=2974"}],"curies":[{"name":"wp","href":"https:\/\/api.w.org\/{rel}","templated":true}]}}