{"id":3029,"date":"2024-12-08T11:23:26","date_gmt":"2024-12-08T16:23:26","guid":{"rendered":"https:\/\/site.ac-martinique.fr\/ash\/?page_id=3029"},"modified":"2024-12-08T11:52:34","modified_gmt":"2024-12-08T16:52:34","slug":"1ere-rencontre-des-parents-denfants-a-haut-potentiel","status":"publish","type":"page","link":"https:\/\/site.ac-martinique.fr\/ash\/?page_id=3029","title":{"rendered":"1\u00e8re rencontre des parents d&rsquo;enfants \u00e0 haut potentiel"},"content":{"rendered":"\n<p>Le vendredi 29 novembre 2024, la mission EHP (El\u00e8ves \u00e0 Haut Potentiel) a eu le plaisir d\u2019\u00e9changer avec les parents autour de leurs r\u00e9alit\u00e9s. L\u2019objectif principal de cette rencontre \u00e9tait de favoriser la rencontre des parents d\u2019enfants \u00e0 haut potentiel intellectuel afin qu&rsquo;ils partagent des exp\u00e9riences, \u00e9changent des conseils, et discutent des d\u00e9fis sp\u00e9cifiques auxquels leurs enfants sont confront\u00e9s dans leur parcours scolaire et social. <\/p>\n\n\n\n<p>Ces \u00e9changes \u00e0 coeur ouvert ont pos\u00e9 un pr\u00e9-requis unaniment reconnu et favorable \u00e0 la r\u00e9ussite des EHP: la bienveillance et l&rsquo;\u00e9coute de l&rsquo;\u00e9quipe p\u00e9dagogique et plus largement de la communaut\u00e9 scolaire. <\/p>\n\n\n\n<p>En outre, des questionnements r\u00e9currents sur le saut de classe, l&rsquo;ennui, les r\u00e9ponses p\u00e9dagogiques adapt\u00e9es, mais \u00e9galement sur la communication sur le HP ont \u00e9merg\u00e9. <\/p>\n\n\n\n<p>Les psychologues scolaires pr\u00e9sents ont rappel\u00e9 les principaux enjeux rencontr\u00e9s par ces enfants, notamment la gestion de leur pr\u00e9cocit\u00e9 cognitive en lien avec la dyssynchronie, la grande sensibilit\u00e9 \u00e9motionnelle  pouvant mener \u00e0 de la souffrance, des troubles de l&rsquo;estime de soi et un d\u00e9sinvestissement scolaire. <\/p>\n\n\n\n<p>Cette rencontre a pos\u00e9 les jalons des prochains axes de r\u00e9flexion du groupe de travail des EHP de l&rsquo;acadamie, afin d&rsquo;am\u00e9liorer le parcours de formation de ces \u00e9l\u00e8ves.<\/p>\n\n\n\n<p><\/p>\n\n\n\n<ol class=\"wp-block-list\">\n<li><\/li>\n<\/ol>\n\n\n\n<hr class=\"wp-block-separator has-alpha-channel-opacity\"\/>\n\n\n\n<figure class=\"wp-block-image size-large\"><a href=\"https:\/\/site.ac-martinique.fr\/ash\/wp-content\/uploads\/sites\/7\/2024\/12\/3e8b6345-e402-46f1-aba2-8e1e6e95469d.jpg\"><img loading=\"lazy\" decoding=\"async\" width=\"1024\" height=\"768\" src=\"https:\/\/site.ac-martinique.fr\/ash\/wp-content\/uploads\/sites\/7\/2024\/12\/3e8b6345-e402-46f1-aba2-8e1e6e95469d-1024x768.jpg\" alt=\"\" class=\"wp-image-3032\" srcset=\"https:\/\/site.ac-martinique.fr\/ash\/wp-content\/uploads\/sites\/7\/2024\/12\/3e8b6345-e402-46f1-aba2-8e1e6e95469d-1024x768.jpg 1024w, https:\/\/site.ac-martinique.fr\/ash\/wp-content\/uploads\/sites\/7\/2024\/12\/3e8b6345-e402-46f1-aba2-8e1e6e95469d-300x225.jpg 300w, https:\/\/site.ac-martinique.fr\/ash\/wp-content\/uploads\/sites\/7\/2024\/12\/3e8b6345-e402-46f1-aba2-8e1e6e95469d-768x576.jpg 768w, https:\/\/site.ac-martinique.fr\/ash\/wp-content\/uploads\/sites\/7\/2024\/12\/3e8b6345-e402-46f1-aba2-8e1e6e95469d-750x563.jpg 750w, https:\/\/site.ac-martinique.fr\/ash\/wp-content\/uploads\/sites\/7\/2024\/12\/3e8b6345-e402-46f1-aba2-8e1e6e95469d.jpg 1280w\" sizes=\"auto, (max-width: 1024px) 100vw, 1024px\" \/><\/a><\/figure>\n\n\n\n<p><\/p>\n\n\n\n<figure class=\"wp-block-image size-large\"><a href=\"https:\/\/site.ac-martinique.fr\/ash\/wp-content\/uploads\/sites\/7\/2024\/12\/9388163f-e105-420c-b965-cdea854139c6.jpg\"><img loading=\"lazy\" decoding=\"async\" width=\"1024\" height=\"768\" src=\"https:\/\/site.ac-martinique.fr\/ash\/wp-content\/uploads\/sites\/7\/2024\/12\/9388163f-e105-420c-b965-cdea854139c6-1024x768.jpg\" alt=\"\" class=\"wp-image-3033\" srcset=\"https:\/\/site.ac-martinique.fr\/ash\/wp-content\/uploads\/sites\/7\/2024\/12\/9388163f-e105-420c-b965-cdea854139c6-1024x768.jpg 1024w, https:\/\/site.ac-martinique.fr\/ash\/wp-content\/uploads\/sites\/7\/2024\/12\/9388163f-e105-420c-b965-cdea854139c6-300x225.jpg 300w, https:\/\/site.ac-martinique.fr\/ash\/wp-content\/uploads\/sites\/7\/2024\/12\/9388163f-e105-420c-b965-cdea854139c6-768x576.jpg 768w, https:\/\/site.ac-martinique.fr\/ash\/wp-content\/uploads\/sites\/7\/2024\/12\/9388163f-e105-420c-b965-cdea854139c6-750x563.jpg 750w, https:\/\/site.ac-martinique.fr\/ash\/wp-content\/uploads\/sites\/7\/2024\/12\/9388163f-e105-420c-b965-cdea854139c6.jpg 1280w\" sizes=\"auto, (max-width: 1024px) 100vw, 1024px\" \/><\/a><\/figure>\n","protected":false},"excerpt":{"rendered":"<p>Le vendredi 29 novembre 2024, la mission EHP (El\u00e8ves \u00e0 Haut Potentiel) a eu le plaisir d\u2019\u00e9changer avec les parents autour de leurs r\u00e9alit\u00e9s. L\u2019objectif principal de cette rencontre \u00e9tait de favoriser la rencontre des parents d\u2019enfants \u00e0 haut potentiel intellectuel afin qu&rsquo;ils partagent des exp\u00e9riences, \u00e9changent des conseils, et discutent des d\u00e9fis sp\u00e9cifiques auxquels &hellip; <\/p>\n<p><a class=\"more-link btn\" href=\"https:\/\/site.ac-martinique.fr\/ash\/?page_id=3029\">Lire la suite<\/a><\/p>\n","protected":false},"author":484,"featured_media":0,"parent":3019,"menu_order":0,"comment_status":"closed","ping_status":"closed","template":"","meta":{"footnotes":""},"class_list":["post-3029","page","type-page","status-publish","hentry","nodate","item-wrap"],"_links":{"self":[{"href":"https:\/\/site.ac-martinique.fr\/ash\/index.php?rest_route=\/wp\/v2\/pages\/3029","targetHints":{"allow":["GET"]}}],"collection":[{"href":"https:\/\/site.ac-martinique.fr\/ash\/index.php?rest_route=\/wp\/v2\/pages"}],"about":[{"href":"https:\/\/site.ac-martinique.fr\/ash\/index.php?rest_route=\/wp\/v2\/types\/page"}],"author":[{"embeddable":true,"href":"https:\/\/site.ac-martinique.fr\/ash\/index.php?rest_route=\/wp\/v2\/users\/484"}],"replies":[{"embeddable":true,"href":"https:\/\/site.ac-martinique.fr\/ash\/index.php?rest_route=%2Fwp%2Fv2%2Fcomments&post=3029"}],"version-history":[{"count":4,"href":"https:\/\/site.ac-martinique.fr\/ash\/index.php?rest_route=\/wp\/v2\/pages\/3029\/revisions"}],"predecessor-version":[{"id":3037,"href":"https:\/\/site.ac-martinique.fr\/ash\/index.php?rest_route=\/wp\/v2\/pages\/3029\/revisions\/3037"}],"up":[{"embeddable":true,"href":"https:\/\/site.ac-martinique.fr\/ash\/index.php?rest_route=\/wp\/v2\/pages\/3019"}],"wp:attachment":[{"href":"https:\/\/site.ac-martinique.fr\/ash\/index.php?rest_route=%2Fwp%2Fv2%2Fmedia&parent=3029"}],"curies":[{"name":"wp","href":"https:\/\/api.w.org\/{rel}","templated":true}]}}