{"id":3038,"date":"2024-12-08T11:54:35","date_gmt":"2024-12-08T16:54:35","guid":{"rendered":"https:\/\/site.ac-martinique.fr\/ash\/?page_id=3038"},"modified":"2024-12-08T11:55:14","modified_gmt":"2024-12-08T16:55:14","slug":"accueillir-et-motiver-un-eleve-a-haut-potentiel","status":"publish","type":"page","link":"https:\/\/site.ac-martinique.fr\/ash\/?page_id=3038","title":{"rendered":"Accueillir et motiver un \u00e9l\u00e8ve \u00e0 haut potentiel"},"content":{"rendered":"\n<div data-wp-interactive=\"core\/file\" class=\"wp-block-file\"><object data-wp-bind--hidden=\"!state.hasPdfPreview\" hidden class=\"wp-block-file__embed\" data=\"https:\/\/site.ac-martinique.fr\/ash\/wp-content\/uploads\/sites\/7\/2024\/12\/fiche_ehp_type_v5.pdf\" type=\"application\/pdf\" style=\"width:100%;height:600px\" aria-label=\"Contenu embarqu\u00e9 fiche_ehp_type_v5.\"><\/object><a id=\"wp-block-file--media-13db566f-6cce-4265-b391-7019a6c55ecf\" href=\"https:\/\/site.ac-martinique.fr\/ash\/wp-content\/uploads\/sites\/7\/2024\/12\/fiche_ehp_type_v5.pdf\">fiche_ehp_type_v5<\/a><a href=\"https:\/\/site.ac-martinique.fr\/ash\/wp-content\/uploads\/sites\/7\/2024\/12\/fiche_ehp_type_v5.pdf\" class=\"wp-block-file__button wp-element-button\" download aria-describedby=\"wp-block-file--media-13db566f-6cce-4265-b391-7019a6c55ecf\">T\u00e9l\u00e9charger<\/a><\/div>\n","protected":false},"excerpt":{"rendered":"","protected":false},"author":484,"featured_media":0,"parent":3019,"menu_order":0,"comment_status":"closed","ping_status":"closed","template":"","meta":{"footnotes":""},"class_list":["post-3038","page","type-page","status-publish","hentry","nodate","item-wrap"],"_links":{"self":[{"href":"https:\/\/site.ac-martinique.fr\/ash\/index.php?rest_route=\/wp\/v2\/pages\/3038","targetHints":{"allow":["GET"]}}],"collection":[{"href":"https:\/\/site.ac-martinique.fr\/ash\/index.php?rest_route=\/wp\/v2\/pages"}],"about":[{"href":"https:\/\/site.ac-martinique.fr\/ash\/index.php?rest_route=\/wp\/v2\/types\/page"}],"author":[{"embeddable":true,"href":"https:\/\/site.ac-martinique.fr\/ash\/index.php?rest_route=\/wp\/v2\/users\/484"}],"replies":[{"embeddable":true,"href":"https:\/\/site.ac-martinique.fr\/ash\/index.php?rest_route=%2Fwp%2Fv2%2Fcomments&post=3038"}],"version-history":[{"count":2,"href":"https:\/\/site.ac-martinique.fr\/ash\/index.php?rest_route=\/wp\/v2\/pages\/3038\/revisions"}],"predecessor-version":[{"id":3041,"href":"https:\/\/site.ac-martinique.fr\/ash\/index.php?rest_route=\/wp\/v2\/pages\/3038\/revisions\/3041"}],"up":[{"embeddable":true,"href":"https:\/\/site.ac-martinique.fr\/ash\/index.php?rest_route=\/wp\/v2\/pages\/3019"}],"wp:attachment":[{"href":"https:\/\/site.ac-martinique.fr\/ash\/index.php?rest_route=%2Fwp%2Fv2%2Fmedia&parent=3038"}],"curies":[{"name":"wp","href":"https:\/\/api.w.org\/{rel}","templated":true}]}}