{"id":306,"date":"2019-10-24T22:13:22","date_gmt":"2019-10-25T03:13:22","guid":{"rendered":"\/ash\/?page_id=306"},"modified":"2024-09-09T12:49:26","modified_gmt":"2024-09-09T17:49:26","slug":"les-tfc","status":"publish","type":"page","link":"https:\/\/site.ac-martinique.fr\/ash\/?page_id=306","title":{"rendered":"les TFC ( Troubles des Fonctions Cognitives )"},"content":{"rendered":"<p>Selon l&rsquo;OMS (Organisation mondiale de la sant\u00e9), les troubles des fonctions cognitives ou mentales se traduisent par \u00ab\u00a0un d\u00e9ficit significatif du d\u00e9veloppement intellectuel associ\u00e9 \u00e0 des limitations de comportement adaptatif se manifestant avant 18 ans\u00a0\u00bb. Dans le 2d degr\u00e9, plus de 36 % des \u00e9l\u00e8ves pr\u00e9sentent des troubles des fonctions cognitives. En milieu ordinaire, la scolarisation par un dispositif collectif d&rsquo;inclusion (Ulis) est la plus adapt\u00e9e. Plus que pour tout autre handicap, des am\u00e9nagements p\u00e9dagogiques sont n\u00e9cessaires pour r\u00e9ussir la scolarisation des jeunes en situation de handicap mental.<\/p>\n<p><a id=\"eztoc9544628_0_1\" name=\"eztoc9544628_0_1\"><\/a><\/p>\n<h2>Le droit \u00e0 la scolarit\u00e9<\/h2>\n<p>Tout \u00e9l\u00e8ve en situation de handicap, suffisamment autonome, doit pouvoir b\u00e9n\u00e9ficier d&rsquo;une scolarit\u00e9 dans une classe ordinaire d&rsquo;\u00e9cole \u00e9l\u00e9mentaire, de coll\u00e8ge ou de lyc\u00e9e. La loi du 11 f\u00e9vrier 2005 pose le principe d&rsquo;un acc\u00e8s de droit \u00e0 l&rsquo;\u00e9ducation, dispens\u00e9e si possible dans l&rsquo;\u00e9tablissement scolaire ordinaire le plus proche du domicile.<\/p>\n<p><a id=\"eztoc9544628_0_2\" name=\"eztoc9544628_0_2\"><\/a><\/p>\n<h2>Les modes de scolarisation<\/h2>\n<p>La scolarisation avec l&rsquo;appui d&rsquo;un dispositif Ulis (Unit\u00e9 localis\u00e9e pour l&rsquo;inclusion scolaire) apporte une r\u00e9ponse adapt\u00e9e, \u00e0 condition que l&rsquo;\u00e9l\u00e8ve soit capable d&rsquo;assumer les contraintes et les exigences de la vie en collectivit\u00e9 et de communiquer avec les autres.<\/p>\n<p>L&rsquo;Ulis (unit\u00e9 localis\u00e9e pour l&rsquo;inclusion scolaire) accueille des \u00e9l\u00e8ves en \u00e9cole \u00e9l\u00e9mentaire ordinaire. En coll\u00e8ge ou en lyc\u00e9e professionnel, elle accueille des \u00e9l\u00e8ves \u00e2g\u00e9s de 12 \u00e0 18 ans pr\u00e9sentant un m\u00eame type de handicap ou besoins \u00e9ducatifs.<\/p>\n<p>Dans ces structures, les \u00e9l\u00e8ves b\u00e9n\u00e9ficient de s\u00e9ances de r\u00e9\u00e9ducation avec des professionnels des services d&rsquo;\u00e9ducation sp\u00e9cialis\u00e9e et de soins \u00e0 domicile (Sessad). Ils sont scolaris\u00e9s en classe ordinaire, et b\u00e9n\u00e9ficient de temps de regroupement avec le coordonnateur de l&rsquo;Ulis.<\/p>\n<p>La personne en charge de l&rsquo;aide humaine permet \u00e0 l&rsquo;\u00e9l\u00e8ve de mieux comprendre les consignes et \u00e0 r\u00e9aliser le travail demand\u00e9.<\/p>\n<p>L&rsquo;IME (institut m\u00e9dico-\u00e9ducatif) accueille le jeune de 6 \u00e0 20 ans pour lequel le milieu scolaire ordinaire n&rsquo;est pas adapt\u00e9. Il assure soins, r\u00e9\u00e9ducation et scolarisation. L&rsquo;enseignement est dispens\u00e9 par des professeurs de l&rsquo;\u00c9ducation nationale ou par des professionnels qualifi\u00e9s dans le cadre d&rsquo;une unit\u00e9 d&rsquo;enseignement attach\u00e9e \u00e0 l&rsquo;\u00e9tablissement.<\/p>\n<p>Depuis 2005, les IME d\u00e9veloppent la coop\u00e9ration avec le milieu scolaire ordinaire ; un certain nombre d&rsquo;entre eux mettent en place des partenariats et des passerelles avec les coll\u00e8ges et lyc\u00e9es de proximit\u00e9.<\/p>\n<p>Quel que soit son mode de scolarisation, l&rsquo;\u00e9l\u00e8ve handicap\u00e9 peut pr\u00e9parer un CFG (certificat de formation g\u00e9n\u00e9rale) qui valide la ma\u00eetrise des comp\u00e9tences et des connaissances du socle commun en langue fran\u00e7aise, math\u00e9matiques, ainsi que les comp\u00e9tences sociales et civiques, d&rsquo;autonomie et d&rsquo;initiative. Le CFG constitue ainsi un premier pas vers l&rsquo;acquisition d&rsquo;un dipl\u00f4me professionnel.<\/p>\n<p><a id=\"eztoc9544628_0_3\" name=\"eztoc9544628_0_3\"><\/a><\/p>\n<h2>L&rsquo;accompagnement de l&rsquo;\u00e9l\u00e8ve<\/h2>\n<p>Quel que soit le mode de scolarit\u00e9 choisi, l&rsquo;objectif pour l&rsquo;\u00e9quipe p\u00e9dagogique est d&rsquo;accompagner l&rsquo;\u00e9l\u00e8ve dans la socialisation et vers l&rsquo;autonomie. L&rsquo;\u00e9l\u00e8ve en situation de handicap doit avoir acc\u00e8s \u00e0 des s\u00e9ances de soins et de r\u00e9\u00e9ducation, dans un CAMSP (centre d&rsquo;action m\u00e9dico-sociale pr\u00e9coce) pour les tr\u00e8s jeunes, avec un Sessad (service d&rsquo;\u00e9ducation sp\u00e9cialis\u00e9e et de soins \u00e0 domicile) pour les \u00e9l\u00e8ves scolaris\u00e9s individuellement ou en Ulis \u00e9cole, Ulis coll\u00e8ge ou Ulis lyc\u00e9e.<\/p>\n<p>&nbsp;<\/p>\n<p>source:<a href=\"http:\/\/www.onisep.fr\/Formation-et-handicap\/Mieux-vivre-sa-scolarite\/Par-situation-de-handicap\/Scolarite-et-handicap-mental\/La-scolarisation-des-eleves-ayant-des-troubles-des-fonctions-cognitives-ou-mentales\"><img loading=\"lazy\" decoding=\"async\" class=\"alignnone size-full wp-image-508\" src=\"\/ash\/wp-content\/uploads\/sites\/7\/2019\/10\/onisep.png\" alt=\"\" width=\"299\" height=\"63\" \/><\/a><\/p>\n","protected":false},"excerpt":{"rendered":"<p>Selon l&rsquo;OMS (Organisation mondiale de la sant\u00e9), les troubles des fonctions cognitives ou mentales se traduisent par \u00ab\u00a0un d\u00e9ficit significatif du d\u00e9veloppement intellectuel associ\u00e9 \u00e0 des limitations de comportement adaptatif se manifestant avant 18 ans\u00a0\u00bb. Dans le 2d degr\u00e9, plus de 36 % des \u00e9l\u00e8ves pr\u00e9sentent des troubles des fonctions cognitives. En milieu ordinaire, la &hellip; <\/p>\n<p><a class=\"more-link btn\" href=\"https:\/\/site.ac-martinique.fr\/ash\/?page_id=306\">Lire la suite<\/a><\/p>\n","protected":false},"author":10,"featured_media":0,"parent":2286,"menu_order":0,"comment_status":"closed","ping_status":"closed","template":"","meta":{"footnotes":""},"class_list":["post-306","page","type-page","status-publish","hentry","nodate","item-wrap"],"_links":{"self":[{"href":"https:\/\/site.ac-martinique.fr\/ash\/index.php?rest_route=\/wp\/v2\/pages\/306","targetHints":{"allow":["GET"]}}],"collection":[{"href":"https:\/\/site.ac-martinique.fr\/ash\/index.php?rest_route=\/wp\/v2\/pages"}],"about":[{"href":"https:\/\/site.ac-martinique.fr\/ash\/index.php?rest_route=\/wp\/v2\/types\/page"}],"author":[{"embeddable":true,"href":"https:\/\/site.ac-martinique.fr\/ash\/index.php?rest_route=\/wp\/v2\/users\/10"}],"replies":[{"embeddable":true,"href":"https:\/\/site.ac-martinique.fr\/ash\/index.php?rest_route=%2Fwp%2Fv2%2Fcomments&post=306"}],"version-history":[{"count":5,"href":"https:\/\/site.ac-martinique.fr\/ash\/index.php?rest_route=\/wp\/v2\/pages\/306\/revisions"}],"predecessor-version":[{"id":535,"href":"https:\/\/site.ac-martinique.fr\/ash\/index.php?rest_route=\/wp\/v2\/pages\/306\/revisions\/535"}],"up":[{"embeddable":true,"href":"https:\/\/site.ac-martinique.fr\/ash\/index.php?rest_route=\/wp\/v2\/pages\/2286"}],"wp:attachment":[{"href":"https:\/\/site.ac-martinique.fr\/ash\/index.php?rest_route=%2Fwp%2Fv2%2Fmedia&parent=306"}],"curies":[{"name":"wp","href":"https:\/\/api.w.org\/{rel}","templated":true}]}}