{"id":307,"date":"2019-10-24T22:13:22","date_gmt":"2019-10-25T03:13:22","guid":{"rendered":"\/ash\/?page_id=307"},"modified":"2024-09-09T12:47:00","modified_gmt":"2024-09-09T17:47:00","slug":"les-tfm","status":"publish","type":"page","link":"https:\/\/site.ac-martinique.fr\/ash\/?page_id=307","title":{"rendered":"les TFM (Troubles des Fonctions Moteurs )"},"content":{"rendered":"<p>La scolarisation en milieu ordinaire des \u00e9l\u00e8ves pr\u00e9sentant des troubles moteurs se g\u00e9n\u00e9ralise. Pour qu&rsquo;elle soit r\u00e9ussie, le PPS (projet personnalis\u00e9 de scolarisation) doit prendre en compte les \u00e9l\u00e9ments particuliers de la vie quotidienne (accessibilit\u00e9, soins, r\u00e9\u00e9ducations, transports) en pr\u00e9voyant les aides humaines et techniques n\u00e9cessaires. Si les contraintes physiques ou scolaires deviennent trop importantes, d&rsquo;autres solutions de scolarisation peuvent \u00eatre envisag\u00e9es.<\/p>\n<div class=\"dossier-articles-header-striped\">\n<div class=\"dossier-article-header-filled-part\">\n<h1>D\u00e9finition du handicap moteur<\/h1>\n<\/div>\n<\/div>\n<div class=\"oni_span-title\">Publication\u00a0: 11 septembre 2019<\/div>\n<div class=\"oni_articleBlockIntro\">\n<div class=\"oni-para\">Le handicap moteur se caract\u00e9rise par une aptitude limit\u00e9e \u00e0 se d\u00e9placer, \u00e0 ex\u00e9cuter des t\u00e2ches manuelles ou \u00e0 mouvoir certaines parties du corps.<\/div>\n<\/div>\n<div class=\"oni_blockVisu article_620_312\"><\/div>\n<div class=\"oni_article_consult\">\n<h2>Des r\u00e9alit\u00e9s multiples<\/h2>\n<p>De l&rsquo;affaiblissement de l&rsquo;endurance physique \u00e0 la paralysie, le handicap moteur est caract\u00e9ris\u00e9 par diff\u00e9rentes d\u00e9ficiences motrices. Celles qui touchent les personnes jeunes constituent un ensemble h\u00e9t\u00e9rog\u00e8ne que l&rsquo;on peut classer en 4 cat\u00e9gories selon la nature de l&rsquo;atteinte :<\/p>\n<ul class=\"oni_list\">\n<li>d\u00e9ficiences motrices d&rsquo;origine c\u00e9r\u00e9brale ;<\/li>\n<li>d\u00e9ficiences motrices d&rsquo;origine m\u00e9dullaire ;<\/li>\n<li>d\u00e9ficiences motrices d&rsquo;origine neuromusculaire ;<\/li>\n<li>d\u00e9ficiences motrices d&rsquo;origine ost\u00e9o-articulaire.<\/li>\n<\/ul>\n<h2>D&rsquo;origine c\u00e9r\u00e9brale<\/h2>\n<p>Ces d\u00e9ficiences sont dues \u00e0 des l\u00e9sions tr\u00e8s pr\u00e9coces des structures du cerveau qui se traduisent par une IMC (infirmit\u00e9 motrice c\u00e9r\u00e9brale), ou \u00e0 des atteintes plus tardives suite \u00e0 un traumatisme cr\u00e2nien, un accident vasculaire c\u00e9r\u00e9bral ou une tumeur c\u00e9r\u00e9brale.<\/p>\n<p>Les atteintes neurologiques, une fois \u00e9tablies, ne sont pas \u00e9volutives ; elles peuvent entra\u00eener des perturbations du tonus musculaire, de la r\u00e9gulation automatique des mouvements et de leur commande volontaire. Muscles et squelette ne sont pas touch\u00e9s, mais ils peuvent subir des d\u00e9formations secondaires li\u00e9es \u00e0 la croissance.<\/p>\n<h2>D&rsquo;origine m\u00e9dullaire<\/h2>\n<p>Les l\u00e9sions m\u00e9dullaires, dues \u00e0 un traumatisme ou \u00e0 une maladie de la moelle \u00e9pini\u00e8re, provoquent des troubles de la conduction de l\u2019influx nerveux moteur et sensitif. La paralysie des membres est d\u2019autant plus importante que le niveau de l\u2019atteinte de la moelle est \u00e9lev\u00e9.<\/p>\n<p>On distingue la t\u00e9trapl\u00e9gie (atteinte des quatre membres) et la parapl\u00e9gie (atteinte des membres inf\u00e9rieurs) ; des troubles sphinct\u00e9riens et des troubles de la sensibilit\u00e9 sont caract\u00e9ristiques de ces l\u00e9sions. Le spina-bifida est \u00e0 classer dans cette cat\u00e9gorie.<\/p>\n<h2>D&rsquo;origine neuromusculaire<\/h2>\n<p>On retrouve dans cette cat\u00e9gorie plusieurs dizaines de maladies pour la plupart d\u2019origine g\u00e9n\u00e9tique comme les dystrophies musculaires (myopathies) ou l\u2019amyotrophie spinale infantile. Ce sont des maladies \u00e9volutives qui se caract\u00e9risent par une perte progressive de la force musculaire et qui entra\u00eenent des d\u00e9sordres divers : d\u00e9formations orthop\u00e9diques, difficult\u00e9s de d\u00e9glutition, troubles digestifs, insuffisance respiratoire et parfois cardiaque.<\/p>\n<h2>D&rsquo;origine ost\u00e9o-articulaire<\/h2>\n<p>Cette cat\u00e9gorie comprend des d\u00e9ficiences motrices provoqu\u00e9es par une malformation (absence ou anomalie d\u2019un membre), des l\u00e9sions rhumatismales (polyarthrite rhumato\u00efde), des d\u00e9viations de la colonne vert\u00e9brale (scoliose) ou une anomalie de la formation de l\u2019os (ost\u00e9ogen\u00e8se imparfaite).<\/p>\n<h2>Troubles associ\u00e9s<\/h2>\n<p>Les difficult\u00e9s d\u2019apprentissage des enfants et adolescents pr\u00e9sentant des troubles des fonctions motrices sont beaucoup plus li\u00e9es aux troubles associ\u00e9s qu\u2019\u00e0 l\u2019incapacit\u00e9 physique proprement dite.<\/p>\n<p>Des troubles neuropsychologiques peuvent se r\u00e9v\u00e9ler en raison d\u2019une l\u00e9sion tr\u00e8s pr\u00e9coce du cerveau (infirmit\u00e9 motrice c\u00e9r\u00e9brale) ou \u00e0 la suite d\u2019un traumatisme cr\u00e2nien avec une perte des fonctions d\u00e9j\u00e0 install\u00e9es ; ils ne sont jamais la manifestation d\u2019une d\u00e9ficience intellectuelle. Ces difficult\u00e9s peuvent \u00eatre par exemple des troubles de la r\u00e9alisation des gestes (dyspraxies), des troubles visuo-spatiaux, ou des troubles de la ma\u00eetrise du langage \u00e9crit ou oral.<\/p>\n<\/div>\n<p>source: <a href=\"http:\/\/www.onisep.fr\/Formation-et-handicap\/Mieux-vivre-sa-scolarite\/Par-situation-de-handicap\/Scolarite-et-handicap-mental\/La-scolarisation-des-eleves-ayant-des-troubles-des-fonctions-cognitives-ou-mentales\"><img loading=\"lazy\" decoding=\"async\" class=\"alignnone size-full wp-image-508\" src=\"\/ash\/wp-content\/uploads\/sites\/7\/2019\/10\/onisep.png\" alt=\"\" width=\"299\" height=\"63\" \/><\/a><\/p>\n","protected":false},"excerpt":{"rendered":"<p>La scolarisation en milieu ordinaire des \u00e9l\u00e8ves pr\u00e9sentant des troubles moteurs se g\u00e9n\u00e9ralise. Pour qu&rsquo;elle soit r\u00e9ussie, le PPS (projet personnalis\u00e9 de scolarisation) doit prendre en compte les \u00e9l\u00e9ments particuliers de la vie quotidienne (accessibilit\u00e9, soins, r\u00e9\u00e9ducations, transports) en pr\u00e9voyant les aides humaines et techniques n\u00e9cessaires. Si les contraintes physiques ou scolaires deviennent trop importantes, &hellip; <\/p>\n<p><a class=\"more-link btn\" href=\"https:\/\/site.ac-martinique.fr\/ash\/?page_id=307\">Lire la suite<\/a><\/p>\n","protected":false},"author":10,"featured_media":0,"parent":2286,"menu_order":0,"comment_status":"closed","ping_status":"closed","template":"","meta":{"footnotes":""},"class_list":["post-307","page","type-page","status-publish","hentry","nodate","item-wrap"],"_links":{"self":[{"href":"https:\/\/site.ac-martinique.fr\/ash\/index.php?rest_route=\/wp\/v2\/pages\/307","targetHints":{"allow":["GET"]}}],"collection":[{"href":"https:\/\/site.ac-martinique.fr\/ash\/index.php?rest_route=\/wp\/v2\/pages"}],"about":[{"href":"https:\/\/site.ac-martinique.fr\/ash\/index.php?rest_route=\/wp\/v2\/types\/page"}],"author":[{"embeddable":true,"href":"https:\/\/site.ac-martinique.fr\/ash\/index.php?rest_route=\/wp\/v2\/users\/10"}],"replies":[{"embeddable":true,"href":"https:\/\/site.ac-martinique.fr\/ash\/index.php?rest_route=%2Fwp%2Fv2%2Fcomments&post=307"}],"version-history":[{"count":7,"href":"https:\/\/site.ac-martinique.fr\/ash\/index.php?rest_route=\/wp\/v2\/pages\/307\/revisions"}],"predecessor-version":[{"id":533,"href":"https:\/\/site.ac-martinique.fr\/ash\/index.php?rest_route=\/wp\/v2\/pages\/307\/revisions\/533"}],"up":[{"embeddable":true,"href":"https:\/\/site.ac-martinique.fr\/ash\/index.php?rest_route=\/wp\/v2\/pages\/2286"}],"wp:attachment":[{"href":"https:\/\/site.ac-martinique.fr\/ash\/index.php?rest_route=%2Fwp%2Fv2%2Fmedia&parent=307"}],"curies":[{"name":"wp","href":"https:\/\/api.w.org\/{rel}","templated":true}]}}