{"id":314,"date":"2019-10-24T22:13:23","date_gmt":"2019-10-25T03:13:23","guid":{"rendered":"\/ash\/?page_id=314"},"modified":"2024-10-28T09:10:51","modified_gmt":"2024-10-28T14:10:51","slug":"le-rsma","status":"publish","type":"page","link":"https:\/\/site.ac-martinique.fr\/ash\/?page_id=314","title":{"rendered":"Le RSMA (R\u00e9giment du Service Militaire Adapt\u00e9)"},"content":{"rendered":"\n<p><\/p>\n\n\n\n<p>Le&nbsp;<strong>Service Militaire Adapt\u00e9 (SMA)<\/strong>, mis en place en 1961, est un dispositif d&rsquo;insertion socioprofessionnelle \u00e0 caract\u00e8re militaire, destin\u00e9 aux jeunes de 18 \u00e0 25 ans, souvent \u00e9loign\u00e9s de l&#8217;emploi, sans dipl\u00f4me ou qualification, et r\u00e9sidant dans les territoires d&rsquo;outre-mer. Il fonctionne sur la base du volontariat et a pour vocation de permettre \u00e0 ces jeunes de d\u00e9velopper des comp\u00e9tences professionnelles ainsi que des aptitudes sociales. Le SMA offre un accompagnement socio-\u00e9ducatif complet dans un cadre de vie en internat, favorisant ainsi une immersion totale.<\/p>\n\n\n\n<p>Ce dispositif s&rsquo;attaque notamment aux probl\u00e9matiques du d\u00e9crochage scolaire et de l&rsquo;illettrisme, et propose des actions adapt\u00e9es \u00e9galement aux mineurs \u00e2g\u00e9s de 16 \u00e0 18 ans, renfor\u00e7ant ainsi son r\u00f4le de passerelle vers une insertion r\u00e9ussie.<\/p>\n\n\n\n<p>Relevant du minist\u00e8re des Outre-mer, le&nbsp;<strong>R\u00e9giment du Service Militaire Adapt\u00e9 de la Martinique (RSMA-M)<\/strong>&nbsp;accueille chaque mois de jeunes Martiniquais en qu\u00eate d&rsquo;insertion. Ils y trouvent un environnement propice \u00e0 l&rsquo;apprentissage et \u00e0 l&rsquo;acquisition des comp\u00e9tences n\u00e9cessaires pour s&rsquo;int\u00e9grer pleinement dans la soci\u00e9t\u00e9, et pour construire un avenir professionnel solide. Gr\u00e2ce \u00e0 un accompagnement personnalis\u00e9, le RSMA-M leur offre les outils et le soutien n\u00e9cessaires pour relever les d\u00e9fis auxquels ils sont confront\u00e9s.<\/p>\n\n\n\n<p>Ce dispositif constitue un levier important dans la lutte contre le ch\u00f4mage des jeunes et pour leur \u00e9panouissement personnel et professionnel.<\/p>\n\n\n\n<p><\/p>\n","protected":false},"excerpt":{"rendered":"<p>Le&nbsp;Service Militaire Adapt\u00e9 (SMA), mis en place en 1961, est un dispositif d&rsquo;insertion socioprofessionnelle \u00e0 caract\u00e8re militaire, destin\u00e9 aux jeunes de 18 \u00e0 25 ans, souvent \u00e9loign\u00e9s de l&#8217;emploi, sans dipl\u00f4me ou qualification, et r\u00e9sidant dans les territoires d&rsquo;outre-mer. Il fonctionne sur la base du volontariat et a pour vocation de permettre \u00e0 ces jeunes &hellip; <\/p>\n<p><a class=\"more-link btn\" href=\"https:\/\/site.ac-martinique.fr\/ash\/?page_id=314\">Lire la suite<\/a><\/p>\n","protected":false},"author":484,"featured_media":0,"parent":0,"menu_order":0,"comment_status":"closed","ping_status":"closed","template":"","meta":{"footnotes":""},"class_list":["post-314","page","type-page","status-publish","hentry","nodate","item-wrap"],"_links":{"self":[{"href":"https:\/\/site.ac-martinique.fr\/ash\/index.php?rest_route=\/wp\/v2\/pages\/314","targetHints":{"allow":["GET"]}}],"collection":[{"href":"https:\/\/site.ac-martinique.fr\/ash\/index.php?rest_route=\/wp\/v2\/pages"}],"about":[{"href":"https:\/\/site.ac-martinique.fr\/ash\/index.php?rest_route=\/wp\/v2\/types\/page"}],"author":[{"embeddable":true,"href":"https:\/\/site.ac-martinique.fr\/ash\/index.php?rest_route=\/wp\/v2\/users\/484"}],"replies":[{"embeddable":true,"href":"https:\/\/site.ac-martinique.fr\/ash\/index.php?rest_route=%2Fwp%2Fv2%2Fcomments&post=314"}],"version-history":[{"count":2,"href":"https:\/\/site.ac-martinique.fr\/ash\/index.php?rest_route=\/wp\/v2\/pages\/314\/revisions"}],"predecessor-version":[{"id":2782,"href":"https:\/\/site.ac-martinique.fr\/ash\/index.php?rest_route=\/wp\/v2\/pages\/314\/revisions\/2782"}],"wp:attachment":[{"href":"https:\/\/site.ac-martinique.fr\/ash\/index.php?rest_route=%2Fwp%2Fv2%2Fmedia&parent=314"}],"curies":[{"name":"wp","href":"https:\/\/api.w.org\/{rel}","templated":true}]}}