{"id":3168,"date":"2025-01-25T13:05:28","date_gmt":"2025-01-25T18:05:28","guid":{"rendered":"https:\/\/site.ac-martinique.fr\/ash\/?page_id=3168"},"modified":"2025-01-25T13:09:06","modified_gmt":"2025-01-25T18:09:06","slug":"la-journee-internationale-des-personnes-handicapees-au-lp-la-trinite","status":"publish","type":"page","link":"https:\/\/site.ac-martinique.fr\/ash\/?page_id=3168","title":{"rendered":"La journ\u00e9e internationale des personnes handicap\u00e9es au LP La Trinit\u00e9"},"content":{"rendered":"<p><a href=\"https:\/\/site.ac-martinique.fr\/ash\/wp-content\/uploads\/sites\/7\/2025\/01\/jrnee-handp.jpg\"><img loading=\"lazy\" decoding=\"async\" class=\"alignnone  wp-image-3169\" src=\"https:\/\/site.ac-martinique.fr\/ash\/wp-content\/uploads\/sites\/7\/2025\/01\/jrnee-handp-300x162.jpg\" alt=\"\" width=\"599\" height=\"323\" srcset=\"https:\/\/site.ac-martinique.fr\/ash\/wp-content\/uploads\/sites\/7\/2025\/01\/jrnee-handp-300x162.jpg 300w, https:\/\/site.ac-martinique.fr\/ash\/wp-content\/uploads\/sites\/7\/2025\/01\/jrnee-handp-1024x553.jpg 1024w, https:\/\/site.ac-martinique.fr\/ash\/wp-content\/uploads\/sites\/7\/2025\/01\/jrnee-handp-768x415.jpg 768w, https:\/\/site.ac-martinique.fr\/ash\/wp-content\/uploads\/sites\/7\/2025\/01\/jrnee-handp-750x405.jpg 750w, https:\/\/site.ac-martinique.fr\/ash\/wp-content\/uploads\/sites\/7\/2025\/01\/jrnee-handp.jpg 1278w\" sizes=\"auto, (max-width: 599px) 100vw, 599px\" \/><\/a><\/p>\n\n\n<p>Des ateliers autour de la d\u00e9ficience sensorielle ont permis d&rsquo;appr\u00e9hender la r\u00e9alit\u00e9 de ces personnes en  situation de handicap. <\/p>\n\n\n\n<div data-wp-interactive=\"core\/file\" class=\"wp-block-file\"><object data-wp-bind--hidden=\"!state.hasPdfPreview\" hidden class=\"wp-block-file__embed\" data=\"https:\/\/site.ac-martinique.fr\/ash\/wp-content\/uploads\/sites\/7\/2025\/01\/Journee-internationale-des-personnes-handicapees-2024.pdf\" type=\"application\/pdf\" style=\"width:100%;height:600px\" aria-label=\"Contenu embarqu\u00e9 Journ\u00e9e internationale des personnes handicap\u00e9es 2024.\"><\/object><a id=\"wp-block-file--media-8d96ac54-4886-45c9-ad31-6f4401018a76\" href=\"https:\/\/site.ac-martinique.fr\/ash\/wp-content\/uploads\/sites\/7\/2025\/01\/Journee-internationale-des-personnes-handicapees-2024.pdf\">Journ\u00e9e internationale des personnes handicap\u00e9es 2024<\/a><a href=\"https:\/\/site.ac-martinique.fr\/ash\/wp-content\/uploads\/sites\/7\/2025\/01\/Journee-internationale-des-personnes-handicapees-2024.pdf\" class=\"wp-block-file__button wp-element-button\" download aria-describedby=\"wp-block-file--media-8d96ac54-4886-45c9-ad31-6f4401018a76\">T\u00e9l\u00e9charger<\/a><\/div>\n\n\n\n<p> <\/p>\n\n\n\n<p><\/p>\n","protected":false},"excerpt":{"rendered":"<p>Des ateliers autour de la d\u00e9ficience sensorielle ont permis d&rsquo;appr\u00e9hender la r\u00e9alit\u00e9 de ces personnes en situation de handicap.<\/p>\n","protected":false},"author":484,"featured_media":0,"parent":2264,"menu_order":0,"comment_status":"closed","ping_status":"closed","template":"","meta":{"footnotes":""},"class_list":["post-3168","page","type-page","status-publish","hentry","nodate","item-wrap"],"_links":{"self":[{"href":"https:\/\/site.ac-martinique.fr\/ash\/index.php?rest_route=\/wp\/v2\/pages\/3168","targetHints":{"allow":["GET"]}}],"collection":[{"href":"https:\/\/site.ac-martinique.fr\/ash\/index.php?rest_route=\/wp\/v2\/pages"}],"about":[{"href":"https:\/\/site.ac-martinique.fr\/ash\/index.php?rest_route=\/wp\/v2\/types\/page"}],"author":[{"embeddable":true,"href":"https:\/\/site.ac-martinique.fr\/ash\/index.php?rest_route=\/wp\/v2\/users\/484"}],"replies":[{"embeddable":true,"href":"https:\/\/site.ac-martinique.fr\/ash\/index.php?rest_route=%2Fwp%2Fv2%2Fcomments&post=3168"}],"version-history":[{"count":2,"href":"https:\/\/site.ac-martinique.fr\/ash\/index.php?rest_route=\/wp\/v2\/pages\/3168\/revisions"}],"predecessor-version":[{"id":3173,"href":"https:\/\/site.ac-martinique.fr\/ash\/index.php?rest_route=\/wp\/v2\/pages\/3168\/revisions\/3173"}],"up":[{"embeddable":true,"href":"https:\/\/site.ac-martinique.fr\/ash\/index.php?rest_route=\/wp\/v2\/pages\/2264"}],"wp:attachment":[{"href":"https:\/\/site.ac-martinique.fr\/ash\/index.php?rest_route=%2Fwp%2Fv2%2Fmedia&parent=3168"}],"curies":[{"name":"wp","href":"https:\/\/api.w.org\/{rel}","templated":true}]}}