{"id":3201,"date":"2025-03-15T18:13:37","date_gmt":"2025-03-15T23:13:37","guid":{"rendered":"https:\/\/site.ac-martinique.fr\/ash\/?page_id=3201"},"modified":"2025-03-16T15:10:39","modified_gmt":"2025-03-16T20:10:39","slug":"les-jai-journees-academiques-de-linnovation","status":"publish","type":"page","link":"https:\/\/site.ac-martinique.fr\/ash\/?page_id=3201","title":{"rendered":"Les JAI: Journ\u00e9es Acad\u00e9miques de l&rsquo;Innovation"},"content":{"rendered":"\n<p>C&rsquo;est autour de la th\u00e9matique \u00ab\u00a0Notre  \u00e9cole, faisons-la ensemble, que s&rsquo;est tenue, la journ\u00e9e de valorisation des  projets, le 5 f\u00e9vrier dernier. Une occasion pour nos enseignants sp\u00e9cialis\u00e9s de presenter les leurs, notamment:<\/p>\n\n\n\n<ul class=\"wp-block-list\">\n<li>Un projet intitul\u00e9: \u00ab\u00a0La d\u00e9couverte professionnelle au service de l\u2019estime de soi et de<br>la valorisation de nos \u00e9l\u00e8ves de SEGPA : un rayonnement sur le coll\u00e8ge.\u00a0\u00bb<\/li>\n<\/ul>\n\n\n\n<p>Il s&rsquo;agit, \u00e0 travers diff\u00e9rentes actions, de faire  d\u00e9couvrir aux \u00e9l\u00e8ves de la SEGPA du coll\u00e8ge Jacqueline JULIUS, des domaines professionnels  (restauration, h\u00f4tellerie, m\u00e9tiers de la mer, de l\u2019agriculture). Parmi les actions men\u00e9es: la cr\u00e9ation d&rsquo;un  restaurant p\u00e9dagogique. <\/p>\n\n\n\n<figure class=\"wp-block-image size-large is-resized\"><a href=\"https:\/\/site.ac-martinique.fr\/ash\/wp-content\/uploads\/sites\/7\/2025\/03\/RUSTER-scaled.jpg\"><img loading=\"lazy\" decoding=\"async\" width=\"1024\" height=\"768\" src=\"https:\/\/site.ac-martinique.fr\/ash\/wp-content\/uploads\/sites\/7\/2025\/03\/RUSTER-1024x768.jpg\" alt=\"\" class=\"wp-image-3214\" style=\"width:665px;height:auto\" srcset=\"https:\/\/site.ac-martinique.fr\/ash\/wp-content\/uploads\/sites\/7\/2025\/03\/RUSTER-1024x768.jpg 1024w, https:\/\/site.ac-martinique.fr\/ash\/wp-content\/uploads\/sites\/7\/2025\/03\/RUSTER-300x225.jpg 300w, https:\/\/site.ac-martinique.fr\/ash\/wp-content\/uploads\/sites\/7\/2025\/03\/RUSTER-768x576.jpg 768w, https:\/\/site.ac-martinique.fr\/ash\/wp-content\/uploads\/sites\/7\/2025\/03\/RUSTER-1536x1152.jpg 1536w, https:\/\/site.ac-martinique.fr\/ash\/wp-content\/uploads\/sites\/7\/2025\/03\/RUSTER-2048x1536.jpg 2048w, https:\/\/site.ac-martinique.fr\/ash\/wp-content\/uploads\/sites\/7\/2025\/03\/RUSTER-750x563.jpg 750w\" sizes=\"auto, (max-width: 1024px) 100vw, 1024px\" \/><\/a><\/figure>\n\n\n\n<p>JAI, le 5 f\u00e9vrier 2025, stand \u00ab\u00a0La d\u00e9couverte professionnelle au service de l\u2019estime de soi et de<br>la valorisation de nos \u00e9l\u00e8ves de SEGPA\u00a0\u00bb<\/p>\n\n\n\n<ul class=\"wp-block-list\">\n<li>Le projet \u00ab\u00a0cogni-\u00e9cole\u00a0\u00bb, port\u00e9 par des enseignants de l&rsquo;\u00e9cole Mixte A de Rivi\u00e8re-Sal\u00e9e, dont la coordonnatrice du disppositif ULIS. De nombreux outils et d\u00e9marches ont \u00e9t\u00e9 pr\u00e9sent\u00e9s par ces enseignantes. <\/li>\n<\/ul>\n\n\n\n<figure class=\"wp-block-gallery has-nested-images columns-default is-cropped wp-block-gallery-1 is-layout-flex wp-block-gallery-is-layout-flex\">\n<figure class=\"wp-block-image size-large tw-width-100\"><a href=\"https:\/\/site.ac-martinique.fr\/ash\/wp-content\/uploads\/sites\/7\/2025\/03\/IMG_7659-3-scaled.jpg\"><img loading=\"lazy\" decoding=\"async\" width=\"768\" height=\"1024\" data-id=\"3219\" src=\"https:\/\/site.ac-martinique.fr\/ash\/wp-content\/uploads\/sites\/7\/2025\/03\/IMG_7659-3-768x1024.jpg\" alt=\"\" class=\"wp-image-3219\" srcset=\"https:\/\/site.ac-martinique.fr\/ash\/wp-content\/uploads\/sites\/7\/2025\/03\/IMG_7659-3-768x1024.jpg 768w, https:\/\/site.ac-martinique.fr\/ash\/wp-content\/uploads\/sites\/7\/2025\/03\/IMG_7659-3-225x300.jpg 225w, https:\/\/site.ac-martinique.fr\/ash\/wp-content\/uploads\/sites\/7\/2025\/03\/IMG_7659-3-1152x1536.jpg 1152w, https:\/\/site.ac-martinique.fr\/ash\/wp-content\/uploads\/sites\/7\/2025\/03\/IMG_7659-3-1536x2048.jpg 1536w, https:\/\/site.ac-martinique.fr\/ash\/wp-content\/uploads\/sites\/7\/2025\/03\/IMG_7659-3-750x1000.jpg 750w, https:\/\/site.ac-martinique.fr\/ash\/wp-content\/uploads\/sites\/7\/2025\/03\/IMG_7659-3-scaled.jpg 1920w\" sizes=\"auto, (max-width: 768px) 100vw, 768px\" \/><\/a><\/figure>\n<\/figure>\n\n\n\n<p>JAI, 5 f\u00e9vrier 2025, stand \u00ab\u00a0les neurosciences, au service de l&rsquo;accessibilit\u00e9\u00a0\u00bb <\/p>\n\n\n\n<figure class=\"wp-block-image size-large\"><a href=\"https:\/\/site.ac-martinique.fr\/ash\/wp-content\/uploads\/sites\/7\/2025\/03\/IMG_7662-1-scaled.jpg\"><img loading=\"lazy\" decoding=\"async\" width=\"768\" height=\"1024\" src=\"https:\/\/site.ac-martinique.fr\/ash\/wp-content\/uploads\/sites\/7\/2025\/03\/IMG_7662-1-768x1024.jpg\" alt=\"\" class=\"wp-image-3220\" srcset=\"https:\/\/site.ac-martinique.fr\/ash\/wp-content\/uploads\/sites\/7\/2025\/03\/IMG_7662-1-768x1024.jpg 768w, https:\/\/site.ac-martinique.fr\/ash\/wp-content\/uploads\/sites\/7\/2025\/03\/IMG_7662-1-225x300.jpg 225w, https:\/\/site.ac-martinique.fr\/ash\/wp-content\/uploads\/sites\/7\/2025\/03\/IMG_7662-1-1152x1536.jpg 1152w, https:\/\/site.ac-martinique.fr\/ash\/wp-content\/uploads\/sites\/7\/2025\/03\/IMG_7662-1-1536x2048.jpg 1536w, https:\/\/site.ac-martinique.fr\/ash\/wp-content\/uploads\/sites\/7\/2025\/03\/IMG_7662-1-750x1000.jpg 750w, https:\/\/site.ac-martinique.fr\/ash\/wp-content\/uploads\/sites\/7\/2025\/03\/IMG_7662-1-scaled.jpg 1920w\" sizes=\"auto, (max-width: 768px) 100vw, 768px\" \/><\/a><\/figure>\n\n\n\n<p>JAI, 5 f\u00e9vrier 2025, Stand : \u00ab\u00a0les neurosciences, au service de l&rsquo;accessibilit\u00e9\u00a0\u00bb<\/p>\n\n\n\n<figure class=\"wp-block-image size-large\"><a href=\"https:\/\/site.ac-martinique.fr\/ash\/wp-content\/uploads\/sites\/7\/2025\/03\/PHOTO-2025-02-05-12-31-10.jpg\"><img loading=\"lazy\" decoding=\"async\" width=\"768\" height=\"1024\" src=\"https:\/\/site.ac-martinique.fr\/ash\/wp-content\/uploads\/sites\/7\/2025\/03\/PHOTO-2025-02-05-12-31-10-768x1024.jpg\" alt=\"\" class=\"wp-image-3236\" srcset=\"https:\/\/site.ac-martinique.fr\/ash\/wp-content\/uploads\/sites\/7\/2025\/03\/PHOTO-2025-02-05-12-31-10-768x1024.jpg 768w, https:\/\/site.ac-martinique.fr\/ash\/wp-content\/uploads\/sites\/7\/2025\/03\/PHOTO-2025-02-05-12-31-10-225x300.jpg 225w, https:\/\/site.ac-martinique.fr\/ash\/wp-content\/uploads\/sites\/7\/2025\/03\/PHOTO-2025-02-05-12-31-10-1152x1536.jpg 1152w, https:\/\/site.ac-martinique.fr\/ash\/wp-content\/uploads\/sites\/7\/2025\/03\/PHOTO-2025-02-05-12-31-10-750x1000.jpg 750w, https:\/\/site.ac-martinique.fr\/ash\/wp-content\/uploads\/sites\/7\/2025\/03\/PHOTO-2025-02-05-12-31-10.jpg 1200w\" sizes=\"auto, (max-width: 768px) 100vw, 768px\" \/><\/a><\/figure>\n\n\n\n<p>Noter que l&rsquo;acad\u00e9mie occupe la t\u00eate du classement avec 200 projets d&rsquo;innovation p\u00e9dagogique propos\u00e9s sur une p\u00e9riode de 2 ans. <\/p>\n\n\n\n<p><\/p>\n","protected":false},"excerpt":{"rendered":"<p>C&rsquo;est autour de la th\u00e9matique \u00ab\u00a0Notre \u00e9cole, faisons-la ensemble, que s&rsquo;est tenue, la journ\u00e9e de valorisation des projets, le 5 f\u00e9vrier dernier. Une occasion pour nos enseignants sp\u00e9cialis\u00e9s de presenter les leurs, notamment: Il s&rsquo;agit, \u00e0 travers diff\u00e9rentes actions, de faire d\u00e9couvrir aux \u00e9l\u00e8ves de la SEGPA du coll\u00e8ge Jacqueline JULIUS, des domaines professionnels (restauration, &hellip; <\/p>\n<p><a class=\"more-link btn\" href=\"https:\/\/site.ac-martinique.fr\/ash\/?page_id=3201\">Lire la suite<\/a><\/p>\n","protected":false},"author":484,"featured_media":0,"parent":2264,"menu_order":0,"comment_status":"closed","ping_status":"closed","template":"","meta":{"footnotes":""},"class_list":["post-3201","page","type-page","status-publish","hentry","nodate","item-wrap"],"_links":{"self":[{"href":"https:\/\/site.ac-martinique.fr\/ash\/index.php?rest_route=\/wp\/v2\/pages\/3201","targetHints":{"allow":["GET"]}}],"collection":[{"href":"https:\/\/site.ac-martinique.fr\/ash\/index.php?rest_route=\/wp\/v2\/pages"}],"about":[{"href":"https:\/\/site.ac-martinique.fr\/ash\/index.php?rest_route=\/wp\/v2\/types\/page"}],"author":[{"embeddable":true,"href":"https:\/\/site.ac-martinique.fr\/ash\/index.php?rest_route=\/wp\/v2\/users\/484"}],"replies":[{"embeddable":true,"href":"https:\/\/site.ac-martinique.fr\/ash\/index.php?rest_route=%2Fwp%2Fv2%2Fcomments&post=3201"}],"version-history":[{"count":11,"href":"https:\/\/site.ac-martinique.fr\/ash\/index.php?rest_route=\/wp\/v2\/pages\/3201\/revisions"}],"predecessor-version":[{"id":3237,"href":"https:\/\/site.ac-martinique.fr\/ash\/index.php?rest_route=\/wp\/v2\/pages\/3201\/revisions\/3237"}],"up":[{"embeddable":true,"href":"https:\/\/site.ac-martinique.fr\/ash\/index.php?rest_route=\/wp\/v2\/pages\/2264"}],"wp:attachment":[{"href":"https:\/\/site.ac-martinique.fr\/ash\/index.php?rest_route=%2Fwp%2Fv2%2Fmedia&parent=3201"}],"curies":[{"name":"wp","href":"https:\/\/api.w.org\/{rel}","templated":true}]}}