{"id":3302,"date":"2025-06-21T06:37:05","date_gmt":"2025-06-21T11:37:05","guid":{"rendered":"https:\/\/site.ac-martinique.fr\/ash\/?page_id=3302"},"modified":"2025-06-21T08:12:45","modified_gmt":"2025-06-21T13:12:45","slug":"les-assises-de-lautisme","status":"publish","type":"page","link":"https:\/\/site.ac-martinique.fr\/ash\/?page_id=3302","title":{"rendered":"Les assises de l&rsquo;autisme"},"content":{"rendered":"<p>Les Assises de l\u2019Autisme<\/p>\n<p>Le Pr\u00e9sident du Conseil Ex\u00e9cutif de la Collectivit\u00e9 Territoriale de Martinique vous convie aux assises de l\u2019autisme le samedi <strong>28 juin 2025 de 8h \u00e0 17h.<\/strong><\/p>\n<p>Les inscriptions sont obligatoires pour la participation aux tables rondes et aux ateliers.<\/p>\n<p>Ces inscriptions se font via l\u2019adresse mail\u00a0:<\/p>\n<p><u><a href=\"mailto:cmh@collectivitedemartinique.mq\">cmh@collectivitedemartinique.mq<\/a><\/u><\/p>\n<p>ou par t\u00e9l\u00e9phone au <strong>0696 05 20 21 \/ 0596 80 24 33.<\/strong><\/p>\n<p><a href=\"https:\/\/site.ac-martinique.fr\/ash\/wp-content\/uploads\/sites\/7\/2025\/06\/Programme-Les-Assises-de-lAutisme-1.pdf\">Programme &#8211; Les Assises de l&rsquo;Autisme-1<\/a><\/p>\n\n\n<p><\/p>\n\n\n\n<p><\/p>\n","protected":false},"excerpt":{"rendered":"<p>Les Assises de l\u2019Autisme Le Pr\u00e9sident du Conseil Ex\u00e9cutif de la Collectivit\u00e9 Territoriale de Martinique vous convie aux assises de l\u2019autisme le samedi 28 juin 2025 de 8h \u00e0 17h. Les inscriptions sont obligatoires pour la participation aux tables rondes et aux ateliers. Ces inscriptions se font via l\u2019adresse mail\u00a0: cmh@collectivitedemartinique.mq ou par t\u00e9l\u00e9phone au &hellip; <\/p>\n<p><a class=\"more-link btn\" href=\"https:\/\/site.ac-martinique.fr\/ash\/?page_id=3302\">Lire la suite<\/a><\/p>\n","protected":false},"author":484,"featured_media":3305,"parent":2432,"menu_order":0,"comment_status":"closed","ping_status":"closed","template":"","meta":{"footnotes":""},"class_list":["post-3302","page","type-page","status-publish","has-post-thumbnail","hentry","nodate","item-wrap"],"_links":{"self":[{"href":"https:\/\/site.ac-martinique.fr\/ash\/index.php?rest_route=\/wp\/v2\/pages\/3302","targetHints":{"allow":["GET"]}}],"collection":[{"href":"https:\/\/site.ac-martinique.fr\/ash\/index.php?rest_route=\/wp\/v2\/pages"}],"about":[{"href":"https:\/\/site.ac-martinique.fr\/ash\/index.php?rest_route=\/wp\/v2\/types\/page"}],"author":[{"embeddable":true,"href":"https:\/\/site.ac-martinique.fr\/ash\/index.php?rest_route=\/wp\/v2\/users\/484"}],"replies":[{"embeddable":true,"href":"https:\/\/site.ac-martinique.fr\/ash\/index.php?rest_route=%2Fwp%2Fv2%2Fcomments&post=3302"}],"version-history":[{"count":2,"href":"https:\/\/site.ac-martinique.fr\/ash\/index.php?rest_route=\/wp\/v2\/pages\/3302\/revisions"}],"predecessor-version":[{"id":3306,"href":"https:\/\/site.ac-martinique.fr\/ash\/index.php?rest_route=\/wp\/v2\/pages\/3302\/revisions\/3306"}],"up":[{"embeddable":true,"href":"https:\/\/site.ac-martinique.fr\/ash\/index.php?rest_route=\/wp\/v2\/pages\/2432"}],"wp:featuredmedia":[{"embeddable":true,"href":"https:\/\/site.ac-martinique.fr\/ash\/index.php?rest_route=\/wp\/v2\/media\/3305"}],"wp:attachment":[{"href":"https:\/\/site.ac-martinique.fr\/ash\/index.php?rest_route=%2Fwp%2Fv2%2Fmedia&parent=3302"}],"curies":[{"name":"wp","href":"https:\/\/api.w.org\/{rel}","templated":true}]}}