{"id":3328,"date":"2025-07-01T10:11:10","date_gmt":"2025-07-01T15:11:10","guid":{"rendered":"https:\/\/site.ac-martinique.fr\/ash\/?page_id=3328"},"modified":"2025-07-01T10:12:10","modified_gmt":"2025-07-01T15:12:10","slug":"les-assises-de-lautisme-2025","status":"publish","type":"page","link":"https:\/\/site.ac-martinique.fr\/ash\/?page_id=3328","title":{"rendered":"Les assises de l&rsquo;autisme 2025"},"content":{"rendered":"<p>Le samedi 28 juin 2025 les acteurs de l&rsquo;autisme qu&rsquo;ils soient professionnels ou proches aidants se sont r\u00e9unis autour d&rsquo;une volont\u00e9 commune affirm\u00e9e: \u00ab\u00a0\u00e9couter, comprendre, inclure\u00a0\u00bb.\u00a0 Diff\u00e9rentes th\u00e9matiques furent trait\u00e9es et notamment celles relatives au diagnostic, au rep\u00e9rage, et au parcours de scolarisation par le SAEI.<\/p>\n<p><a href=\"https:\/\/site.ac-martinique.fr\/ash\/wp-content\/uploads\/sites\/7\/2025\/07\/PHOTO-2025-06-28-09-27-56.jpg\"><img loading=\"lazy\" decoding=\"async\" class=\"alignnone size-medium wp-image-3331\" src=\"https:\/\/site.ac-martinique.fr\/ash\/wp-content\/uploads\/sites\/7\/2025\/07\/PHOTO-2025-06-28-09-27-56-300x169.jpg\" alt=\"\" width=\"300\" height=\"169\" srcset=\"https:\/\/site.ac-martinique.fr\/ash\/wp-content\/uploads\/sites\/7\/2025\/07\/PHOTO-2025-06-28-09-27-56-300x169.jpg 300w, https:\/\/site.ac-martinique.fr\/ash\/wp-content\/uploads\/sites\/7\/2025\/07\/PHOTO-2025-06-28-09-27-56-1024x576.jpg 1024w, https:\/\/site.ac-martinique.fr\/ash\/wp-content\/uploads\/sites\/7\/2025\/07\/PHOTO-2025-06-28-09-27-56-768x432.jpg 768w, https:\/\/site.ac-martinique.fr\/ash\/wp-content\/uploads\/sites\/7\/2025\/07\/PHOTO-2025-06-28-09-27-56-750x422.jpg 750w, https:\/\/site.ac-martinique.fr\/ash\/wp-content\/uploads\/sites\/7\/2025\/07\/PHOTO-2025-06-28-09-27-56.jpg 1280w\" sizes=\"auto, (max-width: 300px) 100vw, 300px\" \/><\/a><a href=\"https:\/\/site.ac-martinique.fr\/ash\/wp-content\/uploads\/sites\/7\/2025\/07\/PHOTO-2025-06-28-09-11-28.jpg\">\u00a0 \u00a0 \u00a0 \u00a0 \u00a0 \u00a0 \u00a0 \u00a0 \u00a0 \u00a0 \u00a0 \u00a0 \u00a0 \u00a0<img loading=\"lazy\" decoding=\"async\" class=\"alignnone size-medium wp-image-3333\" src=\"https:\/\/site.ac-martinique.fr\/ash\/wp-content\/uploads\/sites\/7\/2025\/07\/PHOTO-2025-06-28-09-11-28-300x135.jpg\" alt=\"\" width=\"300\" height=\"135\" srcset=\"https:\/\/site.ac-martinique.fr\/ash\/wp-content\/uploads\/sites\/7\/2025\/07\/PHOTO-2025-06-28-09-11-28-300x135.jpg 300w, https:\/\/site.ac-martinique.fr\/ash\/wp-content\/uploads\/sites\/7\/2025\/07\/PHOTO-2025-06-28-09-11-28-1024x461.jpg 1024w, https:\/\/site.ac-martinique.fr\/ash\/wp-content\/uploads\/sites\/7\/2025\/07\/PHOTO-2025-06-28-09-11-28-768x346.jpg 768w, https:\/\/site.ac-martinique.fr\/ash\/wp-content\/uploads\/sites\/7\/2025\/07\/PHOTO-2025-06-28-09-11-28-750x338.jpg 750w, https:\/\/site.ac-martinique.fr\/ash\/wp-content\/uploads\/sites\/7\/2025\/07\/PHOTO-2025-06-28-09-11-28.jpg 1280w\" sizes=\"auto, (max-width: 300px) 100vw, 300px\" \/><\/a><\/p>\n<p>\u00a0<\/p>\n\n\n<div data-wp-interactive=\"core\/file\" class=\"wp-block-file\"><object data-wp-bind--hidden=\"!state.hasPdfPreview\" hidden class=\"wp-block-file__embed\" data=\"https:\/\/site.ac-martinique.fr\/ash\/wp-content\/uploads\/sites\/7\/2025\/06\/Programme-Les-Assises-de-lAutisme-1.pdf\" type=\"application\/pdf\" style=\"width:100%;height:600px\" aria-label=\"Contenu embarqu\u00e9 Programme - Les Assises de l&apos;Autisme-1.\"><\/object><a id=\"wp-block-file--media-0f0dec87-471d-4344-99af-bb4a4f8ba3f8\" href=\"https:\/\/site.ac-martinique.fr\/ash\/wp-content\/uploads\/sites\/7\/2025\/06\/Programme-Les-Assises-de-lAutisme-1.pdf\">Programme &#8211; Les Assises de l&rsquo;Autisme-1<\/a><a href=\"https:\/\/site.ac-martinique.fr\/ash\/wp-content\/uploads\/sites\/7\/2025\/06\/Programme-Les-Assises-de-lAutisme-1.pdf\" class=\"wp-block-file__button wp-element-button\" download aria-describedby=\"wp-block-file--media-0f0dec87-471d-4344-99af-bb4a4f8ba3f8\">T\u00e9l\u00e9charger<\/a><\/div>\n","protected":false},"excerpt":{"rendered":"<p>Le samedi 28 juin 2025 les acteurs de l&rsquo;autisme qu&rsquo;ils soient professionnels ou proches aidants se sont r\u00e9unis autour d&rsquo;une volont\u00e9 commune affirm\u00e9e: \u00ab\u00a0\u00e9couter, comprendre, inclure\u00a0\u00bb.\u00a0 Diff\u00e9rentes th\u00e9matiques furent trait\u00e9es et notamment celles relatives au diagnostic, au rep\u00e9rage, et au parcours de scolarisation par le SAEI. \u00a0 \u00a0 \u00a0 \u00a0 \u00a0 \u00a0 \u00a0 \u00a0 \u00a0 &hellip; <\/p>\n<p><a class=\"more-link btn\" href=\"https:\/\/site.ac-martinique.fr\/ash\/?page_id=3328\">Lire la suite<\/a><\/p>\n","protected":false},"author":484,"featured_media":3305,"parent":2264,"menu_order":0,"comment_status":"closed","ping_status":"closed","template":"","meta":{"footnotes":""},"class_list":["post-3328","page","type-page","status-publish","has-post-thumbnail","hentry","nodate","item-wrap"],"_links":{"self":[{"href":"https:\/\/site.ac-martinique.fr\/ash\/index.php?rest_route=\/wp\/v2\/pages\/3328","targetHints":{"allow":["GET"]}}],"collection":[{"href":"https:\/\/site.ac-martinique.fr\/ash\/index.php?rest_route=\/wp\/v2\/pages"}],"about":[{"href":"https:\/\/site.ac-martinique.fr\/ash\/index.php?rest_route=\/wp\/v2\/types\/page"}],"author":[{"embeddable":true,"href":"https:\/\/site.ac-martinique.fr\/ash\/index.php?rest_route=\/wp\/v2\/users\/484"}],"replies":[{"embeddable":true,"href":"https:\/\/site.ac-martinique.fr\/ash\/index.php?rest_route=%2Fwp%2Fv2%2Fcomments&post=3328"}],"version-history":[{"count":2,"href":"https:\/\/site.ac-martinique.fr\/ash\/index.php?rest_route=\/wp\/v2\/pages\/3328\/revisions"}],"predecessor-version":[{"id":3334,"href":"https:\/\/site.ac-martinique.fr\/ash\/index.php?rest_route=\/wp\/v2\/pages\/3328\/revisions\/3334"}],"up":[{"embeddable":true,"href":"https:\/\/site.ac-martinique.fr\/ash\/index.php?rest_route=\/wp\/v2\/pages\/2264"}],"wp:featuredmedia":[{"embeddable":true,"href":"https:\/\/site.ac-martinique.fr\/ash\/index.php?rest_route=\/wp\/v2\/media\/3305"}],"wp:attachment":[{"href":"https:\/\/site.ac-martinique.fr\/ash\/index.php?rest_route=%2Fwp%2Fv2%2Fmedia&parent=3328"}],"curies":[{"name":"wp","href":"https:\/\/api.w.org\/{rel}","templated":true}]}}