{"id":3348,"date":"2025-09-08T13:41:24","date_gmt":"2025-09-08T18:41:24","guid":{"rendered":"https:\/\/site.ac-martinique.fr\/ash\/?page_id=3348"},"modified":"2025-09-08T15:08:22","modified_gmt":"2025-09-08T20:08:22","slug":"les-poles-dappui-a-la-scolarisation-pas","status":"publish","type":"page","link":"https:\/\/site.ac-martinique.fr\/ash\/?page_id=3348","title":{"rendered":"Les P\u00f4les d&rsquo;Appui \u00e0 la Scolarit\u00e9 (PAS)"},"content":{"rendered":"\n<p>La transformation progressive des p\u00f4les inclusifs d\u2019accompagnement localis\u00e9s (PIAL) en p\u00f4les d\u2019appui \u00e0 la scolarit\u00e9 (PAS), mesure r\u00e9affirm\u00e9e par le Premier Ministre lors du Comit\u00e9 Interminist\u00e9riel du Handicap le 16 mai 2024, s\u2019est traduite par la cr\u00e9ation de 14 PAS dans l\u2019acad\u00e9mie.<\/p>\n\n\n\n<p><\/p>\n\n\n\n<p class=\"has-vivid-purple-color has-text-color has-link-color has-regular-font-size wp-elements-5a34d464e3f9c51bed3d2ff70a1ed11c\">Circulaire relative au PAS<\/p>\n\n\n\n<div data-wp-interactive=\"core\/file\" class=\"wp-block-file\"><object data-wp-bind--hidden=\"!state.hasPdfPreview\" hidden class=\"wp-block-file__embed\" data=\"https:\/\/site.ac-martinique.fr\/ash\/wp-content\/uploads\/sites\/7\/2025\/09\/Circulaire-Deploiement-des-poles-dappui-a-la-scolarite-du-1er-septembre-2025.pdf\" type=\"application\/pdf\" style=\"width:100%;height:600px\" aria-label=\"Contenu embarqu\u00e9 Circulaire De\u0301ploiement des po\u0302les d\u2019appui a\u0300 la scolarite\u0301 du 1er septembre 2025.\"><\/object><a id=\"wp-block-file--media-9ff85fb8-a132-4418-a756-9fd999e3024b\" href=\"https:\/\/site.ac-martinique.fr\/ash\/wp-content\/uploads\/sites\/7\/2025\/09\/Circulaire-Deploiement-des-poles-dappui-a-la-scolarite-du-1er-septembre-2025.pdf\">Circulaire De\u0301ploiement des po\u0302les d\u2019appui a\u0300 la scolarite\u0301 du 1er septembre 2025<\/a><a href=\"https:\/\/site.ac-martinique.fr\/ash\/wp-content\/uploads\/sites\/7\/2025\/09\/Circulaire-Deploiement-des-poles-dappui-a-la-scolarite-du-1er-septembre-2025.pdf\" class=\"wp-block-file__button wp-element-button\" download aria-describedby=\"wp-block-file--media-9ff85fb8-a132-4418-a756-9fd999e3024b\">T\u00e9l\u00e9charger<\/a><\/div>\n\n\n\n<p class=\"has-vivid-purple-color has-text-color has-link-color has-large-font-size wp-elements-8cbd720971c668fef23cb09b122ec00f\">Les PAS au sein du SAEI<\/p>\n\n\n\n<figure class=\"wp-block-image size-large\"><a href=\"https:\/\/site.ac-martinique.fr\/ash\/wp-content\/uploads\/sites\/7\/2025\/09\/lien-avec-le-SAEI.jpg\"><img loading=\"lazy\" decoding=\"async\" width=\"1024\" height=\"553\" src=\"https:\/\/site.ac-martinique.fr\/ash\/wp-content\/uploads\/sites\/7\/2025\/09\/lien-avec-le-SAEI-1024x553.jpg\" alt=\"\" class=\"wp-image-3393\" srcset=\"https:\/\/site.ac-martinique.fr\/ash\/wp-content\/uploads\/sites\/7\/2025\/09\/lien-avec-le-SAEI-1024x553.jpg 1024w, https:\/\/site.ac-martinique.fr\/ash\/wp-content\/uploads\/sites\/7\/2025\/09\/lien-avec-le-SAEI-300x162.jpg 300w, https:\/\/site.ac-martinique.fr\/ash\/wp-content\/uploads\/sites\/7\/2025\/09\/lien-avec-le-SAEI-768x415.jpg 768w, https:\/\/site.ac-martinique.fr\/ash\/wp-content\/uploads\/sites\/7\/2025\/09\/lien-avec-le-SAEI-750x405.jpg 750w, https:\/\/site.ac-martinique.fr\/ash\/wp-content\/uploads\/sites\/7\/2025\/09\/lien-avec-le-SAEI.jpg 1358w\" sizes=\"auto, (max-width: 1024px) 100vw, 1024px\" \/><\/a><\/figure>\n\n\n\n<p class=\"has-vivid-purple-color has-text-color has-link-color has-regular-font-size wp-elements-69b105bb1b0327b5d2215800baa85665\">Cartographies des PAS<\/p>\n\n\n\n<div data-wp-interactive=\"core\/file\" class=\"wp-block-file\"><object data-wp-bind--hidden=\"!state.hasPdfPreview\" hidden class=\"wp-block-file__embed\" data=\"https:\/\/site.ac-martinique.fr\/ash\/wp-content\/uploads\/sites\/7\/2025\/09\/Cartographie-des-PAS-VF.pdf\" type=\"application\/pdf\" style=\"width:100%;height:600px\" aria-label=\"Contenu embarqu\u00e9 Cartographie des PAS VF.\"><\/object><a id=\"wp-block-file--media-004360c0-8aa2-4f15-b159-ef6eff7a0d60\" href=\"https:\/\/site.ac-martinique.fr\/ash\/wp-content\/uploads\/sites\/7\/2025\/09\/Cartographie-des-PAS-VF.pdf\">Cartographie des PAS VF<\/a><a href=\"https:\/\/site.ac-martinique.fr\/ash\/wp-content\/uploads\/sites\/7\/2025\/09\/Cartographie-des-PAS-VF.pdf\" class=\"wp-block-file__button wp-element-button\" download aria-describedby=\"wp-block-file--media-004360c0-8aa2-4f15-b159-ef6eff7a0d60\">T\u00e9l\u00e9charger<\/a><\/div>\n\n\n\n<p class=\"has-vivid-purple-color has-text-color has-link-color has-regular-font-size wp-elements-a8a827677d80eeacfd45c1df10d4f490\">Les p\u00e9rim\u00e8tres des PAS <\/p>\n\n\n\n<figure class=\"wp-block-image size-large\"><a href=\"https:\/\/site.ac-martinique.fr\/ash\/wp-content\/uploads\/sites\/7\/2025\/09\/perimetre-du-PAS.jpg\"><img loading=\"lazy\" decoding=\"async\" width=\"1024\" height=\"550\" src=\"https:\/\/site.ac-martinique.fr\/ash\/wp-content\/uploads\/sites\/7\/2025\/09\/perimetre-du-PAS-1024x550.jpg\" alt=\"\" class=\"wp-image-3392\" srcset=\"https:\/\/site.ac-martinique.fr\/ash\/wp-content\/uploads\/sites\/7\/2025\/09\/perimetre-du-PAS-1024x550.jpg 1024w, https:\/\/site.ac-martinique.fr\/ash\/wp-content\/uploads\/sites\/7\/2025\/09\/perimetre-du-PAS-300x161.jpg 300w, https:\/\/site.ac-martinique.fr\/ash\/wp-content\/uploads\/sites\/7\/2025\/09\/perimetre-du-PAS-768x412.jpg 768w, https:\/\/site.ac-martinique.fr\/ash\/wp-content\/uploads\/sites\/7\/2025\/09\/perimetre-du-PAS-750x403.jpg 750w, https:\/\/site.ac-martinique.fr\/ash\/wp-content\/uploads\/sites\/7\/2025\/09\/perimetre-du-PAS.jpg 1339w\" sizes=\"auto, (max-width: 1024px) 100vw, 1024px\" \/><\/a><\/figure>\n\n\n\n<p class=\"has-vivid-purple-color has-text-color has-link-color has-regular-font-size wp-elements-e9d5d4c9a30fe9baa286e65f267fb636\">Les PAS par zones et territoires<\/p>\n\n\n\n<figure class=\"wp-block-image size-full\"><a href=\"https:\/\/site.ac-martinique.fr\/ash\/wp-content\/uploads\/sites\/7\/2025\/09\/territoires-PAS-1.jpg\"><img loading=\"lazy\" decoding=\"async\" width=\"472\" height=\"605\" src=\"https:\/\/site.ac-martinique.fr\/ash\/wp-content\/uploads\/sites\/7\/2025\/09\/territoires-PAS-1.jpg\" alt=\"\" class=\"wp-image-3358\" srcset=\"https:\/\/site.ac-martinique.fr\/ash\/wp-content\/uploads\/sites\/7\/2025\/09\/territoires-PAS-1.jpg 472w, https:\/\/site.ac-martinique.fr\/ash\/wp-content\/uploads\/sites\/7\/2025\/09\/territoires-PAS-1-234x300.jpg 234w\" sizes=\"auto, (max-width: 472px) 100vw, 472px\" \/><\/a><\/figure>\n\n\n\n<p><\/p>\n\n\n\n<p class=\"has-vivid-purple-color has-text-color has-link-color has-regular-font-size wp-elements-3e4c8a308fefd5ba6c3b92fd8332c439\">La grouvernance des PAS<\/p>\n\n\n\n<figure class=\"wp-block-image size-large\"><a href=\"https:\/\/site.ac-martinique.fr\/ash\/wp-content\/uploads\/sites\/7\/2025\/09\/gouvernance-PAS.jpg\"><img loading=\"lazy\" decoding=\"async\" width=\"1024\" height=\"514\" src=\"https:\/\/site.ac-martinique.fr\/ash\/wp-content\/uploads\/sites\/7\/2025\/09\/gouvernance-PAS-1024x514.jpg\" alt=\"\" class=\"wp-image-3389\" srcset=\"https:\/\/site.ac-martinique.fr\/ash\/wp-content\/uploads\/sites\/7\/2025\/09\/gouvernance-PAS-1024x514.jpg 1024w, https:\/\/site.ac-martinique.fr\/ash\/wp-content\/uploads\/sites\/7\/2025\/09\/gouvernance-PAS-300x150.jpg 300w, https:\/\/site.ac-martinique.fr\/ash\/wp-content\/uploads\/sites\/7\/2025\/09\/gouvernance-PAS-768x385.jpg 768w, https:\/\/site.ac-martinique.fr\/ash\/wp-content\/uploads\/sites\/7\/2025\/09\/gouvernance-PAS-750x376.jpg 750w, https:\/\/site.ac-martinique.fr\/ash\/wp-content\/uploads\/sites\/7\/2025\/09\/gouvernance-PAS.jpg 1224w\" sizes=\"auto, (max-width: 1024px) 100vw, 1024px\" \/><\/a><\/figure>\n\n\n\n<p><\/p>\n\n\n\n<p class=\"has-vivid-purple-color has-text-color has-link-color has-regular-font-size wp-elements-1604e55d10d6c999ac258730a4d321bb\">L&rsquo;\u00e9quipe d&rsquo;un PAS<\/p>\n\n\n\n<figure class=\"wp-block-image size-large\"><a href=\"https:\/\/site.ac-martinique.fr\/ash\/wp-content\/uploads\/sites\/7\/2025\/09\/Lequipe-du-PAS.jpg\"><img loading=\"lazy\" decoding=\"async\" width=\"1024\" height=\"533\" src=\"https:\/\/site.ac-martinique.fr\/ash\/wp-content\/uploads\/sites\/7\/2025\/09\/Lequipe-du-PAS-1024x533.jpg\" alt=\"\" class=\"wp-image-3390\" srcset=\"https:\/\/site.ac-martinique.fr\/ash\/wp-content\/uploads\/sites\/7\/2025\/09\/Lequipe-du-PAS-1024x533.jpg 1024w, https:\/\/site.ac-martinique.fr\/ash\/wp-content\/uploads\/sites\/7\/2025\/09\/Lequipe-du-PAS-300x156.jpg 300w, https:\/\/site.ac-martinique.fr\/ash\/wp-content\/uploads\/sites\/7\/2025\/09\/Lequipe-du-PAS-768x400.jpg 768w, https:\/\/site.ac-martinique.fr\/ash\/wp-content\/uploads\/sites\/7\/2025\/09\/Lequipe-du-PAS-750x390.jpg 750w, https:\/\/site.ac-martinique.fr\/ash\/wp-content\/uploads\/sites\/7\/2025\/09\/Lequipe-du-PAS.jpg 1341w\" sizes=\"auto, (max-width: 1024px) 100vw, 1024px\" \/><\/a><\/figure>\n\n\n\n<figure class=\"wp-block-image size-large\"><a href=\"https:\/\/site.ac-martinique.fr\/ash\/wp-content\/uploads\/sites\/7\/2025\/09\/lequipe-du-PAS-2.jpg\"><img loading=\"lazy\" decoding=\"async\" width=\"1024\" height=\"447\" src=\"https:\/\/site.ac-martinique.fr\/ash\/wp-content\/uploads\/sites\/7\/2025\/09\/lequipe-du-PAS-2-1024x447.jpg\" alt=\"\" class=\"wp-image-3391\" srcset=\"https:\/\/site.ac-martinique.fr\/ash\/wp-content\/uploads\/sites\/7\/2025\/09\/lequipe-du-PAS-2-1024x447.jpg 1024w, https:\/\/site.ac-martinique.fr\/ash\/wp-content\/uploads\/sites\/7\/2025\/09\/lequipe-du-PAS-2-300x131.jpg 300w, https:\/\/site.ac-martinique.fr\/ash\/wp-content\/uploads\/sites\/7\/2025\/09\/lequipe-du-PAS-2-768x335.jpg 768w, https:\/\/site.ac-martinique.fr\/ash\/wp-content\/uploads\/sites\/7\/2025\/09\/lequipe-du-PAS-2-750x328.jpg 750w, https:\/\/site.ac-martinique.fr\/ash\/wp-content\/uploads\/sites\/7\/2025\/09\/lequipe-du-PAS-2.jpg 1273w\" sizes=\"auto, (max-width: 1024px) 100vw, 1024px\" \/><\/a><\/figure>\n\n\n\n<p><\/p>\n","protected":false},"excerpt":{"rendered":"<p>La transformation progressive des p\u00f4les inclusifs d\u2019accompagnement localis\u00e9s (PIAL) en p\u00f4les d\u2019appui \u00e0 la scolarit\u00e9 (PAS), mesure r\u00e9affirm\u00e9e par le Premier Ministre lors du Comit\u00e9 Interminist\u00e9riel du Handicap le 16 mai 2024, s\u2019est traduite par la cr\u00e9ation de 14 PAS dans l\u2019acad\u00e9mie. Circulaire relative au PAS Les PAS au sein du SAEI Cartographies des PAS &hellip; <\/p>\n<p><a class=\"more-link btn\" href=\"https:\/\/site.ac-martinique.fr\/ash\/?page_id=3348\">Lire la suite<\/a><\/p>\n","protected":false},"author":484,"featured_media":3355,"parent":351,"menu_order":0,"comment_status":"closed","ping_status":"closed","template":"","meta":{"footnotes":""},"class_list":["post-3348","page","type-page","status-publish","has-post-thumbnail","hentry","nodate","item-wrap"],"_links":{"self":[{"href":"https:\/\/site.ac-martinique.fr\/ash\/index.php?rest_route=\/wp\/v2\/pages\/3348","targetHints":{"allow":["GET"]}}],"collection":[{"href":"https:\/\/site.ac-martinique.fr\/ash\/index.php?rest_route=\/wp\/v2\/pages"}],"about":[{"href":"https:\/\/site.ac-martinique.fr\/ash\/index.php?rest_route=\/wp\/v2\/types\/page"}],"author":[{"embeddable":true,"href":"https:\/\/site.ac-martinique.fr\/ash\/index.php?rest_route=\/wp\/v2\/users\/484"}],"replies":[{"embeddable":true,"href":"https:\/\/site.ac-martinique.fr\/ash\/index.php?rest_route=%2Fwp%2Fv2%2Fcomments&post=3348"}],"version-history":[{"count":4,"href":"https:\/\/site.ac-martinique.fr\/ash\/index.php?rest_route=\/wp\/v2\/pages\/3348\/revisions"}],"predecessor-version":[{"id":3394,"href":"https:\/\/site.ac-martinique.fr\/ash\/index.php?rest_route=\/wp\/v2\/pages\/3348\/revisions\/3394"}],"up":[{"embeddable":true,"href":"https:\/\/site.ac-martinique.fr\/ash\/index.php?rest_route=\/wp\/v2\/pages\/351"}],"wp:featuredmedia":[{"embeddable":true,"href":"https:\/\/site.ac-martinique.fr\/ash\/index.php?rest_route=\/wp\/v2\/media\/3355"}],"wp:attachment":[{"href":"https:\/\/site.ac-martinique.fr\/ash\/index.php?rest_route=%2Fwp%2Fv2%2Fmedia&parent=3348"}],"curies":[{"name":"wp","href":"https:\/\/api.w.org\/{rel}","templated":true}]}}