{"id":335,"date":"2019-10-24T22:17:41","date_gmt":"2019-10-25T03:17:41","guid":{"rendered":"\/ash\/?page_id=335"},"modified":"2021-10-07T08:11:49","modified_gmt":"2021-10-07T13:11:49","slug":"le-cartable-connecte","status":"publish","type":"page","link":"https:\/\/site.ac-martinique.fr\/ash\/?page_id=335","title":{"rendered":"le cartable connect\u00e9"},"content":{"rendered":"<p><a href=\"\/ash\/wp-content\/uploads\/sites\/7\/2019\/10\/Sans-titre.jpg\"><img loading=\"lazy\" decoding=\"async\" class=\"size-full wp-image-598 aligncenter\" src=\"\/ash\/wp-content\/uploads\/sites\/7\/2019\/10\/Sans-titre.jpg\" alt=\"\" width=\"480\" height=\"342\" srcset=\"https:\/\/site.ac-martinique.fr\/ash\/wp-content\/uploads\/sites\/7\/2019\/10\/Sans-titre.jpg 480w, https:\/\/site.ac-martinique.fr\/ash\/wp-content\/uploads\/sites\/7\/2019\/10\/Sans-titre-300x214.jpg 300w\" sizes=\"auto, (max-width: 480px) 100vw, 480px\" \/><\/a>Compl\u00e9mentaire de \u00ab L&rsquo;\u00e9cole \u00e0 l&rsquo;h\u00f4pital \u00bb et des heures d&rsquo;assistance p\u00e9dagogique \u00e0 domicile assur\u00e9es par des professeurs de l&rsquo;\u00c9ducation Nationale,\u00a0<strong>ce dispositif est mis gratuitement \u00e0 disposition des enfants<\/strong>\u00a0pour minimiser l&rsquo;impact de l&rsquo;hospitalisation.<\/p>\n<p>En France, pr\u00e8s de 2 millions d\u2019enfants sont hospitalis\u00e9s chaque ann\u00e9e.<br \/>\nQuelle que soit la dur\u00e9e de ce s\u00e9jour, leur hospitalisation les s\u00e9pare de leur \u00e9cole, de leur classe et de leurs camarades.<\/p>\n<p>En Martinique quelques \u00e9l\u00e8ves ont d\u00e9j\u00e0 pu b\u00e9n\u00e9ficier de ce dispositif.<\/p>\n<p>L&rsquo;enfant gravement malade est victime d&rsquo;une double peine : La maladie et la privation de sa vie quotidienne.<br \/>\nGr\u00e2ce au cartable connect\u00e9 le lien est conserv\u00e9 avec la classe, les camarades et les enseignants.<br \/>\nC&rsquo;est un \u00e9l\u00e9ment d\u00e9cisif pour \u00e9viter la rupture de la sociabilit\u00e9 de l&rsquo;enfant et un pas vers la gu\u00e9rison.<\/p>\n<p><strong>Mon Cartable Connect\u00e9 comment fonctionne-t-il ?<\/strong><\/p>\n<p>\u00c9cole num\u00e9rique : mon cartable connect\u00e9, pour que les enfants hospitalis\u00e9s gardent le lien avec leur classe.<\/p>\n<p>D\u00e9couvrez ce fabuleux outil qui permet aux enfants hospitalis\u00e9s de communiquer avec leurs classes et de garder ainsi le contact malgr\u00e9 la maladie.<\/p>\n<h2>&#8230;C\u00d4T\u00c9 H\u00d4PITAL ou domicile<\/h2>\n<p>\u00c0 l\u2019h\u00f4pital, l\u2019enfant suit son cours en direct sur la tablette depuis sa chambre. Il peut interagir avec sa classe et poser des questions. La cam\u00e9ra HD est pilotable \u00e0 distance par l\u2019enfant.<br \/>\nIl re\u00e7oit \u00e9galement des exercices et des documents de l\u2019enseignant directement sur sa tablette.<\/p>\n<p><u>Contact<\/u>\u00a0:<\/p>\n<p>Yolande LABEILLE, Coordonnatrice APADHE<\/p>\n<p>T\u00e9l\u00e9phone\u00a0: 0596\u00a059 99 79<\/p>\n<p>Courriel: <a class=\"moz-txt-link-abbreviated\" href=\"mailto:yolande.labeille@ac-martinique.fr\" target=\"_blank\" rel=\"noopener\">yolande.labeille@ac-martinique.fr<\/a><\/p>\n","protected":false},"excerpt":{"rendered":"<p>Compl\u00e9mentaire de \u00ab L&rsquo;\u00e9cole \u00e0 l&rsquo;h\u00f4pital \u00bb et des heures d&rsquo;assistance p\u00e9dagogique \u00e0 domicile assur\u00e9es par des professeurs de l&rsquo;\u00c9ducation Nationale,\u00a0ce dispositif est mis gratuitement \u00e0 disposition des enfants\u00a0pour minimiser l&rsquo;impact de l&rsquo;hospitalisation. En France, pr\u00e8s de 2 millions d\u2019enfants sont hospitalis\u00e9s chaque ann\u00e9e. Quelle que soit la dur\u00e9e de ce s\u00e9jour, leur hospitalisation les &hellip; <\/p>\n<p><a class=\"more-link btn\" href=\"https:\/\/site.ac-martinique.fr\/ash\/?page_id=335\">Lire la suite<\/a><\/p>\n","protected":false},"author":86,"featured_media":0,"parent":0,"menu_order":0,"comment_status":"closed","ping_status":"closed","template":"","meta":{"footnotes":""},"class_list":["post-335","page","type-page","status-publish","hentry","nodate","item-wrap"],"_links":{"self":[{"href":"https:\/\/site.ac-martinique.fr\/ash\/index.php?rest_route=\/wp\/v2\/pages\/335","targetHints":{"allow":["GET"]}}],"collection":[{"href":"https:\/\/site.ac-martinique.fr\/ash\/index.php?rest_route=\/wp\/v2\/pages"}],"about":[{"href":"https:\/\/site.ac-martinique.fr\/ash\/index.php?rest_route=\/wp\/v2\/types\/page"}],"author":[{"embeddable":true,"href":"https:\/\/site.ac-martinique.fr\/ash\/index.php?rest_route=\/wp\/v2\/users\/86"}],"replies":[{"embeddable":true,"href":"https:\/\/site.ac-martinique.fr\/ash\/index.php?rest_route=%2Fwp%2Fv2%2Fcomments&post=335"}],"version-history":[{"count":4,"href":"https:\/\/site.ac-martinique.fr\/ash\/index.php?rest_route=\/wp\/v2\/pages\/335\/revisions"}],"predecessor-version":[{"id":1693,"href":"https:\/\/site.ac-martinique.fr\/ash\/index.php?rest_route=\/wp\/v2\/pages\/335\/revisions\/1693"}],"wp:attachment":[{"href":"https:\/\/site.ac-martinique.fr\/ash\/index.php?rest_route=%2Fwp%2Fv2%2Fmedia&parent=335"}],"curies":[{"name":"wp","href":"https:\/\/api.w.org\/{rel}","templated":true}]}}