{"id":3414,"date":"2025-09-08T16:25:45","date_gmt":"2025-09-08T21:25:45","guid":{"rendered":"https:\/\/site.ac-martinique.fr\/ash\/?page_id=3414"},"modified":"2025-09-08T16:26:53","modified_gmt":"2025-09-08T21:26:53","slug":"le-professeur-ressources-tnd-tsa-tfa","status":"publish","type":"page","link":"https:\/\/site.ac-martinique.fr\/ash\/?page_id=3414","title":{"rendered":"Le Professeur ressources (TND\/TSA\/TFA)"},"content":{"rendered":"\n<p>Dans le cadre de la strat\u00e9gie nationale de scolarisations des \u00e9l\u00e8ves \u00ab \u00e0 besoins \u00e9ducatifs particuliers \u00bb, le professeur ressources TND (Trouble du Neuro-D\u00e9veloppement) favorise l\u2019acc\u00e8s aux apprentissages pour<br>tous les \u00e9l\u00e8ves porteurs de TND, en accompagnant les \u00e9quipes vers des&nbsp;pratiques d\u2019enseignement plus inclusives.<\/p>\n\n\n\n<p>Une \u00e9quipe EMALA constitu\u00e9e de P.R TND, TSA et TFA accompagne ainsi les \u00e9quipes \u00a0de l\u2019analyse des besoins \u00e0 la mise en \u0153uvre d\u2019adaptations p\u00e9dagogiques adapt\u00e9es au sein des \u00e9tablissements scolaires . Dans ce cadre, il peut observer l\u2019\u00e9l\u00e8ve en situation d\u2019apprentissage et participer aux r\u00e9unions d\u2019\u00e9quipe de suivi de scolarisation (ESS).<\/p>\n\n\n\n<p>Ces PR apportent \u00e9galement des ressources vari\u00e9es par des actions de sensibilisation et de formation,  permettant aux \u00e9quipes p\u00e9dagogiques d\u2019actualiser leurs connaissances.<\/p>\n\n\n\n<p><\/p>\n\n\n\n<p>Voir : <a href=\"https:\/\/site.ac-martinique.fr\/ash\/?page_id=2086\" data-type=\"page\" data-id=\"2086\">Equipe EMALA<\/a><\/p>\n\n\n\n<p>Les professeurs ressources sont des enseignants sp\u00e9cialis\u00e9s. Leur action ne se substitue pas aux actions de<br>terrain des professionnels, mais s&rsquo;inscrivent en compl\u00e9ment et en appui des actions d\u00e9j\u00e0 engag\u00e9es.<\/p>\n\n\n\n<p class=\"has-vivid-purple-color has-text-color has-link-color has-regular-font-size wp-elements-56d50e6a99a70e1e8b0c6895edc84adb\">Les partenaires des PR <\/p>\n\n\n\n<p>Il travaille en partenariat avec : <\/p>\n\n\n\n<p>&#8211; Les \u00e9quipes de circonscription et leurs p\u00f4les ressource <\/p>\n\n\n\n<p>&#8211; Les services m\u00e9dico-sociaux et sanitaires <\/p>\n\n\n\n<p>&#8211; Les partenaires institutionnels (MMPH, ARS\u2026) <\/p>\n\n\n\n<p>&#8211; Les enseignants r\u00e9f\u00e9rents <\/p>\n\n\n\n<p>&#8211; Les familles <\/p>\n\n\n\n<p>&#8211; Les associations<\/p>\n\n\n\n<p>&nbsp;<\/p>\n\n\n\n<p><\/p>\n","protected":false},"excerpt":{"rendered":"<p>Dans le cadre de la strat\u00e9gie nationale de scolarisations des \u00e9l\u00e8ves \u00ab \u00e0 besoins \u00e9ducatifs particuliers \u00bb, le professeur ressources TND (Trouble du Neuro-D\u00e9veloppement) favorise l\u2019acc\u00e8s aux apprentissages pourtous les \u00e9l\u00e8ves porteurs de TND, en accompagnant les \u00e9quipes vers des&nbsp;pratiques d\u2019enseignement plus inclusives. Une \u00e9quipe EMALA constitu\u00e9e de P.R TND, TSA et TFA accompagne ainsi &hellip; <\/p>\n<p><a class=\"more-link btn\" href=\"https:\/\/site.ac-martinique.fr\/ash\/?page_id=3414\">Lire la suite<\/a><\/p>\n","protected":false},"author":484,"featured_media":0,"parent":3369,"menu_order":0,"comment_status":"closed","ping_status":"closed","template":"","meta":{"footnotes":""},"class_list":["post-3414","page","type-page","status-publish","hentry","nodate","item-wrap"],"_links":{"self":[{"href":"https:\/\/site.ac-martinique.fr\/ash\/index.php?rest_route=\/wp\/v2\/pages\/3414","targetHints":{"allow":["GET"]}}],"collection":[{"href":"https:\/\/site.ac-martinique.fr\/ash\/index.php?rest_route=\/wp\/v2\/pages"}],"about":[{"href":"https:\/\/site.ac-martinique.fr\/ash\/index.php?rest_route=\/wp\/v2\/types\/page"}],"author":[{"embeddable":true,"href":"https:\/\/site.ac-martinique.fr\/ash\/index.php?rest_route=\/wp\/v2\/users\/484"}],"replies":[{"embeddable":true,"href":"https:\/\/site.ac-martinique.fr\/ash\/index.php?rest_route=%2Fwp%2Fv2%2Fcomments&post=3414"}],"version-history":[{"count":2,"href":"https:\/\/site.ac-martinique.fr\/ash\/index.php?rest_route=\/wp\/v2\/pages\/3414\/revisions"}],"predecessor-version":[{"id":3416,"href":"https:\/\/site.ac-martinique.fr\/ash\/index.php?rest_route=\/wp\/v2\/pages\/3414\/revisions\/3416"}],"up":[{"embeddable":true,"href":"https:\/\/site.ac-martinique.fr\/ash\/index.php?rest_route=\/wp\/v2\/pages\/3369"}],"wp:attachment":[{"href":"https:\/\/site.ac-martinique.fr\/ash\/index.php?rest_route=%2Fwp%2Fv2%2Fmedia&parent=3414"}],"curies":[{"name":"wp","href":"https:\/\/api.w.org\/{rel}","templated":true}]}}