{"id":3444,"date":"2025-10-08T12:56:35","date_gmt":"2025-10-08T17:56:35","guid":{"rendered":"https:\/\/site.ac-martinique.fr\/ash\/?page_id=3444"},"modified":"2025-10-09T14:51:53","modified_gmt":"2025-10-09T19:51:53","slug":"journee-internationale-des-langues","status":"publish","type":"page","link":"https:\/\/site.ac-martinique.fr\/ash\/?page_id=3444","title":{"rendered":"La journ\u00e9e europ\u00e9enne des langues"},"content":{"rendered":"<p style=\"margin: 0cm 0cm 9.0pt 0cm;\"><span style=\"font-size: 14.0pt; font-family: 'Arial',sans-serif; color: black;\">Le 26 septembre, la journ\u00e9e europ\u00e9enne des langues a r\u00e9uni l\u2019ensemble de l\u2019\u00e9cole Yolande SAINTE-ROSE autour d\u2019un chansigne collectif, m\u00ealant fran\u00e7ais, langue des signes fran\u00e7aise et espagnol. <\/span><\/p>\n<p style=\"margin: 0cm 0cm 9.0pt 0cm;\"><span style=\"font-size: 14.0pt; font-family: 'Arial',sans-serif; color: black;\">Ce moment symbolique a \u00e9galement marqu\u00e9 l\u2019ouverture officielle du PEJS (P\u00f4le d\u2019Enseignement pour Jeunes Sourds) au sein de l\u2019\u00e9tablissement. <\/span><\/p>\n<p style=\"margin: 0cm 0cm 9.0pt 0cm;\"><span style=\"font-size: 14.0pt; font-family: 'Arial',sans-serif; color: black;\">Ce temps fort a\u00e9galement\u00a0 permis de mettre en avant le travail collectif des \u00e9l\u00e8ves et des enseignants, autour de la d\u00e9couverte et de la valorisation de la Langue des Signes Fran\u00e7aise (LSF).<\/span><\/p>\n<p style=\"margin: 0cm 0cm 9.0pt 0cm;\"><span style=\"font-size: 14.0pt; font-family: 'Arial',sans-serif; color: black;\">Durant plusieurs jours, les classes ont r\u00e9p\u00e9t\u00e9 le chant accompagn\u00e9 de signes, guid\u00e9es par M. D\u00d4 (enseignant PEJS) et Mme COMBAZ (AESH-Co). Une classe a propos\u00e9 un refrain en espagnol pour illustrer la diversit\u00e9 linguistique c\u00e9l\u00e9br\u00e9e ce jour-l\u00e0. <\/span><\/p>\n<p style=\"margin: 0cm 0cm 9.0pt 0cm;\"><span style=\"font-size: 14.0pt; font-family: 'Arial',sans-serif; color: black;\">La repr\u00e9sentation a permis de valoriser les langues et l\u2019inclusion. Elle a r\u00e9uni les \u00e9l\u00e8ves, l\u2019\u00e9quipe p\u00e9dagogique, et plusieurs invit\u00e9s venus d\u00e9couvrir cette nouvelle dynamique au sein de l\u2019\u00e9cole.<\/span><\/p>\n<p style=\"margin: 0cm 0cm 9.0pt 0cm;\"><span style=\"font-size: 14.0pt; font-family: 'Arial',sans-serif; color: black;\">Des photos et extraits vid\u00e9o t\u00e9moignent de ce beau moment partag\u00e9, marqu\u00e9 par l\u2019enthousiasme et la fiert\u00e9 des \u00e9l\u00e8ves.<\/span><\/p>\n<p style=\"margin: 0cm 0cm 9.0pt 0cm;\"><span style=\"font-size: 14.0pt; font-family: 'Arial',sans-serif; color: black;\">Merci \u00e0 mesdames les<\/span><span style=\"font-size: 14.0pt; font-family: 'Arial',sans-serif; color: black;\"> i<\/span><span style=\"font-size: 14.0pt; font-family: 'Arial',sans-serif; color: black;\">nspectrices<\/span><span style=\"font-size: 14.0pt; font-family: 'Arial',sans-serif; color: black;\">, \u00e0 leur c<\/span><span style=\"font-size: 14.0pt; font-family: 'Arial',sans-serif; color: black;\">onseill\u00e8re p\u00e9dagogique, \u00e0 M.CAMIUL\u00a0<\/span><span style=\"font-size: 14.0pt; font-family: 'Arial',sans-serif; color: black;\">en charge de la politique inclusive \u00e0 la mairie de Ducos et au c<\/span><span style=\"font-size: 14.0pt; font-family: 'Arial',sans-serif; color: black;\">omit\u00e9 des parents d&rsquo;avoir particip\u00e9 activement \u00e0 ce moment de c\u00e9l\u00e9bration et de partage.<\/span><\/p>\n\n\n<figure class=\"wp-block-image size-large is-resized\"><a href=\"https:\/\/site.ac-martinique.fr\/ash\/wp-content\/uploads\/sites\/7\/2025\/10\/PHOTO-2025-09-29-07-29-18.jpg\"><img loading=\"lazy\" decoding=\"async\" width=\"1024\" height=\"576\" src=\"https:\/\/site.ac-martinique.fr\/ash\/wp-content\/uploads\/sites\/7\/2025\/10\/PHOTO-2025-09-29-07-29-18-1024x576.jpg\" alt=\"\" class=\"wp-image-3448\" style=\"width:666px;height:auto\" srcset=\"https:\/\/site.ac-martinique.fr\/ash\/wp-content\/uploads\/sites\/7\/2025\/10\/PHOTO-2025-09-29-07-29-18-1024x576.jpg 1024w, https:\/\/site.ac-martinique.fr\/ash\/wp-content\/uploads\/sites\/7\/2025\/10\/PHOTO-2025-09-29-07-29-18-300x169.jpg 300w, https:\/\/site.ac-martinique.fr\/ash\/wp-content\/uploads\/sites\/7\/2025\/10\/PHOTO-2025-09-29-07-29-18-768x432.jpg 768w, https:\/\/site.ac-martinique.fr\/ash\/wp-content\/uploads\/sites\/7\/2025\/10\/PHOTO-2025-09-29-07-29-18-750x422.jpg 750w, https:\/\/site.ac-martinique.fr\/ash\/wp-content\/uploads\/sites\/7\/2025\/10\/PHOTO-2025-09-29-07-29-18.jpg 1280w\" sizes=\"auto, (max-width: 1024px) 100vw, 1024px\" \/><\/a><\/figure>\n\n\n\n<p>14 classes mobilis\u00e9es pour c\u00e9l\u00e9brer la journ\u00e9e europp\u00e9enne des langues. <\/p>\n\n\n\n<p><\/p>\n\n\n\n<p><\/p>\n\n\n\n<figure class=\"wp-block-video\"><video height=\"480\" style=\"aspect-ratio: 848 \/ 480;\" width=\"848\" controls src=\"https:\/\/site.ac-martinique.fr\/ash\/wp-content\/uploads\/sites\/7\/2025\/10\/VIDEO-2025-10-03-17-50-38_transcode.mp4\"><\/video><\/figure>\n\n\n\n<p>Les mots de Mme l&rsquo;inspectrice CT-ASH<\/p>\n\n\n\n<figure class=\"wp-block-video\"><video height=\"480\" style=\"aspect-ratio: 848 \/ 480;\" width=\"848\" controls src=\"https:\/\/site.ac-martinique.fr\/ash\/wp-content\/uploads\/sites\/7\/2025\/10\/JFC-VIDEO-2025-10-03-17-50-38_transcode.mp4\"><\/video><\/figure>\n\n\n\n<p>Le t\u00e9moignage de fiert\u00e9 de M. CAMIUL<\/p>\n","protected":false},"excerpt":{"rendered":"<p>Le 26 septembre, la journ\u00e9e europ\u00e9enne des langues a r\u00e9uni l\u2019ensemble de l\u2019\u00e9cole Yolande SAINTE-ROSE autour d\u2019un chansigne collectif, m\u00ealant fran\u00e7ais, langue des signes fran\u00e7aise et espagnol. Ce moment symbolique a \u00e9galement marqu\u00e9 l\u2019ouverture officielle du PEJS (P\u00f4le d\u2019Enseignement pour Jeunes Sourds) au sein de l\u2019\u00e9tablissement. Ce temps fort a\u00e9galement\u00a0 permis de mettre en avant &hellip; <\/p>\n<p><a class=\"more-link btn\" href=\"https:\/\/site.ac-martinique.fr\/ash\/?page_id=3444\">Lire la suite<\/a><\/p>\n","protected":false},"author":484,"featured_media":0,"parent":3430,"menu_order":0,"comment_status":"closed","ping_status":"closed","template":"","meta":{"footnotes":""},"class_list":["post-3444","page","type-page","status-publish","hentry","nodate","item-wrap"],"_links":{"self":[{"href":"https:\/\/site.ac-martinique.fr\/ash\/index.php?rest_route=\/wp\/v2\/pages\/3444","targetHints":{"allow":["GET"]}}],"collection":[{"href":"https:\/\/site.ac-martinique.fr\/ash\/index.php?rest_route=\/wp\/v2\/pages"}],"about":[{"href":"https:\/\/site.ac-martinique.fr\/ash\/index.php?rest_route=\/wp\/v2\/types\/page"}],"author":[{"embeddable":true,"href":"https:\/\/site.ac-martinique.fr\/ash\/index.php?rest_route=\/wp\/v2\/users\/484"}],"replies":[{"embeddable":true,"href":"https:\/\/site.ac-martinique.fr\/ash\/index.php?rest_route=%2Fwp%2Fv2%2Fcomments&post=3444"}],"version-history":[{"count":4,"href":"https:\/\/site.ac-martinique.fr\/ash\/index.php?rest_route=\/wp\/v2\/pages\/3444\/revisions"}],"predecessor-version":[{"id":3465,"href":"https:\/\/site.ac-martinique.fr\/ash\/index.php?rest_route=\/wp\/v2\/pages\/3444\/revisions\/3465"}],"up":[{"embeddable":true,"href":"https:\/\/site.ac-martinique.fr\/ash\/index.php?rest_route=\/wp\/v2\/pages\/3430"}],"wp:attachment":[{"href":"https:\/\/site.ac-martinique.fr\/ash\/index.php?rest_route=%2Fwp%2Fv2%2Fmedia&parent=3444"}],"curies":[{"name":"wp","href":"https:\/\/api.w.org\/{rel}","templated":true}]}}