{"id":3474,"date":"2026-02-26T19:52:13","date_gmt":"2026-02-27T00:52:13","guid":{"rendered":"https:\/\/site.ac-martinique.fr\/ash\/?page_id=3474"},"modified":"2026-02-26T19:52:37","modified_gmt":"2026-02-27T00:52:37","slug":"circulaire-relative-a-la-pre-orienation-et-lorientation-vers-lenseignement-adapte-egpa","status":"publish","type":"page","link":"https:\/\/site.ac-martinique.fr\/ash\/?page_id=3474","title":{"rendered":"Circulaire relative \u00e0 la pr\u00e9-orientation et l&rsquo;orientation vers l&rsquo;enseignement adapt\u00e9 (EGPA)"},"content":{"rendered":"<p><a href=\"https:\/\/site.ac-martinique.fr\/ash\/wp-content\/uploads\/sites\/7\/2026\/02\/circulaire-segpa-1er-decembre-011225-001.pdf\">circulaire segpa 1er decembre-011225-001<\/a><\/p>\n\n\n<p><\/p>\n","protected":false},"excerpt":{"rendered":"<p>circulaire segpa 1er decembre-011225-001<\/p>\n","protected":false},"author":484,"featured_media":0,"parent":2388,"menu_order":0,"comment_status":"closed","ping_status":"closed","template":"","meta":{"footnotes":""},"class_list":["post-3474","page","type-page","status-publish","hentry","nodate","item-wrap"],"_links":{"self":[{"href":"https:\/\/site.ac-martinique.fr\/ash\/index.php?rest_route=\/wp\/v2\/pages\/3474","targetHints":{"allow":["GET"]}}],"collection":[{"href":"https:\/\/site.ac-martinique.fr\/ash\/index.php?rest_route=\/wp\/v2\/pages"}],"about":[{"href":"https:\/\/site.ac-martinique.fr\/ash\/index.php?rest_route=\/wp\/v2\/types\/page"}],"author":[{"embeddable":true,"href":"https:\/\/site.ac-martinique.fr\/ash\/index.php?rest_route=\/wp\/v2\/users\/484"}],"replies":[{"embeddable":true,"href":"https:\/\/site.ac-martinique.fr\/ash\/index.php?rest_route=%2Fwp%2Fv2%2Fcomments&post=3474"}],"version-history":[{"count":2,"href":"https:\/\/site.ac-martinique.fr\/ash\/index.php?rest_route=\/wp\/v2\/pages\/3474\/revisions"}],"predecessor-version":[{"id":3477,"href":"https:\/\/site.ac-martinique.fr\/ash\/index.php?rest_route=\/wp\/v2\/pages\/3474\/revisions\/3477"}],"up":[{"embeddable":true,"href":"https:\/\/site.ac-martinique.fr\/ash\/index.php?rest_route=\/wp\/v2\/pages\/2388"}],"wp:attachment":[{"href":"https:\/\/site.ac-martinique.fr\/ash\/index.php?rest_route=%2Fwp%2Fv2%2Fmedia&parent=3474"}],"curies":[{"name":"wp","href":"https:\/\/api.w.org\/{rel}","templated":true}]}}