{"id":3486,"date":"2026-02-26T20:04:35","date_gmt":"2026-02-27T01:04:35","guid":{"rendered":"https:\/\/site.ac-martinique.fr\/ash\/?page_id=3486"},"modified":"2026-02-26T20:14:31","modified_gmt":"2026-02-27T01:14:31","slug":"sensibilisation-activites-motrices-et-autisme","status":"publish","type":"page","link":"https:\/\/site.ac-martinique.fr\/ash\/?page_id=3486","title":{"rendered":"Sensibilisation: activit\u00e9s motrices et autisme"},"content":{"rendered":"<p>La Ligue de Martinique du sport Adapt\u00e9 (LMSA) organise le <strong>lundi 9 mars 2026 de 8h00 \u00e0 16H00 dans l\u2019amphith\u00e9\u00e2tre de l&rsquo;IMS,\u00a0<\/strong>une <strong>sensibilisation gratuite aux\u00a0 activit\u00e9s motrices et autisme.<\/strong><\/p>\n<p>Pour vous inscrire, adressez un mail \u00e0 :<\/p>\n<p><a class=\"moz-txt-link-freetext\" href=\"mailto:Benoit.Thiery@ac-martinique.fr\" target=\"_blank\" rel=\"noopener\">&#8211; Benoit.Thiery@ac-martinique.fr<\/a><\/p>\n<p>&#8211; et <a class=\"moz-txt-link-freetext\" href=\"mailto:ligue.martinique.sport.adapte@gmail.com\" target=\"_blank\" rel=\"noopener\">ligue.martinique.sport.adapte@gmail.com<\/a><\/p>\n<p>avant le lundi 2 mars \u00e0 midi.<\/p>\n\n\n<p><\/p>\n","protected":false},"excerpt":{"rendered":"<p>La Ligue de Martinique du sport Adapt\u00e9 (LMSA) organise le lundi 9 mars 2026 de 8h00 \u00e0 16H00 dans l\u2019amphith\u00e9\u00e2tre de l&rsquo;IMS,\u00a0une sensibilisation gratuite aux\u00a0 activit\u00e9s motrices et autisme. Pour vous inscrire, adressez un mail \u00e0 : &#8211; Benoit.Thiery@ac-martinique.fr &#8211; et ligue.martinique.sport.adapte@gmail.com avant le lundi 2 mars \u00e0 midi.<\/p>\n","protected":false},"author":484,"featured_media":0,"parent":2183,"menu_order":-1,"comment_status":"closed","ping_status":"closed","template":"","meta":{"footnotes":""},"class_list":["post-3486","page","type-page","status-publish","hentry","nodate","item-wrap"],"_links":{"self":[{"href":"https:\/\/site.ac-martinique.fr\/ash\/index.php?rest_route=\/wp\/v2\/pages\/3486","targetHints":{"allow":["GET"]}}],"collection":[{"href":"https:\/\/site.ac-martinique.fr\/ash\/index.php?rest_route=\/wp\/v2\/pages"}],"about":[{"href":"https:\/\/site.ac-martinique.fr\/ash\/index.php?rest_route=\/wp\/v2\/types\/page"}],"author":[{"embeddable":true,"href":"https:\/\/site.ac-martinique.fr\/ash\/index.php?rest_route=\/wp\/v2\/users\/484"}],"replies":[{"embeddable":true,"href":"https:\/\/site.ac-martinique.fr\/ash\/index.php?rest_route=%2Fwp%2Fv2%2Fcomments&post=3486"}],"version-history":[{"count":2,"href":"https:\/\/site.ac-martinique.fr\/ash\/index.php?rest_route=\/wp\/v2\/pages\/3486\/revisions"}],"predecessor-version":[{"id":3489,"href":"https:\/\/site.ac-martinique.fr\/ash\/index.php?rest_route=\/wp\/v2\/pages\/3486\/revisions\/3489"}],"up":[{"embeddable":true,"href":"https:\/\/site.ac-martinique.fr\/ash\/index.php?rest_route=\/wp\/v2\/pages\/2183"}],"wp:attachment":[{"href":"https:\/\/site.ac-martinique.fr\/ash\/index.php?rest_route=%2Fwp%2Fv2%2Fmedia&parent=3486"}],"curies":[{"name":"wp","href":"https:\/\/api.w.org\/{rel}","templated":true}]}}