{"id":366,"date":"2019-10-25T20:51:50","date_gmt":"2019-10-26T01:51:50","guid":{"rendered":"\/ash\/?page_id=366"},"modified":"2024-09-09T09:58:51","modified_gmt":"2024-09-09T14:58:51","slug":"les-pial-en-martinique","status":"publish","type":"page","link":"https:\/\/site.ac-martinique.fr\/ash\/?page_id=366","title":{"rendered":"Les PIAL en Martinique"},"content":{"rendered":"<div class=\"page\" title=\"Page 1\">\n<div class=\"layoutArea\">\n<div class=\"column\">\n<p>Les PIAL ont \u00e9volu\u00e9 depuis R2019. Le PIAL de Fort-de-France a \u00e9t\u00e9 scind\u00e9 en 2 tandis que le PIAL de Schoelcher et celui de Saint-Joseph ont gagn\u00e9 des \u00e9tablissements (voir cartographie ci-dessous).<\/p>\n<p>La note de cadrage de la mise en \u0153uvre des po\u0302les inclusifs d\u2019accompagnement localise\u0301 (PIAL) a\u0300 la rentre\u0301e 2019 indique qu&rsquo;\u00e0 la rentre\u0301e 2019, les Po\u0302les Inclusifs d\u2019Accompagnement Localise\u0301 (PIAL) sont de\u0301ploye\u0301s et mis en \u0153uvre dans toutes les e\u0301coles et tous les e\u0301tablissements de l\u2019enseignement public et prive\u0301 sous contrat de l\u2019acade\u0301mie de Martinique.<\/p>\n<p>Expe\u0301rimente\u0301s depuis septembre 2018, les PIAL constituent une nouvelle forme d\u2019organisation permettant de faciliter la gestion des besoins d&rsquo;accompagnement des e\u0301le\u0300ves en situation de handicap, dans un territoire de\u0301fini.<\/p>\n<p>Il s\u2019agit ainsi de mieux prendre en compte les besoins e\u0301ducatifs particuliers des e\u0301le\u0300ves en situation de handicap, en vue du de\u0301veloppement de leur autonomie.<\/p>\n<div class=\"page\" title=\"Page 2\">\n<div class=\"layoutArea\">\n<div class=\"column\">\n<p>Afin de coordonner les moyens d\u2019accompagnement humain, en fonction des besoins des e\u0301le\u0300ves en situation de handicap, <a href=\"\/ash\/wp-content\/uploads\/sites\/7\/2019\/10\/Capture-d\u2019e\u0301cran-2020-07-04-a\u0300-13.47.58.png\"><img loading=\"lazy\" decoding=\"async\" class=\"alignnone size-full wp-image-1236\" src=\"\/ash\/wp-content\/uploads\/sites\/7\/2019\/10\/Capture-d\u2019e\u0301cran-2020-07-04-a\u0300-13.47.58.png\" alt=\"\" width=\"2536\" height=\"1608\" srcset=\"https:\/\/site.ac-martinique.fr\/ash\/wp-content\/uploads\/sites\/7\/2019\/10\/Capture-d\u2019e\u0301cran-2020-07-04-a\u0300-13.47.58.png 2536w, https:\/\/site.ac-martinique.fr\/ash\/wp-content\/uploads\/sites\/7\/2019\/10\/Capture-d\u2019e\u0301cran-2020-07-04-a\u0300-13.47.58-300x190.png 300w, https:\/\/site.ac-martinique.fr\/ash\/wp-content\/uploads\/sites\/7\/2019\/10\/Capture-d\u2019e\u0301cran-2020-07-04-a\u0300-13.47.58-768x487.png 768w, https:\/\/site.ac-martinique.fr\/ash\/wp-content\/uploads\/sites\/7\/2019\/10\/Capture-d\u2019e\u0301cran-2020-07-04-a\u0300-13.47.58-1024x649.png 1024w, https:\/\/site.ac-martinique.fr\/ash\/wp-content\/uploads\/sites\/7\/2019\/10\/Capture-d\u2019e\u0301cran-2020-07-04-a\u0300-13.47.58-490x310.png 490w\" sizes=\"auto, (max-width: 2536px) 100vw, 2536px\" \/><\/a><\/p>\n<p>Ces derniers correspondent aux territoires de\u0301finis par les circonscriptions du premier degre\u0301 et incluent les e\u0301coles, colle\u0300ges et lyce\u0301es publics et prive\u0301s sous contrat qui y sont implante\u0301s. Les AESH sont ainsi, de\u0301sormais, affecte\u0301s a\u0300 un PIAL.<\/p>\n<\/div>\n<\/div>\n<\/div>\n<\/div>\n<\/div>\n<\/div>\n<p>&nbsp;<\/p>\n<div id=\"metaslider-id-24\" style=\"width: 100%;\" class=\"ml-slider-3-107-0 metaslider metaslider-nivo metaslider-24 ml-slider has-dots-nav ms-theme-default\" role=\"region\" aria-label=\"PIAL\" data-height=\"600\" data-width=\"850\">\n    <div id=\"metaslider_container_24\">\n        <div class='slider-wrapper theme-default'><div class='ribbon'><\/div><div id='metaslider_24' class='nivoSlider'><img loading=\"lazy\" decoding=\"async\" src=\"https:\/\/site.ac-martinique.fr\/ash\/wp-content\/uploads\/sites\/7\/2019\/10\/Capture-d\u2019e\u0301cran-2019-10-27-a\u0300-21.26.03-850x600.png\" height=\"600\" width=\"850\" alt=\"\" class=\"slider-24 slide-421 msDefaultImage\" \/><img loading=\"lazy\" decoding=\"async\" src=\"https:\/\/site.ac-martinique.fr\/ash\/wp-content\/uploads\/sites\/7\/2019\/10\/Capture-d\u2019e\u0301cran-2019-10-27-a\u0300-21.32.54-850x600.png\" height=\"600\" width=\"850\" alt=\"\" class=\"slider-24 slide-424 msDefaultImage\" \/><img loading=\"lazy\" decoding=\"async\" src=\"https:\/\/site.ac-martinique.fr\/ash\/wp-content\/uploads\/sites\/7\/2019\/10\/Capture-d\u2019e\u0301cran-2019-10-27-a\u0300-21.26.52-850x600.png\" height=\"600\" width=\"850\" alt=\"\" class=\"slider-24 slide-422 msDefaultImage\" \/><img loading=\"lazy\" decoding=\"async\" src=\"https:\/\/site.ac-martinique.fr\/ash\/wp-content\/uploads\/sites\/7\/2019\/10\/Capture-d\u2019e\u0301cran-2019-10-27-a\u0300-21.21.20-850x600.png\" height=\"600\" width=\"850\" alt=\"\" class=\"slider-24 slide-418 msDefaultImage\" \/><img loading=\"lazy\" decoding=\"async\" src=\"https:\/\/site.ac-martinique.fr\/ash\/wp-content\/uploads\/sites\/7\/2019\/10\/Capture-d\u2019e\u0301cran-2019-10-27-a\u0300-21.21.36-850x600.png\" height=\"600\" width=\"850\" alt=\"\" class=\"slider-24 slide-419 msDefaultImage\" \/><img loading=\"lazy\" decoding=\"async\" src=\"https:\/\/site.ac-martinique.fr\/ash\/wp-content\/uploads\/sites\/7\/2019\/10\/Capture-d\u2019e\u0301cran-2019-10-18-a\u0300-20.21.17-850x600.png\" height=\"600\" width=\"850\" alt=\"\" class=\"slider-24 slide-393 msDefaultImage\" \/><\/div><\/div>\n        \n    <\/div>\n<\/div>\n<p><a href=\"\/ash\/wp-content\/uploads\/sites\/7\/2019\/11\/Note-de-Cadrage-PIAL-20-aout-2019.pdf\">Note de Cadrage PIAL 20 aout 2019<\/a><\/p>\n<p><a href=\"\/ash\/wp-content\/uploads\/sites\/7\/2019\/10\/film-annuel-PIAL-annexe-2-VF.pdf\">film annuel PIAL annexe 2 VF<\/a><\/p>\n<p><a href=\"\/ash\/wp-content\/uploads\/sites\/7\/2019\/10\/VADE-MECUM-PIAL.pdf\">VADE MECUM PIAL<\/a><\/p>\n<p><a href=\"\/ash\/wp-content\/uploads\/sites\/7\/2019\/10\/Organisation-des-PIAL-R2020-Site.docx\">Organisation des PIAL R2020 Site<\/a><\/p>\n","protected":false},"excerpt":{"rendered":"<p>Les PIAL ont \u00e9volu\u00e9 depuis R2019. Le PIAL de Fort-de-France a \u00e9t\u00e9 scind\u00e9 en 2 tandis que le PIAL de Schoelcher et celui de Saint-Joseph ont gagn\u00e9 des \u00e9tablissements (voir cartographie ci-dessous). La note de cadrage de la mise en \u0153uvre des po\u0302les inclusifs d\u2019accompagnement localise\u0301 (PIAL) a\u0300 la rentre\u0301e 2019 indique qu&rsquo;\u00e0 la rentre\u0301e &hellip; <\/p>\n<p><a class=\"more-link btn\" href=\"https:\/\/site.ac-martinique.fr\/ash\/?page_id=366\">Lire la suite<\/a><\/p>\n","protected":false},"author":10,"featured_media":0,"parent":2350,"menu_order":0,"comment_status":"closed","ping_status":"closed","template":"","meta":{"footnotes":""},"class_list":["post-366","page","type-page","status-publish","hentry","nodate","item-wrap"],"_links":{"self":[{"href":"https:\/\/site.ac-martinique.fr\/ash\/index.php?rest_route=\/wp\/v2\/pages\/366","targetHints":{"allow":["GET"]}}],"collection":[{"href":"https:\/\/site.ac-martinique.fr\/ash\/index.php?rest_route=\/wp\/v2\/pages"}],"about":[{"href":"https:\/\/site.ac-martinique.fr\/ash\/index.php?rest_route=\/wp\/v2\/types\/page"}],"author":[{"embeddable":true,"href":"https:\/\/site.ac-martinique.fr\/ash\/index.php?rest_route=\/wp\/v2\/users\/10"}],"replies":[{"embeddable":true,"href":"https:\/\/site.ac-martinique.fr\/ash\/index.php?rest_route=%2Fwp%2Fv2%2Fcomments&post=366"}],"version-history":[{"count":7,"href":"https:\/\/site.ac-martinique.fr\/ash\/index.php?rest_route=\/wp\/v2\/pages\/366\/revisions"}],"predecessor-version":[{"id":1249,"href":"https:\/\/site.ac-martinique.fr\/ash\/index.php?rest_route=\/wp\/v2\/pages\/366\/revisions\/1249"}],"up":[{"embeddable":true,"href":"https:\/\/site.ac-martinique.fr\/ash\/index.php?rest_route=\/wp\/v2\/pages\/2350"}],"wp:attachment":[{"href":"https:\/\/site.ac-martinique.fr\/ash\/index.php?rest_route=%2Fwp%2Fv2%2Fmedia&parent=366"}],"curies":[{"name":"wp","href":"https:\/\/api.w.org\/{rel}","templated":true}]}}