{"id":382,"date":"2019-10-27T16:56:02","date_gmt":"2019-10-27T21:56:02","guid":{"rendered":"\/ash\/?page_id=382"},"modified":"2019-10-27T20:49:36","modified_gmt":"2019-10-28T01:49:36","slug":"pour-une-ecole-inclusive","status":"publish","type":"page","link":"https:\/\/site.ac-martinique.fr\/ash\/?page_id=382","title":{"rendered":"Pour une \u00e9cole inclusive"},"content":{"rendered":"<div class=\"titre\">\n<h1>Permettre \u00e0 l&rsquo;\u00c9cole d&rsquo;\u00eatre pleinement inclusive&#8230;<\/h1>\n<p>C&rsquo;est une ambition forte du pr\u00e9sident de la R\u00e9publique qui a fait de la scolarisation des \u00e9l\u00e8ves en situation de handicap une priorit\u00e9 du quinquennat.<\/p>\n<\/div>\n<div class=\"padding-left-10\">\n<div class=\"chapo margin-bottom-20 padding-top-10 font-georgia font-12 font-grey bold\">\n<p>La <strong>loi n\u00b02019-791<\/strong> pour une<em> \u00ab \u00e9cole de la confiance \u00bb<\/em> consacre son chapitre IV \u00e0 ce sujet. L&rsquo;objectif est, dans le cadre d&rsquo;un service public de l&rsquo;\u00e9cole inclusive, d&rsquo;assurer <em>une scolarisation de qualit\u00e9<\/em> \u00e0 tous les \u00e9l\u00e8ves de la maternelle au lyc\u00e9e et la prise en compte de leurs singularit\u00e9s et de leurs besoins \u00e9ducatifs particuliers.<br \/>\nLe <strong>Comit\u00e9 national de suivi de l&rsquo;\u00e9cole inclusive<\/strong>, install\u00e9 par Jean-Michel Blanquer et Sophie Cluzel le 17 juillet 2019, incarne l&rsquo;engagement conjoint des diff\u00e9rents acteurs, \u00c9tat, collectivit\u00e9s territoriales et associations, dans la r\u00e9alisation d&rsquo;une \u00e9cole pour tous. Ce comit\u00e9 est charg\u00e9 de suivre le d\u00e9ploiement de l&rsquo;\u00e9cole inclusive et d&rsquo;en identifier les conditions de r\u00e9ussite et les freins.<\/p>\n<\/div>\n<\/div>\n<div class=\"content-default dossier-docu-body\">\n<p>La <a href=\"https:\/\/www.education.gouv.fr\/pid285\/bulletin_officiel.html?cid_bo=142545\" target=\"_blank\">circulaire de rentr\u00e9e 2019 &#8211; \u00c9cole inclusive<\/a>\u00a0 (BO du 5 juin 2019) a pour objet de pr\u00e9ciser les actions et moyens \u00e0 mettre en \u0153uvre d\u00e8s la rentr\u00e9e 2019 pour instituer dans chaque acad\u00e9mie et dans chaque d\u00e9partement<strong> un service public de l&rsquo;\u00c9cole inclusive\u00a0:<\/strong><\/p>\n<ol>\n<li>Instituer un service d\u00e9partemental \u00c9cole inclusive<\/li>\n<li>Organiser les p\u00f4les inclusifs d&rsquo;accompagnement localis\u00e9s<\/li>\n<li>Mieux accueillir les parents et mieux scolariser les \u00e9l\u00e8ves<\/li>\n<li>Reconna\u00eetre le travail des enseignants, les soutenir et d\u00e9ployer une offre de formation accessible<\/li>\n<li>Renforcer l&rsquo;appartenance des AESH \u00e0 la communaut\u00e9 \u00e9ducative<\/li>\n<li>Simplifier les d\u00e9marches pour tous<\/li>\n<li>Mieux suivre les parcours inclusifs et \u00e9valuer la qualit\u00e9 des actions<\/li>\n<\/ol>\n<p><a href=\"https:\/\/www.youtube.com\/watch?v=bV4i96VfkK0\"><img loading=\"lazy\" decoding=\"async\" class=\"alignnone size-full wp-image-427\" src=\"\/ash\/wp-content\/uploads\/sites\/7\/2019\/10\/Capture-d\u2019e\u0301cran-2019-10-27-a\u0300-21.47.50.png\" alt=\"\" width=\"1922\" height=\"1092\" srcset=\"https:\/\/site.ac-martinique.fr\/ash\/wp-content\/uploads\/sites\/7\/2019\/10\/Capture-d\u2019e\u0301cran-2019-10-27-a\u0300-21.47.50.png 1922w, https:\/\/site.ac-martinique.fr\/ash\/wp-content\/uploads\/sites\/7\/2019\/10\/Capture-d\u2019e\u0301cran-2019-10-27-a\u0300-21.47.50-300x170.png 300w, https:\/\/site.ac-martinique.fr\/ash\/wp-content\/uploads\/sites\/7\/2019\/10\/Capture-d\u2019e\u0301cran-2019-10-27-a\u0300-21.47.50-768x436.png 768w, https:\/\/site.ac-martinique.fr\/ash\/wp-content\/uploads\/sites\/7\/2019\/10\/Capture-d\u2019e\u0301cran-2019-10-27-a\u0300-21.47.50-1024x582.png 1024w\" sizes=\"auto, (max-width: 1922px) 100vw, 1922px\" \/><\/a><\/p>\n<\/div>\n","protected":false},"excerpt":{"rendered":"<p>Permettre \u00e0 l&rsquo;\u00c9cole d&rsquo;\u00eatre pleinement inclusive&#8230; C&rsquo;est une ambition forte du pr\u00e9sident de la R\u00e9publique qui a fait de la scolarisation des \u00e9l\u00e8ves en situation de handicap une priorit\u00e9 du quinquennat. La loi n\u00b02019-791 pour une \u00ab \u00e9cole de la confiance \u00bb consacre son chapitre IV \u00e0 ce sujet. L&rsquo;objectif est, dans le cadre d&rsquo;un &hellip; <\/p>\n<p><a class=\"more-link btn\" href=\"https:\/\/site.ac-martinique.fr\/ash\/?page_id=382\">Lire la suite<\/a><\/p>\n","protected":false},"author":10,"featured_media":0,"parent":0,"menu_order":0,"comment_status":"closed","ping_status":"closed","template":"","meta":{"footnotes":""},"class_list":["post-382","page","type-page","status-publish","hentry","nodate","item-wrap"],"_links":{"self":[{"href":"https:\/\/site.ac-martinique.fr\/ash\/index.php?rest_route=\/wp\/v2\/pages\/382","targetHints":{"allow":["GET"]}}],"collection":[{"href":"https:\/\/site.ac-martinique.fr\/ash\/index.php?rest_route=\/wp\/v2\/pages"}],"about":[{"href":"https:\/\/site.ac-martinique.fr\/ash\/index.php?rest_route=\/wp\/v2\/types\/page"}],"author":[{"embeddable":true,"href":"https:\/\/site.ac-martinique.fr\/ash\/index.php?rest_route=\/wp\/v2\/users\/10"}],"replies":[{"embeddable":true,"href":"https:\/\/site.ac-martinique.fr\/ash\/index.php?rest_route=%2Fwp%2Fv2%2Fcomments&post=382"}],"version-history":[{"count":6,"href":"https:\/\/site.ac-martinique.fr\/ash\/index.php?rest_route=\/wp\/v2\/pages\/382\/revisions"}],"predecessor-version":[{"id":429,"href":"https:\/\/site.ac-martinique.fr\/ash\/index.php?rest_route=\/wp\/v2\/pages\/382\/revisions\/429"}],"wp:attachment":[{"href":"https:\/\/site.ac-martinique.fr\/ash\/index.php?rest_route=%2Fwp%2Fv2%2Fmedia&parent=382"}],"curies":[{"name":"wp","href":"https:\/\/api.w.org\/{rel}","templated":true}]}}