{"id":396,"date":"2025-06-21T07:57:09","date_gmt":"2025-06-21T12:57:09","guid":{"rendered":"\/ash\/?page_id=396"},"modified":"2025-09-08T15:43:52","modified_gmt":"2025-09-08T20:43:52","slug":"le-cappei","status":"publish","type":"page","link":"https:\/\/site.ac-martinique.fr\/ash\/?page_id=396","title":{"rendered":"Le CAPPEI"},"content":{"rendered":"\n<p>Certificat d&rsquo;Aptitude Professionnelle aux Pratiques de l\u2019\u00c9ducation Inclusive et formation professionnelle sp\u00e9cialis\u00e9e<\/p>\n\n\n\n<p>Le CAPPEI est une certification qui atteste de la comp\u00e9tence des enseignants sp\u00e9cialis\u00e9s \u00e0 r\u00e9pondre aux besoins des \u00e9l\u00e8ves en situation de handicap, en grande difficult\u00e9 scolaire ou \u00e0 difficult\u00e9s d\u2019expression comportementales. Cette formation vise \u00e0 d\u00e9velopper les pratiques professionnelles inclusives, collaboratives et r\u00e9flexives.<\/p>\n\n\n\n<p class=\"has-luminous-vivid-orange-color has-text-color has-link-color has-larger-font-size wp-elements-2098e2c2ef05ce71c97aa7f79865a7b9\">Objectifs de la formation<\/p>\n\n\n\n<p><br>\u27a2 D\u00e9velopper une posture d\u2019enseignant sp\u00e9cialis\u00e9.<br>\u27a2 Acqu\u00e9rir des connaissances sur les besoins \u00e9ducatifs particuliers.<br>\u27a2 Renforcer les comp\u00e9tences d\u2019analyse de situations des \u00e9l\u00e8ves \u00e0 BEP et des r\u00e9ponses \u00e0 apporter.<br>\u27a2 Travailler en partenariat avec les familles et les professionnels.<br>\u27a2 Devenir personne ressource<\/p>\n\n\n\n<h1 class=\"wp-block-heading has-luminous-vivid-orange-color has-text-color has-link-color wp-elements-18026f890d2fe656cf3a8b62b0f481ee\"><strong>Calendrier des regroupements CAPPEI<\/strong><\/h1>\n\n\n\n<p>Chaque ann\u00e9e, les stagiaires CAPPEI sont regroup\u00e9s 5 fois durant l&rsquo;ann\u00e9e scolaire en alternance avec la prise en main de leurs \u00e9l\u00e8ves.<\/p>\n\n\n\n<p>Les sessions de formation se d\u00e9ploieront sur 3 sites:<\/p>\n\n\n\n<ul class=\"wp-block-list\">\n<li>le rectorat de Terville\/Kerlys<\/li>\n\n\n\n<li>l&rsquo;annexe du Coll\u00e8ge Aim\u00e9 C\u00e9saire<\/li>\n\n\n\n<li>l&rsquo;universit\u00e9 des Antilles<\/li>\n<\/ul>\n\n\n\n<p><\/p>\n\n\n\n<p class=\"has-vivid-purple-color has-text-color has-link-color wp-elements-b55604b01936348e210a5707dd9295ac\">Calendrier de la formation CAPPEI 2025-2026<\/p>\n\n\n\n<p class=\"tw-block-animation tw-animation-scale-in\">La&nbsp; 1\u00e8re session de formation au CAPPEI 25-26 a d\u00e9but\u00e9&nbsp; le lundi 30 juin 2025.&nbsp;<\/p>\n\n\n\n<p class=\"tw-block-animation tw-animation-scale-in\">Les regroupements se feront aux dates suivantes:<br>\u20aa Regroupement 1 : 22\/09 au 10\/10\/2025<br>\u20aa Regroupement 2 : 24\/11 au 05\/12\/2025<br>\u20aa Regroupement 3 : 12\/01 au 30\/01\/2026<br>\u20aa Regroupement 4 : 09\/03 au 20\/03\/2026<br>\u20aa Regroupement 5 : 27\/04 au 12\/05\/2026<\/p>\n\n\n\n<div data-wp-interactive=\"core\/file\" class=\"wp-block-file\"><object data-wp-bind--hidden=\"!state.hasPdfPreview\" hidden class=\"wp-block-file__embed\" data=\"https:\/\/site.ac-martinique.fr\/ash\/wp-content\/uploads\/sites\/7\/2025\/09\/calendrier-CAPPEI-20-08-2025-.pdf\" type=\"application\/pdf\" style=\"width:100%;height:600px\" aria-label=\"Contenu embarqu\u00e9 calendrier CAPPEI 20 08 2025.\"><\/object><a id=\"wp-block-file--media-96f11e8a-1ce4-4c7f-91e5-502c43df1b60\" href=\"https:\/\/site.ac-martinique.fr\/ash\/wp-content\/uploads\/sites\/7\/2025\/09\/calendrier-CAPPEI-20-08-2025-.pdf\">calendrier CAPPEI 20 08 2025<\/a><a href=\"https:\/\/site.ac-martinique.fr\/ash\/wp-content\/uploads\/sites\/7\/2025\/09\/calendrier-CAPPEI-20-08-2025-.pdf\" class=\"wp-block-file__button wp-element-button\" download aria-describedby=\"wp-block-file--media-96f11e8a-1ce4-4c7f-91e5-502c43df1b60\">T\u00e9l\u00e9charger<\/a><\/div>\n\n\n\n<p class=\"has-luminous-vivid-orange-color has-text-color has-link-color has-large-font-size wp-elements-3dd9e602b785684958f511decd4a431f\">Pr\u00e9sentation de la formation CAPPEI<\/p>\n\n\n\n<p class=\"has-luminous-vivid-orange-color has-text-color has-link-color has-large-font-size wp-elements-6312e63d763bd81a07f3268eae179939\">\u00a0<\/p>\n\n\n\n<figure class=\"wp-block-image size-large\"><a href=\"https:\/\/site.ac-martinique.fr\/ash\/wp-content\/uploads\/sites\/7\/2025\/09\/tronc-commun.jpg\"><img loading=\"lazy\" decoding=\"async\" width=\"1024\" height=\"633\" src=\"https:\/\/site.ac-martinique.fr\/ash\/wp-content\/uploads\/sites\/7\/2025\/09\/tronc-commun-1024x633.jpg\" alt=\"\" class=\"wp-image-3407\" srcset=\"https:\/\/site.ac-martinique.fr\/ash\/wp-content\/uploads\/sites\/7\/2025\/09\/tronc-commun-1024x633.jpg 1024w, https:\/\/site.ac-martinique.fr\/ash\/wp-content\/uploads\/sites\/7\/2025\/09\/tronc-commun-300x185.jpg 300w, https:\/\/site.ac-martinique.fr\/ash\/wp-content\/uploads\/sites\/7\/2025\/09\/tronc-commun-768x475.jpg 768w, https:\/\/site.ac-martinique.fr\/ash\/wp-content\/uploads\/sites\/7\/2025\/09\/tronc-commun-750x464.jpg 750w, https:\/\/site.ac-martinique.fr\/ash\/wp-content\/uploads\/sites\/7\/2025\/09\/tronc-commun.jpg 1160w\" sizes=\"auto, (max-width: 1024px) 100vw, 1024px\" \/><\/a><\/figure>\n\n\n\n<p class=\"has-luminous-vivid-orange-color has-text-color has-link-color has-large-font-size wp-elements-0feb2bc94a32d3ba6cfb56c824dbd89e\">Pilotage acad\u00e9mique de la formation CAPPEI<\/p>\n\n\n\n<p>Pilote de la formation : Nathalie ZOZIME, IEN ASH CTR<br>Coordonnatrice de la formation : MF R\u00e9becca LOCHE-ERTUS, CPD ASH<\/p>\n\n\n\n<p><\/p>\n\n\n\n<h3 class=\"wp-block-heading MF07-titre has-luminous-vivid-orange-color has-text-color has-link-color wp-elements-1b69c54b9b252f6995a5383c1e0f74bb\">Circulaire relative \u00e0 la formation professionnelle sp\u00e9cialis\u00e9e et au certificat d&rsquo;aptitude professionnelle aux pratiques de l&rsquo;\u00e9ducation inclusive (Cappei)<\/h3>\n\n\n\n<div class=\"nor_entete\"><a href=\"https:\/\/www.education.gouv.fr\/pid285\/bulletin_officiel.html?cid_bo=113028\"><span class=\"nor_nor\"><acronym title=\"syst\u00e8me normalis\u00e9 de num\u00e9rotation (NOR) des textes officiels publi\u00e9es\">NOR<\/acronym> : MENE1704263C<\/span><\/a><br><span class=\"nor_nature\">circulaire n\u00b0 2017-026 du 14-2-2017<\/span><br><span class=\"nor_emetteur\">MENESR &#8211; DGESCO A1-3<\/span><\/div>\n\n\n\n<div>&nbsp;<\/div>\n\n\n\n<div>modifi\u00e9e par la&nbsp;<span style=\"font-size: revert; color: initial;\">Circulaire du 12-2-2021<\/span><\/div>\n\n\n\n<p><a href=\"https:\/\/www.education.gouv.fr\/bo\/21\/Hebdo10\/MENE2101543C.htm\">https:\/\/www.education.gouv.fr\/bo\/21\/Hebdo10\/MENE2101543C.htm<\/a><\/p>\n\n\n\n<p><\/p>\n","protected":false},"excerpt":{"rendered":"<p>Certificat d&rsquo;Aptitude Professionnelle aux Pratiques de l\u2019\u00c9ducation Inclusive et formation professionnelle sp\u00e9cialis\u00e9e Le CAPPEI est une certification qui atteste de la comp\u00e9tence des enseignants sp\u00e9cialis\u00e9s \u00e0 r\u00e9pondre aux besoins des \u00e9l\u00e8ves en situation de handicap, en grande difficult\u00e9 scolaire ou \u00e0 difficult\u00e9s d\u2019expression comportementales. Cette formation vise \u00e0 d\u00e9velopper les pratiques professionnelles inclusives, collaboratives et &hellip; <\/p>\n<p><a class=\"more-link btn\" href=\"https:\/\/site.ac-martinique.fr\/ash\/?page_id=396\">Lire la suite<\/a><\/p>\n","protected":false},"author":484,"featured_media":3405,"parent":0,"menu_order":1,"comment_status":"closed","ping_status":"closed","template":"","meta":{"footnotes":""},"class_list":["post-396","page","type-page","status-publish","has-post-thumbnail","hentry","nodate","item-wrap"],"_links":{"self":[{"href":"https:\/\/site.ac-martinique.fr\/ash\/index.php?rest_route=\/wp\/v2\/pages\/396","targetHints":{"allow":["GET"]}}],"collection":[{"href":"https:\/\/site.ac-martinique.fr\/ash\/index.php?rest_route=\/wp\/v2\/pages"}],"about":[{"href":"https:\/\/site.ac-martinique.fr\/ash\/index.php?rest_route=\/wp\/v2\/types\/page"}],"author":[{"embeddable":true,"href":"https:\/\/site.ac-martinique.fr\/ash\/index.php?rest_route=\/wp\/v2\/users\/484"}],"replies":[{"embeddable":true,"href":"https:\/\/site.ac-martinique.fr\/ash\/index.php?rest_route=%2Fwp%2Fv2%2Fcomments&post=396"}],"version-history":[{"count":40,"href":"https:\/\/site.ac-martinique.fr\/ash\/index.php?rest_route=\/wp\/v2\/pages\/396\/revisions"}],"predecessor-version":[{"id":3408,"href":"https:\/\/site.ac-martinique.fr\/ash\/index.php?rest_route=\/wp\/v2\/pages\/396\/revisions\/3408"}],"wp:featuredmedia":[{"embeddable":true,"href":"https:\/\/site.ac-martinique.fr\/ash\/index.php?rest_route=\/wp\/v2\/media\/3405"}],"wp:attachment":[{"href":"https:\/\/site.ac-martinique.fr\/ash\/index.php?rest_route=%2Fwp%2Fv2%2Fmedia&parent=396"}],"curies":[{"name":"wp","href":"https:\/\/api.w.org\/{rel}","templated":true}]}}