{"id":449,"date":"2019-11-04T13:05:47","date_gmt":"2019-11-04T18:05:47","guid":{"rendered":"\/ash\/?page_id=449"},"modified":"2022-10-03T11:38:17","modified_gmt":"2022-10-03T16:38:17","slug":"formation-des-aesh","status":"publish","type":"page","link":"https:\/\/site.ac-martinique.fr\/ash\/?page_id=449","title":{"rendered":"Formation \u00e0 l&rsquo;Adaptation \u00e0 l&rsquo;Emploi des AESH"},"content":{"rendered":"<p style=\"text-align: center\"><strong>La FAE ou formation initiale des AESH &#8211; 2021-22<br><\/strong><\/p>\n<p><u><b>Les domaines de formation (Selon le cahier des charges de la DGESCO)<\/b><\/u><\/p>\n<ul>\n<li><b>Des \u00e9l\u00e9ments de connaissance du fonctionnement du syst\u00e8me \u00e9ducatif <\/b>:<\/li>\n<li>organisation de la scolarit\u00e9 ; r\u00f4les et responsabilit\u00e9s dans le 1er et le 2nd degr\u00e9s.<\/li>\n<li><b>Des \u00e9l\u00e9ments de connaissance relatifs aux besoins des \u00e9l\u00e8ves handicap\u00e9s et aux situations de handicap<\/b>.<\/li>\n<li><b>Des comp\u00e9tences en lien direct avec les t\u00e2ches qui leur sont confi\u00e9es <\/b>:<\/li>\n<li>Aide \u00e0 l\u2019\u00e9l\u00e8ve sur le plan mat\u00e9riel, sur le plan scolaire, mais aussi facilitation de la communication et de la socialisation.<\/li>\n<li>En mati\u00e8re d\u2019hygi\u00e8ne courante et de gestes techniques \u00e9l\u00e9mentaires.<\/li>\n<\/ul>\n<p><u><b>Modalit\u00e9 de la formation<\/b><\/u><\/p>\n<p>16 Modules de formation obligatoire de 60 heures :<\/p>\n<p><a href=\"https:\/\/site.ac-martinique.fr\/ash\/wp-content\/uploads\/sites\/7\/2021\/09\/Capture-de\u0301cran-2021-09-22-a\u0300-11.57.02.png\"><img loading=\"lazy\" decoding=\"async\" class=\"alignnone  wp-image-1626\" src=\"https:\/\/site.ac-martinique.fr\/ash\/wp-content\/uploads\/sites\/7\/2021\/09\/Capture-de\u0301cran-2021-09-22-a\u0300-11.57.02-300x94.png\" alt=\"\" width=\"900\" height=\"282\" srcset=\"https:\/\/site.ac-martinique.fr\/ash\/wp-content\/uploads\/sites\/7\/2021\/09\/Capture-de\u0301cran-2021-09-22-a\u0300-11.57.02-300x94.png 300w, https:\/\/site.ac-martinique.fr\/ash\/wp-content\/uploads\/sites\/7\/2021\/09\/Capture-de\u0301cran-2021-09-22-a\u0300-11.57.02-1024x320.png 1024w, https:\/\/site.ac-martinique.fr\/ash\/wp-content\/uploads\/sites\/7\/2021\/09\/Capture-de\u0301cran-2021-09-22-a\u0300-11.57.02-768x240.png 768w, https:\/\/site.ac-martinique.fr\/ash\/wp-content\/uploads\/sites\/7\/2021\/09\/Capture-de\u0301cran-2021-09-22-a\u0300-11.57.02-1536x480.png 1536w, https:\/\/site.ac-martinique.fr\/ash\/wp-content\/uploads\/sites\/7\/2021\/09\/Capture-de\u0301cran-2021-09-22-a\u0300-11.57.02.png 1996w\" sizes=\"auto, (max-width: 900px) 100vw, 900px\" \/><\/a><\/p>\n<p><a href=\"https:\/\/site.ac-martinique.fr\/ash\/wp-content\/uploads\/sites\/7\/2021\/09\/Capture-de\u0301cran-2021-09-22-a\u0300-11.58.10.png\"><img loading=\"lazy\" decoding=\"async\" class=\"alignnone  wp-image-1628\" src=\"https:\/\/site.ac-martinique.fr\/ash\/wp-content\/uploads\/sites\/7\/2021\/09\/Capture-de\u0301cran-2021-09-22-a\u0300-11.58.10-300x169.png\" alt=\"\" width=\"728\" height=\"410\" srcset=\"https:\/\/site.ac-martinique.fr\/ash\/wp-content\/uploads\/sites\/7\/2021\/09\/Capture-de\u0301cran-2021-09-22-a\u0300-11.58.10-300x169.png 300w, https:\/\/site.ac-martinique.fr\/ash\/wp-content\/uploads\/sites\/7\/2021\/09\/Capture-de\u0301cran-2021-09-22-a\u0300-11.58.10-1024x578.png 1024w, https:\/\/site.ac-martinique.fr\/ash\/wp-content\/uploads\/sites\/7\/2021\/09\/Capture-de\u0301cran-2021-09-22-a\u0300-11.58.10-768x433.png 768w, https:\/\/site.ac-martinique.fr\/ash\/wp-content\/uploads\/sites\/7\/2021\/09\/Capture-de\u0301cran-2021-09-22-a\u0300-11.58.10-1536x866.png 1536w, https:\/\/site.ac-martinique.fr\/ash\/wp-content\/uploads\/sites\/7\/2021\/09\/Capture-de\u0301cran-2021-09-22-a\u0300-11.58.10.png 2000w\" sizes=\"auto, (max-width: 728px) 100vw, 728px\" \/><\/a><\/p>\n\n\n<figure class=\"wp-block-image size-large\"><a href=\"https:\/\/site.ac-martinique.fr\/ash\/wp-content\/uploads\/sites\/7\/2021\/10\/Capture-de\u0301cran-2021-10-19-a\u0300-16.45.16.png\"><img loading=\"lazy\" decoding=\"async\" width=\"1024\" height=\"97\" src=\"https:\/\/site.ac-martinique.fr\/ash\/wp-content\/uploads\/sites\/7\/2021\/10\/Capture-de\u0301cran-2021-10-19-a\u0300-16.45.16-1024x97.png\" alt=\"\" class=\"wp-image-1761\" srcset=\"https:\/\/site.ac-martinique.fr\/ash\/wp-content\/uploads\/sites\/7\/2021\/10\/Capture-de\u0301cran-2021-10-19-a\u0300-16.45.16-1024x97.png 1024w, https:\/\/site.ac-martinique.fr\/ash\/wp-content\/uploads\/sites\/7\/2021\/10\/Capture-de\u0301cran-2021-10-19-a\u0300-16.45.16-300x28.png 300w, https:\/\/site.ac-martinique.fr\/ash\/wp-content\/uploads\/sites\/7\/2021\/10\/Capture-de\u0301cran-2021-10-19-a\u0300-16.45.16-768x73.png 768w, https:\/\/site.ac-martinique.fr\/ash\/wp-content\/uploads\/sites\/7\/2021\/10\/Capture-de\u0301cran-2021-10-19-a\u0300-16.45.16.png 1390w\" sizes=\"auto, (max-width: 1024px) 100vw, 1024px\" \/><\/a><\/figure>\n\n\n\n<figure class=\"wp-block-image size-large\"><a href=\"https:\/\/site.ac-martinique.fr\/ash\/wp-content\/uploads\/sites\/7\/2021\/10\/Capture-de\u0301cran-2021-10-19-a\u0300-16.43.43.png\"><img loading=\"lazy\" decoding=\"async\" width=\"1024\" height=\"228\" src=\"https:\/\/site.ac-martinique.fr\/ash\/wp-content\/uploads\/sites\/7\/2021\/10\/Capture-de\u0301cran-2021-10-19-a\u0300-16.43.43-1024x228.png\" alt=\"\" class=\"wp-image-1759\" srcset=\"https:\/\/site.ac-martinique.fr\/ash\/wp-content\/uploads\/sites\/7\/2021\/10\/Capture-de\u0301cran-2021-10-19-a\u0300-16.43.43-1024x228.png 1024w, https:\/\/site.ac-martinique.fr\/ash\/wp-content\/uploads\/sites\/7\/2021\/10\/Capture-de\u0301cran-2021-10-19-a\u0300-16.43.43-300x67.png 300w, https:\/\/site.ac-martinique.fr\/ash\/wp-content\/uploads\/sites\/7\/2021\/10\/Capture-de\u0301cran-2021-10-19-a\u0300-16.43.43-768x171.png 768w, https:\/\/site.ac-martinique.fr\/ash\/wp-content\/uploads\/sites\/7\/2021\/10\/Capture-de\u0301cran-2021-10-19-a\u0300-16.43.43.png 1386w\" sizes=\"auto, (max-width: 1024px) 100vw, 1024px\" \/><\/a><\/figure>\n\n\n\n<figure class=\"wp-block-image size-large\"><a href=\"https:\/\/site.ac-martinique.fr\/ash\/wp-content\/uploads\/sites\/7\/2021\/09\/Capture-de\u0301cran-2021-09-22-a\u0300-12.37.56.png\"><img loading=\"lazy\" decoding=\"async\" width=\"1024\" height=\"519\" src=\"https:\/\/site.ac-martinique.fr\/ash\/wp-content\/uploads\/sites\/7\/2021\/09\/Capture-de\u0301cran-2021-09-22-a\u0300-12.37.56-1024x519.png\" alt=\"\" class=\"wp-image-1638\" srcset=\"https:\/\/site.ac-martinique.fr\/ash\/wp-content\/uploads\/sites\/7\/2021\/09\/Capture-de\u0301cran-2021-09-22-a\u0300-12.37.56-1024x519.png 1024w, https:\/\/site.ac-martinique.fr\/ash\/wp-content\/uploads\/sites\/7\/2021\/09\/Capture-de\u0301cran-2021-09-22-a\u0300-12.37.56-300x152.png 300w, https:\/\/site.ac-martinique.fr\/ash\/wp-content\/uploads\/sites\/7\/2021\/09\/Capture-de\u0301cran-2021-09-22-a\u0300-12.37.56-768x389.png 768w, https:\/\/site.ac-martinique.fr\/ash\/wp-content\/uploads\/sites\/7\/2021\/09\/Capture-de\u0301cran-2021-09-22-a\u0300-12.37.56-1536x778.png 1536w, https:\/\/site.ac-martinique.fr\/ash\/wp-content\/uploads\/sites\/7\/2021\/09\/Capture-de\u0301cran-2021-09-22-a\u0300-12.37.56.png 1990w\" sizes=\"auto, (max-width: 1024px) 100vw, 1024px\" \/><\/a><\/figure>\n\n\n\n<figure class=\"wp-block-image size-large\"><a href=\"https:\/\/site.ac-martinique.fr\/ash\/wp-content\/uploads\/sites\/7\/2021\/09\/Capture-de\u0301cran-2021-09-22-a\u0300-11.57.24-1.png\"><img loading=\"lazy\" decoding=\"async\" width=\"1024\" height=\"360\" src=\"https:\/\/site.ac-martinique.fr\/ash\/wp-content\/uploads\/sites\/7\/2021\/09\/Capture-de\u0301cran-2021-09-22-a\u0300-11.57.24-1-1024x360.png\" alt=\"\" class=\"wp-image-1639\" srcset=\"https:\/\/site.ac-martinique.fr\/ash\/wp-content\/uploads\/sites\/7\/2021\/09\/Capture-de\u0301cran-2021-09-22-a\u0300-11.57.24-1-1024x360.png 1024w, https:\/\/site.ac-martinique.fr\/ash\/wp-content\/uploads\/sites\/7\/2021\/09\/Capture-de\u0301cran-2021-09-22-a\u0300-11.57.24-1-300x105.png 300w, https:\/\/site.ac-martinique.fr\/ash\/wp-content\/uploads\/sites\/7\/2021\/09\/Capture-de\u0301cran-2021-09-22-a\u0300-11.57.24-1-768x270.png 768w, https:\/\/site.ac-martinique.fr\/ash\/wp-content\/uploads\/sites\/7\/2021\/09\/Capture-de\u0301cran-2021-09-22-a\u0300-11.57.24-1-1536x540.png 1536w, https:\/\/site.ac-martinique.fr\/ash\/wp-content\/uploads\/sites\/7\/2021\/09\/Capture-de\u0301cran-2021-09-22-a\u0300-11.57.24-1-1080x380.png 1080w, https:\/\/site.ac-martinique.fr\/ash\/wp-content\/uploads\/sites\/7\/2021\/09\/Capture-de\u0301cran-2021-09-22-a\u0300-11.57.24-1.png 2004w\" sizes=\"auto, (max-width: 1024px) 100vw, 1024px\" \/><\/a><figcaption>La formation sera remani\u00e9e pour l&rsquo;ann\u00e9e 2022 et d\u00e9butera le 9 novembre.<\/figcaption><\/figure>\n","protected":false},"excerpt":{"rendered":"<p>La FAE ou formation initiale des AESH &#8211; 2021-22 Les domaines de formation (Selon le cahier des charges de la DGESCO) Des \u00e9l\u00e9ments de connaissance du fonctionnement du syst\u00e8me \u00e9ducatif : organisation de la scolarit\u00e9 ; r\u00f4les et responsabilit\u00e9s dans le 1er et le 2nd degr\u00e9s. Des \u00e9l\u00e9ments de connaissance relatifs aux besoins des \u00e9l\u00e8ves &hellip; <\/p>\n<p><a class=\"more-link btn\" href=\"https:\/\/site.ac-martinique.fr\/ash\/?page_id=449\">Lire la suite<\/a><\/p>\n","protected":false},"author":10,"featured_media":0,"parent":0,"menu_order":0,"comment_status":"closed","ping_status":"closed","template":"","meta":{"footnotes":""},"class_list":["post-449","page","type-page","status-publish","hentry","nodate","item-wrap"],"_links":{"self":[{"href":"https:\/\/site.ac-martinique.fr\/ash\/index.php?rest_route=\/wp\/v2\/pages\/449","targetHints":{"allow":["GET"]}}],"collection":[{"href":"https:\/\/site.ac-martinique.fr\/ash\/index.php?rest_route=\/wp\/v2\/pages"}],"about":[{"href":"https:\/\/site.ac-martinique.fr\/ash\/index.php?rest_route=\/wp\/v2\/types\/page"}],"author":[{"embeddable":true,"href":"https:\/\/site.ac-martinique.fr\/ash\/index.php?rest_route=\/wp\/v2\/users\/10"}],"replies":[{"embeddable":true,"href":"https:\/\/site.ac-martinique.fr\/ash\/index.php?rest_route=%2Fwp%2Fv2%2Fcomments&post=449"}],"version-history":[{"count":13,"href":"https:\/\/site.ac-martinique.fr\/ash\/index.php?rest_route=\/wp\/v2\/pages\/449\/revisions"}],"predecessor-version":[{"id":1866,"href":"https:\/\/site.ac-martinique.fr\/ash\/index.php?rest_route=\/wp\/v2\/pages\/449\/revisions\/1866"}],"wp:attachment":[{"href":"https:\/\/site.ac-martinique.fr\/ash\/index.php?rest_route=%2Fwp%2Fv2%2Fmedia&parent=449"}],"curies":[{"name":"wp","href":"https:\/\/api.w.org\/{rel}","templated":true}]}}