{"id":46,"date":"2016-05-15T08:05:19","date_gmt":"2016-05-15T13:05:19","guid":{"rendered":"\/ash\/?page_id=46"},"modified":"2019-12-12T09:41:01","modified_gmt":"2019-12-12T14:41:01","slug":"les-maitre-specialises-itinerants-msi","status":"publish","type":"page","link":"https:\/\/site.ac-martinique.fr\/ash\/?page_id=46","title":{"rendered":"MSI (Ma\u00eetre Sp\u00e9cialis\u00e9 Itin\u00e9rant)"},"content":{"rendered":"<p><a href=\"\/ash\/wp-content\/uploads\/sites\/7\/2016\/05\/Isabelle-DEBREUVE-12-dec-1.jpg\"><img loading=\"lazy\" decoding=\"async\" class=\"alignnone size-full wp-image-916\" src=\"\/ash\/wp-content\/uploads\/sites\/7\/2016\/05\/Isabelle-DEBREUVE-12-dec-1.jpg\" alt=\"\" width=\"861\" height=\"715\" srcset=\"https:\/\/site.ac-martinique.fr\/ash\/wp-content\/uploads\/sites\/7\/2016\/05\/Isabelle-DEBREUVE-12-dec-1.jpg 861w, https:\/\/site.ac-martinique.fr\/ash\/wp-content\/uploads\/sites\/7\/2016\/05\/Isabelle-DEBREUVE-12-dec-1-300x249.jpg 300w, https:\/\/site.ac-martinique.fr\/ash\/wp-content\/uploads\/sites\/7\/2016\/05\/Isabelle-DEBREUVE-12-dec-1-768x638.jpg 768w\" sizes=\"auto, (max-width: 861px) 100vw, 861px\" \/><\/a><\/p>\n","protected":false},"excerpt":{"rendered":"","protected":false},"author":10,"featured_media":0,"parent":0,"menu_order":0,"comment_status":"closed","ping_status":"closed","template":"","meta":{"footnotes":""},"class_list":["post-46","page","type-page","status-publish","hentry","nodate","item-wrap"],"_links":{"self":[{"href":"https:\/\/site.ac-martinique.fr\/ash\/index.php?rest_route=\/wp\/v2\/pages\/46","targetHints":{"allow":["GET"]}}],"collection":[{"href":"https:\/\/site.ac-martinique.fr\/ash\/index.php?rest_route=\/wp\/v2\/pages"}],"about":[{"href":"https:\/\/site.ac-martinique.fr\/ash\/index.php?rest_route=\/wp\/v2\/types\/page"}],"author":[{"embeddable":true,"href":"https:\/\/site.ac-martinique.fr\/ash\/index.php?rest_route=\/wp\/v2\/users\/10"}],"replies":[{"embeddable":true,"href":"https:\/\/site.ac-martinique.fr\/ash\/index.php?rest_route=%2Fwp%2Fv2%2Fcomments&post=46"}],"version-history":[{"count":7,"href":"https:\/\/site.ac-martinique.fr\/ash\/index.php?rest_route=\/wp\/v2\/pages\/46\/revisions"}],"predecessor-version":[{"id":917,"href":"https:\/\/site.ac-martinique.fr\/ash\/index.php?rest_route=\/wp\/v2\/pages\/46\/revisions\/917"}],"wp:attachment":[{"href":"https:\/\/site.ac-martinique.fr\/ash\/index.php?rest_route=%2Fwp%2Fv2%2Fmedia&parent=46"}],"curies":[{"name":"wp","href":"https:\/\/api.w.org\/{rel}","templated":true}]}}