{"id":461,"date":"2019-11-04T13:18:09","date_gmt":"2019-11-04T18:18:09","guid":{"rendered":"\/ash\/?page_id=461"},"modified":"2019-11-08T14:19:58","modified_gmt":"2019-11-08T19:19:58","slug":"le-camps","status":"publish","type":"page","link":"https:\/\/site.ac-martinique.fr\/ash\/?page_id=461","title":{"rendered":"Le CAMSP ( Centre d&rsquo;Action M\u00e9dico-Social Pr\u00e9coce )"},"content":{"rendered":"<div class=\"oni_articleBlockIntro\">\n<div class=\"oni-para\">Le CAMSP a pour missions le d\u00e9pistage, le diagnostic, le traitement et la r\u00e9\u00e9ducation des jeunes enfants en situation de handicap avant leur entr\u00e9e \u00e0 l&rsquo;\u00e9cole.<\/div>\n<div class=\"oni-para\">\n<h2>Un service de soutien pour faire progresser l&rsquo;enfant<\/h2>\n<p>Le centre d&rsquo;action m\u00e9dico-sociale pr\u00e9coce accueille des enfants de moins de 6 ans, quel que soit leur handicap.<\/p>\n<p>L&rsquo;objectif est de les conduire au maximum de leurs potentialit\u00e9s, de les aider dans l\u2019acquisition de leur autonomie et de d\u00e9velopper leurs capacit\u00e9s de communication.<\/p>\n<p>Il peut fonctionner dans les locaux d\u2019un \u00e9tablissement (centre hospitalier, consultation de PMI \u2013 protection maternelle et infantile, CMPP \u2013 centre m\u00e9dico-psycho-p\u00e9dagogique) ou au domicile des familles.<\/p>\n<p>Les s\u00e9ances de r\u00e9\u00e9ducation se d\u00e9roulent ponctuellement dans la journ\u00e9e.<\/p>\n<h2>Une \u00e9quipe pluridisciplinaire<\/h2>\n<p>L\u2019\u00e9quipe du CAMSP est compos\u00e9e de m\u00e9decins sp\u00e9cialistes (p\u00e9diatres et psychiatres), de personnel de r\u00e9\u00e9ducation, d\u2019auxiliaires m\u00e9dicaux, de psychologues, d\u2019assistantes sociales et d\u2019\u00e9ducateurs de jeunes enfants.<\/p>\n<p>L\u2019\u00e9quipe assure un r\u00f4le de guidance familiale et facilite l&rsquo;inclusion scolaire \u00e0 l&rsquo;\u00e9cole maternelle.<\/p>\n<h2>L&rsquo;entr\u00e9e au CAMSP<\/h2>\n<p>L\u2019accord de la CDAPH (commission des droits et de l&rsquo;autonomie des personnes handicap\u00e9es) n\u2019est pas indispensable pour un premier accueil, mais un avis favorable de cette instance devient n\u00e9cessaire au-del\u00e0 de 6 mois de prise en charge.<\/p>\n<h2>Frais de transport<\/h2>\n<p>Les frais de transport des enfants et adolescents en situation de handicap pris en charge par des CAMSP sont int\u00e9gralement rembours\u00e9s par la s\u00e9curit\u00e9 sociale. Toutefois, la prise en charge des frais n\u00e9cessite une prescription m\u00e9dicale de transport avec demande d\u2019accord pr\u00e9alable.<\/p>\n<h2>O\u00f9 se renseigner ?<\/h2>\n<p>En g\u00e9n\u00e9ral, les coordonn\u00e9es du CAMSP peuvent \u00eatre fournies par le m\u00e9decin, l\u2019h\u00f4pital, les services de PMI, les services de sant\u00e9 scolaire qui suivent l&rsquo;enfant ou sur le site de <a title=\"l'Anecamsp\" href=\"http:\/\/anecamsp.org\/annuaire\/\" target=\"_blank\">l&rsquo;Anecamsp<\/a> (Association nationale des \u00e9quipes contribuant \u00e0 l\u2019action m\u00e9dico-sociale pr\u00e9coce).<\/p>\n<\/div>\n<p>source: <a href=\"http:\/\/www.onisep.fr\/Formation-et-handicap\/Mieux-vivre-sa-scolarite\/Accompagnement-de-la-scolarite\/Le-CAMSP-centre-d-action-medico-sociale-precoce\"><img loading=\"lazy\" decoding=\"async\" class=\"alignnone size-full wp-image-508\" src=\"\/ash\/wp-content\/uploads\/sites\/7\/2019\/10\/onisep.png\" alt=\"\" width=\"299\" height=\"63\" \/><\/a><\/p>\n<h2>CAMPS CHU DE MARTINIQUE<\/h2>\n<p><a name=\"contacts\"><\/a><\/p>\n<div class=\"grid\">\n<div class=\"grid2\">\n<div><a href=\"https:\/\/annuaire.action-sociale.org\/?p=chu-de-martinique---camsp-de-martinique-970211371&amp;details=caracteristiques\">CAMPS CHU DE MARTINIQUE<\/a><br \/>\n<i>CENTRE D&rsquo;ACTION MEDICO-SOC PRECO<\/i> CITE HOSPITALIERE MANGOT VULCIN ROUTE DU VERT PRE<br \/>\nCS 90632<br \/>\n97232 LE LAMENTIN<\/div>\n<\/div>\n<div>\n<h3>En r\u00e9sum\u00e9&#8230;<\/h3>\n<p>Les <b>Centres d\u2019Action M\u00e9dico-Sociale Pr\u00e9coce (CAMSP)<\/b> ont pour mission de <b>d\u00e9pister et de proposer une cure ambulatoire et une r\u00e9\u00e9ducation pour des enfants pr\u00e9sentant des d\u00e9ficits sensoriels, moteurs ou mentaux<\/b>. Ils accueillent des <b>enfants de 0 \u00e0 6 ans<\/b> et sont souvent install\u00e9s dans les locaux des centres hospitaliers ou dans d\u2019autres centres accueillant de jeunes enfants. Les CAMSP peuvent \u00eatre polyvalents ou sp\u00e9cialis\u00e9s dans l\u2019accompagnement d\u2019enfants pr\u00e9sentant le m\u00eame type de handicap.<\/p>\n<p>La totalit\u00e9 des interventions r\u00e9alis\u00e9es par les CAMSP est <b>prise en charge par l\u2019Assurance Maladie<\/b>.<\/p>\n<p>En Martinique pour son fonctionnement, le CAMSP est financ\u00e9 \u00e0 80% par la Caisse Primaire d\u2019Assurance Maladie et \u00e0 20% par le Conseil G\u00e9n\u00e9ral par l\u2019interm\u00e9diaire d\u2019une dotation globale.<\/p>\n<p>&nbsp;<\/p>\n<p><a href=\"\/ash\/wp-content\/uploads\/sites\/7\/2019\/11\/LIVRET-D-ACCUEIL-CAMSP-Martinique.pdf\"><img loading=\"lazy\" decoding=\"async\" class=\"wp-image-554 aligncenter\" src=\"\/ash\/wp-content\/uploads\/sites\/7\/2019\/11\/Capture-d\u2019e\u0301cran-2019-11-08-a\u0300-15.17.13.png\" alt=\"\" width=\"271\" height=\"378\" srcset=\"https:\/\/site.ac-martinique.fr\/ash\/wp-content\/uploads\/sites\/7\/2019\/11\/Capture-d\u2019e\u0301cran-2019-11-08-a\u0300-15.17.13.png 824w, https:\/\/site.ac-martinique.fr\/ash\/wp-content\/uploads\/sites\/7\/2019\/11\/Capture-d\u2019e\u0301cran-2019-11-08-a\u0300-15.17.13-215x300.png 215w, https:\/\/site.ac-martinique.fr\/ash\/wp-content\/uploads\/sites\/7\/2019\/11\/Capture-d\u2019e\u0301cran-2019-11-08-a\u0300-15.17.13-768x1072.png 768w, https:\/\/site.ac-martinique.fr\/ash\/wp-content\/uploads\/sites\/7\/2019\/11\/Capture-d\u2019e\u0301cran-2019-11-08-a\u0300-15.17.13-734x1024.png 734w\" sizes=\"auto, (max-width: 271px) 100vw, 271px\" \/><\/a><\/p>\n<p><a href=\"\/ash\/wp-content\/uploads\/sites\/7\/2019\/11\/LIVRET-D-ACCUEIL-CAMSP-Martinique.pdf\">LIVRET-D-ACCUEIL-CAMSP Martinique<\/a><\/p>\n<\/div>\n<\/div>\n<\/div>\n","protected":false},"excerpt":{"rendered":"<p>Le CAMSP a pour missions le d\u00e9pistage, le diagnostic, le traitement et la r\u00e9\u00e9ducation des jeunes enfants en situation de handicap avant leur entr\u00e9e \u00e0 l&rsquo;\u00e9cole. Un service de soutien pour faire progresser l&rsquo;enfant Le centre d&rsquo;action m\u00e9dico-sociale pr\u00e9coce accueille des enfants de moins de 6 ans, quel que soit leur handicap. L&rsquo;objectif est de &hellip; <\/p>\n<p><a class=\"more-link btn\" href=\"https:\/\/site.ac-martinique.fr\/ash\/?page_id=461\">Lire la suite<\/a><\/p>\n","protected":false},"author":10,"featured_media":0,"parent":0,"menu_order":0,"comment_status":"closed","ping_status":"closed","template":"","meta":{"footnotes":""},"class_list":["post-461","page","type-page","status-publish","hentry","nodate","item-wrap"],"_links":{"self":[{"href":"https:\/\/site.ac-martinique.fr\/ash\/index.php?rest_route=\/wp\/v2\/pages\/461","targetHints":{"allow":["GET"]}}],"collection":[{"href":"https:\/\/site.ac-martinique.fr\/ash\/index.php?rest_route=\/wp\/v2\/pages"}],"about":[{"href":"https:\/\/site.ac-martinique.fr\/ash\/index.php?rest_route=\/wp\/v2\/types\/page"}],"author":[{"embeddable":true,"href":"https:\/\/site.ac-martinique.fr\/ash\/index.php?rest_route=\/wp\/v2\/users\/10"}],"replies":[{"embeddable":true,"href":"https:\/\/site.ac-martinique.fr\/ash\/index.php?rest_route=%2Fwp%2Fv2%2Fcomments&post=461"}],"version-history":[{"count":7,"href":"https:\/\/site.ac-martinique.fr\/ash\/index.php?rest_route=\/wp\/v2\/pages\/461\/revisions"}],"predecessor-version":[{"id":555,"href":"https:\/\/site.ac-martinique.fr\/ash\/index.php?rest_route=\/wp\/v2\/pages\/461\/revisions\/555"}],"wp:attachment":[{"href":"https:\/\/site.ac-martinique.fr\/ash\/index.php?rest_route=%2Fwp%2Fv2%2Fmedia&parent=461"}],"curies":[{"name":"wp","href":"https:\/\/api.w.org\/{rel}","templated":true}]}}