{"id":50,"date":"2016-05-15T08:07:09","date_gmt":"2016-05-15T13:07:09","guid":{"rendered":"\/ash\/?page_id=50"},"modified":"2021-09-13T11:03:53","modified_gmt":"2021-09-13T16:03:53","slug":"role-et-missions-de-lenseignant-referent","status":"publish","type":"page","link":"https:\/\/site.ac-martinique.fr\/ash\/?page_id=50","title":{"rendered":"Enseignants r\u00e9f\u00e9rents de scolarisation"},"content":{"rendered":"<p><a href=\"\/ash\/wp-content\/uploads\/sites\/7\/2016\/05\/Liste-des-Enseignants-r\u00e9f\u00e9rents-de-scolarisation.pdf\">Liste des Enseignants r\u00e9f\u00e9rents de scolarisation<\/a> <a href=\"\/ash\/wp-content\/uploads\/sites\/7\/2016\/05\/Secteur-ERSH-R2020.-V16spetdocx.pdf\">Secteur ERSH R2020. V16spetdocx<\/a><\/p>\n<div>\n<div>\n<p><b>L\u2019enseignant r\u00e9f\u00e9rent<\/b><\/p>\n<div><\/div>\n<\/div>\n<\/div>\n<div>\n<p>L&rsquo;enseignant r\u00e9f\u00e9rent est, <strong>au sein de l&rsquo;Education nationale<\/strong>, <strong>l&rsquo;acteur central des actions conduites en direction des \u00e9l\u00e8ves handicap\u00e9s<\/strong>, quels que soient les \u00e9tablissements o\u00f9 ces enfants sont scolaris\u00e9s.<\/p>\n<p><strong>Enseignant titulaire du CAPA-SH<\/strong> (<em>Certificat d&rsquo;Aptitude Professionnelle pour les aides sp\u00e9cialis\u00e9es, les enseignements adapt\u00e9s et la scolarisation des \u00e9l\u00e8ves en situation de handicap<\/em>) <strong>ou du 2 CA-SH<\/strong> (<em>Certificat Compl\u00e9mentaire pour les enseignements adapt\u00e9s et la scolarisation des \u00e9l\u00e8ves en situation de handicap<\/em>) <strong>ou du CAPPEI<\/strong> (<em>Certificat d&rsquo;Aptitude Professionnelle aux Pratiques de l&rsquo;Education Inclusive)<\/em>, il exerce les fonctions de r\u00e9f\u00e9rent aupr\u00e8s de chacun des \u00e9l\u00e8ves handicap\u00e9s du d\u00e9partement afin d&rsquo;assurer, sur l&rsquo;ensemble du parcours de formation, la permanence des relations avec l&rsquo;\u00e9l\u00e8ve et ses parents ou son repr\u00e9sentant l\u00e9gal.<\/p>\n<h5><small><strong>R\u00f4le et mission de l&rsquo;enseignant r\u00e9f\u00e9rent<\/strong><\/small><\/h5>\n<p>L&rsquo;enseignant r\u00e9f\u00e9rent a pour mission principale de veiller et de contribuer \u00e0 la mise en \u0153uvre des d\u00e9cisions de la Commission des Droits et de l&rsquo;Autonomie des Personnes Handicap\u00e9s (CDAPH). Il assure la coordination des \u00e9quipes de suivi de la scolarisation (ESS). Il propose \u00e0 l&rsquo;\u00e9quipe pluridisciplinaire d&rsquo;\u00e9valuation (EPE) des \u00e9l\u00e9ments permettant la mise en place d&rsquo;un projet personnalis\u00e9 de scolarisation (PPS).<br \/>\nIl contribue \u00e0 :<br \/>\n&#8211; l&rsquo;information des familles et les aides \u00e0 saisir la Maison D\u00e9partementale des Personnes Handicap\u00e9s (MDPH)<br \/>\n&#8211; l&rsquo;\u00e9valuation des besoins de l&rsquo;\u00e9l\u00e8ve et l&rsquo;\u00e9laboration du PPS.<br \/>\nIl assure le suivi du PPS, r\u00e9unit l&rsquo;ESS au moins une fois par an, et r\u00e9dige les proc\u00e8s-verbaux de ces r\u00e9unions.<br \/>\nIl transmet le bilan annuel de son activit\u00e9 \u00e0 l&rsquo;IEN \/\u00a0CTR-ASH.<\/p>\n<p>Dans l&rsquo;Acad\u00e9mie, 22 enseignants r\u00e9f\u00e9rents sont les interlocuteurs privil\u00e9gi\u00e9s des parents, des \u00e9l\u00e8ves, des enseignants et des membres de l&rsquo;EPE de la MDPH.<\/p>\n<\/div>\n<p><a href=\"\/ash\/wp-content\/uploads\/sites\/7\/2016\/05\/ERSH1.png\"><img loading=\"lazy\" decoding=\"async\" class=\"alignnone size-full wp-image-1303\" src=\"\/ash\/wp-content\/uploads\/sites\/7\/2016\/05\/ERSH1.png\" alt=\"\" width=\"598\" height=\"852\" \/><\/a> <a href=\"\/ash\/wp-content\/uploads\/sites\/7\/2016\/05\/ERSH2.png\"><img loading=\"lazy\" decoding=\"async\" class=\"alignnone size-full wp-image-1304\" src=\"\/ash\/wp-content\/uploads\/sites\/7\/2016\/05\/ERSH2.png\" alt=\"\" width=\"549\" height=\"882\" \/><\/a><\/p>\n<p><strong><img loading=\"lazy\" decoding=\"async\" class=\"alignnone size-full wp-image-1302\" src=\"\/ash\/wp-content\/uploads\/sites\/7\/2016\/05\/ERSH.png\" alt=\"\" width=\"550\" height=\"334\" \/><\/strong><\/p>\n","protected":false},"excerpt":{"rendered":"<p>Liste des Enseignants r\u00e9f\u00e9rents de scolarisation Secteur ERSH R2020. V16spetdocx L\u2019enseignant r\u00e9f\u00e9rent L&rsquo;enseignant r\u00e9f\u00e9rent est, au sein de l&rsquo;Education nationale, l&rsquo;acteur central des actions conduites en direction des \u00e9l\u00e8ves handicap\u00e9s, quels que soient les \u00e9tablissements o\u00f9 ces enfants sont scolaris\u00e9s. Enseignant titulaire du CAPA-SH (Certificat d&rsquo;Aptitude Professionnelle pour les aides sp\u00e9cialis\u00e9es, les enseignements adapt\u00e9s et &hellip; <\/p>\n<p><a class=\"more-link btn\" href=\"https:\/\/site.ac-martinique.fr\/ash\/?page_id=50\">Lire la suite<\/a><\/p>\n","protected":false},"author":10,"featured_media":0,"parent":0,"menu_order":0,"comment_status":"closed","ping_status":"closed","template":"","meta":{"footnotes":""},"class_list":["post-50","page","type-page","status-publish","hentry","nodate","item-wrap"],"_links":{"self":[{"href":"https:\/\/site.ac-martinique.fr\/ash\/index.php?rest_route=\/wp\/v2\/pages\/50","targetHints":{"allow":["GET"]}}],"collection":[{"href":"https:\/\/site.ac-martinique.fr\/ash\/index.php?rest_route=\/wp\/v2\/pages"}],"about":[{"href":"https:\/\/site.ac-martinique.fr\/ash\/index.php?rest_route=\/wp\/v2\/types\/page"}],"author":[{"embeddable":true,"href":"https:\/\/site.ac-martinique.fr\/ash\/index.php?rest_route=\/wp\/v2\/users\/10"}],"replies":[{"embeddable":true,"href":"https:\/\/site.ac-martinique.fr\/ash\/index.php?rest_route=%2Fwp%2Fv2%2Fcomments&post=50"}],"version-history":[{"count":14,"href":"https:\/\/site.ac-martinique.fr\/ash\/index.php?rest_route=\/wp\/v2\/pages\/50\/revisions"}],"predecessor-version":[{"id":2319,"href":"https:\/\/site.ac-martinique.fr\/ash\/index.php?rest_route=\/wp\/v2\/pages\/50\/revisions\/2319"}],"wp:attachment":[{"href":"https:\/\/site.ac-martinique.fr\/ash\/index.php?rest_route=%2Fwp%2Fv2%2Fmedia&parent=50"}],"curies":[{"name":"wp","href":"https:\/\/api.w.org\/{rel}","templated":true}]}}