{"id":584,"date":"2019-11-12T09:02:56","date_gmt":"2019-11-12T14:02:56","guid":{"rendered":"\/ash\/?page_id=584"},"modified":"2021-03-19T12:17:03","modified_gmt":"2021-03-19T17:17:03","slug":"secteurs-de-coordination-des-aesh","status":"publish","type":"page","link":"https:\/\/site.ac-martinique.fr\/ash\/?page_id=584","title":{"rendered":"Secteurs de coordination des AESH"},"content":{"rendered":"<p>En Martinique, la gestion des AESH est r\u00e9partie sur deux secteurs g\u00e9ographiques Cette gestion est coordonn\u00e9e par:<\/p>\n<ul>\n<li><strong>Sonia FELLICE : Secteur Sud et Nord-Atlantique<\/strong><strong><br \/>\n<\/strong><\/li>\n<\/ul>\n<p>et<\/p>\n<ul>\n<li><strong>G\u00e9raldine DONGAR Secteur Centre et Nord-Cara\u00efbes<\/strong><\/li>\n<\/ul>\n<p>Vous trouverez ci-joint le tableau r\u00e9capitulatif des \u00e9tablissements dans ces deux secteurs.<\/p>\n<p><a href=\"\/ash\/wp-content\/uploads\/sites\/7\/2019\/11\/Les-secteurs-de-coordination-des-AESH-1.pdf\">Les-secteurs-de-coordination-des-AESH<\/a><\/p>\n<p><a href=\"\/ash\/wp-content\/uploads\/sites\/7\/2019\/11\/secteur-coordo-AESH.png\"><img loading=\"lazy\" decoding=\"async\" class=\"alignnone size-full wp-image-1360\" src=\"\/ash\/wp-content\/uploads\/sites\/7\/2019\/11\/secteur-coordo-AESH.png\" alt=\"\" width=\"934\" height=\"1304\" \/><\/a><\/p>\n<p>&nbsp;<\/p>\n<p><a href=\"\/ash\/wp-content\/uploads\/sites\/7\/2019\/11\/Capture-d\u2019e\u0301cran-2019-11-12-a\u0300-10.09.25.png\"><img loading=\"lazy\" decoding=\"async\" class=\"alignnone size-full wp-image-592\" src=\"\/ash\/wp-content\/uploads\/sites\/7\/2019\/11\/Capture-d\u2019e\u0301cran-2019-11-12-a\u0300-10.09.25.png\" alt=\"\" width=\"876\" height=\"1034\" srcset=\"https:\/\/site.ac-martinique.fr\/ash\/wp-content\/uploads\/sites\/7\/2019\/11\/Capture-d\u2019e\u0301cran-2019-11-12-a\u0300-10.09.25.png 876w, https:\/\/site.ac-martinique.fr\/ash\/wp-content\/uploads\/sites\/7\/2019\/11\/Capture-d\u2019e\u0301cran-2019-11-12-a\u0300-10.09.25-254x300.png 254w, https:\/\/site.ac-martinique.fr\/ash\/wp-content\/uploads\/sites\/7\/2019\/11\/Capture-d\u2019e\u0301cran-2019-11-12-a\u0300-10.09.25-768x907.png 768w, https:\/\/site.ac-martinique.fr\/ash\/wp-content\/uploads\/sites\/7\/2019\/11\/Capture-d\u2019e\u0301cran-2019-11-12-a\u0300-10.09.25-868x1024.png 868w\" sizes=\"auto, (max-width: 876px) 100vw, 876px\" \/><\/a><\/p>\n<p><a href=\"\/ash\/wp-content\/uploads\/sites\/7\/2019\/11\/Capture-d\u2019e\u0301cran-2019-11-12-a\u0300-10.09.34.png\"><img loading=\"lazy\" decoding=\"async\" class=\"alignnone size-full wp-image-593\" src=\"\/ash\/wp-content\/uploads\/sites\/7\/2019\/11\/Capture-d\u2019e\u0301cran-2019-11-12-a\u0300-10.09.34.png\" alt=\"\" width=\"856\" height=\"370\" srcset=\"https:\/\/site.ac-martinique.fr\/ash\/wp-content\/uploads\/sites\/7\/2019\/11\/Capture-d\u2019e\u0301cran-2019-11-12-a\u0300-10.09.34.png 856w, https:\/\/site.ac-martinique.fr\/ash\/wp-content\/uploads\/sites\/7\/2019\/11\/Capture-d\u2019e\u0301cran-2019-11-12-a\u0300-10.09.34-300x130.png 300w, https:\/\/site.ac-martinique.fr\/ash\/wp-content\/uploads\/sites\/7\/2019\/11\/Capture-d\u2019e\u0301cran-2019-11-12-a\u0300-10.09.34-768x332.png 768w\" sizes=\"auto, (max-width: 856px) 100vw, 856px\" \/><\/a><\/p>\n<p><a href=\"\/ash\/wp-content\/uploads\/sites\/7\/2019\/11\/Capture-d\u2019e\u0301cran-2019-11-12-a\u0300-10.09.49.png\"><img loading=\"lazy\" decoding=\"async\" class=\"alignnone size-full wp-image-594\" src=\"\/ash\/wp-content\/uploads\/sites\/7\/2019\/11\/Capture-d\u2019e\u0301cran-2019-11-12-a\u0300-10.09.49.png\" alt=\"\" width=\"640\" height=\"1170\" srcset=\"https:\/\/site.ac-martinique.fr\/ash\/wp-content\/uploads\/sites\/7\/2019\/11\/Capture-d\u2019e\u0301cran-2019-11-12-a\u0300-10.09.49.png 640w, https:\/\/site.ac-martinique.fr\/ash\/wp-content\/uploads\/sites\/7\/2019\/11\/Capture-d\u2019e\u0301cran-2019-11-12-a\u0300-10.09.49-164x300.png 164w, https:\/\/site.ac-martinique.fr\/ash\/wp-content\/uploads\/sites\/7\/2019\/11\/Capture-d\u2019e\u0301cran-2019-11-12-a\u0300-10.09.49-560x1024.png 560w\" sizes=\"auto, (max-width: 640px) 100vw, 640px\" \/><\/a><\/p>\n<p>&nbsp;<\/p>\n","protected":false},"excerpt":{"rendered":"<p>En Martinique, la gestion des AESH est r\u00e9partie sur deux secteurs g\u00e9ographiques Cette gestion est coordonn\u00e9e par: Sonia FELLICE : Secteur Sud et Nord-Atlantique et G\u00e9raldine DONGAR Secteur Centre et Nord-Cara\u00efbes Vous trouverez ci-joint le tableau r\u00e9capitulatif des \u00e9tablissements dans ces deux secteurs. Les-secteurs-de-coordination-des-AESH &nbsp; &nbsp;<\/p>\n","protected":false},"author":10,"featured_media":0,"parent":0,"menu_order":0,"comment_status":"closed","ping_status":"closed","template":"","meta":{"footnotes":""},"class_list":["post-584","page","type-page","status-publish","hentry","nodate","item-wrap"],"_links":{"self":[{"href":"https:\/\/site.ac-martinique.fr\/ash\/index.php?rest_route=\/wp\/v2\/pages\/584","targetHints":{"allow":["GET"]}}],"collection":[{"href":"https:\/\/site.ac-martinique.fr\/ash\/index.php?rest_route=\/wp\/v2\/pages"}],"about":[{"href":"https:\/\/site.ac-martinique.fr\/ash\/index.php?rest_route=\/wp\/v2\/types\/page"}],"author":[{"embeddable":true,"href":"https:\/\/site.ac-martinique.fr\/ash\/index.php?rest_route=\/wp\/v2\/users\/10"}],"replies":[{"embeddable":true,"href":"https:\/\/site.ac-martinique.fr\/ash\/index.php?rest_route=%2Fwp%2Fv2%2Fcomments&post=584"}],"version-history":[{"count":5,"href":"https:\/\/site.ac-martinique.fr\/ash\/index.php?rest_route=\/wp\/v2\/pages\/584\/revisions"}],"predecessor-version":[{"id":1377,"href":"https:\/\/site.ac-martinique.fr\/ash\/index.php?rest_route=\/wp\/v2\/pages\/584\/revisions\/1377"}],"wp:attachment":[{"href":"https:\/\/site.ac-martinique.fr\/ash\/index.php?rest_route=%2Fwp%2Fv2%2Fmedia&parent=584"}],"curies":[{"name":"wp","href":"https:\/\/api.w.org\/{rel}","templated":true}]}}