{"id":611,"date":"2019-11-13T09:59:08","date_gmt":"2019-11-13T14:59:08","guid":{"rendered":"\/ash\/?page_id=611"},"modified":"2019-11-13T10:02:57","modified_gmt":"2019-11-13T15:02:57","slug":"les-missions-des-enseignants-referents","status":"publish","type":"page","link":"https:\/\/site.ac-martinique.fr\/ash\/?page_id=611","title":{"rendered":"Les missions des enseignants r\u00e9f\u00e9rents"},"content":{"rendered":"<p>Depuis la maternelle jusqu&rsquo;en terminale, voire en BTS (brevet de technicien sup\u00e9rieur) ou en classe pr\u00e9pa, l&rsquo;ERSEH (enseignant r\u00e9f\u00e9rent \u00e0 la scolarisation des \u00e9l\u00e8ves handicap\u00e9s) accueille, informe et accompagne les familles dans les proc\u00e9dures.<\/p>\n<p>Il suit les \u00e9l\u00e8ves handicap\u00e9s d&rsquo;un secteur g\u00e9ographique donn\u00e9, que la scolarisation ait lieu dans un \u00e9tablissement ordinaire, un \u00e9tablissement m\u00e9dico-social, ou \u00e0 distance, \u00e0 domicile.<\/p>\n<p><a id=\"eztoc15655642_0_1\" name=\"eztoc15655642_0_1\"><\/a><\/p>\n<h2>Un interlocuteur privil\u00e9gi\u00e9<\/h2>\n<p>L&rsquo;enseignant r\u00e9f\u00e9rent contribue \u00e0 la recherche des moyens n\u00e9cessaires pour permettre \u00e0 l&rsquo;\u00e9l\u00e8ve handicap\u00e9 d&rsquo;\u00e9tudier dans les m\u00eames conditions que les \u00e9l\u00e8ves valides. Il a une mission de conseil et d&rsquo;aide aupr\u00e8s des parents. Il a \u00e9galement un r\u00f4le de m\u00e9diateur entre tous les partenaires (\u00e9cole, famille, centres de soins, <a href=\"http:\/\/www.onisep.fr\/Formation-et-handicap\/Se-faire-accompagner\/Instances-d-orientation\/La-maison-departementale-des-personnes-handicapees-MDPH\" target=\"_self\">MDPH<\/a> &#8211; maison d\u00e9partementale des personnes handicap\u00e9es).<\/p>\n<p>Consult\u00e9 pour sa connaissance du handicap et son exp\u00e9rience d&rsquo;enseignant sp\u00e9cialis\u00e9, il apporte souvent des r\u00e9ponses concr\u00e8tes aux questions que se posent les enseignants (outils, contr\u00f4les, notations&#8230;) et les oriente vers des professeurs-ressources, des centres de documentation, des formations.<\/p>\n<p><a id=\"eztoc15655642_0_2\" name=\"eztoc15655642_0_2\"><\/a><\/p>\n<h2>Mettre en \u0153uvre le PPS<\/h2>\n<p>Point d&rsquo;orgue de sa mission : la mise en \u0153uvre du <a href=\"http:\/\/www.onisep.fr\/Formation-et-handicap\/Les-parcours-de-scolarite\/Projets-de-scolarisation\/PPS-le-projet-personnalise-de-scolarisation-pour-les-eleves-handicapes\" target=\"_self\">PPS<\/a> (projet personnalis\u00e9 de scolarisation), v\u00e9ritable passeport de la scolarit\u00e9 de chaque \u00e9l\u00e8ve handicap\u00e9. L&rsquo; <a href=\"http:\/\/www.onisep.fr\/Formation-et-handicap\/Se-faire-accompagner\/Instances-d-orientation\/L-equipe-de-suivi-de-la-scolarisation-des-eleves-handicapes\" target=\"_self\">ESS<\/a> (\u00e9quipe de suivi de la scolarisation), \u00e0 savoir l&rsquo;\u00e9quipe \u00e9ducative, les psychologues, les professionnels de sant\u00e9, les parents, assure le suivi du PPS et proc\u00e8de une fois par an \u00e0 son \u00e9valuation. Elle peut demander des adaptations aux vues des difficult\u00e9s rencontr\u00e9es (adaptations p\u00e9dagogiques, aides techniques, aide humaine, tiers temps pour les examens&#8230;).<\/p>\n<p>L&rsquo;enseignant r\u00e9f\u00e9rent transmet cette \u00e9valuation \u00e0 la MDPH. Le PPS est ensuite valid\u00e9 ou modifi\u00e9 par la <a href=\"http:\/\/www.onisep.fr\/Formation-et-handicap\/Se-faire-accompagner\/Instances-d-orientation\/La-commission-des-droits-et-de-l-autonomie-des-personnes-handicapees-CDAPH\" target=\"_self\">CDAPH<\/a> (Commission des droits et de l&rsquo;autonomie des personnes handicap\u00e9es), et mis en place en suivant toutes les d\u00e9cisions prises.<\/p>\n<p>D\u00e9sormais, les informations sur la situation d&rsquo;un \u00e9l\u00e8ve handicap\u00e9 sont regroup\u00e9es sur un document unique, le GEVA-sco (guide d&rsquo;\u00e9valuation des besoins de compensation en mati\u00e8re de scolarisation). C&rsquo;est le document officiel permettant les \u00e9changes entre l&rsquo;\u00e9ducation nationale (\u00e9quipe de suivi de la scolarisation) et la MDPH.<\/p>\n<p><a id=\"eztoc15655642_0_3\" name=\"eztoc15655642_0_3\"><\/a><\/p>\n<h2>\u00c9voluer avec l&rsquo;\u00e9l\u00e8ve<\/h2>\n<p>Changement de classe, de niveau d&rsquo;enseignement, entr\u00e9e en formation professionnelle ou dans le sup\u00e9rieur&#8230; L\u2019enseignant r\u00e9f\u00e9rent r\u00e9unit au moins une ESS tous les ans pour voir si le PPS est adapt\u00e9 ou pas aux besoins de l&rsquo;enfant, le r\u00e9\u00e9valuer. La plupart du temps, c&rsquo;est lui qui prend l&rsquo;initiative de r\u00e9unir l&rsquo;ESS. C&rsquo;est lui aussi qui r\u00e9dige les propositions de l&rsquo;\u00e9quipe de suivi de la scolarisation : am\u00e9nagements, modification du PPS, nouveau mode de scolarisation&#8230; L&rsquo;enseignant r\u00e9f\u00e9rent est la m\u00e9moire du parcours scolaire<b>\u00a0<\/b>de l&rsquo;enfant puisque, tant qu&rsquo;il reste sur son secteur d&rsquo;intervention, il le suit tout au long de la scolarit\u00e9.<\/p>\n<p>Sources: <a href=\"http:\/\/www.onisep.fr\/Formation-et-handicap\/Se-faire-accompagner\/Qui-peut-vous-aider\/L-enseignant-referent-a-la-scolarisation-des-eleves-handicapes\"><img loading=\"lazy\" decoding=\"async\" class=\"alignnone size-full wp-image-508\" src=\"\/ash\/wp-content\/uploads\/sites\/7\/2019\/10\/onisep.png\" alt=\"\" width=\"299\" height=\"63\" \/><\/a><\/p>\n<table class=\"greytable\" style=\"height: 5px;\" summary=\"d\" width=\"288\" cellspacing=\"0\" cellpadding=\"2\">\n<tbody>\n<tr>\n<td valign=\"top\"><\/td>\n<\/tr>\n<\/tbody>\n<\/table>\n","protected":false},"excerpt":{"rendered":"<p>Depuis la maternelle jusqu&rsquo;en terminale, voire en BTS (brevet de technicien sup\u00e9rieur) ou en classe pr\u00e9pa, l&rsquo;ERSEH (enseignant r\u00e9f\u00e9rent \u00e0 la scolarisation des \u00e9l\u00e8ves handicap\u00e9s) accueille, informe et accompagne les familles dans les proc\u00e9dures. Il suit les \u00e9l\u00e8ves handicap\u00e9s d&rsquo;un secteur g\u00e9ographique donn\u00e9, que la scolarisation ait lieu dans un \u00e9tablissement ordinaire, un \u00e9tablissement m\u00e9dico-social, &hellip; <\/p>\n<p><a class=\"more-link btn\" href=\"https:\/\/site.ac-martinique.fr\/ash\/?page_id=611\">Lire la suite<\/a><\/p>\n","protected":false},"author":10,"featured_media":0,"parent":0,"menu_order":0,"comment_status":"closed","ping_status":"closed","template":"","meta":{"footnotes":""},"class_list":["post-611","page","type-page","status-publish","hentry","nodate","item-wrap"],"_links":{"self":[{"href":"https:\/\/site.ac-martinique.fr\/ash\/index.php?rest_route=\/wp\/v2\/pages\/611","targetHints":{"allow":["GET"]}}],"collection":[{"href":"https:\/\/site.ac-martinique.fr\/ash\/index.php?rest_route=\/wp\/v2\/pages"}],"about":[{"href":"https:\/\/site.ac-martinique.fr\/ash\/index.php?rest_route=\/wp\/v2\/types\/page"}],"author":[{"embeddable":true,"href":"https:\/\/site.ac-martinique.fr\/ash\/index.php?rest_route=\/wp\/v2\/users\/10"}],"replies":[{"embeddable":true,"href":"https:\/\/site.ac-martinique.fr\/ash\/index.php?rest_route=%2Fwp%2Fv2%2Fcomments&post=611"}],"version-history":[{"count":4,"href":"https:\/\/site.ac-martinique.fr\/ash\/index.php?rest_route=\/wp\/v2\/pages\/611\/revisions"}],"predecessor-version":[{"id":617,"href":"https:\/\/site.ac-martinique.fr\/ash\/index.php?rest_route=\/wp\/v2\/pages\/611\/revisions\/617"}],"wp:attachment":[{"href":"https:\/\/site.ac-martinique.fr\/ash\/index.php?rest_route=%2Fwp%2Fv2%2Fmedia&parent=611"}],"curies":[{"name":"wp","href":"https:\/\/api.w.org\/{rel}","templated":true}]}}