{"id":778,"date":"2019-11-25T16:11:06","date_gmt":"2019-11-25T21:11:06","guid":{"rendered":"\/ash\/?page_id=778"},"modified":"2024-10-28T09:25:58","modified_gmt":"2024-10-28T14:25:58","slug":"cap-ecole-inclusive","status":"publish","type":"page","link":"https:\/\/site.ac-martinique.fr\/ash\/?page_id=778","title":{"rendered":"CAP \u00e9cole inclusive"},"content":{"rendered":"<p><a href=\"https:\/\/www.reseau-canope.fr\/cap-ecole-inclusive.html\">La plate forme Cap \u00e9cole inclusive est ouverte aux enseignants et aux AESH :<img loading=\"lazy\" decoding=\"async\" class=\"alignnone size-full wp-image-782\" src=\"\/ash\/wp-content\/uploads\/sites\/7\/2019\/11\/Capture-d\u2019e\u0301cran-2019-11-25-a\u0300-17.11.57.png\" alt=\"\" width=\"2298\" height=\"1458\" srcset=\"https:\/\/site.ac-martinique.fr\/ash\/wp-content\/uploads\/sites\/7\/2019\/11\/Capture-d\u2019e\u0301cran-2019-11-25-a\u0300-17.11.57.png 2298w, https:\/\/site.ac-martinique.fr\/ash\/wp-content\/uploads\/sites\/7\/2019\/11\/Capture-d\u2019e\u0301cran-2019-11-25-a\u0300-17.11.57-300x190.png 300w, https:\/\/site.ac-martinique.fr\/ash\/wp-content\/uploads\/sites\/7\/2019\/11\/Capture-d\u2019e\u0301cran-2019-11-25-a\u0300-17.11.57-768x487.png 768w, https:\/\/site.ac-martinique.fr\/ash\/wp-content\/uploads\/sites\/7\/2019\/11\/Capture-d\u2019e\u0301cran-2019-11-25-a\u0300-17.11.57-1024x650.png 1024w\" sizes=\"auto, (max-width: 2298px) 100vw, 2298px\" \/><\/a><\/p>\n<p>livret pour d\u00e9couvrir le CAP \u00e9cole inclusive:<\/p>\n<p><a href=\"https:\/\/cache.media.eduscol.education.fr\/file\/Handicap\/27\/1\/CAPEcoleInclusive-depliant_1159271.pdf\" target=\"_blank\" rel=\"noopener\">https:\/\/cache.media.eduscol.education.fr\/file\/Handicap\/27\/1\/CAPEcoleInclusive-depliant_1159271.pdf<\/a><\/p>\n<p>Pour trouver de l&rsquo;aide, CAP \u00e9cole inclusive vous propose:<\/p>\n<p><a href=\"https:\/\/www.reseau-canope.fr\/cap-ecole-inclusive.html\"><img loading=\"lazy\" decoding=\"async\" class=\"alignnone wp-image-785\" src=\"\/ash\/wp-content\/uploads\/sites\/7\/2019\/11\/Capture-d\u2019e\u0301cran-2019-11-25-a\u0300-17.16.50.png\" alt=\"\" width=\"424\" height=\"355\" srcset=\"https:\/\/site.ac-martinique.fr\/ash\/wp-content\/uploads\/sites\/7\/2019\/11\/Capture-d\u2019e\u0301cran-2019-11-25-a\u0300-17.16.50.png 706w, https:\/\/site.ac-martinique.fr\/ash\/wp-content\/uploads\/sites\/7\/2019\/11\/Capture-d\u2019e\u0301cran-2019-11-25-a\u0300-17.16.50-300x252.png 300w\" sizes=\"auto, (max-width: 424px) 100vw, 424px\" \/><\/a><\/p>\n","protected":false},"excerpt":{"rendered":"<p>La plate forme Cap \u00e9cole inclusive est ouverte aux enseignants et aux AESH : livret pour d\u00e9couvrir le CAP \u00e9cole inclusive: https:\/\/cache.media.eduscol.education.fr\/file\/Handicap\/27\/1\/CAPEcoleInclusive-depliant_1159271.pdf Pour trouver de l&rsquo;aide, CAP \u00e9cole inclusive vous propose:<\/p>\n","protected":false},"author":10,"featured_media":0,"parent":0,"menu_order":0,"comment_status":"closed","ping_status":"closed","template":"","meta":{"footnotes":""},"class_list":["post-778","page","type-page","status-publish","hentry","nodate","item-wrap"],"_links":{"self":[{"href":"https:\/\/site.ac-martinique.fr\/ash\/index.php?rest_route=\/wp\/v2\/pages\/778","targetHints":{"allow":["GET"]}}],"collection":[{"href":"https:\/\/site.ac-martinique.fr\/ash\/index.php?rest_route=\/wp\/v2\/pages"}],"about":[{"href":"https:\/\/site.ac-martinique.fr\/ash\/index.php?rest_route=\/wp\/v2\/types\/page"}],"author":[{"embeddable":true,"href":"https:\/\/site.ac-martinique.fr\/ash\/index.php?rest_route=\/wp\/v2\/users\/10"}],"replies":[{"embeddable":true,"href":"https:\/\/site.ac-martinique.fr\/ash\/index.php?rest_route=%2Fwp%2Fv2%2Fcomments&post=778"}],"version-history":[{"count":6,"href":"https:\/\/site.ac-martinique.fr\/ash\/index.php?rest_route=\/wp\/v2\/pages\/778\/revisions"}],"predecessor-version":[{"id":2789,"href":"https:\/\/site.ac-martinique.fr\/ash\/index.php?rest_route=\/wp\/v2\/pages\/778\/revisions\/2789"}],"wp:attachment":[{"href":"https:\/\/site.ac-martinique.fr\/ash\/index.php?rest_route=%2Fwp%2Fv2%2Fmedia&parent=778"}],"curies":[{"name":"wp","href":"https:\/\/api.w.org\/{rel}","templated":true}]}}