{"id":814,"date":"2019-12-02T14:26:00","date_gmt":"2019-12-02T19:26:00","guid":{"rendered":"\/ash\/?page_id=814"},"modified":"2019-12-02T14:30:10","modified_gmt":"2019-12-02T19:30:10","slug":"mgistere","status":"publish","type":"page","link":"https:\/\/site.ac-martinique.fr\/ash\/?page_id=814","title":{"rendered":"m@gistere"},"content":{"rendered":"<div class=\"titre\">\n<h1><span class=\"contenu_titre_non_image\">M@gist\u00e8re<\/span><\/h1>\n<\/div>\n<div class=\"padding-left-10\">\n<div class=\"chapo margin-bottom-20 padding-top-10 font-georgia font-12 font-grey bold\">\n<p>La plateforme M@gist\u00e8re propose \u00e0 tous les personnels de l&rsquo;\u00e9ducation nationale une offre de formations \u00e0 distance, accompagn\u00e9es ou non.<\/p>\n<\/div>\n<\/div>\n<div class=\"content-default\">\n<div class=\"sommaire-ed2 overflow-hidden margin-bottom-10\">\n<div class=\"float-left width-50pc\">\n<ul class=\"puce-arrow2\">\n<li><a href=\"https:\/\/eduscol.education.fr\/cid73451\/m@gistere.html#lien0\">Qu&rsquo;est-ce que M@gist\u00e8re\u00a0?<\/a><\/li>\n<li><a href=\"https:\/\/eduscol.education.fr\/cid73451\/m@gistere.html#lien1\">L&rsquo;offre de formation<\/a><\/li>\n<li><a href=\"https:\/\/eduscol.education.fr\/cid73451\/m@gistere.html#lien2\">Les parcours nationaux et acad\u00e9miques<\/a><\/li>\n<\/ul>\n<\/div>\n<div class=\"float-left width-50pc\">\n<ul class=\"puce-arrow2\">\n<li><a href=\"https:\/\/eduscol.education.fr\/cid73451\/m@gistere.html#lien3\">Modalit\u00e9s de mise en \u0153uvre des parcours de formation<\/a><\/li>\n<li><a href=\"https:\/\/eduscol.education.fr\/cid73451\/m@gistere.html#lien4\">Mise en \u0153uvre de la formation en ligne<\/a><\/li>\n<\/ul>\n<\/div>\n<\/div>\n<\/div>\n<div class=\"content-default dossier-docu-body\"><a name=\"lien0\"><\/a><\/p>\n<h2>Qu&rsquo;est-ce que M@gist\u00e8re\u00a0?<\/h2>\n<p><img loading=\"lazy\" decoding=\"async\" class=\"imagegauche\" src=\"https:\/\/cache.media.eduscol.education.fr\/image\/Formation_continue_enseignants\/44\/2\/2016-logo_magistere_614442.96.png\" alt=\"\" width=\"170\" height=\"38\" \/>M@gist\u00e8re\u00a0est un dispositif de e-formation qui <span class=\"download\">s&rsquo;adresse \u00e0 tous les personnels de l&rsquo;\u00e9ducation nationale\u00a0:<\/span><\/p>\n<ul>\n<li>Les enseignants du premier et du second degr\u00e9 public et priv\u00e9 sous contrat\u00a0;<\/li>\n<li class=\"download\">Les personnels d&rsquo;encadrement\u00a0;<\/li>\n<li class=\"download\">Les personnels administratifs, techniques, de sant\u00e9 et sociaux de l&rsquo;\u00e9ducation nationale\u00a0;<\/li>\n<li class=\"download\">Les \u00e9tudiants et les professeurs des INSP\u00c9 et des universit\u00e9s\u00a0;<\/li>\n<li class=\"download\"><span class=\"download\">Les personnels de Canop\u00e9 et du CNED.<\/span><\/li>\n<\/ul>\n<p class=\"download\"><span class=\"download\">Diverses modalit\u00e9s de formations peuvent \u00eatre propos\u00e9es\u00a0: formations accompagn\u00e9es, hybrid\u00e9es en pr\u00e9sentiel ou totalement \u00e0 distance, modules en autoformation et espaces de d\u00e9veloppement professionnel.<br \/>\n<\/span><\/p>\n<div class=\"encart\">\n<div class=\"encart_edus_sans_titre\">\n<div class=\"contenant\">\n<div class=\"contenu\">\n<p><a class=\"lien_externe\" href=\"http:\/\/magistere.education.fr\" target=\"_blank\">Acc\u00e9der \u00e0 la plateforme m@gist\u00e8re<\/a><\/p>\n<p><a class=\"lien_externe\" href=\"https:\/\/wiki.magistere.education.fr\/Accueil\" target=\"_blank\">Le wiki de m@gist\u00e8re<\/a><em>\u00a0:<\/em> il regroupe l&rsquo;actualit\u00e9 du dispositif, de la plateforme, les aspects techniques, des tutoriels, \u00e0 disposition de tous les utilisateurs.<\/p>\n<p><a class=\"lien_externe\" href=\"https:\/\/eduscol.education.fr\/numerique\/edunum-magistere\" target=\"_blank\">\u00c9du_Num m@gist\u00e8re<\/a><em>\u00a0:<\/em> quatre pages pour conna\u00eetre l&rsquo;actualit\u00e9 du dispositif. La lettre est publi\u00e9e une fois par trimestre, un abonnement est possible.<\/p>\n<\/div>\n<\/div>\n<\/div>\n<\/div>\n<\/div>\n","protected":false},"excerpt":{"rendered":"<p>M@gist\u00e8re La plateforme M@gist\u00e8re propose \u00e0 tous les personnels de l&rsquo;\u00e9ducation nationale une offre de formations \u00e0 distance, accompagn\u00e9es ou non. Qu&rsquo;est-ce que M@gist\u00e8re\u00a0? L&rsquo;offre de formation Les parcours nationaux et acad\u00e9miques Modalit\u00e9s de mise en \u0153uvre des parcours de formation Mise en \u0153uvre de la formation en ligne Qu&rsquo;est-ce que M@gist\u00e8re\u00a0? M@gist\u00e8re\u00a0est un dispositif &hellip; <\/p>\n<p><a class=\"more-link btn\" href=\"https:\/\/site.ac-martinique.fr\/ash\/?page_id=814\">Lire la suite<\/a><\/p>\n","protected":false},"author":10,"featured_media":0,"parent":0,"menu_order":0,"comment_status":"closed","ping_status":"closed","template":"","meta":{"footnotes":""},"class_list":["post-814","page","type-page","status-publish","hentry","nodate","item-wrap"],"_links":{"self":[{"href":"https:\/\/site.ac-martinique.fr\/ash\/index.php?rest_route=\/wp\/v2\/pages\/814","targetHints":{"allow":["GET"]}}],"collection":[{"href":"https:\/\/site.ac-martinique.fr\/ash\/index.php?rest_route=\/wp\/v2\/pages"}],"about":[{"href":"https:\/\/site.ac-martinique.fr\/ash\/index.php?rest_route=\/wp\/v2\/types\/page"}],"author":[{"embeddable":true,"href":"https:\/\/site.ac-martinique.fr\/ash\/index.php?rest_route=\/wp\/v2\/users\/10"}],"replies":[{"embeddable":true,"href":"https:\/\/site.ac-martinique.fr\/ash\/index.php?rest_route=%2Fwp%2Fv2%2Fcomments&post=814"}],"version-history":[{"count":2,"href":"https:\/\/site.ac-martinique.fr\/ash\/index.php?rest_route=\/wp\/v2\/pages\/814\/revisions"}],"predecessor-version":[{"id":822,"href":"https:\/\/site.ac-martinique.fr\/ash\/index.php?rest_route=\/wp\/v2\/pages\/814\/revisions\/822"}],"wp:attachment":[{"href":"https:\/\/site.ac-martinique.fr\/ash\/index.php?rest_route=%2Fwp%2Fv2%2Fmedia&parent=814"}],"curies":[{"name":"wp","href":"https:\/\/api.w.org\/{rel}","templated":true}]}}