{"id":909,"date":"2019-12-12T09:19:16","date_gmt":"2019-12-12T14:19:16","guid":{"rendered":"\/ash\/?page_id=909"},"modified":"2019-12-12T10:03:39","modified_gmt":"2019-12-12T15:03:39","slug":"enseignants-specialises-a-dominante-pedagogique","status":"publish","type":"page","link":"https:\/\/site.ac-martinique.fr\/ash\/?page_id=909","title":{"rendered":"Enseignants sp\u00e9cialis\u00e9s \u00e0 dominante p\u00e9dagogique"},"content":{"rendered":"<p><a href=\"\/ash\/wp-content\/uploads\/sites\/7\/2019\/12\/Isabelle-DEBREUVE-12-dec-3.jpg\"><img loading=\"lazy\" decoding=\"async\" class=\"alignnone size-full wp-image-920\" src=\"\/ash\/wp-content\/uploads\/sites\/7\/2019\/12\/Isabelle-DEBREUVE-12-dec-3.jpg\" alt=\"\" width=\"782\" height=\"696\" srcset=\"https:\/\/site.ac-martinique.fr\/ash\/wp-content\/uploads\/sites\/7\/2019\/12\/Isabelle-DEBREUVE-12-dec-3.jpg 782w, https:\/\/site.ac-martinique.fr\/ash\/wp-content\/uploads\/sites\/7\/2019\/12\/Isabelle-DEBREUVE-12-dec-3-300x267.jpg 300w, https:\/\/site.ac-martinique.fr\/ash\/wp-content\/uploads\/sites\/7\/2019\/12\/Isabelle-DEBREUVE-12-dec-3-768x684.jpg 768w\" sizes=\"auto, (max-width: 782px) 100vw, 782px\" \/><\/a><\/p>\n<p><a href=\"\/ash\/wp-content\/uploads\/sites\/7\/2019\/12\/Isabelle-DEBREUVE-12-dec-4.jpg\"><img loading=\"lazy\" decoding=\"async\" class=\"alignnone size-full wp-image-922\" src=\"\/ash\/wp-content\/uploads\/sites\/7\/2019\/12\/Isabelle-DEBREUVE-12-dec-4.jpg\" alt=\"\" width=\"783\" height=\"648\" srcset=\"https:\/\/site.ac-martinique.fr\/ash\/wp-content\/uploads\/sites\/7\/2019\/12\/Isabelle-DEBREUVE-12-dec-4.jpg 783w, https:\/\/site.ac-martinique.fr\/ash\/wp-content\/uploads\/sites\/7\/2019\/12\/Isabelle-DEBREUVE-12-dec-4-300x248.jpg 300w, https:\/\/site.ac-martinique.fr\/ash\/wp-content\/uploads\/sites\/7\/2019\/12\/Isabelle-DEBREUVE-12-dec-4-768x636.jpg 768w\" sizes=\"auto, (max-width: 783px) 100vw, 783px\" \/><\/a><\/p>\n<p><a href=\"\/ash\/wp-content\/uploads\/sites\/7\/2019\/12\/Isabelle-DEBREUVE-12-dec-5.jpg\"><img loading=\"lazy\" decoding=\"async\" class=\"alignnone size-full wp-image-923\" src=\"\/ash\/wp-content\/uploads\/sites\/7\/2019\/12\/Isabelle-DEBREUVE-12-dec-5.jpg\" alt=\"\" width=\"783\" height=\"95\" srcset=\"https:\/\/site.ac-martinique.fr\/ash\/wp-content\/uploads\/sites\/7\/2019\/12\/Isabelle-DEBREUVE-12-dec-5.jpg 783w, https:\/\/site.ac-martinique.fr\/ash\/wp-content\/uploads\/sites\/7\/2019\/12\/Isabelle-DEBREUVE-12-dec-5-300x36.jpg 300w, https:\/\/site.ac-martinique.fr\/ash\/wp-content\/uploads\/sites\/7\/2019\/12\/Isabelle-DEBREUVE-12-dec-5-768x93.jpg 768w\" sizes=\"auto, (max-width: 783px) 100vw, 783px\" \/><\/a><\/p>\n<p><a href=\"\/ash\/wp-content\/uploads\/sites\/7\/2019\/12\/Isabelle-DEBREUVE-12-dec-6.jpg\"><img loading=\"lazy\" decoding=\"async\" class=\"alignnone size-full wp-image-924\" src=\"\/ash\/wp-content\/uploads\/sites\/7\/2019\/12\/Isabelle-DEBREUVE-12-dec-6.jpg\" alt=\"\" width=\"732\" height=\"172\" srcset=\"https:\/\/site.ac-martinique.fr\/ash\/wp-content\/uploads\/sites\/7\/2019\/12\/Isabelle-DEBREUVE-12-dec-6.jpg 732w, https:\/\/site.ac-martinique.fr\/ash\/wp-content\/uploads\/sites\/7\/2019\/12\/Isabelle-DEBREUVE-12-dec-6-300x70.jpg 300w\" sizes=\"auto, (max-width: 732px) 100vw, 732px\" \/><\/a><\/p>\n","protected":false},"excerpt":{"rendered":"","protected":false},"author":10,"featured_media":0,"parent":0,"menu_order":0,"comment_status":"closed","ping_status":"closed","template":"","meta":{"footnotes":""},"class_list":["post-909","page","type-page","status-publish","hentry","nodate","item-wrap"],"_links":{"self":[{"href":"https:\/\/site.ac-martinique.fr\/ash\/index.php?rest_route=\/wp\/v2\/pages\/909","targetHints":{"allow":["GET"]}}],"collection":[{"href":"https:\/\/site.ac-martinique.fr\/ash\/index.php?rest_route=\/wp\/v2\/pages"}],"about":[{"href":"https:\/\/site.ac-martinique.fr\/ash\/index.php?rest_route=\/wp\/v2\/types\/page"}],"author":[{"embeddable":true,"href":"https:\/\/site.ac-martinique.fr\/ash\/index.php?rest_route=\/wp\/v2\/users\/10"}],"replies":[{"embeddable":true,"href":"https:\/\/site.ac-martinique.fr\/ash\/index.php?rest_route=%2Fwp%2Fv2%2Fcomments&post=909"}],"version-history":[{"count":3,"href":"https:\/\/site.ac-martinique.fr\/ash\/index.php?rest_route=\/wp\/v2\/pages\/909\/revisions"}],"predecessor-version":[{"id":925,"href":"https:\/\/site.ac-martinique.fr\/ash\/index.php?rest_route=\/wp\/v2\/pages\/909\/revisions\/925"}],"wp:attachment":[{"href":"https:\/\/site.ac-martinique.fr\/ash\/index.php?rest_route=%2Fwp%2Fv2%2Fmedia&parent=909"}],"curies":[{"name":"wp","href":"https:\/\/api.w.org\/{rel}","templated":true}]}}