{"id":911,"date":"2019-12-12T09:19:16","date_gmt":"2019-12-12T14:19:16","guid":{"rendered":"\/ash\/?page_id=911"},"modified":"2019-12-12T09:53:20","modified_gmt":"2019-12-12T14:53:20","slug":"enseignants-specialises-a-dominante-relationnelle","status":"publish","type":"page","link":"https:\/\/site.ac-martinique.fr\/ash\/?page_id=911","title":{"rendered":"Enseignants sp\u00e9cialis\u00e9s \u00e0 dominante relationnelle"},"content":{"rendered":"<p><a href=\"\/ash\/wp-content\/uploads\/sites\/7\/2019\/12\/Isabelle-DEBREUVE-12-dec-2.jpg\"><img loading=\"lazy\" decoding=\"async\" class=\"alignnone size-full wp-image-918\" src=\"\/ash\/wp-content\/uploads\/sites\/7\/2019\/12\/Isabelle-DEBREUVE-12-dec-2.jpg\" alt=\"\" width=\"776\" height=\"672\" srcset=\"https:\/\/site.ac-martinique.fr\/ash\/wp-content\/uploads\/sites\/7\/2019\/12\/Isabelle-DEBREUVE-12-dec-2.jpg 776w, https:\/\/site.ac-martinique.fr\/ash\/wp-content\/uploads\/sites\/7\/2019\/12\/Isabelle-DEBREUVE-12-dec-2-300x260.jpg 300w, https:\/\/site.ac-martinique.fr\/ash\/wp-content\/uploads\/sites\/7\/2019\/12\/Isabelle-DEBREUVE-12-dec-2-768x665.jpg 768w\" sizes=\"auto, (max-width: 776px) 100vw, 776px\" \/><\/a><\/p>\n","protected":false},"excerpt":{"rendered":"","protected":false},"author":10,"featured_media":0,"parent":0,"menu_order":0,"comment_status":"closed","ping_status":"closed","template":"","meta":{"footnotes":""},"class_list":["post-911","page","type-page","status-publish","hentry","nodate","item-wrap"],"_links":{"self":[{"href":"https:\/\/site.ac-martinique.fr\/ash\/index.php?rest_route=\/wp\/v2\/pages\/911","targetHints":{"allow":["GET"]}}],"collection":[{"href":"https:\/\/site.ac-martinique.fr\/ash\/index.php?rest_route=\/wp\/v2\/pages"}],"about":[{"href":"https:\/\/site.ac-martinique.fr\/ash\/index.php?rest_route=\/wp\/v2\/types\/page"}],"author":[{"embeddable":true,"href":"https:\/\/site.ac-martinique.fr\/ash\/index.php?rest_route=\/wp\/v2\/users\/10"}],"replies":[{"embeddable":true,"href":"https:\/\/site.ac-martinique.fr\/ash\/index.php?rest_route=%2Fwp%2Fv2%2Fcomments&post=911"}],"version-history":[{"count":2,"href":"https:\/\/site.ac-martinique.fr\/ash\/index.php?rest_route=\/wp\/v2\/pages\/911\/revisions"}],"predecessor-version":[{"id":919,"href":"https:\/\/site.ac-martinique.fr\/ash\/index.php?rest_route=\/wp\/v2\/pages\/911\/revisions\/919"}],"wp:attachment":[{"href":"https:\/\/site.ac-martinique.fr\/ash\/index.php?rest_route=%2Fwp%2Fv2%2Fmedia&parent=911"}],"curies":[{"name":"wp","href":"https:\/\/api.w.org\/{rel}","templated":true}]}}