{"id":950,"date":"2020-02-04T17:04:42","date_gmt":"2020-02-04T22:04:42","guid":{"rendered":"\/ash\/?page_id=950"},"modified":"2020-02-05T08:50:55","modified_gmt":"2020-02-05T13:50:55","slug":"qui-sont-les-ehp","status":"publish","type":"page","link":"https:\/\/site.ac-martinique.fr\/ash\/?page_id=950","title":{"rendered":"Qui sont les EHP ?"},"content":{"rendered":"<div class=\"oni_articleBlockIntro\">\n<div class=\"oni-para\">Les enfants \u00e0 Haut Potentiel repr\u00e9sentent 2 \u00e0 3 % de la population scolaire tous milieux confondus. Un tiers d\u2019entre eux sont en situation d\u2019\u00e9chec scolaire relatif ou massif.<\/div>\n<\/div>\n<div class=\"oni_article_consult\">\n<p><b>Savoir les d\u00e9tecter est important pour mieux les prendre en charge. La loi d\u2019orientation et de programme pour l\u2019avenir de l\u2019\u00e9cole rappelle cette n\u00e9cessit\u00e9.<\/b><\/p>\n<p>Un \u00e9l\u00e8ve brillant n\u2019est pas forc\u00e9ment un enfant pr\u00e9coce. Un enfant pr\u00e9coce n\u2019est pas forc\u00e9ment un \u00e9l\u00e8ve brillant.<\/p>\n<\/div>\n<p style=\"text-align: left;\"><strong>L&rsquo;extrait du Bulletin officiel n\u00b0 45 du 3 d\u00e9cembre 2009 nous rappelle qui sont les enfants dits \u00ab\u00a0pr\u00e9coces\u00a0\u00bb:<\/strong><\/p>\n<p>\u00ab\u00a01 &#8211; Un bref rappel\u00a0: qui sont les \u00e9l\u00e8ves intellectuellement pr\u00e9coces\u00a0?<\/p>\n<p>L&rsquo;attention est port\u00e9e depuis quelques ann\u00e9es sur <strong>la situation, apparemment paradoxale, des \u00e9l\u00e8ves qui, bien que pr\u00e9sentant de remarquables capacit\u00e9s intellectuelles, ne r\u00e9ussissent pas dans les apprentissages scolaires.<\/strong> Leur comportement et leurs performances ne sont pas ceux que l&rsquo;on pourrait attendre au vu de leur tr\u00e8s bon d\u00e9veloppement intellectuel, le plus souvent valid\u00e9 par des tests d&rsquo;intelligence. Certains d&rsquo;entre eux rencontrent m\u00eame d&rsquo;importantes difficult\u00e9s en classe pouvant les conduire \u00e0 des redoublements et \u00e0 un d\u00e9sinvestissement progressif de l&rsquo;\u00e9cole, souvent accompagn\u00e9 de d\u00e9sarroi psychologique et\/ou de troubles des conduites (le rapport remis au ministre de l&rsquo;\u00c9ducation nationale en janvier 2002 constituait une synth\u00e8se de cette question qu&rsquo;il convient de compl\u00e9ter par la n\u00e9cessaire actualisation de certains points et la prise en compte des r\u00e9centes \u00e9tudes scientifiques et p\u00e9dagogiques).<\/p>\n<p>Si l&rsquo;approche de la situation de ces \u00e9l\u00e8ves fait aujourd&rsquo;hui l&rsquo;objet d&rsquo;une certaine convergence des points de vue des professionnels de l&rsquo;enfance et des familles, les enfants concern\u00e9s ne constituent pas une population identifiable comme telle. Il faut souligner <strong>la tr\u00e8s grande diversit\u00e9 de leurs profils<\/strong> (langage, m\u00e9moire, adaptation, motivation, personnalit\u00e9, etc.). Ils n&rsquo;ont en commun que le fait de b\u00e9n\u00e9ficier de certaines capacit\u00e9s remarquables et l&rsquo;\u00e9cart constat\u00e9 entre ces capacit\u00e9s et les performances r\u00e9alis\u00e9es, en particulier en milieu scolaire.<\/p>\n<p><strong>Cette extr\u00eame diversit\u00e9 peut expliquer la vari\u00e9t\u00e9 des termes employ\u00e9s pour identifier ces \u00e9l\u00e8ves\u00a0:<\/strong> \u00ab\u00a0intellectuellement pr\u00e9coces\u00a0\u00bb, \u00ab\u00a0dou\u00e9s\u00a0\u00bb, \u00ab\u00a0surdou\u00e9s\u00a0\u00bb, \u00ab\u00a0talentueux\u00a0\u00bb, \u00ab\u00a0\u00e0 haut potentiel\u00a0\u00bb, \u00ab\u00a0manifestant des aptitudes particuli\u00e8res\u00a0\u00bb, etc. \u00c0 travers les mots, ce sont des concepts diff\u00e9rents qui sont utilis\u00e9s. D&rsquo;un pays \u00e0 l&rsquo;autre, d&rsquo;un contexte \u00e0 l&rsquo;autre, parfois d&rsquo;un \u00e9tablissement \u00e0 l&rsquo;autre, on ne parle pas exactement des m\u00eames \u00e9l\u00e8ves. Si, en France, la d\u00e9nomination \u00ab\u00a0\u00e9l\u00e8ves intellectuellement pr\u00e9coces\u00a0\u00bb a \u00e9t\u00e9 majoritairement adopt\u00e9e, elle est souvent contest\u00e9e, en particulier dans la communaut\u00e9 universitaire. Les textes officiels retiennent une expression plus ouverte\u00a0: \u00ab\u00a0\u00e9l\u00e8ves intellectuellement pr\u00e9coces\u00a0ou\u00a0manifestant des aptitudes particuli\u00e8res\u00a0\u00bb.<\/p>\n<p><strong>Il ne saurait \u00eatre question d&rsquo;entreprendre un rep\u00e9rage syst\u00e9matique des enfants pr\u00e9sentant des potentialit\u00e9s intellectuelles exceptionnelles.<\/strong> Ceux-ci sont en g\u00e9n\u00e9ral bien accueillis, adapt\u00e9s \u00e0 l&rsquo;\u00e9cole et, pour leur grande majorit\u00e9, en situation de r\u00e9ussite scolaire. Il s&rsquo;agit en revanche d&rsquo;apporter l&rsquo;aide et l&rsquo;accompagnement n\u00e9cessaires \u00e0 la minorit\u00e9 qui, parmi eux, est en souffrance (ou est susceptible de l&rsquo;\u00eatre).<\/p>\n<p><strong>L&rsquo;hypoth\u00e8se d&rsquo;un \u00e9cart entre les comp\u00e9tences attribu\u00e9es et des difficult\u00e9s av\u00e9r\u00e9es dans un ou plusieurs domaines<\/strong> <strong>d&rsquo;apprentissage est donc le point de d\u00e9part de l&rsquo;interrogation qui justifiera une \u00e9valuation approfondie.<\/strong> Celle-ci n\u00e9cessite l&rsquo;\u00e9clairage des regards compl\u00e9mentaires des professionnels sp\u00e9cialis\u00e9s.<\/p>\n<p><strong>L&rsquo;\u00e9valuation psychologique et intellectuelle<\/strong> est indispensable \u00e0 l&rsquo;analyse des difficult\u00e9s d&rsquo;apprentissage et \u00e0 la reconnaissance des potentialit\u00e9s intellectuelles de l&rsquo;\u00e9l\u00e8ve quelles qu&rsquo;elles soient. La transmission des informations qui en sont issues appelle, au-del\u00e0 de la responsabilit\u00e9 professionnelle propre aux psychologues, quelques remarques\u00a0:<\/p>\n<p><strong>&#8211; Si le quotient intellectuel (QI) a longtemps \u00e9t\u00e9 utilis\u00e9 comme unique crit\u00e8re pour rep\u00e9rer les enfants intellectuellement<\/strong> <strong>pr\u00e9coces, il est aujourd&rsquo;hui consid\u00e9r\u00e9 comme un simple indicateur parmi d&rsquo;autres.<\/strong> Les performances aux tests d&rsquo;intelligence ne sont que des approximations du fonctionnement cognitif d&rsquo;un sujet dans un domaine g\u00e9n\u00e9ral ou particulier, et leur interpr\u00e9tation par les psychologues se fait en association avec d&rsquo;autres informations psychologiques, p\u00e9dagogiques et personnelles.<\/p>\n<p><strong>&#8211; Le QI ne peut rendre compte \u00e0 lui seul de la diversit\u00e9 des formes de l&rsquo;intelligence.<\/strong> Le recueil d&rsquo;autres donn\u00e9es psychologiques est n\u00e9cessaire. Comme dans certains pays, les proc\u00e9dures d&rsquo;identification des enfants \u00e0 haut potentiel intellectuel devraient int\u00e9grer des indicateurs compl\u00e9mentaires (cr\u00e9ativit\u00e9, motivation, environnement&#8230;).<\/p>\n<p>&#8211; La mesure de l&rsquo;intelligence, sensible \u00e0 de nombreux param\u00e8tres et d\u00e9pendante du test utilis\u00e9, s&rsquo;exprime habituellement en valeurs relatives (indices ou Q.I.) qui incluent des erreurs de mesure et impliquent l&rsquo;utilisation d&rsquo;intervalles de confiance. <strong>Ces donn\u00e9es psychom\u00e9triques ne sont que des approximations, elles remettent n\u00e9cessairement en question toute r\u00e9f\u00e9rence \u00e0 un seuil<\/strong> (120, 125, 130, 150&#8230;).<\/p>\n<p>&#8211; Le diagnostic de pr\u00e9cocit\u00e9 intellectuelle, \u00e9largi d\u00e9sormais \u00e0 celui de haut potentiel ou de talent, est l&rsquo;aboutissement d&rsquo;un processus collectif d&rsquo;\u00e9valuations et d&rsquo;\u00e9changes qui implique dans le syst\u00e8me \u00e9ducatif l&rsquo;ensemble des professionnels concern\u00e9s et les parents.<\/p>\n<p><strong>&#8211; Les informations psychom\u00e9triques sont des donn\u00e9es confidentielles et leur utilisation se fait avec retenue, dans le souci de la protection des personnes<\/strong> ; la qualification de pr\u00e9cocit\u00e9 intellectuelle appliqu\u00e9e \u00e0 un enfant a des implications dans sa vie et celle de sa famille qui, bien que m\u00e9connues et peu \u00e9tudi\u00e9es, ne sont pas anodines et imposent r\u00e9serve et r\u00e9flexion.<\/p>\n<div class=\"oni_article_consult\">\n<p>Le diagnostic de pr\u00e9cocit\u00e9 intellectuelle est l\u2019aboutissement d\u2019un processus collectif d\u2019\u00e9valuations et d\u2019\u00e9changes entre les \u00e9quipes p\u00e9dagogiques et les parents. Si le QI a longtemps \u00e9t\u00e9 utilis\u00e9 comme unique crit\u00e8re pour rep\u00e9rer ces enfants, il est aujourd\u2019hui consid\u00e9r\u00e9 comme un simple indicateur parmi d\u2019autres.<\/p>\n<p>Les profils de ces enfants peuvent \u00eatre tr\u00e8s diff\u00e9rents. La majorit\u00e9 suit un cursus scolaire sans probl\u00e8me et tous ne vivent pas une scolarit\u00e9 perturb\u00e9e.<\/p>\n<p>Certains rencontrent, n\u00e9anmoins, des difficult\u00e9s\u00a0:<\/p>\n<ul class=\"oni_list_article\">\n<li>\u00e0 s\u2019adapter aux situations. scolaires (ennui, faible int\u00e9r\u00eat\u2026)\u00a0;<\/li>\n<li>en \u00e9criture, en savoir-faire pratique, dans la capacit\u00e9 \u00e0 entrer en relation, \u00e0 coop\u00e9rer avec d&rsquo;autres et dans la ma\u00eetrise des \u00e9motions ;<\/li>\n<li>personnelles sans liens avec leur potentialit\u00e9.<\/li>\n<\/ul>\n<p>Un rep\u00e9rage en classe doit \u00eatre r\u00e9alis\u00e9 par un professionnel afin de poser un diagnostic et de permettre \u00e0 l\u2019enfant de s\u2019\u00e9panouir et de r\u00e9ussir sa scolarit\u00e9.<\/p>\n<p>\u00ab\u00a0La r\u00e9ussite d&rsquo;un enfant intellectuellement pr\u00e9coce ou manifestant des aptitudes particuli\u00e8res n\u00e9cessite parfois des am\u00e9nagements de son parcours scolaire tels que les pr\u00e9voit le code de l&rsquo;Education dans son article L321-4\u00a0\u00bb &#8211; <i>Circulaire N\u00b0 2009 &#8211; 168 du 12.11.2009 parue au BO n\u00b0 45 du 3.12.2009.<\/i><\/p>\n<\/div>\n<p><a href=\"\/ash\/wp-content\/uploads\/sites\/7\/2019\/10\/onisep.png\"><img loading=\"lazy\" decoding=\"async\" class=\"alignnone size-full wp-image-508\" src=\"\/ash\/wp-content\/uploads\/sites\/7\/2019\/10\/onisep.png\" alt=\"\" width=\"299\" height=\"63\" \/><\/a><\/p>\n","protected":false},"excerpt":{"rendered":"<p>Les enfants \u00e0 Haut Potentiel repr\u00e9sentent 2 \u00e0 3 % de la population scolaire tous milieux confondus. Un tiers d\u2019entre eux sont en situation d\u2019\u00e9chec scolaire relatif ou massif. Savoir les d\u00e9tecter est important pour mieux les prendre en charge. La loi d\u2019orientation et de programme pour l\u2019avenir de l\u2019\u00e9cole rappelle cette n\u00e9cessit\u00e9. Un \u00e9l\u00e8ve &hellip; <\/p>\n<p><a class=\"more-link btn\" href=\"https:\/\/site.ac-martinique.fr\/ash\/?page_id=950\">Lire la suite<\/a><\/p>\n","protected":false},"author":10,"featured_media":0,"parent":0,"menu_order":0,"comment_status":"closed","ping_status":"closed","template":"","meta":{"footnotes":""},"class_list":["post-950","page","type-page","status-publish","hentry","nodate","item-wrap"],"_links":{"self":[{"href":"https:\/\/site.ac-martinique.fr\/ash\/index.php?rest_route=\/wp\/v2\/pages\/950","targetHints":{"allow":["GET"]}}],"collection":[{"href":"https:\/\/site.ac-martinique.fr\/ash\/index.php?rest_route=\/wp\/v2\/pages"}],"about":[{"href":"https:\/\/site.ac-martinique.fr\/ash\/index.php?rest_route=\/wp\/v2\/types\/page"}],"author":[{"embeddable":true,"href":"https:\/\/site.ac-martinique.fr\/ash\/index.php?rest_route=\/wp\/v2\/users\/10"}],"replies":[{"embeddable":true,"href":"https:\/\/site.ac-martinique.fr\/ash\/index.php?rest_route=%2Fwp%2Fv2%2Fcomments&post=950"}],"version-history":[{"count":4,"href":"https:\/\/site.ac-martinique.fr\/ash\/index.php?rest_route=\/wp\/v2\/pages\/950\/revisions"}],"predecessor-version":[{"id":1012,"href":"https:\/\/site.ac-martinique.fr\/ash\/index.php?rest_route=\/wp\/v2\/pages\/950\/revisions\/1012"}],"wp:attachment":[{"href":"https:\/\/site.ac-martinique.fr\/ash\/index.php?rest_route=%2Fwp%2Fv2%2Fmedia&parent=950"}],"curies":[{"name":"wp","href":"https:\/\/api.w.org\/{rel}","templated":true}]}}