{"id":35,"date":"2024-11-14T14:22:43","date_gmt":"2024-11-14T18:22:43","guid":{"rendered":"https:\/\/site.ac-martinique.fr\/bia\/?page_id=35"},"modified":"2024-11-14T21:11:54","modified_gmt":"2024-11-15T01:11:54","slug":"calendrier-general","status":"publish","type":"page","link":"https:\/\/site.ac-martinique.fr\/bia\/?page_id=35","title":{"rendered":"Calendrier g\u00e9n\u00e9ral"},"content":{"rendered":"\n<p>Vous pouvez visionner le calendrier g\u00e9n\u00e9ral\u00a0 pour la formation au BIA 2024\/2025 en cliquant sur le lien ci-dessous :<\/p>\n\n\n\n<p class=\"has-text-align-center\"><a href=\"https:\/\/bia972.fr\/img\/calendrier_cours_BIA_25_v2.pdf\" target=\"_blank\" rel=\"noreferrer noopener\">CALENDRIER FORMATION BIA 2025<\/a><\/p>\n\n\n\n<p><\/p>\n","protected":false},"excerpt":{"rendered":"<p>Vous pouvez visionner le calendrier g\u00e9n\u00e9ral\u00a0 pour la formation au BIA 2024\/2025 en cliquant sur le lien ci-dessous : CALENDRIER FORMATION BIA 2025<\/p>\n","protected":false},"author":206,"featured_media":0,"parent":0,"menu_order":0,"comment_status":"closed","ping_status":"closed","template":"","meta":{"footnotes":""},"class_list":["post-35","page","type-page","status-publish","hentry"],"yoast_head":"<!-- This site is optimized with the Yoast SEO plugin v27.3 - https:\/\/yoast.com\/product\/yoast-seo-wordpress\/ -->\n<title>Calendrier g\u00e9n\u00e9ral - Le site de la formation BIA en Martinique<\/title>\n<meta name=\"robots\" content=\"index, follow, max-snippet:-1, max-image-preview:large, max-video-preview:-1\" \/>\n<link rel=\"canonical\" href=\"https:\/\/site.ac-martinique.fr\/bia\/?page_id=35\" \/>\n<meta property=\"og:locale\" content=\"fr_FR\" \/>\n<meta property=\"og:type\" content=\"article\" \/>\n<meta property=\"og:title\" content=\"Calendrier g\u00e9n\u00e9ral - Le site de la formation BIA en Martinique\" \/>\n<meta property=\"og:description\" content=\"Vous pouvez visionner le calendrier g\u00e9n\u00e9ral\u00a0 pour la formation au BIA 2024\/2025 en cliquant sur le lien ci-dessous : CALENDRIER FORMATION BIA 2025\" \/>\n<meta property=\"og:url\" content=\"https:\/\/site.ac-martinique.fr\/bia\/?page_id=35\" \/>\n<meta property=\"og:site_name\" content=\"Le site de la formation BIA en Martinique\" \/>\n<meta property=\"article:modified_time\" content=\"2024-11-15T01:11:54+00:00\" \/>\n<meta name=\"twitter:card\" content=\"summary_large_image\" \/>\n<script type=\"application\/ld+json\" class=\"yoast-schema-graph\">{\"@context\":\"https:\\\/\\\/schema.org\",\"@graph\":[{\"@type\":\"WebPage\",\"@id\":\"https:\\\/\\\/site.ac-martinique.fr\\\/bia\\\/?page_id=35\",\"url\":\"https:\\\/\\\/site.ac-martinique.fr\\\/bia\\\/?page_id=35\",\"name\":\"Calendrier g\u00e9n\u00e9ral - Le site de la formation BIA en Martinique\",\"isPartOf\":{\"@id\":\"https:\\\/\\\/site.ac-martinique.fr\\\/bia\\\/#website\"},\"datePublished\":\"2024-11-14T18:22:43+00:00\",\"dateModified\":\"2024-11-15T01:11:54+00:00\",\"breadcrumb\":{\"@id\":\"https:\\\/\\\/site.ac-martinique.fr\\\/bia\\\/?page_id=35#breadcrumb\"},\"inLanguage\":\"fr-FR\",\"potentialAction\":[{\"@type\":\"ReadAction\",\"target\":[\"https:\\\/\\\/site.ac-martinique.fr\\\/bia\\\/?page_id=35\"]}]},{\"@type\":\"BreadcrumbList\",\"@id\":\"https:\\\/\\\/site.ac-martinique.fr\\\/bia\\\/?page_id=35#breadcrumb\",\"itemListElement\":[{\"@type\":\"ListItem\",\"position\":1,\"name\":\"Accueil\",\"item\":\"https:\\\/\\\/site.ac-martinique.fr\\\/bia\"},{\"@type\":\"ListItem\",\"position\":2,\"name\":\"Calendrier g\u00e9n\u00e9ral\"}]},{\"@type\":\"WebSite\",\"@id\":\"https:\\\/\\\/site.ac-martinique.fr\\\/bia\\\/#website\",\"url\":\"https:\\\/\\\/site.ac-martinique.fr\\\/bia\\\/\",\"name\":\"Le site de la formation BIA en Martinique\",\"description\":\"\",\"potentialAction\":[{\"@type\":\"SearchAction\",\"target\":{\"@type\":\"EntryPoint\",\"urlTemplate\":\"https:\\\/\\\/site.ac-martinique.fr\\\/bia\\\/?s={search_term_string}\"},\"query-input\":{\"@type\":\"PropertyValueSpecification\",\"valueRequired\":true,\"valueName\":\"search_term_string\"}}],\"inLanguage\":\"fr-FR\"}]}<\/script>\n<!-- \/ Yoast SEO plugin. -->","yoast_head_json":{"title":"Calendrier g\u00e9n\u00e9ral - Le site de la formation BIA en Martinique","robots":{"index":"index","follow":"follow","max-snippet":"max-snippet:-1","max-image-preview":"max-image-preview:large","max-video-preview":"max-video-preview:-1"},"canonical":"https:\/\/site.ac-martinique.fr\/bia\/?page_id=35","og_locale":"fr_FR","og_type":"article","og_title":"Calendrier g\u00e9n\u00e9ral - Le site de la formation BIA en Martinique","og_description":"Vous pouvez visionner le calendrier g\u00e9n\u00e9ral\u00a0 pour la formation au BIA 2024\/2025 en cliquant sur le lien ci-dessous : CALENDRIER FORMATION BIA 2025","og_url":"https:\/\/site.ac-martinique.fr\/bia\/?page_id=35","og_site_name":"Le site de la formation BIA en Martinique","article_modified_time":"2024-11-15T01:11:54+00:00","twitter_card":"summary_large_image","schema":{"@context":"https:\/\/schema.org","@graph":[{"@type":"WebPage","@id":"https:\/\/site.ac-martinique.fr\/bia\/?page_id=35","url":"https:\/\/site.ac-martinique.fr\/bia\/?page_id=35","name":"Calendrier g\u00e9n\u00e9ral - Le site de la formation BIA en Martinique","isPartOf":{"@id":"https:\/\/site.ac-martinique.fr\/bia\/#website"},"datePublished":"2024-11-14T18:22:43+00:00","dateModified":"2024-11-15T01:11:54+00:00","breadcrumb":{"@id":"https:\/\/site.ac-martinique.fr\/bia\/?page_id=35#breadcrumb"},"inLanguage":"fr-FR","potentialAction":[{"@type":"ReadAction","target":["https:\/\/site.ac-martinique.fr\/bia\/?page_id=35"]}]},{"@type":"BreadcrumbList","@id":"https:\/\/site.ac-martinique.fr\/bia\/?page_id=35#breadcrumb","itemListElement":[{"@type":"ListItem","position":1,"name":"Accueil","item":"https:\/\/site.ac-martinique.fr\/bia"},{"@type":"ListItem","position":2,"name":"Calendrier g\u00e9n\u00e9ral"}]},{"@type":"WebSite","@id":"https:\/\/site.ac-martinique.fr\/bia\/#website","url":"https:\/\/site.ac-martinique.fr\/bia\/","name":"Le site de la formation BIA en Martinique","description":"","potentialAction":[{"@type":"SearchAction","target":{"@type":"EntryPoint","urlTemplate":"https:\/\/site.ac-martinique.fr\/bia\/?s={search_term_string}"},"query-input":{"@type":"PropertyValueSpecification","valueRequired":true,"valueName":"search_term_string"}}],"inLanguage":"fr-FR"}]}},"_links":{"self":[{"href":"https:\/\/site.ac-martinique.fr\/bia\/index.php?rest_route=\/wp\/v2\/pages\/35","targetHints":{"allow":["GET"]}}],"collection":[{"href":"https:\/\/site.ac-martinique.fr\/bia\/index.php?rest_route=\/wp\/v2\/pages"}],"about":[{"href":"https:\/\/site.ac-martinique.fr\/bia\/index.php?rest_route=\/wp\/v2\/types\/page"}],"author":[{"embeddable":true,"href":"https:\/\/site.ac-martinique.fr\/bia\/index.php?rest_route=\/wp\/v2\/users\/206"}],"replies":[{"embeddable":true,"href":"https:\/\/site.ac-martinique.fr\/bia\/index.php?rest_route=%2Fwp%2Fv2%2Fcomments&post=35"}],"version-history":[{"count":2,"href":"https:\/\/site.ac-martinique.fr\/bia\/index.php?rest_route=\/wp\/v2\/pages\/35\/revisions"}],"predecessor-version":[{"id":68,"href":"https:\/\/site.ac-martinique.fr\/bia\/index.php?rest_route=\/wp\/v2\/pages\/35\/revisions\/68"}],"wp:attachment":[{"href":"https:\/\/site.ac-martinique.fr\/bia\/index.php?rest_route=%2Fwp%2Fv2%2Fmedia&parent=35"}],"curies":[{"name":"wp","href":"https:\/\/api.w.org\/{rel}","templated":true}]}}