{"id":74,"date":"2024-11-14T21:14:38","date_gmt":"2024-11-15T01:14:38","guid":{"rendered":"https:\/\/site.ac-martinique.fr\/bia\/?page_id=74"},"modified":"2024-11-14T21:15:59","modified_gmt":"2024-11-15T01:15:59","slug":"pieces-a-fournir","status":"publish","type":"page","link":"https:\/\/site.ac-martinique.fr\/bia\/?page_id=74","title":{"rendered":"Pi\u00e8ces \u00e0 fournir"},"content":{"rendered":"\n<p>Pi\u00e8ces \u00e0 fournir pour l&rsquo;inscription \u00e0 la formation au BIA session 2025:<\/p>\n\n\n\n<ul class=\"wp-block-list\">\n<li>Une lettre de motivation.<\/li>\n\n\n\n<li>Une photo d&rsquo;identit\u00e9 (num\u00e9ris\u00e9e).<\/li>\n\n\n\n<li>Une attestation d&rsquo;assurance portant la mention \u00ab\u00a0extra-scolaire\u00a0\u00bb.<\/li>\n\n\n\n<li>Copie de pi\u00e8ce d&rsquo;identit\u00e9.<\/li>\n<\/ul>\n\n\n\n<p>Tout cela sera t\u00e9l\u00e9vers\u00e9 en ligne lors de l&rsquo;inscription.<\/p>\n\n\n\n<p>Attention: tout dossier incomplet ne sera pas pris en compte.<\/p>\n\n\n\n<p>Seul le ch\u00e8que (80 euros) sera remis aux formateurs lors du premier cours, en octobre 2024.<\/p>\n","protected":false},"excerpt":{"rendered":"<p>Pi\u00e8ces \u00e0 fournir pour l&rsquo;inscription \u00e0 la formation au BIA session 2025: Tout cela sera t\u00e9l\u00e9vers\u00e9 en ligne lors de l&rsquo;inscription. Attention: tout dossier incomplet ne sera pas pris en compte. Seul le ch\u00e8que (80 euros) sera remis aux formateurs lors du premier cours, en octobre 2024.<\/p>\n","protected":false},"author":206,"featured_media":0,"parent":0,"menu_order":0,"comment_status":"closed","ping_status":"closed","template":"","meta":{"footnotes":""},"class_list":["post-74","page","type-page","status-publish","hentry"],"yoast_head":"<!-- This site is optimized with the Yoast SEO plugin v27.3 - https:\/\/yoast.com\/product\/yoast-seo-wordpress\/ -->\n<title>Pi\u00e8ces \u00e0 fournir - Le site de la formation BIA en Martinique<\/title>\n<meta name=\"robots\" content=\"index, follow, max-snippet:-1, max-image-preview:large, max-video-preview:-1\" \/>\n<link rel=\"canonical\" href=\"https:\/\/site.ac-martinique.fr\/bia\/?page_id=74\" \/>\n<meta property=\"og:locale\" content=\"fr_FR\" \/>\n<meta property=\"og:type\" content=\"article\" \/>\n<meta property=\"og:title\" content=\"Pi\u00e8ces \u00e0 fournir - Le site de la formation BIA en Martinique\" \/>\n<meta property=\"og:description\" content=\"Pi\u00e8ces \u00e0 fournir pour l&rsquo;inscription \u00e0 la formation au BIA session 2025: Tout cela sera t\u00e9l\u00e9vers\u00e9 en ligne lors de l&rsquo;inscription. Attention: tout dossier incomplet ne sera pas pris en compte. Seul le ch\u00e8que (80 euros) sera remis aux formateurs lors du premier cours, en octobre 2024.\" \/>\n<meta property=\"og:url\" content=\"https:\/\/site.ac-martinique.fr\/bia\/?page_id=74\" \/>\n<meta property=\"og:site_name\" content=\"Le site de la formation BIA en Martinique\" \/>\n<meta property=\"article:modified_time\" content=\"2024-11-15T01:15:59+00:00\" \/>\n<meta name=\"twitter:card\" content=\"summary_large_image\" \/>\n<script type=\"application\/ld+json\" class=\"yoast-schema-graph\">{\"@context\":\"https:\\\/\\\/schema.org\",\"@graph\":[{\"@type\":\"WebPage\",\"@id\":\"https:\\\/\\\/site.ac-martinique.fr\\\/bia\\\/?page_id=74\",\"url\":\"https:\\\/\\\/site.ac-martinique.fr\\\/bia\\\/?page_id=74\",\"name\":\"Pi\u00e8ces \u00e0 fournir - Le site de la formation BIA en Martinique\",\"isPartOf\":{\"@id\":\"https:\\\/\\\/site.ac-martinique.fr\\\/bia\\\/#website\"},\"datePublished\":\"2024-11-15T01:14:38+00:00\",\"dateModified\":\"2024-11-15T01:15:59+00:00\",\"breadcrumb\":{\"@id\":\"https:\\\/\\\/site.ac-martinique.fr\\\/bia\\\/?page_id=74#breadcrumb\"},\"inLanguage\":\"fr-FR\",\"potentialAction\":[{\"@type\":\"ReadAction\",\"target\":[\"https:\\\/\\\/site.ac-martinique.fr\\\/bia\\\/?page_id=74\"]}]},{\"@type\":\"BreadcrumbList\",\"@id\":\"https:\\\/\\\/site.ac-martinique.fr\\\/bia\\\/?page_id=74#breadcrumb\",\"itemListElement\":[{\"@type\":\"ListItem\",\"position\":1,\"name\":\"Accueil\",\"item\":\"https:\\\/\\\/site.ac-martinique.fr\\\/bia\"},{\"@type\":\"ListItem\",\"position\":2,\"name\":\"Pi\u00e8ces \u00e0 fournir\"}]},{\"@type\":\"WebSite\",\"@id\":\"https:\\\/\\\/site.ac-martinique.fr\\\/bia\\\/#website\",\"url\":\"https:\\\/\\\/site.ac-martinique.fr\\\/bia\\\/\",\"name\":\"Le site de la formation BIA en Martinique\",\"description\":\"\",\"potentialAction\":[{\"@type\":\"SearchAction\",\"target\":{\"@type\":\"EntryPoint\",\"urlTemplate\":\"https:\\\/\\\/site.ac-martinique.fr\\\/bia\\\/?s={search_term_string}\"},\"query-input\":{\"@type\":\"PropertyValueSpecification\",\"valueRequired\":true,\"valueName\":\"search_term_string\"}}],\"inLanguage\":\"fr-FR\"}]}<\/script>\n<!-- \/ Yoast SEO plugin. -->","yoast_head_json":{"title":"Pi\u00e8ces \u00e0 fournir - Le site de la formation BIA en Martinique","robots":{"index":"index","follow":"follow","max-snippet":"max-snippet:-1","max-image-preview":"max-image-preview:large","max-video-preview":"max-video-preview:-1"},"canonical":"https:\/\/site.ac-martinique.fr\/bia\/?page_id=74","og_locale":"fr_FR","og_type":"article","og_title":"Pi\u00e8ces \u00e0 fournir - Le site de la formation BIA en Martinique","og_description":"Pi\u00e8ces \u00e0 fournir pour l&rsquo;inscription \u00e0 la formation au BIA session 2025: Tout cela sera t\u00e9l\u00e9vers\u00e9 en ligne lors de l&rsquo;inscription. Attention: tout dossier incomplet ne sera pas pris en compte. Seul le ch\u00e8que (80 euros) sera remis aux formateurs lors du premier cours, en octobre 2024.","og_url":"https:\/\/site.ac-martinique.fr\/bia\/?page_id=74","og_site_name":"Le site de la formation BIA en Martinique","article_modified_time":"2024-11-15T01:15:59+00:00","twitter_card":"summary_large_image","schema":{"@context":"https:\/\/schema.org","@graph":[{"@type":"WebPage","@id":"https:\/\/site.ac-martinique.fr\/bia\/?page_id=74","url":"https:\/\/site.ac-martinique.fr\/bia\/?page_id=74","name":"Pi\u00e8ces \u00e0 fournir - Le site de la formation BIA en Martinique","isPartOf":{"@id":"https:\/\/site.ac-martinique.fr\/bia\/#website"},"datePublished":"2024-11-15T01:14:38+00:00","dateModified":"2024-11-15T01:15:59+00:00","breadcrumb":{"@id":"https:\/\/site.ac-martinique.fr\/bia\/?page_id=74#breadcrumb"},"inLanguage":"fr-FR","potentialAction":[{"@type":"ReadAction","target":["https:\/\/site.ac-martinique.fr\/bia\/?page_id=74"]}]},{"@type":"BreadcrumbList","@id":"https:\/\/site.ac-martinique.fr\/bia\/?page_id=74#breadcrumb","itemListElement":[{"@type":"ListItem","position":1,"name":"Accueil","item":"https:\/\/site.ac-martinique.fr\/bia"},{"@type":"ListItem","position":2,"name":"Pi\u00e8ces \u00e0 fournir"}]},{"@type":"WebSite","@id":"https:\/\/site.ac-martinique.fr\/bia\/#website","url":"https:\/\/site.ac-martinique.fr\/bia\/","name":"Le site de la formation BIA en Martinique","description":"","potentialAction":[{"@type":"SearchAction","target":{"@type":"EntryPoint","urlTemplate":"https:\/\/site.ac-martinique.fr\/bia\/?s={search_term_string}"},"query-input":{"@type":"PropertyValueSpecification","valueRequired":true,"valueName":"search_term_string"}}],"inLanguage":"fr-FR"}]}},"_links":{"self":[{"href":"https:\/\/site.ac-martinique.fr\/bia\/index.php?rest_route=\/wp\/v2\/pages\/74","targetHints":{"allow":["GET"]}}],"collection":[{"href":"https:\/\/site.ac-martinique.fr\/bia\/index.php?rest_route=\/wp\/v2\/pages"}],"about":[{"href":"https:\/\/site.ac-martinique.fr\/bia\/index.php?rest_route=\/wp\/v2\/types\/page"}],"author":[{"embeddable":true,"href":"https:\/\/site.ac-martinique.fr\/bia\/index.php?rest_route=\/wp\/v2\/users\/206"}],"replies":[{"embeddable":true,"href":"https:\/\/site.ac-martinique.fr\/bia\/index.php?rest_route=%2Fwp%2Fv2%2Fcomments&post=74"}],"version-history":[{"count":1,"href":"https:\/\/site.ac-martinique.fr\/bia\/index.php?rest_route=\/wp\/v2\/pages\/74\/revisions"}],"predecessor-version":[{"id":75,"href":"https:\/\/site.ac-martinique.fr\/bia\/index.php?rest_route=\/wp\/v2\/pages\/74\/revisions\/75"}],"wp:attachment":[{"href":"https:\/\/site.ac-martinique.fr\/bia\/index.php?rest_route=%2Fwp%2Fv2%2Fmedia&parent=74"}],"curies":[{"name":"wp","href":"https:\/\/api.w.org\/{rel}","templated":true}]}}