{"id":76,"date":"2024-11-14T21:16:52","date_gmt":"2024-11-15T01:16:52","guid":{"rendered":"https:\/\/site.ac-martinique.fr\/bia\/?page_id=76"},"modified":"2024-11-14T21:16:52","modified_gmt":"2024-11-15T01:16:52","slug":"partenariat-2025","status":"publish","type":"page","link":"https:\/\/site.ac-martinique.fr\/bia\/?page_id=76","title":{"rendered":"Partenariat 2025"},"content":{"rendered":"\n<p>Liste des \u00e9tablissements scolaires partenaires en 2025<\/p>\n\n\n\n<p>Conventions en cours de signature avec :<\/p>\n\n\n\n<pre class=\"wp-block-code\"><code>- Lyc\u00e9e Schoelcher de Fort de France\n- Coll\u00e8ge RSJ de Trinit\u00e9\n- Lyc\u00e9e P. Nardal de Ducos\n- Lyc\u00e9e La Jet\u00e9e du Fran\u00e7ois\n- Lyc\u00e9e Professionnel Trinit\u00e9\n- Lyc\u00e9e Rama de Ste Luce\n- Coll\u00e8ge du Morne des Esses<\/code><\/pre>\n\n\n\n<p>Les \u00e9l\u00e8ves non scolaris\u00e9s dans un de ces \u00e9tablissements sont automatiquement rattach\u00e9s administrativement au coll\u00e8ge Rose Saint Just pour la formation.<\/p>\n","protected":false},"excerpt":{"rendered":"<p>Liste des \u00e9tablissements scolaires partenaires en 2025 Conventions en cours de signature avec : Les \u00e9l\u00e8ves non scolaris\u00e9s dans un de ces \u00e9tablissements sont automatiquement rattach\u00e9s administrativement au coll\u00e8ge Rose Saint Just pour la formation.<\/p>\n","protected":false},"author":206,"featured_media":0,"parent":0,"menu_order":0,"comment_status":"closed","ping_status":"closed","template":"","meta":{"footnotes":""},"class_list":["post-76","page","type-page","status-publish","hentry"],"yoast_head":"<!-- This site is optimized with the Yoast SEO plugin v27.3 - https:\/\/yoast.com\/product\/yoast-seo-wordpress\/ -->\n<title>Partenariat 2025 - Le site de la formation BIA en Martinique<\/title>\n<meta name=\"robots\" content=\"index, follow, max-snippet:-1, max-image-preview:large, max-video-preview:-1\" \/>\n<link rel=\"canonical\" href=\"https:\/\/site.ac-martinique.fr\/bia\/?page_id=76\" \/>\n<meta property=\"og:locale\" content=\"fr_FR\" \/>\n<meta property=\"og:type\" content=\"article\" \/>\n<meta property=\"og:title\" content=\"Partenariat 2025 - Le site de la formation BIA en Martinique\" \/>\n<meta property=\"og:description\" content=\"Liste des \u00e9tablissements scolaires partenaires en 2025 Conventions en cours de signature avec : Les \u00e9l\u00e8ves non scolaris\u00e9s dans un de ces \u00e9tablissements sont automatiquement rattach\u00e9s administrativement au coll\u00e8ge Rose Saint Just pour la formation.\" \/>\n<meta property=\"og:url\" content=\"https:\/\/site.ac-martinique.fr\/bia\/?page_id=76\" \/>\n<meta property=\"og:site_name\" content=\"Le site de la formation BIA en Martinique\" \/>\n<meta name=\"twitter:card\" content=\"summary_large_image\" \/>\n<script type=\"application\/ld+json\" class=\"yoast-schema-graph\">{\"@context\":\"https:\\\/\\\/schema.org\",\"@graph\":[{\"@type\":\"WebPage\",\"@id\":\"https:\\\/\\\/site.ac-martinique.fr\\\/bia\\\/?page_id=76\",\"url\":\"https:\\\/\\\/site.ac-martinique.fr\\\/bia\\\/?page_id=76\",\"name\":\"Partenariat 2025 - Le site de la formation BIA en Martinique\",\"isPartOf\":{\"@id\":\"https:\\\/\\\/site.ac-martinique.fr\\\/bia\\\/#website\"},\"datePublished\":\"2024-11-15T01:16:52+00:00\",\"breadcrumb\":{\"@id\":\"https:\\\/\\\/site.ac-martinique.fr\\\/bia\\\/?page_id=76#breadcrumb\"},\"inLanguage\":\"fr-FR\",\"potentialAction\":[{\"@type\":\"ReadAction\",\"target\":[\"https:\\\/\\\/site.ac-martinique.fr\\\/bia\\\/?page_id=76\"]}]},{\"@type\":\"BreadcrumbList\",\"@id\":\"https:\\\/\\\/site.ac-martinique.fr\\\/bia\\\/?page_id=76#breadcrumb\",\"itemListElement\":[{\"@type\":\"ListItem\",\"position\":1,\"name\":\"Accueil\",\"item\":\"https:\\\/\\\/site.ac-martinique.fr\\\/bia\"},{\"@type\":\"ListItem\",\"position\":2,\"name\":\"Partenariat 2025\"}]},{\"@type\":\"WebSite\",\"@id\":\"https:\\\/\\\/site.ac-martinique.fr\\\/bia\\\/#website\",\"url\":\"https:\\\/\\\/site.ac-martinique.fr\\\/bia\\\/\",\"name\":\"Le site de la formation BIA en Martinique\",\"description\":\"\",\"potentialAction\":[{\"@type\":\"SearchAction\",\"target\":{\"@type\":\"EntryPoint\",\"urlTemplate\":\"https:\\\/\\\/site.ac-martinique.fr\\\/bia\\\/?s={search_term_string}\"},\"query-input\":{\"@type\":\"PropertyValueSpecification\",\"valueRequired\":true,\"valueName\":\"search_term_string\"}}],\"inLanguage\":\"fr-FR\"}]}<\/script>\n<!-- \/ Yoast SEO plugin. -->","yoast_head_json":{"title":"Partenariat 2025 - Le site de la formation BIA en Martinique","robots":{"index":"index","follow":"follow","max-snippet":"max-snippet:-1","max-image-preview":"max-image-preview:large","max-video-preview":"max-video-preview:-1"},"canonical":"https:\/\/site.ac-martinique.fr\/bia\/?page_id=76","og_locale":"fr_FR","og_type":"article","og_title":"Partenariat 2025 - Le site de la formation BIA en Martinique","og_description":"Liste des \u00e9tablissements scolaires partenaires en 2025 Conventions en cours de signature avec : Les \u00e9l\u00e8ves non scolaris\u00e9s dans un de ces \u00e9tablissements sont automatiquement rattach\u00e9s administrativement au coll\u00e8ge Rose Saint Just pour la formation.","og_url":"https:\/\/site.ac-martinique.fr\/bia\/?page_id=76","og_site_name":"Le site de la formation BIA en Martinique","twitter_card":"summary_large_image","schema":{"@context":"https:\/\/schema.org","@graph":[{"@type":"WebPage","@id":"https:\/\/site.ac-martinique.fr\/bia\/?page_id=76","url":"https:\/\/site.ac-martinique.fr\/bia\/?page_id=76","name":"Partenariat 2025 - Le site de la formation BIA en Martinique","isPartOf":{"@id":"https:\/\/site.ac-martinique.fr\/bia\/#website"},"datePublished":"2024-11-15T01:16:52+00:00","breadcrumb":{"@id":"https:\/\/site.ac-martinique.fr\/bia\/?page_id=76#breadcrumb"},"inLanguage":"fr-FR","potentialAction":[{"@type":"ReadAction","target":["https:\/\/site.ac-martinique.fr\/bia\/?page_id=76"]}]},{"@type":"BreadcrumbList","@id":"https:\/\/site.ac-martinique.fr\/bia\/?page_id=76#breadcrumb","itemListElement":[{"@type":"ListItem","position":1,"name":"Accueil","item":"https:\/\/site.ac-martinique.fr\/bia"},{"@type":"ListItem","position":2,"name":"Partenariat 2025"}]},{"@type":"WebSite","@id":"https:\/\/site.ac-martinique.fr\/bia\/#website","url":"https:\/\/site.ac-martinique.fr\/bia\/","name":"Le site de la formation BIA en Martinique","description":"","potentialAction":[{"@type":"SearchAction","target":{"@type":"EntryPoint","urlTemplate":"https:\/\/site.ac-martinique.fr\/bia\/?s={search_term_string}"},"query-input":{"@type":"PropertyValueSpecification","valueRequired":true,"valueName":"search_term_string"}}],"inLanguage":"fr-FR"}]}},"_links":{"self":[{"href":"https:\/\/site.ac-martinique.fr\/bia\/index.php?rest_route=\/wp\/v2\/pages\/76","targetHints":{"allow":["GET"]}}],"collection":[{"href":"https:\/\/site.ac-martinique.fr\/bia\/index.php?rest_route=\/wp\/v2\/pages"}],"about":[{"href":"https:\/\/site.ac-martinique.fr\/bia\/index.php?rest_route=\/wp\/v2\/types\/page"}],"author":[{"embeddable":true,"href":"https:\/\/site.ac-martinique.fr\/bia\/index.php?rest_route=\/wp\/v2\/users\/206"}],"replies":[{"embeddable":true,"href":"https:\/\/site.ac-martinique.fr\/bia\/index.php?rest_route=%2Fwp%2Fv2%2Fcomments&post=76"}],"version-history":[{"count":1,"href":"https:\/\/site.ac-martinique.fr\/bia\/index.php?rest_route=\/wp\/v2\/pages\/76\/revisions"}],"predecessor-version":[{"id":77,"href":"https:\/\/site.ac-martinique.fr\/bia\/index.php?rest_route=\/wp\/v2\/pages\/76\/revisions\/77"}],"wp:attachment":[{"href":"https:\/\/site.ac-martinique.fr\/bia\/index.php?rest_route=%2Fwp%2Fv2%2Fmedia&parent=76"}],"curies":[{"name":"wp","href":"https:\/\/api.w.org\/{rel}","templated":true}]}}