{"id":78,"date":"2024-11-14T21:17:18","date_gmt":"2024-11-15T01:17:18","guid":{"rendered":"https:\/\/site.ac-martinique.fr\/bia\/?page_id=78"},"modified":"2024-11-14T21:17:24","modified_gmt":"2024-11-15T01:17:24","slug":"lieux-de-formation-bia-2024","status":"publish","type":"page","link":"https:\/\/site.ac-martinique.fr\/bia\/?page_id=78","title":{"rendered":"Lieux de formation BIA 2024"},"content":{"rendered":"\n<p><strong>FORMATION&nbsp; BIA 2025<\/strong><\/p>\n\n\n\n<p>Les formations BIA 2025 auront lieu:<\/p>\n\n\n\n<p>&#8211; Le Mercredi (alternance entre le LP BISSOL du LAMENTIN et le Coll\u00e8ge CR3 du ROBERT) et le Samedi (au lyc\u00e9e Schoelcher de FDF), de 14h30 \u00e0 17h30. Voir calendrier g\u00e9n\u00e9ral.<\/p>\n\n\n\n<p>Le candidat choisit l&rsquo;un des deux jours en fonction de son emploi du temps. Attention: \u00e9margement obligatoire \u00e0 chaque s\u00e9ance.<br>L&rsquo;\u00e9quipe de formateurs se r\u00e9serve le droit de renvoyer un candidat non assidu, sans contrepartie.<\/p>\n","protected":false},"excerpt":{"rendered":"<p>FORMATION&nbsp; BIA 2025 Les formations BIA 2025 auront lieu: &#8211; Le Mercredi (alternance entre le LP BISSOL du LAMENTIN et le Coll\u00e8ge CR3 du ROBERT) et le Samedi (au lyc\u00e9e Schoelcher de FDF), de 14h30 \u00e0 17h30. Voir calendrier g\u00e9n\u00e9ral. Le candidat choisit l&rsquo;un des deux jours en fonction de son emploi du temps. Attention: &hellip; <a href=\"https:\/\/site.ac-martinique.fr\/bia\/?page_id=78\" class=\"more-link\">Continue reading <span class=\"screen-reader-text\">Lieux de formation BIA 2024<\/span><\/a><\/p>\n","protected":false},"author":206,"featured_media":0,"parent":0,"menu_order":0,"comment_status":"closed","ping_status":"closed","template":"","meta":{"footnotes":""},"class_list":["post-78","page","type-page","status-publish","hentry"],"yoast_head":"<!-- This site is optimized with the Yoast SEO plugin v27.4 - https:\/\/yoast.com\/product\/yoast-seo-wordpress\/ -->\n<title>Lieux de formation BIA 2024 - Le site de la formation BIA en Martinique<\/title>\n<meta name=\"robots\" content=\"index, follow, max-snippet:-1, max-image-preview:large, max-video-preview:-1\" \/>\n<link rel=\"canonical\" href=\"https:\/\/site.ac-martinique.fr\/bia\/?page_id=78\" \/>\n<meta property=\"og:locale\" content=\"fr_FR\" \/>\n<meta property=\"og:type\" content=\"article\" \/>\n<meta property=\"og:title\" content=\"Lieux de formation BIA 2024 - Le site de la formation BIA en Martinique\" \/>\n<meta property=\"og:description\" content=\"FORMATION&nbsp; BIA 2025 Les formations BIA 2025 auront lieu: &#8211; Le Mercredi (alternance entre le LP BISSOL du LAMENTIN et le Coll\u00e8ge CR3 du ROBERT) et le Samedi (au lyc\u00e9e Schoelcher de FDF), de 14h30 \u00e0 17h30. Voir calendrier g\u00e9n\u00e9ral. Le candidat choisit l&rsquo;un des deux jours en fonction de son emploi du temps. Attention: &hellip; Continue reading Lieux de formation BIA 2024\" \/>\n<meta property=\"og:url\" content=\"https:\/\/site.ac-martinique.fr\/bia\/?page_id=78\" \/>\n<meta property=\"og:site_name\" content=\"Le site de la formation BIA en Martinique\" \/>\n<meta property=\"article:modified_time\" content=\"2024-11-15T01:17:24+00:00\" \/>\n<meta name=\"twitter:card\" content=\"summary_large_image\" \/>\n<script type=\"application\/ld+json\" class=\"yoast-schema-graph\">{\"@context\":\"https:\\\/\\\/schema.org\",\"@graph\":[{\"@type\":\"WebPage\",\"@id\":\"https:\\\/\\\/site.ac-martinique.fr\\\/bia\\\/?page_id=78\",\"url\":\"https:\\\/\\\/site.ac-martinique.fr\\\/bia\\\/?page_id=78\",\"name\":\"Lieux de formation BIA 2024 - Le site de la formation BIA en Martinique\",\"isPartOf\":{\"@id\":\"https:\\\/\\\/site.ac-martinique.fr\\\/bia\\\/#website\"},\"datePublished\":\"2024-11-15T01:17:18+00:00\",\"dateModified\":\"2024-11-15T01:17:24+00:00\",\"breadcrumb\":{\"@id\":\"https:\\\/\\\/site.ac-martinique.fr\\\/bia\\\/?page_id=78#breadcrumb\"},\"inLanguage\":\"fr-FR\",\"potentialAction\":[{\"@type\":\"ReadAction\",\"target\":[\"https:\\\/\\\/site.ac-martinique.fr\\\/bia\\\/?page_id=78\"]}]},{\"@type\":\"BreadcrumbList\",\"@id\":\"https:\\\/\\\/site.ac-martinique.fr\\\/bia\\\/?page_id=78#breadcrumb\",\"itemListElement\":[{\"@type\":\"ListItem\",\"position\":1,\"name\":\"Accueil\",\"item\":\"https:\\\/\\\/site.ac-martinique.fr\\\/bia\"},{\"@type\":\"ListItem\",\"position\":2,\"name\":\"Lieux de formation BIA 2024\"}]},{\"@type\":\"WebSite\",\"@id\":\"https:\\\/\\\/site.ac-martinique.fr\\\/bia\\\/#website\",\"url\":\"https:\\\/\\\/site.ac-martinique.fr\\\/bia\\\/\",\"name\":\"Le site de la formation BIA en Martinique\",\"description\":\"\",\"potentialAction\":[{\"@type\":\"SearchAction\",\"target\":{\"@type\":\"EntryPoint\",\"urlTemplate\":\"https:\\\/\\\/site.ac-martinique.fr\\\/bia\\\/?s={search_term_string}\"},\"query-input\":{\"@type\":\"PropertyValueSpecification\",\"valueRequired\":true,\"valueName\":\"search_term_string\"}}],\"inLanguage\":\"fr-FR\"}]}<\/script>\n<!-- \/ Yoast SEO plugin. -->","yoast_head_json":{"title":"Lieux de formation BIA 2024 - Le site de la formation BIA en Martinique","robots":{"index":"index","follow":"follow","max-snippet":"max-snippet:-1","max-image-preview":"max-image-preview:large","max-video-preview":"max-video-preview:-1"},"canonical":"https:\/\/site.ac-martinique.fr\/bia\/?page_id=78","og_locale":"fr_FR","og_type":"article","og_title":"Lieux de formation BIA 2024 - Le site de la formation BIA en Martinique","og_description":"FORMATION&nbsp; BIA 2025 Les formations BIA 2025 auront lieu: &#8211; Le Mercredi (alternance entre le LP BISSOL du LAMENTIN et le Coll\u00e8ge CR3 du ROBERT) et le Samedi (au lyc\u00e9e Schoelcher de FDF), de 14h30 \u00e0 17h30. Voir calendrier g\u00e9n\u00e9ral. Le candidat choisit l&rsquo;un des deux jours en fonction de son emploi du temps. Attention: &hellip; Continue reading Lieux de formation BIA 2024","og_url":"https:\/\/site.ac-martinique.fr\/bia\/?page_id=78","og_site_name":"Le site de la formation BIA en Martinique","article_modified_time":"2024-11-15T01:17:24+00:00","twitter_card":"summary_large_image","schema":{"@context":"https:\/\/schema.org","@graph":[{"@type":"WebPage","@id":"https:\/\/site.ac-martinique.fr\/bia\/?page_id=78","url":"https:\/\/site.ac-martinique.fr\/bia\/?page_id=78","name":"Lieux de formation BIA 2024 - Le site de la formation BIA en Martinique","isPartOf":{"@id":"https:\/\/site.ac-martinique.fr\/bia\/#website"},"datePublished":"2024-11-15T01:17:18+00:00","dateModified":"2024-11-15T01:17:24+00:00","breadcrumb":{"@id":"https:\/\/site.ac-martinique.fr\/bia\/?page_id=78#breadcrumb"},"inLanguage":"fr-FR","potentialAction":[{"@type":"ReadAction","target":["https:\/\/site.ac-martinique.fr\/bia\/?page_id=78"]}]},{"@type":"BreadcrumbList","@id":"https:\/\/site.ac-martinique.fr\/bia\/?page_id=78#breadcrumb","itemListElement":[{"@type":"ListItem","position":1,"name":"Accueil","item":"https:\/\/site.ac-martinique.fr\/bia"},{"@type":"ListItem","position":2,"name":"Lieux de formation BIA 2024"}]},{"@type":"WebSite","@id":"https:\/\/site.ac-martinique.fr\/bia\/#website","url":"https:\/\/site.ac-martinique.fr\/bia\/","name":"Le site de la formation BIA en Martinique","description":"","potentialAction":[{"@type":"SearchAction","target":{"@type":"EntryPoint","urlTemplate":"https:\/\/site.ac-martinique.fr\/bia\/?s={search_term_string}"},"query-input":{"@type":"PropertyValueSpecification","valueRequired":true,"valueName":"search_term_string"}}],"inLanguage":"fr-FR"}]}},"_links":{"self":[{"href":"https:\/\/site.ac-martinique.fr\/bia\/index.php?rest_route=\/wp\/v2\/pages\/78","targetHints":{"allow":["GET"]}}],"collection":[{"href":"https:\/\/site.ac-martinique.fr\/bia\/index.php?rest_route=\/wp\/v2\/pages"}],"about":[{"href":"https:\/\/site.ac-martinique.fr\/bia\/index.php?rest_route=\/wp\/v2\/types\/page"}],"author":[{"embeddable":true,"href":"https:\/\/site.ac-martinique.fr\/bia\/index.php?rest_route=\/wp\/v2\/users\/206"}],"replies":[{"embeddable":true,"href":"https:\/\/site.ac-martinique.fr\/bia\/index.php?rest_route=%2Fwp%2Fv2%2Fcomments&post=78"}],"version-history":[{"count":1,"href":"https:\/\/site.ac-martinique.fr\/bia\/index.php?rest_route=\/wp\/v2\/pages\/78\/revisions"}],"predecessor-version":[{"id":79,"href":"https:\/\/site.ac-martinique.fr\/bia\/index.php?rest_route=\/wp\/v2\/pages\/78\/revisions\/79"}],"wp:attachment":[{"href":"https:\/\/site.ac-martinique.fr\/bia\/index.php?rest_route=%2Fwp%2Fv2%2Fmedia&parent=78"}],"curies":[{"name":"wp","href":"https:\/\/api.w.org\/{rel}","templated":true}]}}